{"id":960,"date":"2018-10-22T21:05:51","date_gmt":"2018-10-22T21:05:51","guid":{"rendered":"http:\/\/havkajaknatur.dk\/?page_id=960"},"modified":"2021-12-10T08:50:36","modified_gmt":"2021-12-10T08:50:36","slug":"2016-kajaktur-oplevelser","status":"publish","type":"page","link":"https:\/\/havkajaknatur.dk\/?page_id=960","title":{"rendered":"2016 Sverige, Misterhult"},"content":{"rendered":"\n<p class=\"has-text-align-right has-small-font-size\">Langsk\u00e4r<\/p>\n\n\n\n<p>Misterhult sk\u00e6rg\u00e5rden har en meget beskyttet, lukket, indre sk\u00e6rg\u00e5rd og en mere \u00e5ben ydre sk\u00e6rg\u00e5rd ud mod \u00d8sters\u00f8en. Jeg foretr\u00e6kker at v\u00e6re i den ydre, hvis det er muligt. Den 8. til den 11. august var jeg p\u00e5 en mindre tur alene. Vejret var ikke det bedste, nogle kraftige byger indimellem og meget vind, dog kom den inde fra fastlandet. Jeg var tilbage p\u00e5 gamle kendte lejrpladser, Langsk\u00e4r, Id\u00f6 og Bosk\u00e4r. Det er en sk\u00e6rg\u00e5rd, hvor vejret skal v\u00e6re virkelig d\u00e5rligt, hvis man ikke kan komme ud.<\/p>\n\n\n\n<figure class=\"wp-block-embed is-type-video is-provider-youtube wp-block-embed-youtube wp-embed-aspect-16-9 wp-has-aspect-ratio\"><div class=\"wp-block-embed__wrapper\">\n<iframe loading=\"lazy\" title=\"Kayak, Sverige, Misterhult\" width=\"525\" height=\"295\" src=\"https:\/\/www.youtube.com\/embed\/R0p1bcazn74?start=6&#038;feature=oembed\" frameborder=\"0\" allow=\"accelerometer; autoplay; clipboard-write; encrypted-media; gyroscope; picture-in-picture; web-share\" referrerpolicy=\"strict-origin-when-cross-origin\" allowfullscreen><\/iframe>\n<\/div><\/figure>\n\n\n\n<p class=\"has-text-align-center\"><strong>Originalt GPS spor<\/strong><\/p>\n\n\n\n<div class=\"wp-block-image\"><figure class=\"aligncenter size-full is-resized\"><a href=\"https:\/\/havkajaknatur.dk\/wp-content\/uploads\/2018\/10\/Sk\u00e6rmbillede-2018-10-28-kl.-16.22.39.png\"><img loading=\"lazy\" decoding=\"async\" src=\"https:\/\/havkajaknatur.dk\/wp-content\/uploads\/2018\/10\/Sk\u00e6rmbillede-2018-10-28-kl.-16.22.39.png\" alt=\"\" class=\"wp-image-1375\" width=\"571\" height=\"937\" srcset=\"https:\/\/havkajaknatur.dk\/wp-content\/uploads\/2018\/10\/Sk\u00e6rmbillede-2018-10-28-kl.-16.22.39.png 571w, https:\/\/havkajaknatur.dk\/wp-content\/uploads\/2018\/10\/Sk\u00e6rmbillede-2018-10-28-kl.-16.22.39-183x300.png 183w\" sizes=\"auto, (max-width: 571px) 100vw, 571px\" \/><\/a><figcaption>Originalt GPS spor<\/figcaption><\/figure><\/div>\n","protected":false},"excerpt":{"rendered":"<p>Langsk\u00e4r Misterhult sk\u00e6rg\u00e5rden har en meget beskyttet, lukket, indre sk\u00e6rg\u00e5rd og en mere \u00e5ben ydre sk\u00e6rg\u00e5rd ud mod \u00d8sters\u00f8en. Jeg foretr\u00e6kker at v\u00e6re i den ydre, hvis det er muligt. Den 8. til den 11. august var jeg p\u00e5 en mindre tur alene. Vejret var ikke det bedste, nogle kraftige byger indimellem og meget vind, &hellip; <\/p>\n<p class=\"link-more\"><a href=\"https:\/\/havkajaknatur.dk\/?page_id=960\" class=\"more-link\">L\u00e6s videre<span class=\"screen-reader-text\"> &#8220;2016 Sverige, Misterhult&#8221;<\/span><\/a><\/p>\n","protected":false},"author":1,"featured_media":2783,"parent":0,"menu_order":0,"comment_status":"closed","ping_status":"closed","template":"","meta":{"footnotes":""},"class_list":["post-960","page","type-page","status-publish","has-post-thumbnail","hentry"],"_links":{"self":[{"href":"https:\/\/havkajaknatur.dk\/index.php?rest_route=\/wp\/v2\/pages\/960","targetHints":{"allow":["GET"]}}],"collection":[{"href":"https:\/\/havkajaknatur.dk\/index.php?rest_route=\/wp\/v2\/pages"}],"about":[{"href":"https:\/\/havkajaknatur.dk\/index.php?rest_route=\/wp\/v2\/types\/page"}],"author":[{"embeddable":true,"href":"https:\/\/havkajaknatur.dk\/index.php?rest_route=\/wp\/v2\/users\/1"}],"replies":[{"embeddable":true,"href":"https:\/\/havkajaknatur.dk\/index.php?rest_route=%2Fwp%2Fv2%2Fcomments&post=960"}],"version-history":[{"count":18,"href":"https:\/\/havkajaknatur.dk\/index.php?rest_route=\/wp\/v2\/pages\/960\/revisions"}],"predecessor-version":[{"id":4292,"href":"https:\/\/havkajaknatur.dk\/index.php?rest_route=\/wp\/v2\/pages\/960\/revisions\/4292"}],"wp:featuredmedia":[{"embeddable":true,"href":"https:\/\/havkajaknatur.dk\/index.php?rest_route=\/wp\/v2\/media\/2783"}],"wp:attachment":[{"href":"https:\/\/havkajaknatur.dk\/index.php?rest_route=%2Fwp%2Fv2%2Fmedia&parent=960"}],"curies":[{"name":"wp","href":"https:\/\/api.w.org\/{rel}","templated":true}]}}