{"id":893,"date":"2018-10-22T11:10:49","date_gmt":"2018-10-22T11:10:49","guid":{"rendered":"http:\/\/havkajaknatur.dk\/?page_id=893"},"modified":"2021-12-14T16:04:20","modified_gmt":"2021-12-14T16:04:20","slug":"anholt","status":"publish","type":"page","link":"https:\/\/havkajaknatur.dk\/?page_id=893","title":{"rendered":"Anholt"},"content":{"rendered":"\n<p class=\"has-text-align-right has-small-font-size\">Anholt \u00f8stspids med fyr og fyrg\u00e5rd<\/p>\n\n\n\n<p class=\"has-text-align-left\">Anholt ligger midt ude i Kattegat. Det er du ikke i tvivl om, efter kort tid p\u00e5 \u00f8en. Det skal du mindst opleve en gang i dit livet. Jeg var f\u00f8rste gange p\u00e5 \u00f8en i 1974 sammen med Ulla i et bomuldstelt. Senere igen i telt,  flere gange i vores b\u00e5d &#8220;Tejsten&#8221; og i sommerhus. <\/p>\n\n\n\n<p class=\"has-text-align-center has-medium-font-size\"><strong>1974<\/strong><\/p>\n\n\n\n<p class=\"has-text-align-left\">I 1974 ligger vi i telt ved havnen. En morgen g\u00e5r vi \u00f8en rundt. Vejret er ikke det bedste den uge vi er der, men vi er meget fascineret af \u00f8en, og det er ikke sidste gang vi er der.<\/p>\n\n\n\n<div class=\"wp-block-image\"><figure class=\"aligncenter is-resized\"><a href=\"https:\/\/havkajaknatur.dk\/wp-content\/uploads\/2019\/02\/74Anholt08.jpg\"><img loading=\"lazy\" decoding=\"async\" src=\"https:\/\/havkajaknatur.dk\/wp-content\/uploads\/2019\/02\/74Anholt08-1024x750.jpg\" alt=\"\" class=\"wp-image-2389\" width=\"1024\" height=\"750\" srcset=\"https:\/\/havkajaknatur.dk\/wp-content\/uploads\/2019\/02\/74Anholt08-1024x750.jpg 1024w, https:\/\/havkajaknatur.dk\/wp-content\/uploads\/2019\/02\/74Anholt08-300x220.jpg 300w, https:\/\/havkajaknatur.dk\/wp-content\/uploads\/2019\/02\/74Anholt08-768x562.jpg 768w\" sizes=\"auto, (max-width: 706px) 89vw, (max-width: 767px) 82vw, 740px\" \/><\/a><figcaption>1974<em> Fyrskib &#8220;Rana&#8221; er g\u00e5et p\u00e5 grund nord for havnen.<\/em><\/figcaption><\/figure><\/div>\n\n\n\n<p class=\"has-text-align-center has-medium-font-size\"><strong>1976<\/strong><\/p>\n\n\n\n<p class=\"has-text-align-left\">Vi er tilbage, men nu ligger vi i telt i \u00d8rkenen ved S\u00f8nderstrand. Det er h\u00f8jsommer n\u00e5r den er bedst i sm\u00e5 2 uger. En ferie vi aldrig glemmer.<\/p>\n\n\n\n<figure class=\"wp-block-gallery columns-1 is-cropped wp-block-gallery-1 is-layout-flex wp-block-gallery-is-layout-flex\"><ul class=\"blocks-gallery-grid\"><li class=\"blocks-gallery-item\"><figure><a href=\"https:\/\/havkajaknatur.dk\/wp-content\/uploads\/2018\/10\/76Anholt10-1024x669.jpg\"><img loading=\"lazy\" decoding=\"async\" width=\"1024\" height=\"669\" src=\"https:\/\/havkajaknatur.dk\/wp-content\/uploads\/2018\/10\/76Anholt10-1024x669.jpg\" alt=\"\" data-id=\"1474\" data-link=\"https:\/\/havkajaknatur.dk\/?attachment_id=1474\" class=\"wp-image-1474\" srcset=\"https:\/\/havkajaknatur.dk\/wp-content\/uploads\/2018\/10\/76Anholt10-1024x669.jpg 1024w, https:\/\/havkajaknatur.dk\/wp-content\/uploads\/2018\/10\/76Anholt10-300x196.jpg 300w, https:\/\/havkajaknatur.dk\/wp-content\/uploads\/2018\/10\/76Anholt10-768x502.jpg 768w\" sizes=\"auto, (max-width: 706px) 89vw, (max-width: 767px) 82vw, 740px\" \/><\/a><figcaption class=\"blocks-gallery-item__caption\">1976<\/figcaption><\/figure><\/li><li class=\"blocks-gallery-item\"><figure><a href=\"https:\/\/havkajaknatur.dk\/wp-content\/uploads\/2018\/10\/76Anholt47-1024x669.jpg\"><img loading=\"lazy\" decoding=\"async\" width=\"1024\" height=\"669\" src=\"https:\/\/havkajaknatur.dk\/wp-content\/uploads\/2018\/10\/76Anholt47-1024x669.jpg\" alt=\"\" data-id=\"1469\" data-link=\"https:\/\/havkajaknatur.dk\/?attachment_id=1469\" class=\"wp-image-1469\" srcset=\"https:\/\/havkajaknatur.dk\/wp-content\/uploads\/2018\/10\/76Anholt47-1024x669.jpg 1024w, https:\/\/havkajaknatur.dk\/wp-content\/uploads\/2018\/10\/76Anholt47-300x196.jpg 300w, https:\/\/havkajaknatur.dk\/wp-content\/uploads\/2018\/10\/76Anholt47-768x502.jpg 768w\" sizes=\"auto, (max-width: 706px) 89vw, (max-width: 767px) 82vw, 740px\" \/><\/a><figcaption class=\"blocks-gallery-item__caption\">Nordstrand<\/figcaption><\/figure><\/li><li class=\"blocks-gallery-item\"><figure><a href=\"https:\/\/havkajaknatur.dk\/wp-content\/uploads\/2018\/10\/76Anholt15-1024x672.jpg\"><img loading=\"lazy\" decoding=\"async\" width=\"1024\" height=\"672\" src=\"https:\/\/havkajaknatur.dk\/wp-content\/uploads\/2018\/10\/76Anholt15-1024x672.jpg\" alt=\"\" data-id=\"1472\" data-link=\"https:\/\/havkajaknatur.dk\/?attachment_id=1472\" class=\"wp-image-1472\" srcset=\"https:\/\/havkajaknatur.dk\/wp-content\/uploads\/2018\/10\/76Anholt15-1024x672.jpg 1024w, https:\/\/havkajaknatur.dk\/wp-content\/uploads\/2018\/10\/76Anholt15-300x197.jpg 300w, https:\/\/havkajaknatur.dk\/wp-content\/uploads\/2018\/10\/76Anholt15-768x504.jpg 768w\" sizes=\"auto, (max-width: 706px) 89vw, (max-width: 767px) 82vw, 740px\" \/><\/a><figcaption class=\"blocks-gallery-item__caption\">Havnen<\/figcaption><\/figure><\/li><li class=\"blocks-gallery-item\"><figure><a href=\"https:\/\/havkajaknatur.dk\/wp-content\/uploads\/2018\/10\/76Anholt54-1024x682.jpg\"><img loading=\"lazy\" decoding=\"async\" width=\"1024\" height=\"682\" src=\"https:\/\/havkajaknatur.dk\/wp-content\/uploads\/2018\/10\/76Anholt54-1024x682.jpg\" alt=\"\" data-id=\"1470\" data-link=\"https:\/\/havkajaknatur.dk\/?attachment_id=1470\" class=\"wp-image-1470\" srcset=\"https:\/\/havkajaknatur.dk\/wp-content\/uploads\/2018\/10\/76Anholt54-1024x682.jpg 1024w, https:\/\/havkajaknatur.dk\/wp-content\/uploads\/2018\/10\/76Anholt54-300x200.jpg 300w, https:\/\/havkajaknatur.dk\/wp-content\/uploads\/2018\/10\/76Anholt54-768x511.jpg 768w\" sizes=\"auto, (max-width: 706px) 89vw, (max-width: 767px) 82vw, 740px\" \/><\/a><figcaption class=\"blocks-gallery-item__caption\">Havnen<\/figcaption><\/figure><\/li><li class=\"blocks-gallery-item\"><figure><a href=\"https:\/\/havkajaknatur.dk\/wp-content\/uploads\/2018\/10\/76Anholt44-1024x665.jpg\"><img loading=\"lazy\" decoding=\"async\" width=\"1024\" height=\"665\" src=\"https:\/\/havkajaknatur.dk\/wp-content\/uploads\/2018\/10\/76Anholt44-1024x665.jpg\" alt=\"\" data-id=\"1468\" data-link=\"https:\/\/havkajaknatur.dk\/?attachment_id=1468\" class=\"wp-image-1468\" srcset=\"https:\/\/havkajaknatur.dk\/wp-content\/uploads\/2018\/10\/76Anholt44-1024x665.jpg 1024w, https:\/\/havkajaknatur.dk\/wp-content\/uploads\/2018\/10\/76Anholt44-300x195.jpg 300w, https:\/\/havkajaknatur.dk\/wp-content\/uploads\/2018\/10\/76Anholt44-768x499.jpg 768w\" sizes=\"auto, (max-width: 706px) 89vw, (max-width: 767px) 82vw, 740px\" \/><\/a><figcaption class=\"blocks-gallery-item__caption\">S\u00f8ndrestrand<\/figcaption><\/figure><\/li><li class=\"blocks-gallery-item\"><figure><a href=\"https:\/\/havkajaknatur.dk\/wp-content\/uploads\/2018\/10\/76Anholt25-1024x663.jpg\"><img loading=\"lazy\" decoding=\"async\" width=\"1024\" height=\"663\" src=\"https:\/\/havkajaknatur.dk\/wp-content\/uploads\/2018\/10\/76Anholt25-1024x663.jpg\" alt=\"\" data-id=\"1467\" data-link=\"https:\/\/havkajaknatur.dk\/?attachment_id=1467\" class=\"wp-image-1467\" srcset=\"https:\/\/havkajaknatur.dk\/wp-content\/uploads\/2018\/10\/76Anholt25-1024x663.jpg 1024w, https:\/\/havkajaknatur.dk\/wp-content\/uploads\/2018\/10\/76Anholt25-300x194.jpg 300w, https:\/\/havkajaknatur.dk\/wp-content\/uploads\/2018\/10\/76Anholt25-768x497.jpg 768w\" sizes=\"auto, (max-width: 706px) 89vw, (max-width: 767px) 82vw, 740px\" \/><\/a><\/figure><\/li><li class=\"blocks-gallery-item\"><figure><a href=\"https:\/\/havkajaknatur.dk\/wp-content\/uploads\/2018\/10\/76Anholt04-1024x660.jpg\"><img loading=\"lazy\" decoding=\"async\" width=\"1024\" height=\"660\" src=\"https:\/\/havkajaknatur.dk\/wp-content\/uploads\/2018\/10\/76Anholt04-1024x660.jpg\" alt=\"\" data-id=\"1471\" data-link=\"https:\/\/havkajaknatur.dk\/?attachment_id=1471\" class=\"wp-image-1471\" srcset=\"https:\/\/havkajaknatur.dk\/wp-content\/uploads\/2018\/10\/76Anholt04-1024x660.jpg 1024w, https:\/\/havkajaknatur.dk\/wp-content\/uploads\/2018\/10\/76Anholt04-300x193.jpg 300w, https:\/\/havkajaknatur.dk\/wp-content\/uploads\/2018\/10\/76Anholt04-768x495.jpg 768w\" sizes=\"auto, (max-width: 706px) 89vw, (max-width: 767px) 82vw, 740px\" \/><\/a><figcaption class=\"blocks-gallery-item__caption\">Anholt F\u00e6rgen anno 1976 &#8211; Ulla p\u00e5 kajkanten, skriver nok postkort der skal med f\u00e6rgen. <\/figcaption><\/figure><\/li><\/ul><\/figure>\n\n\n\n<p class=\"has-text-align-center has-medium-font-size\"><strong>1977 til 1985<\/strong><\/p>\n\n\n\n<p class=\"has-text-align-left\">5 gange anl\u00f8b vi Anholt Havn i vores b\u00e5d &#8220;Tejsten&#8221; en gang sammen med S\u00f8ren hvor vi havde sl\u00e6bejollen &#8220;Grylle&#8221; med, og 2 gange med Ida hvor hun kun er 2 \u00bd m\u00e5ned gammel.<\/p>\n\n\n\n<figure class=\"wp-block-gallery columns-1 is-cropped wp-block-gallery-2 is-layout-flex wp-block-gallery-is-layout-flex\"><ul class=\"blocks-gallery-grid\"><li class=\"blocks-gallery-item\"><figure><a href=\"https:\/\/havkajaknatur.dk\/wp-content\/uploads\/2021\/07\/Tejsten009-scaled.jpg\"><img loading=\"lazy\" decoding=\"async\" width=\"1581\" height=\"1024\" src=\"https:\/\/havkajaknatur.dk\/wp-content\/uploads\/2021\/07\/Tejsten009-1581x1024.jpg\" alt=\"\" data-id=\"3837\" data-full-url=\"https:\/\/havkajaknatur.dk\/wp-content\/uploads\/2021\/07\/Tejsten009-scaled.jpg\" data-link=\"https:\/\/havkajaknatur.dk\/?attachment_id=3837\" class=\"wp-image-3837\" srcset=\"https:\/\/havkajaknatur.dk\/wp-content\/uploads\/2021\/07\/Tejsten009-1581x1024.jpg 1581w, https:\/\/havkajaknatur.dk\/wp-content\/uploads\/2021\/07\/Tejsten009-300x194.jpg 300w, https:\/\/havkajaknatur.dk\/wp-content\/uploads\/2021\/07\/Tejsten009-768x498.jpg 768w, https:\/\/havkajaknatur.dk\/wp-content\/uploads\/2021\/07\/Tejsten009-1536x995.jpg 1536w, https:\/\/havkajaknatur.dk\/wp-content\/uploads\/2021\/07\/Tejsten009-2048x1327.jpg 2048w\" sizes=\"auto, (max-width: 706px) 89vw, (max-width: 767px) 82vw, 740px\" \/><\/a><figcaption class=\"blocks-gallery-item__caption\">1977 &#8220;Tejsten&#8221; i Anholt Havn<\/figcaption><\/figure><\/li><li class=\"blocks-gallery-item\"><figure><a href=\"https:\/\/havkajaknatur.dk\/wp-content\/uploads\/2021\/07\/Tejsten508-scaled.jpg\"><img loading=\"lazy\" decoding=\"async\" width=\"1549\" height=\"1024\" src=\"https:\/\/havkajaknatur.dk\/wp-content\/uploads\/2021\/07\/Tejsten508-1549x1024.jpg\" alt=\"\" data-id=\"3838\" data-full-url=\"https:\/\/havkajaknatur.dk\/wp-content\/uploads\/2021\/07\/Tejsten508-scaled.jpg\" data-link=\"https:\/\/havkajaknatur.dk\/?attachment_id=3838\" class=\"wp-image-3838\" srcset=\"https:\/\/havkajaknatur.dk\/wp-content\/uploads\/2021\/07\/Tejsten508-1549x1024.jpg 1549w, https:\/\/havkajaknatur.dk\/wp-content\/uploads\/2021\/07\/Tejsten508-300x198.jpg 300w, https:\/\/havkajaknatur.dk\/wp-content\/uploads\/2021\/07\/Tejsten508-768x508.jpg 768w, https:\/\/havkajaknatur.dk\/wp-content\/uploads\/2021\/07\/Tejsten508-1536x1016.jpg 1536w, https:\/\/havkajaknatur.dk\/wp-content\/uploads\/2021\/07\/Tejsten508-2048x1354.jpg 2048w\" sizes=\"auto, (max-width: 706px) 89vw, (max-width: 767px) 82vw, 740px\" \/><\/a><figcaption class=\"blocks-gallery-item__caption\">1981 Sl\u00e6bejollen &#8220;Grylle&#8221; her med S\u00f8ren &amp; Eva<\/figcaption><\/figure><\/li><\/ul><\/figure>\n\n\n\n<p class=\"has-text-align-center has-medium-font-size\"><strong>1989<\/strong><\/p>\n\n\n\n<p class=\"has-text-align-left\">I 1989 er vi i sommerhus p\u00e5 Karisholmsvej i 14 dage. Nu med vores datter p\u00e5 fire og Ulla er h\u00f8jgravid med Jonas. Vi lejer sommerhuset 5 gange frem til 1997 hvor vi flyver frem og tilbage.<\/p>\n\n\n\n<div class=\"wp-block-image\"><figure class=\"aligncenter size-large is-resized\"><a href=\"https:\/\/havkajaknatur.dk\/wp-content\/uploads\/2019\/02\/89Anholt079.jpg\"><img loading=\"lazy\" decoding=\"async\" src=\"https:\/\/havkajaknatur.dk\/wp-content\/uploads\/2019\/02\/89Anholt079-1024x308.jpg\" alt=\"\" class=\"wp-image-2736\" width=\"1024\" height=\"308\" srcset=\"https:\/\/havkajaknatur.dk\/wp-content\/uploads\/2019\/02\/89Anholt079-1024x308.jpg 1024w, https:\/\/havkajaknatur.dk\/wp-content\/uploads\/2019\/02\/89Anholt079-300x90.jpg 300w, https:\/\/havkajaknatur.dk\/wp-content\/uploads\/2019\/02\/89Anholt079-768x231.jpg 768w\" sizes=\"auto, (max-width: 706px) 89vw, (max-width: 767px) 82vw, 740px\" \/><\/a><figcaption>S\u00e6ler p\u00e5 nordstranden 1989<\/figcaption><\/figure><\/div>\n\n\n\n<p class=\"has-text-align-center has-medium-font-size\"><strong>2007<\/strong><\/p>\n\n\n\n<p class=\"has-text-align-center\">I 2007 ror jeg Anholt rundt sammen med J\u00f8rgen se <strong><a href=\"https:\/\/havkajaknatur.dk\/?page_id=3187\" data-type=\"page\" data-id=\"3187\">Anholt Rundt<\/a><\/strong> <\/p>\n\n\n\n<p class=\"has-text-align-center has-medium-font-size\"><strong>2013<\/strong><\/p>\n\n\n\n<p class=\"has-text-align-left\">I 2013 bor vi p\u00e5 kroen i en lille uge. Vi g\u00e5r 65 km rundt p\u00e5 \u00f8en, en dag n\u00e6sten \u00f8en rundt. Vi flyver frem og tilbage<\/p>\n\n\n\n<figure class=\"wp-block-gallery columns-1 is-cropped wp-block-gallery-3 is-layout-flex wp-block-gallery-is-layout-flex\"><ul class=\"blocks-gallery-grid\"><li class=\"blocks-gallery-item\"><figure><a href=\"https:\/\/havkajaknatur.dk\/wp-content\/uploads\/2018\/10\/13Anholt134.jpg\"><img loading=\"lazy\" decoding=\"async\" width=\"3969\" height=\"2941\" src=\"https:\/\/havkajaknatur.dk\/wp-content\/uploads\/2018\/10\/13Anholt134.jpg\" alt=\"\" data-id=\"916\" data-link=\"https:\/\/havkajaknatur.dk\/?attachment_id=916\" class=\"wp-image-916\" srcset=\"https:\/\/havkajaknatur.dk\/wp-content\/uploads\/2018\/10\/13Anholt134.jpg 3969w, https:\/\/havkajaknatur.dk\/wp-content\/uploads\/2018\/10\/13Anholt134-300x222.jpg 300w, https:\/\/havkajaknatur.dk\/wp-content\/uploads\/2018\/10\/13Anholt134-768x569.jpg 768w, https:\/\/havkajaknatur.dk\/wp-content\/uploads\/2018\/10\/13Anholt134-1024x759.jpg 1024w\" sizes=\"auto, (max-width: 706px) 89vw, (max-width: 767px) 82vw, 740px\" \/><\/a><figcaption class=\"blocks-gallery-item__caption\">Nordstranden<\/figcaption><\/figure><\/li><li class=\"blocks-gallery-item\"><figure><a href=\"https:\/\/havkajaknatur.dk\/wp-content\/uploads\/2018\/10\/13Anholt082.jpg\"><img loading=\"lazy\" decoding=\"async\" width=\"3943\" height=\"2907\" src=\"https:\/\/havkajaknatur.dk\/wp-content\/uploads\/2018\/10\/13Anholt082.jpg\" alt=\"\" data-id=\"906\" data-link=\"https:\/\/havkajaknatur.dk\/?attachment_id=906\" class=\"wp-image-906\" srcset=\"https:\/\/havkajaknatur.dk\/wp-content\/uploads\/2018\/10\/13Anholt082.jpg 3943w, https:\/\/havkajaknatur.dk\/wp-content\/uploads\/2018\/10\/13Anholt082-300x221.jpg 300w, https:\/\/havkajaknatur.dk\/wp-content\/uploads\/2018\/10\/13Anholt082-768x566.jpg 768w, https:\/\/havkajaknatur.dk\/wp-content\/uploads\/2018\/10\/13Anholt082-1024x755.jpg 1024w\" sizes=\"auto, (max-width: 706px) 89vw, (max-width: 767px) 82vw, 740px\" \/><\/a><figcaption class=\"blocks-gallery-item__caption\">Sildem\u00e5ger p\u00e5 sydstranden<\/figcaption><\/figure><\/li><li class=\"blocks-gallery-item\"><figure><a href=\"https:\/\/havkajaknatur.dk\/wp-content\/uploads\/2018\/10\/13Anholt188.jpg\"><img loading=\"lazy\" decoding=\"async\" width=\"4032\" height=\"3024\" src=\"https:\/\/havkajaknatur.dk\/wp-content\/uploads\/2018\/10\/13Anholt188.jpg\" alt=\"\" data-id=\"909\" data-link=\"https:\/\/havkajaknatur.dk\/?attachment_id=909\" class=\"wp-image-909\" srcset=\"https:\/\/havkajaknatur.dk\/wp-content\/uploads\/2018\/10\/13Anholt188.jpg 4032w, https:\/\/havkajaknatur.dk\/wp-content\/uploads\/2018\/10\/13Anholt188-300x225.jpg 300w, https:\/\/havkajaknatur.dk\/wp-content\/uploads\/2018\/10\/13Anholt188-768x576.jpg 768w, https:\/\/havkajaknatur.dk\/wp-content\/uploads\/2018\/10\/13Anholt188-1024x768.jpg 1024w\" sizes=\"auto, (max-width: 706px) 89vw, (max-width: 767px) 82vw, 740px\" \/><\/a><figcaption class=\"blocks-gallery-item__caption\">Dv\u00e6rgterne<\/figcaption><\/figure><\/li><li class=\"blocks-gallery-item\"><figure><a href=\"https:\/\/havkajaknatur.dk\/wp-content\/uploads\/2018\/10\/13Anholt155.jpg\"><img loading=\"lazy\" decoding=\"async\" width=\"4032\" height=\"3024\" src=\"https:\/\/havkajaknatur.dk\/wp-content\/uploads\/2018\/10\/13Anholt155.jpg\" alt=\"\" data-id=\"917\" data-link=\"https:\/\/havkajaknatur.dk\/?attachment_id=917\" class=\"wp-image-917\" srcset=\"https:\/\/havkajaknatur.dk\/wp-content\/uploads\/2018\/10\/13Anholt155.jpg 4032w, https:\/\/havkajaknatur.dk\/wp-content\/uploads\/2018\/10\/13Anholt155-300x225.jpg 300w, https:\/\/havkajaknatur.dk\/wp-content\/uploads\/2018\/10\/13Anholt155-768x576.jpg 768w, https:\/\/havkajaknatur.dk\/wp-content\/uploads\/2018\/10\/13Anholt155-1024x768.jpg 1024w\" sizes=\"auto, (max-width: 706px) 89vw, (max-width: 767px) 82vw, 740px\" \/><\/a><figcaption class=\"blocks-gallery-item__caption\">Anholt Havnen<\/figcaption><\/figure><\/li><li class=\"blocks-gallery-item\"><figure><a href=\"https:\/\/havkajaknatur.dk\/wp-content\/uploads\/2018\/10\/13Anholt030.jpg\"><img loading=\"lazy\" decoding=\"async\" width=\"3947\" height=\"2911\" src=\"https:\/\/havkajaknatur.dk\/wp-content\/uploads\/2018\/10\/13Anholt030.jpg\" alt=\"\" data-id=\"914\" data-link=\"https:\/\/havkajaknatur.dk\/?attachment_id=914\" class=\"wp-image-914\" srcset=\"https:\/\/havkajaknatur.dk\/wp-content\/uploads\/2018\/10\/13Anholt030.jpg 3947w, https:\/\/havkajaknatur.dk\/wp-content\/uploads\/2018\/10\/13Anholt030-300x221.jpg 300w, https:\/\/havkajaknatur.dk\/wp-content\/uploads\/2018\/10\/13Anholt030-768x566.jpg 768w, https:\/\/havkajaknatur.dk\/wp-content\/uploads\/2018\/10\/13Anholt030-1024x755.jpg 1024w\" sizes=\"auto, (max-width: 706px) 89vw, (max-width: 767px) 82vw, 740px\" \/><\/a><figcaption class=\"blocks-gallery-item__caption\">Cafe p\u00e5 havnen<\/figcaption><\/figure><\/li><li class=\"blocks-gallery-item\"><figure><a href=\"https:\/\/havkajaknatur.dk\/wp-content\/uploads\/2018\/10\/13Anholt201.jpg\"><img loading=\"lazy\" decoding=\"async\" width=\"4032\" height=\"3024\" src=\"https:\/\/havkajaknatur.dk\/wp-content\/uploads\/2018\/10\/13Anholt201.jpg\" alt=\"\" data-id=\"910\" data-link=\"https:\/\/havkajaknatur.dk\/?attachment_id=910\" class=\"wp-image-910\" srcset=\"https:\/\/havkajaknatur.dk\/wp-content\/uploads\/2018\/10\/13Anholt201.jpg 4032w, https:\/\/havkajaknatur.dk\/wp-content\/uploads\/2018\/10\/13Anholt201-300x225.jpg 300w, https:\/\/havkajaknatur.dk\/wp-content\/uploads\/2018\/10\/13Anholt201-768x576.jpg 768w, https:\/\/havkajaknatur.dk\/wp-content\/uploads\/2018\/10\/13Anholt201-1024x768.jpg 1024w\" sizes=\"auto, (max-width: 706px) 89vw, (max-width: 767px) 82vw, 740px\" \/><\/a><figcaption class=\"blocks-gallery-item__caption\">Anholt fyr<\/figcaption><\/figure><\/li><li class=\"blocks-gallery-item\"><figure><a href=\"https:\/\/havkajaknatur.dk\/wp-content\/uploads\/2018\/10\/13Anholt063.jpg\"><img loading=\"lazy\" decoding=\"async\" width=\"8006\" height=\"2919\" src=\"https:\/\/havkajaknatur.dk\/wp-content\/uploads\/2018\/10\/13Anholt063.jpg\" alt=\"\" data-id=\"905\" data-link=\"https:\/\/havkajaknatur.dk\/?attachment_id=905\" class=\"wp-image-905\" srcset=\"https:\/\/havkajaknatur.dk\/wp-content\/uploads\/2018\/10\/13Anholt063.jpg 8006w, https:\/\/havkajaknatur.dk\/wp-content\/uploads\/2018\/10\/13Anholt063-300x109.jpg 300w, https:\/\/havkajaknatur.dk\/wp-content\/uploads\/2018\/10\/13Anholt063-768x280.jpg 768w, https:\/\/havkajaknatur.dk\/wp-content\/uploads\/2018\/10\/13Anholt063-1024x373.jpg 1024w\" sizes=\"auto, (max-width: 706px) 89vw, (max-width: 767px) 82vw, 740px\" \/><\/a><figcaption class=\"blocks-gallery-item__caption\">Anholt fyr og fyrg\u00e5rd<\/figcaption><\/figure><\/li><\/ul><\/figure>\n\n\n\n<p class=\"has-text-align-center has-medium-font-size\"><strong>Anholt f\u00f8r og nu. 1976 &amp; 2007 og 2013<\/strong><\/p>\n\n\n\n<p>De f\u00f8rste 2 billeder er fotograferet fra S\u00f8nderbjerg ud over S\u00f8nderstrand. Efter at, man ikke m\u00e5 k\u00f8re ude i \u00f8rkenen ved S\u00f8nderstrand, er hjulsporene ved at gror til. De n\u00e6ste 2 billeder er taget p\u00e5 Nordbjerg ud mod \u00f8rkenen og fyret i \u00f8st. Her kan man se, at \u00f8rkenen er ved at gror til. Der var meget mere sand i 1976.<\/p>\n\n\n\n<p>At hjulsporene ved S\u00f8nderstrand gror til er godt, men at \u00d8rkenen gror til er skidt, for hvis \u00d8rkenen gror til, mister vi noget enest\u00e5ende og fredningen kan ikke opretholdes.<\/p>\n\n\n\n<figure class=\"wp-block-gallery columns-1 is-cropped wp-block-gallery-4 is-layout-flex wp-block-gallery-is-layout-flex\"><ul class=\"blocks-gallery-grid\"><li class=\"blocks-gallery-item\"><figure><a href=\"https:\/\/havkajaknatur.dk\/wp-content\/uploads\/2021\/11\/76Anholt09a-scaled.jpg\"><img loading=\"lazy\" decoding=\"async\" width=\"1486\" height=\"1024\" src=\"https:\/\/havkajaknatur.dk\/wp-content\/uploads\/2021\/11\/76Anholt09a-1486x1024.jpg\" alt=\"\" data-id=\"3900\" data-full-url=\"https:\/\/havkajaknatur.dk\/wp-content\/uploads\/2021\/11\/76Anholt09a-scaled.jpg\" data-link=\"https:\/\/havkajaknatur.dk\/?attachment_id=3900\" class=\"wp-image-3900\" srcset=\"https:\/\/havkajaknatur.dk\/wp-content\/uploads\/2021\/11\/76Anholt09a-1486x1024.jpg 1486w, https:\/\/havkajaknatur.dk\/wp-content\/uploads\/2021\/11\/76Anholt09a-300x207.jpg 300w, https:\/\/havkajaknatur.dk\/wp-content\/uploads\/2021\/11\/76Anholt09a-768x529.jpg 768w, https:\/\/havkajaknatur.dk\/wp-content\/uploads\/2021\/11\/76Anholt09a-1536x1058.jpg 1536w, https:\/\/havkajaknatur.dk\/wp-content\/uploads\/2021\/11\/76Anholt09a-2048x1411.jpg 2048w\" sizes=\"auto, (max-width: 706px) 89vw, (max-width: 767px) 82vw, 740px\" \/><\/a><figcaption class=\"blocks-gallery-item__caption\">1976<\/figcaption><\/figure><\/li><li class=\"blocks-gallery-item\"><figure><a href=\"https:\/\/havkajaknatur.dk\/wp-content\/uploads\/2018\/10\/07Kajak070-1.jpg\"><img loading=\"lazy\" decoding=\"async\" width=\"3023\" height=\"2041\" src=\"https:\/\/havkajaknatur.dk\/wp-content\/uploads\/2018\/10\/07Kajak070-1.jpg\" alt=\"\" data-id=\"1457\" data-link=\"https:\/\/havkajaknatur.dk\/?attachment_id=1457\" class=\"wp-image-1457\" srcset=\"https:\/\/havkajaknatur.dk\/wp-content\/uploads\/2018\/10\/07Kajak070-1.jpg 3023w, https:\/\/havkajaknatur.dk\/wp-content\/uploads\/2018\/10\/07Kajak070-1-300x203.jpg 300w, https:\/\/havkajaknatur.dk\/wp-content\/uploads\/2018\/10\/07Kajak070-1-768x519.jpg 768w, https:\/\/havkajaknatur.dk\/wp-content\/uploads\/2018\/10\/07Kajak070-1-1024x691.jpg 1024w\" sizes=\"auto, (max-width: 706px) 89vw, (max-width: 767px) 82vw, 740px\" \/><\/a><figcaption class=\"blocks-gallery-item__caption\">2007<\/figcaption><\/figure><\/li><li class=\"blocks-gallery-item\"><figure><a href=\"https:\/\/havkajaknatur.dk\/wp-content\/uploads\/2018\/10\/76Anholt17.jpg\"><img loading=\"lazy\" decoding=\"async\" width=\"4419\" height=\"2851\" src=\"https:\/\/havkajaknatur.dk\/wp-content\/uploads\/2018\/10\/76Anholt17.jpg\" alt=\"\" data-id=\"899\" data-link=\"https:\/\/havkajaknatur.dk\/?attachment_id=899\" class=\"wp-image-899\" srcset=\"https:\/\/havkajaknatur.dk\/wp-content\/uploads\/2018\/10\/76Anholt17.jpg 4419w, https:\/\/havkajaknatur.dk\/wp-content\/uploads\/2018\/10\/76Anholt17-300x194.jpg 300w, https:\/\/havkajaknatur.dk\/wp-content\/uploads\/2018\/10\/76Anholt17-768x495.jpg 768w, https:\/\/havkajaknatur.dk\/wp-content\/uploads\/2018\/10\/76Anholt17-1024x661.jpg 1024w\" sizes=\"auto, (max-width: 706px) 89vw, (max-width: 767px) 82vw, 740px\" \/><\/a><figcaption class=\"blocks-gallery-item__caption\">1976<\/figcaption><\/figure><\/li><li class=\"blocks-gallery-item\"><figure><a href=\"https:\/\/havkajaknatur.dk\/wp-content\/uploads\/2018\/10\/13Anholt045-1.jpg\"><img loading=\"lazy\" decoding=\"async\" width=\"3927\" height=\"2580\" src=\"https:\/\/havkajaknatur.dk\/wp-content\/uploads\/2018\/10\/13Anholt045-1.jpg\" alt=\"\" data-id=\"1464\" data-link=\"https:\/\/havkajaknatur.dk\/?attachment_id=1464\" class=\"wp-image-1464\" srcset=\"https:\/\/havkajaknatur.dk\/wp-content\/uploads\/2018\/10\/13Anholt045-1.jpg 3927w, https:\/\/havkajaknatur.dk\/wp-content\/uploads\/2018\/10\/13Anholt045-1-300x197.jpg 300w, https:\/\/havkajaknatur.dk\/wp-content\/uploads\/2018\/10\/13Anholt045-1-768x505.jpg 768w, https:\/\/havkajaknatur.dk\/wp-content\/uploads\/2018\/10\/13Anholt045-1-1024x673.jpg 1024w\" sizes=\"auto, (max-width: 706px) 89vw, (max-width: 767px) 82vw, 740px\" \/><\/a><figcaption class=\"blocks-gallery-item__caption\">2013<\/figcaption><\/figure><\/li><\/ul><\/figure>\n\n\n\n<p class=\"has-text-align-center has-medium-font-size\"><strong>2021<\/strong><\/p>\n\n\n\n<p class=\"has-text-align-left\">Tilbage i sommerhuset p\u00e5 Karisholmsvej i 14 dage. Noget af tiden sammen med vores datter Ida og barnebarn Gry. Ulla og jeg g\u00e5r \u00f8en rundt langs stranden.<\/p>\n\n\n\n<figure class=\"wp-block-embed is-type-video is-provider-youtube wp-block-embed-youtube wp-embed-aspect-16-9 wp-has-aspect-ratio\"><div class=\"wp-block-embed__wrapper\">\n<iframe loading=\"lazy\" title=\"2021 Anholt Rundt\" width=\"525\" height=\"295\" src=\"https:\/\/www.youtube.com\/embed\/4ukfNHioXac?feature=oembed\" frameborder=\"0\" allow=\"accelerometer; autoplay; clipboard-write; encrypted-media; gyroscope; picture-in-picture; web-share\" referrerpolicy=\"strict-origin-when-cross-origin\" allowfullscreen><\/iframe>\n<\/div><\/figure>\n","protected":false},"excerpt":{"rendered":"<p>Anholt \u00f8stspids med fyr og fyrg\u00e5rd Anholt ligger midt ude i Kattegat. Det er du ikke i tvivl om, efter kort tid p\u00e5 \u00f8en. Det skal du mindst opleve en gang i dit livet. Jeg var f\u00f8rste gange p\u00e5 \u00f8en i 1974 sammen med Ulla i et bomuldstelt. Senere igen i telt, flere gange i &hellip; <\/p>\n<p class=\"link-more\"><a href=\"https:\/\/havkajaknatur.dk\/?page_id=893\" class=\"more-link\">L\u00e6s videre<span class=\"screen-reader-text\"> &#8220;Anholt&#8221;<\/span><\/a><\/p>\n","protected":false},"author":1,"featured_media":2712,"parent":0,"menu_order":0,"comment_status":"closed","ping_status":"closed","template":"","meta":{"footnotes":""},"class_list":["post-893","page","type-page","status-publish","has-post-thumbnail","hentry"],"_links":{"self":[{"href":"https:\/\/havkajaknatur.dk\/index.php?rest_route=\/wp\/v2\/pages\/893","targetHints":{"allow":["GET"]}}],"collection":[{"href":"https:\/\/havkajaknatur.dk\/index.php?rest_route=\/wp\/v2\/pages"}],"about":[{"href":"https:\/\/havkajaknatur.dk\/index.php?rest_route=\/wp\/v2\/types\/page"}],"author":[{"embeddable":true,"href":"https:\/\/havkajaknatur.dk\/index.php?rest_route=\/wp\/v2\/users\/1"}],"replies":[{"embeddable":true,"href":"https:\/\/havkajaknatur.dk\/index.php?rest_route=%2Fwp%2Fv2%2Fcomments&post=893"}],"version-history":[{"count":64,"href":"https:\/\/havkajaknatur.dk\/index.php?rest_route=\/wp\/v2\/pages\/893\/revisions"}],"predecessor-version":[{"id":4493,"href":"https:\/\/havkajaknatur.dk\/index.php?rest_route=\/wp\/v2\/pages\/893\/revisions\/4493"}],"wp:featuredmedia":[{"embeddable":true,"href":"https:\/\/havkajaknatur.dk\/index.php?rest_route=\/wp\/v2\/media\/2712"}],"wp:attachment":[{"href":"https:\/\/havkajaknatur.dk\/index.php?rest_route=%2Fwp%2Fv2%2Fmedia&parent=893"}],"curies":[{"name":"wp","href":"https:\/\/api.w.org\/{rel}","templated":true}]}}