{"id":689,"date":"2018-10-21T08:22:22","date_gmt":"2018-10-21T08:22:22","guid":{"rendered":"http:\/\/havkajaknatur.dk\/?page_id=689"},"modified":"2021-12-10T10:01:04","modified_gmt":"2021-12-10T10:01:04","slug":"2015-naturoplevelser","status":"publish","type":"page","link":"https:\/\/havkajaknatur.dk\/?page_id=689","title":{"rendered":"Vandrefalk p\u00e5 Hundested Havn"},"content":{"rendered":"\n<p class=\"has-text-align-right has-small-font-size\">Vandrefalk<\/p>\n\n\n\n<p class=\"has-text-align-center\">I Vinteren 2015 holdt en vandrefalk (hun) til ved Hundested Havn. En dag fotograferede jeg den tage en due ude over vandet. Billederne ude fra vandet er ikke s\u00e5 gode, da det var langt ude.<br>Her er forl\u00f8bet af duejagten<br>1: Falken jager duen (duen med lyse vinger)<br>2: Duen bliver sl\u00e5et af falken (fanget)<br>3: Falken flyver ind med duen<br>4: Falken spiser duen<br>5: Resterne efter falken har spist<\/p>\n\n\n\n<figure class=\"wp-block-gallery columns-1 is-cropped wp-block-gallery-1 is-layout-flex wp-block-gallery-is-layout-flex\"><ul class=\"blocks-gallery-grid\"><li class=\"blocks-gallery-item\"><figure><a href=\"https:\/\/havkajaknatur.dk\/wp-content\/uploads\/2018\/10\/Vandrefalk-duejagt.jpg\"><img loading=\"lazy\" decoding=\"async\" width=\"1000\" height=\"700\" src=\"https:\/\/havkajaknatur.dk\/wp-content\/uploads\/2018\/10\/Vandrefalk-duejagt.jpg\" alt=\"\" data-id=\"749\" data-link=\"https:\/\/havkajaknatur.dk\/?attachment_id=749\" class=\"wp-image-749\" srcset=\"https:\/\/havkajaknatur.dk\/wp-content\/uploads\/2018\/10\/Vandrefalk-duejagt.jpg 1000w, https:\/\/havkajaknatur.dk\/wp-content\/uploads\/2018\/10\/Vandrefalk-duejagt-300x210.jpg 300w, https:\/\/havkajaknatur.dk\/wp-content\/uploads\/2018\/10\/Vandrefalk-duejagt-768x538.jpg 768w\" sizes=\"auto, (max-width: 706px) 89vw, (max-width: 767px) 82vw, 740px\" \/><\/a><\/figure><\/li><li class=\"blocks-gallery-item\"><figure><a href=\"https:\/\/havkajaknatur.dk\/wp-content\/uploads\/2018\/10\/Vandrefalk-46.jpg\"><img loading=\"lazy\" decoding=\"async\" width=\"3648\" height=\"2052\" src=\"https:\/\/havkajaknatur.dk\/wp-content\/uploads\/2018\/10\/Vandrefalk-46.jpg\" alt=\"\" data-id=\"753\" data-link=\"https:\/\/havkajaknatur.dk\/?attachment_id=753\" class=\"wp-image-753\" srcset=\"https:\/\/havkajaknatur.dk\/wp-content\/uploads\/2018\/10\/Vandrefalk-46.jpg 3648w, https:\/\/havkajaknatur.dk\/wp-content\/uploads\/2018\/10\/Vandrefalk-46-300x169.jpg 300w, https:\/\/havkajaknatur.dk\/wp-content\/uploads\/2018\/10\/Vandrefalk-46-768x432.jpg 768w, https:\/\/havkajaknatur.dk\/wp-content\/uploads\/2018\/10\/Vandrefalk-46-1024x576.jpg 1024w\" sizes=\"auto, (max-width: 706px) 89vw, (max-width: 767px) 82vw, 740px\" \/><\/a><\/figure><\/li><li class=\"blocks-gallery-item\"><figure><a href=\"https:\/\/havkajaknatur.dk\/wp-content\/uploads\/2018\/10\/Vandrefalk-43.jpg\"><img loading=\"lazy\" decoding=\"async\" width=\"3648\" height=\"2052\" src=\"https:\/\/havkajaknatur.dk\/wp-content\/uploads\/2018\/10\/Vandrefalk-43.jpg\" alt=\"\" data-id=\"752\" data-link=\"https:\/\/havkajaknatur.dk\/?attachment_id=752\" class=\"wp-image-752\" srcset=\"https:\/\/havkajaknatur.dk\/wp-content\/uploads\/2018\/10\/Vandrefalk-43.jpg 3648w, https:\/\/havkajaknatur.dk\/wp-content\/uploads\/2018\/10\/Vandrefalk-43-300x169.jpg 300w, https:\/\/havkajaknatur.dk\/wp-content\/uploads\/2018\/10\/Vandrefalk-43-768x432.jpg 768w, https:\/\/havkajaknatur.dk\/wp-content\/uploads\/2018\/10\/Vandrefalk-43-1024x576.jpg 1024w\" sizes=\"auto, (max-width: 706px) 89vw, (max-width: 767px) 82vw, 740px\" \/><\/a><\/figure><\/li><li class=\"blocks-gallery-item\"><figure><a href=\"https:\/\/havkajaknatur.dk\/wp-content\/uploads\/2018\/10\/Vandrefalk-41.jpg\"><img loading=\"lazy\" decoding=\"async\" width=\"3648\" height=\"2052\" src=\"https:\/\/havkajaknatur.dk\/wp-content\/uploads\/2018\/10\/Vandrefalk-41.jpg\" alt=\"\" data-id=\"751\" data-link=\"https:\/\/havkajaknatur.dk\/?attachment_id=751\" class=\"wp-image-751\" srcset=\"https:\/\/havkajaknatur.dk\/wp-content\/uploads\/2018\/10\/Vandrefalk-41.jpg 3648w, https:\/\/havkajaknatur.dk\/wp-content\/uploads\/2018\/10\/Vandrefalk-41-300x169.jpg 300w, https:\/\/havkajaknatur.dk\/wp-content\/uploads\/2018\/10\/Vandrefalk-41-768x432.jpg 768w, https:\/\/havkajaknatur.dk\/wp-content\/uploads\/2018\/10\/Vandrefalk-41-1024x576.jpg 1024w\" sizes=\"auto, (max-width: 706px) 89vw, (max-width: 767px) 82vw, 740px\" \/><\/a><\/figure><\/li><li class=\"blocks-gallery-item\"><figure><a href=\"https:\/\/havkajaknatur.dk\/wp-content\/uploads\/2018\/10\/Vandrefalk-38.jpg\"><img loading=\"lazy\" decoding=\"async\" width=\"3648\" height=\"2052\" src=\"https:\/\/havkajaknatur.dk\/wp-content\/uploads\/2018\/10\/Vandrefalk-38.jpg\" alt=\"\" data-id=\"750\" data-link=\"https:\/\/havkajaknatur.dk\/?attachment_id=750\" class=\"wp-image-750\" srcset=\"https:\/\/havkajaknatur.dk\/wp-content\/uploads\/2018\/10\/Vandrefalk-38.jpg 3648w, https:\/\/havkajaknatur.dk\/wp-content\/uploads\/2018\/10\/Vandrefalk-38-300x169.jpg 300w, https:\/\/havkajaknatur.dk\/wp-content\/uploads\/2018\/10\/Vandrefalk-38-768x432.jpg 768w, https:\/\/havkajaknatur.dk\/wp-content\/uploads\/2018\/10\/Vandrefalk-38-1024x576.jpg 1024w\" sizes=\"auto, (max-width: 706px) 89vw, (max-width: 767px) 82vw, 740px\" \/><\/a><\/figure><\/li><\/ul><\/figure>\n","protected":false},"excerpt":{"rendered":"<p>Vandrefalk I Vinteren 2015 holdt en vandrefalk (hun) til ved Hundested Havn. En dag fotograferede jeg den tage en due ude over vandet. Billederne ude fra vandet er ikke s\u00e5 gode, da det var langt ude.Her er forl\u00f8bet af duejagten1: Falken jager duen (duen med lyse vinger)2: Duen bliver sl\u00e5et af falken (fanget)3: Falken flyver &hellip; <\/p>\n<p class=\"link-more\"><a href=\"https:\/\/havkajaknatur.dk\/?page_id=689\" class=\"more-link\">L\u00e6s videre<span class=\"screen-reader-text\"> &#8220;Vandrefalk p\u00e5 Hundested Havn&#8221;<\/span><\/a><\/p>\n","protected":false},"author":1,"featured_media":3043,"parent":0,"menu_order":0,"comment_status":"closed","ping_status":"closed","template":"","meta":{"footnotes":""},"class_list":["post-689","page","type-page","status-publish","has-post-thumbnail","hentry"],"_links":{"self":[{"href":"https:\/\/havkajaknatur.dk\/index.php?rest_route=\/wp\/v2\/pages\/689","targetHints":{"allow":["GET"]}}],"collection":[{"href":"https:\/\/havkajaknatur.dk\/index.php?rest_route=\/wp\/v2\/pages"}],"about":[{"href":"https:\/\/havkajaknatur.dk\/index.php?rest_route=\/wp\/v2\/types\/page"}],"author":[{"embeddable":true,"href":"https:\/\/havkajaknatur.dk\/index.php?rest_route=\/wp\/v2\/users\/1"}],"replies":[{"embeddable":true,"href":"https:\/\/havkajaknatur.dk\/index.php?rest_route=%2Fwp%2Fv2%2Fcomments&post=689"}],"version-history":[{"count":16,"href":"https:\/\/havkajaknatur.dk\/index.php?rest_route=\/wp\/v2\/pages\/689\/revisions"}],"predecessor-version":[{"id":4328,"href":"https:\/\/havkajaknatur.dk\/index.php?rest_route=\/wp\/v2\/pages\/689\/revisions\/4328"}],"wp:featuredmedia":[{"embeddable":true,"href":"https:\/\/havkajaknatur.dk\/index.php?rest_route=\/wp\/v2\/media\/3043"}],"wp:attachment":[{"href":"https:\/\/havkajaknatur.dk\/index.php?rest_route=%2Fwp%2Fv2%2Fmedia&parent=689"}],"curies":[{"name":"wp","href":"https:\/\/api.w.org\/{rel}","templated":true}]}}