{"id":680,"date":"2018-10-21T08:14:30","date_gmt":"2018-10-21T08:14:30","guid":{"rendered":"http:\/\/havkajaknatur.dk\/?page_id=680"},"modified":"2021-12-12T21:57:20","modified_gmt":"2021-12-12T21:57:20","slug":"2008-naturoplevelser","status":"publish","type":"page","link":"https:\/\/havkajaknatur.dk\/?page_id=680","title":{"rendered":"Lavvande i Isefjord"},"content":{"rendered":"\n<p class=\"has-text-align-right has-small-font-size\">Lyn\u00e6s Sand med Lyn\u00e6s Havn<\/p>\n\n\n\n<p class=\"has-text-align-left\">Ekstrem lavvande i Isefjord den 1. maj 2008, f\u00f8rte til at man kunne g\u00e5 t\u00f8rskoet 1 km m\u00e5ske mere ud p\u00e5 Lyn\u00e6s sand. Hvis man skulle til Hundested i kajak, skulle man ud i sejlrenden\u00a0for at komme der op. I S\u00f8lager var renden til f\u00e6rgen synlig med sand p\u00e5 begge sider.<\/p>\n\n\n\n<figure class=\"wp-block-gallery columns-1 is-cropped wp-block-gallery-1 is-layout-flex wp-block-gallery-is-layout-flex\"><ul class=\"blocks-gallery-grid\"><li class=\"blocks-gallery-item\"><figure><a href=\"https:\/\/havkajaknatur.dk\/wp-content\/uploads\/2018\/10\/08Lyn\u00e6s09.jpg\"><img loading=\"lazy\" decoding=\"async\" width=\"3607\" height=\"2029\" src=\"https:\/\/havkajaknatur.dk\/wp-content\/uploads\/2018\/10\/08Lyn\u00e6s09.jpg\" alt=\"\" data-id=\"686\" data-link=\"https:\/\/havkajaknatur.dk\/?attachment_id=686\" class=\"wp-image-686\" srcset=\"https:\/\/havkajaknatur.dk\/wp-content\/uploads\/2018\/10\/08Lyn\u00e6s09.jpg 3607w, https:\/\/havkajaknatur.dk\/wp-content\/uploads\/2018\/10\/08Lyn\u00e6s09-300x169.jpg 300w, https:\/\/havkajaknatur.dk\/wp-content\/uploads\/2018\/10\/08Lyn\u00e6s09-768x432.jpg 768w, https:\/\/havkajaknatur.dk\/wp-content\/uploads\/2018\/10\/08Lyn\u00e6s09-1024x576.jpg 1024w\" sizes=\"auto, (max-width: 706px) 89vw, (max-width: 767px) 82vw, 740px\" \/><\/a><figcaption class=\"blocks-gallery-item__caption\">S\u00f8lager f\u00e6rgeleje<\/figcaption><\/figure><\/li><li class=\"blocks-gallery-item\"><figure><a href=\"https:\/\/havkajaknatur.dk\/wp-content\/uploads\/2018\/10\/08Lyn\u00e6s08.jpg\"><img loading=\"lazy\" decoding=\"async\" width=\"3648\" height=\"2052\" src=\"https:\/\/havkajaknatur.dk\/wp-content\/uploads\/2018\/10\/08Lyn\u00e6s08.jpg\" alt=\"\" data-id=\"685\" data-link=\"https:\/\/havkajaknatur.dk\/?attachment_id=685\" class=\"wp-image-685\" srcset=\"https:\/\/havkajaknatur.dk\/wp-content\/uploads\/2018\/10\/08Lyn\u00e6s08.jpg 3648w, https:\/\/havkajaknatur.dk\/wp-content\/uploads\/2018\/10\/08Lyn\u00e6s08-300x169.jpg 300w, https:\/\/havkajaknatur.dk\/wp-content\/uploads\/2018\/10\/08Lyn\u00e6s08-768x432.jpg 768w, https:\/\/havkajaknatur.dk\/wp-content\/uploads\/2018\/10\/08Lyn\u00e6s08-1024x576.jpg 1024w\" sizes=\"auto, (max-width: 706px) 89vw, (max-width: 767px) 82vw, 740px\" \/><\/a><\/figure><\/li><\/ul><\/figure>\n","protected":false},"excerpt":{"rendered":"<p>Lyn\u00e6s Sand med Lyn\u00e6s Havn Ekstrem lavvande i Isefjord den 1. maj 2008, f\u00f8rte til at man kunne g\u00e5 t\u00f8rskoet 1 km m\u00e5ske mere ud p\u00e5 Lyn\u00e6s sand. Hvis man skulle til Hundested i kajak, skulle man ud i sejlrenden\u00a0for at komme der op. I S\u00f8lager var renden til f\u00e6rgen synlig med sand p\u00e5 begge &hellip; <\/p>\n<p class=\"link-more\"><a href=\"https:\/\/havkajaknatur.dk\/?page_id=680\" class=\"more-link\">L\u00e6s videre<span class=\"screen-reader-text\"> &#8220;Lavvande i Isefjord&#8221;<\/span><\/a><\/p>\n","protected":false},"author":1,"featured_media":4074,"parent":0,"menu_order":0,"comment_status":"closed","ping_status":"closed","template":"","meta":{"footnotes":""},"class_list":["post-680","page","type-page","status-publish","has-post-thumbnail","hentry"],"_links":{"self":[{"href":"https:\/\/havkajaknatur.dk\/index.php?rest_route=\/wp\/v2\/pages\/680","targetHints":{"allow":["GET"]}}],"collection":[{"href":"https:\/\/havkajaknatur.dk\/index.php?rest_route=\/wp\/v2\/pages"}],"about":[{"href":"https:\/\/havkajaknatur.dk\/index.php?rest_route=\/wp\/v2\/types\/page"}],"author":[{"embeddable":true,"href":"https:\/\/havkajaknatur.dk\/index.php?rest_route=\/wp\/v2\/users\/1"}],"replies":[{"embeddable":true,"href":"https:\/\/havkajaknatur.dk\/index.php?rest_route=%2Fwp%2Fv2%2Fcomments&post=680"}],"version-history":[{"count":16,"href":"https:\/\/havkajaknatur.dk\/index.php?rest_route=\/wp\/v2\/pages\/680\/revisions"}],"predecessor-version":[{"id":4448,"href":"https:\/\/havkajaknatur.dk\/index.php?rest_route=\/wp\/v2\/pages\/680\/revisions\/4448"}],"wp:featuredmedia":[{"embeddable":true,"href":"https:\/\/havkajaknatur.dk\/index.php?rest_route=\/wp\/v2\/media\/4074"}],"wp:attachment":[{"href":"https:\/\/havkajaknatur.dk\/index.php?rest_route=%2Fwp%2Fv2%2Fmedia&parent=680"}],"curies":[{"name":"wp","href":"https:\/\/api.w.org\/{rel}","templated":true}]}}