{"id":665,"date":"2018-10-21T07:57:48","date_gmt":"2018-10-21T07:57:48","guid":{"rendered":"http:\/\/havkajaknatur.dk\/?page_id=665"},"modified":"2021-12-17T08:41:54","modified_gmt":"2021-12-17T08:41:54","slug":"2009-kajaktur-oplevelser","status":"publish","type":"page","link":"https:\/\/havkajaknatur.dk\/?page_id=665","title":{"rendered":"2009 Havns\u00f8 &#8211; Lyn\u00e6s"},"content":{"rendered":"\n<p class=\"has-text-align-right has-small-font-size\">Neksel\u00f8 set fra sydspidsen af Sejer\u00f8 <\/p>\n\n\n\n<p>En tur hvor jeg blev k\u00f8rt ud og ro hjem. Benny k\u00f8rte mig til Havns\u00f8. Herfra roede jeg ud langs Neksel\u00f8, og fra nordspidsen et kryds p\u00e5 9 km til Sejer\u00f8s sydspids. Videre med et kryds p\u00e5 14 km til Odden F\u00e6rgehavn. Ud langs Odden, rundt om Gniben og ned langs Odden nu p\u00e5 Kattegat siden til Ebbel\u00f8kke, hvor jeg overnatter. N\u00e6ste dag videre mod \u00f8st, forbi Klint og Korshage, og til sidst et kryds over til Lyn\u00e6s. Ro distance 77 Km.<\/p>\n\n\n\n<figure class=\"wp-block-embed is-type-video is-provider-youtube wp-block-embed-youtube wp-embed-aspect-16-9 wp-has-aspect-ratio\"><div class=\"wp-block-embed__wrapper\">\n<iframe loading=\"lazy\" title=\"Kayak, Havns\u00f8 Lyn\u00e6s\" width=\"525\" height=\"295\" src=\"https:\/\/www.youtube.com\/embed\/XL16tJL-XrM?feature=oembed\" frameborder=\"0\" allow=\"accelerometer; autoplay; clipboard-write; encrypted-media; gyroscope; picture-in-picture; web-share\" referrerpolicy=\"strict-origin-when-cross-origin\" allowfullscreen><\/iframe>\n<\/div><\/figure>\n\n\n\n<div class=\"wp-block-image\"><figure class=\"aligncenter size-full is-resized\"><a href=\"https:\/\/havkajaknatur.dk\/wp-content\/uploads\/2018\/10\/Havns\u00f8-Lyn\u00e6s-rute.jpg\"><img loading=\"lazy\" decoding=\"async\" src=\"https:\/\/havkajaknatur.dk\/wp-content\/uploads\/2018\/10\/Havns\u00f8-Lyn\u00e6s-rute.jpg\" alt=\"\" class=\"wp-image-1421\" width=\"1495\" height=\"1052\" srcset=\"https:\/\/havkajaknatur.dk\/wp-content\/uploads\/2018\/10\/Havns\u00f8-Lyn\u00e6s-rute.jpg 1495w, https:\/\/havkajaknatur.dk\/wp-content\/uploads\/2018\/10\/Havns\u00f8-Lyn\u00e6s-rute-300x211.jpg 300w, https:\/\/havkajaknatur.dk\/wp-content\/uploads\/2018\/10\/Havns\u00f8-Lyn\u00e6s-rute-768x540.jpg 768w, https:\/\/havkajaknatur.dk\/wp-content\/uploads\/2018\/10\/Havns\u00f8-Lyn\u00e6s-rute-1024x721.jpg 1024w\" sizes=\"auto, (max-width: 706px) 89vw, (max-width: 767px) 82vw, 740px\" \/><\/a><figcaption>Kort Havns\u00f8-Lyn\u00e6s Rute<\/figcaption><\/figure><\/div>\n","protected":false},"excerpt":{"rendered":"<p>Neksel\u00f8 set fra sydspidsen af Sejer\u00f8 En tur hvor jeg blev k\u00f8rt ud og ro hjem. Benny k\u00f8rte mig til Havns\u00f8. Herfra roede jeg ud langs Neksel\u00f8, og fra nordspidsen et kryds p\u00e5 9 km til Sejer\u00f8s sydspids. Videre med et kryds p\u00e5 14 km til Odden F\u00e6rgehavn. Ud langs Odden, rundt om Gniben og &hellip; <\/p>\n<p class=\"link-more\"><a href=\"https:\/\/havkajaknatur.dk\/?page_id=665\" class=\"more-link\">L\u00e6s videre<span class=\"screen-reader-text\"> &#8220;2009 Havns\u00f8 &#8211; Lyn\u00e6s&#8221;<\/span><\/a><\/p>\n","protected":false},"author":1,"featured_media":2919,"parent":0,"menu_order":0,"comment_status":"closed","ping_status":"closed","template":"","meta":{"footnotes":""},"class_list":["post-665","page","type-page","status-publish","has-post-thumbnail","hentry"],"_links":{"self":[{"href":"https:\/\/havkajaknatur.dk\/index.php?rest_route=\/wp\/v2\/pages\/665","targetHints":{"allow":["GET"]}}],"collection":[{"href":"https:\/\/havkajaknatur.dk\/index.php?rest_route=\/wp\/v2\/pages"}],"about":[{"href":"https:\/\/havkajaknatur.dk\/index.php?rest_route=\/wp\/v2\/types\/page"}],"author":[{"embeddable":true,"href":"https:\/\/havkajaknatur.dk\/index.php?rest_route=\/wp\/v2\/users\/1"}],"replies":[{"embeddable":true,"href":"https:\/\/havkajaknatur.dk\/index.php?rest_route=%2Fwp%2Fv2%2Fcomments&post=665"}],"version-history":[{"count":23,"href":"https:\/\/havkajaknatur.dk\/index.php?rest_route=\/wp\/v2\/pages\/665\/revisions"}],"predecessor-version":[{"id":4552,"href":"https:\/\/havkajaknatur.dk\/index.php?rest_route=\/wp\/v2\/pages\/665\/revisions\/4552"}],"wp:featuredmedia":[{"embeddable":true,"href":"https:\/\/havkajaknatur.dk\/index.php?rest_route=\/wp\/v2\/media\/2919"}],"wp:attachment":[{"href":"https:\/\/havkajaknatur.dk\/index.php?rest_route=%2Fwp%2Fv2%2Fmedia&parent=665"}],"curies":[{"name":"wp","href":"https:\/\/api.w.org\/{rel}","templated":true}]}}