{"id":5048,"date":"2025-09-02T15:33:35","date_gmt":"2025-09-02T15:33:35","guid":{"rendered":"https:\/\/havkajaknatur.dk\/?page_id=5048"},"modified":"2025-09-04T12:07:44","modified_gmt":"2025-09-04T12:07:44","slug":"2025-bohuslan","status":"publish","type":"page","link":"https:\/\/havkajaknatur.dk\/?page_id=5048","title":{"rendered":"2025 Bohusl\u00e4n"},"content":{"rendered":"\n<p class=\"has-text-align-center\"><strong>Turen startede lidt syd for Hamburgsund, med is\u00e6tning ved Heestrand. Vi h\u00e5bede p\u00e5 bes\u00f8ge p\u00e5 Koster- &amp; V\u00e4der\u00f6arna, det lykkedes. Sk\u00e6rg\u00e5rden minder lidt om det nordlige Norge med mange bare klipper, sandstrande og gr\u00e6s til teltene. Der er ogs\u00e5 en indre sk\u00e6rg\u00e5rd med mere beplantning, men det minder mere om de andre sk\u00e6rg\u00e5rde i Sverige. S\u00e5 bes\u00f8ger du Bohusl\u00e4n tag ud i yder sk\u00e6rg\u00e5rden og oplev noget andet end du er vant til i Blekinge og p\u00e5 \u00f8stkysten<\/strong>.<strong> Der er rigtig mange overnatningspladser, men midt p\u00e5 sommeren er der nok ogs\u00e5 mange kajakroere og b\u00e5dfolk. Vi n\u00f8d stilheden og pladserne p\u00e5 vores tur, som var i den sidste uge af august.<\/strong><\/p>\n\n\n\n<p class=\"has-text-align-center\"><strong>Jeg har kun beskrevet nogle af de overnatningspladser vi var p\u00e5. jeg vil henvise til en meget udf\u00f8rlig oversigt og beskrivelse af overnatningspladser i Bohuslan p\u00e5 f\u00f8lgende webside: <a href=\"https:\/\/tjornkajak.se\/bra-kunskap\/paddla-kajak-och-talta-i-bohuslan-haftena\/\">https:\/\/tjornkajak.se\/bra-kunskap\/paddla-kajak-och-talta-i-bohuslan-haftena\/<\/a><\/strong><\/p>\n\n\n\n<figure class=\"wp-block-embed is-type-video is-provider-youtube wp-block-embed-youtube wp-embed-aspect-16-9 wp-has-aspect-ratio\"><div class=\"wp-block-embed__wrapper\">\n<iframe loading=\"lazy\" title=\"2025 Bohusla\u0308n\" width=\"525\" height=\"295\" src=\"https:\/\/www.youtube.com\/embed\/ApWrtKTuNxU?feature=oembed\" frameborder=\"0\" allow=\"accelerometer; autoplay; clipboard-write; encrypted-media; gyroscope; picture-in-picture; web-share\" referrerpolicy=\"strict-origin-when-cross-origin\" allowfullscreen><\/iframe>\n<\/div><\/figure>\n\n\n\n<p class=\"has-text-align-center\"><strong>Video af turen<\/strong><\/p>\n\n\n\n<figure class=\"wp-block-image size-full\"><a href=\"https:\/\/havkajaknatur.dk\/wp-content\/uploads\/2025\/09\/25BohuslanKort_DxO.jpg\"><img loading=\"lazy\" decoding=\"async\" width=\"743\" height=\"2048\" src=\"https:\/\/havkajaknatur.dk\/wp-content\/uploads\/2025\/09\/25BohuslanKort_DxO.jpg\" alt=\"\" class=\"wp-image-5079\" srcset=\"https:\/\/havkajaknatur.dk\/wp-content\/uploads\/2025\/09\/25BohuslanKort_DxO.jpg 743w, https:\/\/havkajaknatur.dk\/wp-content\/uploads\/2025\/09\/25BohuslanKort_DxO-109x300.jpg 109w, https:\/\/havkajaknatur.dk\/wp-content\/uploads\/2025\/09\/25BohuslanKort_DxO-372x1024.jpg 372w, https:\/\/havkajaknatur.dk\/wp-content\/uploads\/2025\/09\/25BohuslanKort_DxO-557x1536.jpg 557w\" sizes=\"auto, (max-width: 706px) 89vw, (max-width: 767px) 82vw, 740px\" \/><\/a><\/figure>\n\n\n\n<p class=\"has-text-align-center\"><strong>Kort med GPS spor<\/strong><\/p>\n\n\n\n<figure class=\"wp-block-image size-large\"><a href=\"https:\/\/havkajaknatur.dk\/wp-content\/uploads\/2025\/09\/25Bohuslan06_DxO.jpg\"><img loading=\"lazy\" decoding=\"async\" width=\"1365\" height=\"1024\" src=\"https:\/\/havkajaknatur.dk\/wp-content\/uploads\/2025\/09\/25Bohuslan06_DxO-1365x1024.jpg\" alt=\"\" class=\"wp-image-5068\" srcset=\"https:\/\/havkajaknatur.dk\/wp-content\/uploads\/2025\/09\/25Bohuslan06_DxO-1365x1024.jpg 1365w, https:\/\/havkajaknatur.dk\/wp-content\/uploads\/2025\/09\/25Bohuslan06_DxO-300x225.jpg 300w, https:\/\/havkajaknatur.dk\/wp-content\/uploads\/2025\/09\/25Bohuslan06_DxO-768x576.jpg 768w, https:\/\/havkajaknatur.dk\/wp-content\/uploads\/2025\/09\/25Bohuslan06_DxO-1536x1152.jpg 1536w, https:\/\/havkajaknatur.dk\/wp-content\/uploads\/2025\/09\/25Bohuslan06_DxO.jpg 2048w\" sizes=\"auto, (max-width: 706px) 89vw, (max-width: 767px) 82vw, 740px\" \/><\/a><\/figure>\n\n\n\n<p class=\"has-text-align-center\"><strong>Porsholmen en udm\u00e6rket plads ogs\u00e5 tilg\u00e6ngelig fra den anden side, alt efter vindretning.<\/strong><\/p>\n\n\n\n<figure class=\"wp-block-image size-large\"><a href=\"https:\/\/havkajaknatur.dk\/wp-content\/uploads\/2025\/09\/25Bohuslan17_DxO.jpg\"><img loading=\"lazy\" decoding=\"async\" width=\"1365\" height=\"1024\" src=\"https:\/\/havkajaknatur.dk\/wp-content\/uploads\/2025\/09\/25Bohuslan17_DxO-1365x1024.jpg\" alt=\"\" class=\"wp-image-5069\" srcset=\"https:\/\/havkajaknatur.dk\/wp-content\/uploads\/2025\/09\/25Bohuslan17_DxO-1365x1024.jpg 1365w, https:\/\/havkajaknatur.dk\/wp-content\/uploads\/2025\/09\/25Bohuslan17_DxO-300x225.jpg 300w, https:\/\/havkajaknatur.dk\/wp-content\/uploads\/2025\/09\/25Bohuslan17_DxO-768x576.jpg 768w, https:\/\/havkajaknatur.dk\/wp-content\/uploads\/2025\/09\/25Bohuslan17_DxO-1536x1152.jpg 1536w, https:\/\/havkajaknatur.dk\/wp-content\/uploads\/2025\/09\/25Bohuslan17_DxO.jpg 2048w\" sizes=\"auto, (max-width: 706px) 89vw, (max-width: 767px) 82vw, 740px\" \/><\/a><\/figure>\n\n\n\n<p class=\"has-text-align-center\"><strong>K\u00e4ften fin intim plads til mindre gruppe, muldtoilet gode l\u00e6 forhold.<\/strong><\/p>\n\n\n\n<figure class=\"wp-block-image size-large\"><a href=\"https:\/\/havkajaknatur.dk\/wp-content\/uploads\/2025\/09\/25Bohuslan22_DxO.jpg\"><img loading=\"lazy\" decoding=\"async\" width=\"1365\" height=\"1024\" src=\"https:\/\/havkajaknatur.dk\/wp-content\/uploads\/2025\/09\/25Bohuslan22_DxO-1365x1024.jpg\" alt=\"\" class=\"wp-image-5070\" srcset=\"https:\/\/havkajaknatur.dk\/wp-content\/uploads\/2025\/09\/25Bohuslan22_DxO-1365x1024.jpg 1365w, https:\/\/havkajaknatur.dk\/wp-content\/uploads\/2025\/09\/25Bohuslan22_DxO-300x225.jpg 300w, https:\/\/havkajaknatur.dk\/wp-content\/uploads\/2025\/09\/25Bohuslan22_DxO-768x576.jpg 768w, https:\/\/havkajaknatur.dk\/wp-content\/uploads\/2025\/09\/25Bohuslan22_DxO-1536x1152.jpg 1536w, https:\/\/havkajaknatur.dk\/wp-content\/uploads\/2025\/09\/25Bohuslan22_DxO.jpg 2048w\" sizes=\"auto, (max-width: 706px) 89vw, (max-width: 767px) 82vw, 740px\" \/><\/a><\/figure>\n\n\n\n<p class=\"has-text-align-center\"><strong>Bissen med stor strand og teltplads l\u00e6 p\u00e5 n\u00e6r fra syd, men den er indensk\u00e6rs <\/strong><\/p>\n\n\n\n<figure class=\"wp-block-image size-large\"><a href=\"https:\/\/havkajaknatur.dk\/wp-content\/uploads\/2025\/09\/25Bohuslan35_DxO.jpg\"><img loading=\"lazy\" decoding=\"async\" width=\"1366\" height=\"1024\" src=\"https:\/\/havkajaknatur.dk\/wp-content\/uploads\/2025\/09\/25Bohuslan35_DxO-1366x1024.jpg\" alt=\"\" class=\"wp-image-5071\" srcset=\"https:\/\/havkajaknatur.dk\/wp-content\/uploads\/2025\/09\/25Bohuslan35_DxO-1366x1024.jpg 1366w, https:\/\/havkajaknatur.dk\/wp-content\/uploads\/2025\/09\/25Bohuslan35_DxO-300x225.jpg 300w, https:\/\/havkajaknatur.dk\/wp-content\/uploads\/2025\/09\/25Bohuslan35_DxO-768x576.jpg 768w, https:\/\/havkajaknatur.dk\/wp-content\/uploads\/2025\/09\/25Bohuslan35_DxO-1536x1151.jpg 1536w, https:\/\/havkajaknatur.dk\/wp-content\/uploads\/2025\/09\/25Bohuslan35_DxO.jpg 2048w\" sizes=\"auto, (max-width: 706px) 89vw, (max-width: 767px) 82vw, 740px\" \/><\/a><\/figure>\n\n\n\n<p class=\"has-text-align-center\"><strong>Ytre Ursholmen, Sverige mest vestlig bebygget \u00f8, med store diabas striber ned gennem \u00f8en<\/strong>.<strong> D\u00e5rlig landgang \u00f8st for broen p\u00e5 stenstrand<\/strong><\/p>\n\n\n\n<figure class=\"wp-block-image size-large\"><a href=\"https:\/\/havkajaknatur.dk\/wp-content\/uploads\/2025\/09\/25Bohuslan36_DxO.jpg\"><img loading=\"lazy\" decoding=\"async\" width=\"1365\" height=\"1024\" src=\"https:\/\/havkajaknatur.dk\/wp-content\/uploads\/2025\/09\/25Bohuslan36_DxO-1365x1024.jpg\" alt=\"\" class=\"wp-image-5072\" srcset=\"https:\/\/havkajaknatur.dk\/wp-content\/uploads\/2025\/09\/25Bohuslan36_DxO-1365x1024.jpg 1365w, https:\/\/havkajaknatur.dk\/wp-content\/uploads\/2025\/09\/25Bohuslan36_DxO-300x225.jpg 300w, https:\/\/havkajaknatur.dk\/wp-content\/uploads\/2025\/09\/25Bohuslan36_DxO-768x576.jpg 768w, https:\/\/havkajaknatur.dk\/wp-content\/uploads\/2025\/09\/25Bohuslan36_DxO-1536x1152.jpg 1536w, https:\/\/havkajaknatur.dk\/wp-content\/uploads\/2025\/09\/25Bohuslan36_DxO.jpg 2048w\" sizes=\"auto, (max-width: 706px) 89vw, (max-width: 767px) 82vw, 740px\" \/><\/a><\/figure>\n\n\n\n<figure class=\"wp-block-image size-large\"><a href=\"https:\/\/havkajaknatur.dk\/wp-content\/uploads\/2025\/09\/25Bohuslan38_DxO.jpg\"><img loading=\"lazy\" decoding=\"async\" width=\"1365\" height=\"1024\" src=\"https:\/\/havkajaknatur.dk\/wp-content\/uploads\/2025\/09\/25Bohuslan38_DxO-1365x1024.jpg\" alt=\"\" class=\"wp-image-5073\" srcset=\"https:\/\/havkajaknatur.dk\/wp-content\/uploads\/2025\/09\/25Bohuslan38_DxO-1365x1024.jpg 1365w, https:\/\/havkajaknatur.dk\/wp-content\/uploads\/2025\/09\/25Bohuslan38_DxO-300x225.jpg 300w, https:\/\/havkajaknatur.dk\/wp-content\/uploads\/2025\/09\/25Bohuslan38_DxO-768x576.jpg 768w, https:\/\/havkajaknatur.dk\/wp-content\/uploads\/2025\/09\/25Bohuslan38_DxO-1536x1152.jpg 1536w, https:\/\/havkajaknatur.dk\/wp-content\/uploads\/2025\/09\/25Bohuslan38_DxO.jpg 2048w\" sizes=\"auto, (max-width: 706px) 89vw, (max-width: 767px) 82vw, 740px\" \/><\/a><\/figure>\n\n\n\n<p class=\"has-text-align-center\"><strong>Ytre Ursholmens tidligere fyr personales boliger kan nu lejes<\/strong>.<\/p>\n\n\n\n<figure class=\"wp-block-image size-large\"><a href=\"https:\/\/havkajaknatur.dk\/wp-content\/uploads\/2025\/09\/25Bohuslan51_DxO.jpg\"><img loading=\"lazy\" decoding=\"async\" width=\"1365\" height=\"1024\" src=\"https:\/\/havkajaknatur.dk\/wp-content\/uploads\/2025\/09\/25Bohuslan51_DxO-1365x1024.jpg\" alt=\"\" class=\"wp-image-5074\" srcset=\"https:\/\/havkajaknatur.dk\/wp-content\/uploads\/2025\/09\/25Bohuslan51_DxO-1365x1024.jpg 1365w, https:\/\/havkajaknatur.dk\/wp-content\/uploads\/2025\/09\/25Bohuslan51_DxO-300x225.jpg 300w, https:\/\/havkajaknatur.dk\/wp-content\/uploads\/2025\/09\/25Bohuslan51_DxO-768x576.jpg 768w, https:\/\/havkajaknatur.dk\/wp-content\/uploads\/2025\/09\/25Bohuslan51_DxO-1536x1152.jpg 1536w, https:\/\/havkajaknatur.dk\/wp-content\/uploads\/2025\/09\/25Bohuslan51_DxO.jpg 2048w\" sizes=\"auto, (max-width: 706px) 89vw, (max-width: 767px) 82vw, 740px\" \/><\/a><\/figure>\n\n\n\n<p class=\"has-text-align-center\"><strong>Stor strand og plads p\u00e5 Ulsholmen l\u00e6 for vestlig vind<\/strong><\/p>\n\n\n\n<figure class=\"wp-block-image size-large\"><a href=\"https:\/\/havkajaknatur.dk\/wp-content\/uploads\/2025\/09\/25Bohuslan54_DxO.jpg\"><img loading=\"lazy\" decoding=\"async\" width=\"1365\" height=\"1024\" src=\"https:\/\/havkajaknatur.dk\/wp-content\/uploads\/2025\/09\/25Bohuslan54_DxO-1365x1024.jpg\" alt=\"\" class=\"wp-image-5075\" srcset=\"https:\/\/havkajaknatur.dk\/wp-content\/uploads\/2025\/09\/25Bohuslan54_DxO-1365x1024.jpg 1365w, https:\/\/havkajaknatur.dk\/wp-content\/uploads\/2025\/09\/25Bohuslan54_DxO-300x225.jpg 300w, https:\/\/havkajaknatur.dk\/wp-content\/uploads\/2025\/09\/25Bohuslan54_DxO-768x576.jpg 768w, https:\/\/havkajaknatur.dk\/wp-content\/uploads\/2025\/09\/25Bohuslan54_DxO-1536x1152.jpg 1536w, https:\/\/havkajaknatur.dk\/wp-content\/uploads\/2025\/09\/25Bohuslan54_DxO.jpg 2048w\" sizes=\"auto, (max-width: 706px) 89vw, (max-width: 767px) 82vw, 740px\" \/><\/a><\/figure>\n\n\n\n<p class=\"has-text-align-center\"><strong>Stora M\u00e5kholmen med stor strand og k\u00e6mpe plads. Ideal til g\u00e5tur rundt p\u00e5 \u00f8en (flad med meget gr\u00e6s), l\u00e6 fra vestenvind.<\/strong><\/p>\n\n\n\n<figure class=\"wp-block-image size-large\"><a href=\"https:\/\/havkajaknatur.dk\/wp-content\/uploads\/2025\/09\/25Bohuslan63_DxO.jpg\"><img loading=\"lazy\" decoding=\"async\" width=\"1365\" height=\"1024\" src=\"https:\/\/havkajaknatur.dk\/wp-content\/uploads\/2025\/09\/25Bohuslan63_DxO-1365x1024.jpg\" alt=\"\" class=\"wp-image-5076\" srcset=\"https:\/\/havkajaknatur.dk\/wp-content\/uploads\/2025\/09\/25Bohuslan63_DxO-1365x1024.jpg 1365w, https:\/\/havkajaknatur.dk\/wp-content\/uploads\/2025\/09\/25Bohuslan63_DxO-300x225.jpg 300w, https:\/\/havkajaknatur.dk\/wp-content\/uploads\/2025\/09\/25Bohuslan63_DxO-768x576.jpg 768w, https:\/\/havkajaknatur.dk\/wp-content\/uploads\/2025\/09\/25Bohuslan63_DxO-1536x1152.jpg 1536w, https:\/\/havkajaknatur.dk\/wp-content\/uploads\/2025\/09\/25Bohuslan63_DxO.jpg 2048w\" sizes=\"auto, (max-width: 706px) 89vw, (max-width: 767px) 82vw, 740px\" \/><\/a><\/figure>\n\n\n\n<p class=\"has-text-align-center\"><strong>L\u00e5ngesk\u00e4r ved Fj\u00e4llbacka med 2 pladser, den nordligste er den bedste. Flere skure huller (J\u00e6ttegryder) p\u00e5 vestsiden p\u00e5 h\u00f8jde med den nordlige plads, muldtoilet. <\/strong><\/p>\n\n\n\n<figure class=\"wp-block-image size-large\"><img loading=\"lazy\" decoding=\"async\" width=\"1365\" height=\"1024\" src=\"https:\/\/havkajaknatur.dk\/wp-content\/uploads\/2025\/09\/25Bohuslan68_DxO-1365x1024.jpg\" alt=\"\" class=\"wp-image-5094\" srcset=\"https:\/\/havkajaknatur.dk\/wp-content\/uploads\/2025\/09\/25Bohuslan68_DxO-1365x1024.jpg 1365w, https:\/\/havkajaknatur.dk\/wp-content\/uploads\/2025\/09\/25Bohuslan68_DxO-300x225.jpg 300w, https:\/\/havkajaknatur.dk\/wp-content\/uploads\/2025\/09\/25Bohuslan68_DxO-768x576.jpg 768w, https:\/\/havkajaknatur.dk\/wp-content\/uploads\/2025\/09\/25Bohuslan68_DxO-1536x1152.jpg 1536w, https:\/\/havkajaknatur.dk\/wp-content\/uploads\/2025\/09\/25Bohuslan68_DxO.jpg 2048w\" sizes=\"auto, (max-width: 706px) 89vw, (max-width: 767px) 82vw, 740px\" \/><\/figure>\n\n\n\n<p class=\"has-text-align-center\"><strong>Hvis tur maden er blevet lidt ensformig , eller det sm\u00e5regner, er det hver at bes\u00f8ge Vader\u00f6arnas V\u00e4rdshus <\/strong><\/p>\n\n\n\n<figure class=\"wp-block-image size-large\"><a href=\"https:\/\/havkajaknatur.dk\/wp-content\/uploads\/2025\/09\/25Bohuslan80_DxO.jpg\"><img loading=\"lazy\" decoding=\"async\" width=\"1365\" height=\"1024\" src=\"https:\/\/havkajaknatur.dk\/wp-content\/uploads\/2025\/09\/25Bohuslan80_DxO-1365x1024.jpg\" alt=\"\" class=\"wp-image-5077\" srcset=\"https:\/\/havkajaknatur.dk\/wp-content\/uploads\/2025\/09\/25Bohuslan80_DxO-1365x1024.jpg 1365w, https:\/\/havkajaknatur.dk\/wp-content\/uploads\/2025\/09\/25Bohuslan80_DxO-300x225.jpg 300w, https:\/\/havkajaknatur.dk\/wp-content\/uploads\/2025\/09\/25Bohuslan80_DxO-768x576.jpg 768w, https:\/\/havkajaknatur.dk\/wp-content\/uploads\/2025\/09\/25Bohuslan80_DxO-1536x1152.jpg 1536w, https:\/\/havkajaknatur.dk\/wp-content\/uploads\/2025\/09\/25Bohuslan80_DxO.jpg 2048w\" sizes=\"auto, (max-width: 706px) 89vw, (max-width: 767px) 82vw, 740px\" \/><\/a><\/figure>\n\n\n\n<p class=\"has-text-align-center\"><strong>2 originale fiskerhytter fra 1800 tallet, som fiskerne brugte for ikke at skulle tage frem og tilbage, n\u00e5r de fiskede ved V\u00e4der\u00f6arna. Man <strong>m\u00e5 godt benytte husene. De vedligeholdes af en frivillig forening.<\/strong> Man opfordres til at st\u00f8tte foreningen, men lidt uklart hvordan.  Se webside: <a href=\"https:\/\/www.xn--hamner-1xa.se\/\">https:\/\/www.xn--hamner-1xa.se\/<\/a><\/strong><\/p>\n\n\n\n<figure class=\"wp-block-image size-large\"><a href=\"https:\/\/havkajaknatur.dk\/wp-content\/uploads\/2025\/09\/25Bohuslan89_DxO.jpg\"><img loading=\"lazy\" decoding=\"async\" width=\"1365\" height=\"1024\" src=\"https:\/\/havkajaknatur.dk\/wp-content\/uploads\/2025\/09\/25Bohuslan89_DxO-1365x1024.jpg\" alt=\"\" class=\"wp-image-5078\" srcset=\"https:\/\/havkajaknatur.dk\/wp-content\/uploads\/2025\/09\/25Bohuslan89_DxO-1365x1024.jpg 1365w, https:\/\/havkajaknatur.dk\/wp-content\/uploads\/2025\/09\/25Bohuslan89_DxO-300x225.jpg 300w, https:\/\/havkajaknatur.dk\/wp-content\/uploads\/2025\/09\/25Bohuslan89_DxO-768x576.jpg 768w, https:\/\/havkajaknatur.dk\/wp-content\/uploads\/2025\/09\/25Bohuslan89_DxO-1536x1152.jpg 1536w, https:\/\/havkajaknatur.dk\/wp-content\/uploads\/2025\/09\/25Bohuslan89_DxO.jpg 2048w\" sizes=\"auto, (max-width: 706px) 89vw, (max-width: 767px) 82vw, 740px\" \/><\/a><\/figure>\n\n\n\n<p class=\"has-text-align-center\"><strong>Dejligt med lidt hygge indend\u00f8rs i fiskerhytterne p\u00e5 Hamner\u00f6, nu n\u00e5r m\u00f8rket kommer tidligt sidst i august. Vi l\u00f8ste dog problemet p\u00e5 turen, ved at stod en time f\u00f8r op om morgenen, for vi gik alligevel ca en time tidligere i seng p\u00e5 grund af m\u00f8rket.<\/strong> \u00a0\ud83d\ude42<\/p>\n\n\n\n<p class=\"has-text-align-center\"><strong>Vi var ogs\u00e5 i omr\u00e5det p\u00e5 f\u00f8lgende ture:<\/strong><\/p>\n\n\n\n<p class=\"has-text-align-center\"><a href=\"https:\/\/havkajaknatur.dk\/?page_id=1286\" data-type=\"page\" data-id=\"1286\"><strong>2012 V\u00e4der\u00f6arna<\/strong><\/a><\/p>\n\n\n\n<p class=\"has-text-align-center\"><a href=\"https:\/\/havkajaknatur.dk\/?page_id=2008\" data-type=\"page\" data-id=\"2008\"><strong>2014 Koster \u00f8erne og Hvaler<\/strong><\/a><\/p>\n\n\n\n<p class=\"has-text-align-center\"><a href=\"https:\/\/havkajaknatur.dk\/?page_id=2033\" data-type=\"page\" data-id=\"2033\"><strong>2017 Fj\u00e4llbacka Sk\u00e6rg\u00e5rden<\/strong><\/a><\/p>\n","protected":false},"excerpt":{"rendered":"<p>Turen startede lidt syd for Hamburgsund, med is\u00e6tning ved Heestrand. Vi h\u00e5bede p\u00e5 bes\u00f8ge p\u00e5 Koster- &amp; V\u00e4der\u00f6arna, det lykkedes. Sk\u00e6rg\u00e5rden minder lidt om det nordlige Norge med mange bare klipper, sandstrande og gr\u00e6s til teltene. Der er ogs\u00e5 en indre sk\u00e6rg\u00e5rd med mere beplantning, men det minder mere om de andre sk\u00e6rg\u00e5rde i Sverige. &hellip; <\/p>\n<p class=\"link-more\"><a href=\"https:\/\/havkajaknatur.dk\/?page_id=5048\" class=\"more-link\">L\u00e6s videre<span class=\"screen-reader-text\"> &#8220;2025 Bohusl\u00e4n&#8221;<\/span><\/a><\/p>\n","protected":false},"author":1,"featured_media":5093,"parent":0,"menu_order":0,"comment_status":"closed","ping_status":"closed","template":"","meta":{"footnotes":""},"class_list":["post-5048","page","type-page","status-publish","has-post-thumbnail","hentry"],"_links":{"self":[{"href":"https:\/\/havkajaknatur.dk\/index.php?rest_route=\/wp\/v2\/pages\/5048","targetHints":{"allow":["GET"]}}],"collection":[{"href":"https:\/\/havkajaknatur.dk\/index.php?rest_route=\/wp\/v2\/pages"}],"about":[{"href":"https:\/\/havkajaknatur.dk\/index.php?rest_route=\/wp\/v2\/types\/page"}],"author":[{"embeddable":true,"href":"https:\/\/havkajaknatur.dk\/index.php?rest_route=\/wp\/v2\/users\/1"}],"replies":[{"embeddable":true,"href":"https:\/\/havkajaknatur.dk\/index.php?rest_route=%2Fwp%2Fv2%2Fcomments&post=5048"}],"version-history":[{"count":14,"href":"https:\/\/havkajaknatur.dk\/index.php?rest_route=\/wp\/v2\/pages\/5048\/revisions"}],"predecessor-version":[{"id":5101,"href":"https:\/\/havkajaknatur.dk\/index.php?rest_route=\/wp\/v2\/pages\/5048\/revisions\/5101"}],"wp:featuredmedia":[{"embeddable":true,"href":"https:\/\/havkajaknatur.dk\/index.php?rest_route=\/wp\/v2\/media\/5093"}],"wp:attachment":[{"href":"https:\/\/havkajaknatur.dk\/index.php?rest_route=%2Fwp%2Fv2%2Fmedia&parent=5048"}],"curies":[{"name":"wp","href":"https:\/\/api.w.org\/{rel}","templated":true}]}}