{"id":4844,"date":"2024-08-14T08:01:35","date_gmt":"2024-08-14T08:01:35","guid":{"rendered":"https:\/\/havkajaknatur.dk\/?page_id=4844"},"modified":"2024-08-23T07:37:32","modified_gmt":"2024-08-23T07:37:32","slug":"2024-blekinge-skaergaarden","status":"publish","type":"page","link":"https:\/\/havkajaknatur.dk\/?page_id=4844","title":{"rendered":"2024 Blekinge Sk\u00e6rg\u00e5rden"},"content":{"rendered":"\n<figure class=\"wp-block-embed is-type-video is-provider-youtube wp-block-embed-youtube wp-embed-aspect-16-9 wp-has-aspect-ratio\"><div class=\"wp-block-embed__wrapper\">\n<iframe loading=\"lazy\" title=\"2024 Blekinge sk\u00e6rga\u030ard\" width=\"525\" height=\"295\" src=\"https:\/\/www.youtube.com\/embed\/if_sXj2IbFY?feature=oembed\" frameborder=\"0\" allow=\"accelerometer; autoplay; clipboard-write; encrypted-media; gyroscope; picture-in-picture; web-share\" referrerpolicy=\"strict-origin-when-cross-origin\" allowfullscreen><\/iframe>\n<\/div><\/figure>\n\n\n\n<p class=\"has-text-align-center\"><strong>Det er generelt nemt at finde teltpladse<\/strong>r <strong>i Blekinge sk\u00e6rg\u00e5rden. Der er flere \u00e5bne omr\u00e5der p\u00e5 de sm\u00e5 \u00f8er. Egetr\u00e6er er dominerende i forhold til n\u00e5le- og birketr\u00e6er i andre sk\u00e6rg\u00e5rde.<\/strong> <strong>P\u00e5 de fleste \u00f8er er der gr\u00e6ssende dyr: k\u00f8er, f\u00e5r og geder, vi havde ingen problemer med dem.<\/strong><\/p>\n\n\n\n<figure class=\"wp-block-image size-large is-style-default\"><a href=\"https:\/\/havkajaknatur.dk\/wp-content\/uploads\/2024\/08\/24Blekinge003-2-scaled.jpg\"><img loading=\"lazy\" decoding=\"async\" width=\"1365\" height=\"1024\" src=\"https:\/\/havkajaknatur.dk\/wp-content\/uploads\/2024\/08\/24Blekinge003-2-1365x1024.jpg\" alt=\"\" class=\"wp-image-4860\" srcset=\"https:\/\/havkajaknatur.dk\/wp-content\/uploads\/2024\/08\/24Blekinge003-2-1365x1024.jpg 1365w, https:\/\/havkajaknatur.dk\/wp-content\/uploads\/2024\/08\/24Blekinge003-2-300x225.jpg 300w, https:\/\/havkajaknatur.dk\/wp-content\/uploads\/2024\/08\/24Blekinge003-2-768x576.jpg 768w, https:\/\/havkajaknatur.dk\/wp-content\/uploads\/2024\/08\/24Blekinge003-2-1536x1152.jpg 1536w, https:\/\/havkajaknatur.dk\/wp-content\/uploads\/2024\/08\/24Blekinge003-2-2048x1536.jpg 2048w\" sizes=\"auto, (max-width: 706px) 89vw, (max-width: 767px) 82vw, 740px\" \/><\/a><figcaption class=\"wp-element-caption\"><strong>Tj\u00e4r\u00f6 har en fin beskyttet plads i den sydlige ende af \u00f8en, men ikke plads til mange telte . Gode muligheder for at g\u00e5 rundt p\u00e5 \u00f8en med afm\u00e6rket stier. Spisested og havn i den nordlige ende af \u00f8en<\/strong><\/figcaption><\/figure>\n\n\n\n<figure class=\"wp-block-image size-large is-style-default\"><a href=\"https:\/\/havkajaknatur.dk\/wp-content\/uploads\/2024\/08\/24Blekinge020-scaled.jpg\"><img loading=\"lazy\" decoding=\"async\" width=\"1365\" height=\"1024\" src=\"https:\/\/havkajaknatur.dk\/wp-content\/uploads\/2024\/08\/24Blekinge020-1365x1024.jpg\" alt=\"\" class=\"wp-image-4864\" srcset=\"https:\/\/havkajaknatur.dk\/wp-content\/uploads\/2024\/08\/24Blekinge020-1365x1024.jpg 1365w, https:\/\/havkajaknatur.dk\/wp-content\/uploads\/2024\/08\/24Blekinge020-300x225.jpg 300w, https:\/\/havkajaknatur.dk\/wp-content\/uploads\/2024\/08\/24Blekinge020-768x576.jpg 768w, https:\/\/havkajaknatur.dk\/wp-content\/uploads\/2024\/08\/24Blekinge020-1536x1152.jpg 1536w, https:\/\/havkajaknatur.dk\/wp-content\/uploads\/2024\/08\/24Blekinge020-2048x1536.jpg 2048w\" sizes=\"auto, (max-width: 706px) 89vw, (max-width: 767px) 82vw, 740px\" \/><\/a><figcaption class=\"wp-element-caption\"><strong>P\u00e5 nordsiden af Arp\u00f6 er der plads til mange telte. Omr\u00e5de her omkring har flere \u00f8er med mange pladser, eksempelvis Sl\u00e4d\u00f6 lige over for.<\/strong><\/figcaption><\/figure>\n\n\n\n<figure class=\"wp-block-image size-large is-style-default\"><a href=\"https:\/\/havkajaknatur.dk\/wp-content\/uploads\/2024\/08\/24Blekinge033-scaled.jpg\"><img loading=\"lazy\" decoding=\"async\" width=\"1365\" height=\"1024\" src=\"https:\/\/havkajaknatur.dk\/wp-content\/uploads\/2024\/08\/24Blekinge033-1365x1024.jpg\" alt=\"\" class=\"wp-image-4867\" srcset=\"https:\/\/havkajaknatur.dk\/wp-content\/uploads\/2024\/08\/24Blekinge033-1365x1024.jpg 1365w, https:\/\/havkajaknatur.dk\/wp-content\/uploads\/2024\/08\/24Blekinge033-300x225.jpg 300w, https:\/\/havkajaknatur.dk\/wp-content\/uploads\/2024\/08\/24Blekinge033-768x576.jpg 768w, https:\/\/havkajaknatur.dk\/wp-content\/uploads\/2024\/08\/24Blekinge033-1536x1152.jpg 1536w, https:\/\/havkajaknatur.dk\/wp-content\/uploads\/2024\/08\/24Blekinge033-2048x1536.jpg 2048w\" sizes=\"auto, (max-width: 706px) 89vw, (max-width: 767px) 82vw, 740px\" \/><\/a><figcaption class=\"wp-element-caption\"><strong>Gull\u00f6 har en god teltplads til flere telte, og fin klippe til ophold og udsigt. N\u00e6sten uhindret g\u00e5tur fra nord til syd p\u00e5 midten af \u00f8en<\/strong><\/figcaption><\/figure>\n\n\n\n<figure class=\"wp-block-image size-large is-style-default\"><a href=\"https:\/\/havkajaknatur.dk\/wp-content\/uploads\/2024\/08\/24Blekinge066-scaled.jpg\"><img loading=\"lazy\" decoding=\"async\" width=\"1365\" height=\"1024\" src=\"https:\/\/havkajaknatur.dk\/wp-content\/uploads\/2024\/08\/24Blekinge066-1365x1024.jpg\" alt=\"\" class=\"wp-image-4866\" srcset=\"https:\/\/havkajaknatur.dk\/wp-content\/uploads\/2024\/08\/24Blekinge066-1365x1024.jpg 1365w, https:\/\/havkajaknatur.dk\/wp-content\/uploads\/2024\/08\/24Blekinge066-300x225.jpg 300w, https:\/\/havkajaknatur.dk\/wp-content\/uploads\/2024\/08\/24Blekinge066-768x576.jpg 768w, https:\/\/havkajaknatur.dk\/wp-content\/uploads\/2024\/08\/24Blekinge066-1536x1152.jpg 1536w, https:\/\/havkajaknatur.dk\/wp-content\/uploads\/2024\/08\/24Blekinge066-2048x1536.jpg 2048w\" sizes=\"auto, (max-width: 706px) 89vw, (max-width: 767px) 82vw, 740px\" \/><\/a><figcaption class=\"wp-element-caption\"><strong>\u00d6ppensk\u00e4r er ikke til s\u00e5 mange telte, hvor pl\u00f8kker er n\u00f8dvendige, fine klipper til ophold. Pladsen er \u00e5ben mod nord. \u00d8en er nem at g\u00e5 rundt p\u00e5. Den er forbeholdt milit\u00e6ret hvis de har brug for den.<\/strong><\/figcaption><\/figure>\n\n\n\n<figure class=\"wp-block-image size-large is-style-default\"><a href=\"https:\/\/havkajaknatur.dk\/wp-content\/uploads\/2024\/08\/24Blekinge083-scaled.jpg\"><img loading=\"lazy\" decoding=\"async\" width=\"1366\" height=\"1024\" src=\"https:\/\/havkajaknatur.dk\/wp-content\/uploads\/2024\/08\/24Blekinge083-1366x1024.jpg\" alt=\"\" class=\"wp-image-4868\" srcset=\"https:\/\/havkajaknatur.dk\/wp-content\/uploads\/2024\/08\/24Blekinge083-1366x1024.jpg 1366w, https:\/\/havkajaknatur.dk\/wp-content\/uploads\/2024\/08\/24Blekinge083-300x225.jpg 300w, https:\/\/havkajaknatur.dk\/wp-content\/uploads\/2024\/08\/24Blekinge083-768x576.jpg 768w, https:\/\/havkajaknatur.dk\/wp-content\/uploads\/2024\/08\/24Blekinge083-1536x1151.jpg 1536w, https:\/\/havkajaknatur.dk\/wp-content\/uploads\/2024\/08\/24Blekinge083-2048x1535.jpg 2048w\" sizes=\"auto, (max-width: 706px) 89vw, (max-width: 767px) 82vw, 740px\" \/><\/a><figcaption class=\"wp-element-caption\"><strong>Sydspidsen af Ringholm var en anderledes men positiv oplevelse. Vi troede det ville blive sv\u00e6rt at finde en plads i omr\u00e5det. Men ud af ingen ting rund om hj\u00f8rnet var mulighed der. Og n\u00e5r man s\u00e5 f\u00f8rst kom i land og havde v\u00e6ret der er stykke tid, blev det et hyggeligt sted. \u00d8en var ogs\u00e5 nem og sp\u00e6ndende at g\u00e5 rundt p\u00e5, med tiltag for mere natur. <\/strong><\/figcaption><\/figure>\n\n\n\n<figure class=\"wp-block-image size-large is-style-default\"><a href=\"https:\/\/havkajaknatur.dk\/wp-content\/uploads\/2024\/08\/24Blekinge098-scaled.jpg\"><img loading=\"lazy\" decoding=\"async\" width=\"1365\" height=\"1024\" src=\"https:\/\/havkajaknatur.dk\/wp-content\/uploads\/2024\/08\/24Blekinge098-1365x1024.jpg\" alt=\"\" class=\"wp-image-4869\" srcset=\"https:\/\/havkajaknatur.dk\/wp-content\/uploads\/2024\/08\/24Blekinge098-1365x1024.jpg 1365w, https:\/\/havkajaknatur.dk\/wp-content\/uploads\/2024\/08\/24Blekinge098-300x225.jpg 300w, https:\/\/havkajaknatur.dk\/wp-content\/uploads\/2024\/08\/24Blekinge098-768x576.jpg 768w, https:\/\/havkajaknatur.dk\/wp-content\/uploads\/2024\/08\/24Blekinge098-1536x1152.jpg 1536w, https:\/\/havkajaknatur.dk\/wp-content\/uploads\/2024\/08\/24Blekinge098-2048x1536.jpg 2048w\" sizes=\"auto, (max-width: 706px) 89vw, (max-width: 767px) 82vw, 740px\" \/><\/a><figcaption class=\"wp-element-caption\"><strong>P\u00e5 Salt\u00e4rna var der ikke s\u00e5 meget plads til mange telte. Fin \u00f8 at g\u00e5 rundt p\u00e5, milit\u00e6ret havde brugt den tidligere og anlagt sm\u00e5 spor der var gode at g\u00e5 p\u00e5 <\/strong><\/figcaption><\/figure>\n\n\n\n<figure class=\"wp-block-image size-large is-style-default\"><a href=\"https:\/\/havkajaknatur.dk\/wp-content\/uploads\/2024\/08\/2024-Blekinge-GPS-rutekort-scaled.jpg\"><img loading=\"lazy\" decoding=\"async\" width=\"2000\" height=\"798\" src=\"https:\/\/havkajaknatur.dk\/wp-content\/uploads\/2024\/08\/2024-Blekinge-GPS-rutekort-2000x798.jpg\" alt=\"\" class=\"wp-image-4901\" srcset=\"https:\/\/havkajaknatur.dk\/wp-content\/uploads\/2024\/08\/2024-Blekinge-GPS-rutekort-2000x798.jpg 2000w, https:\/\/havkajaknatur.dk\/wp-content\/uploads\/2024\/08\/2024-Blekinge-GPS-rutekort-300x120.jpg 300w, https:\/\/havkajaknatur.dk\/wp-content\/uploads\/2024\/08\/2024-Blekinge-GPS-rutekort-768x306.jpg 768w, https:\/\/havkajaknatur.dk\/wp-content\/uploads\/2024\/08\/2024-Blekinge-GPS-rutekort-1536x613.jpg 1536w, https:\/\/havkajaknatur.dk\/wp-content\/uploads\/2024\/08\/2024-Blekinge-GPS-rutekort-2048x817.jpg 2048w\" sizes=\"auto, (max-width: 706px) 89vw, (max-width: 767px) 82vw, 740px\" \/><\/a><figcaption class=\"wp-element-caption\"><strong>Kort med teltpladser, ud over dem vi var p\u00e5 som jeg beskriver her, har jeg fundet nogle p\u00e5 nettet. De er ogs\u00e5 med p\u00e5 kortet, men jeg har ikke selv oplevede dem.  Kortet har ogs\u00e5 vores GPS spor fra turen <\/strong><\/figcaption><\/figure>\n\n\n\n<p class=\"has-text-align-center\"><strong>Jeg havde lavet rokort til tur i Blekinge Sk\u00e6rg\u00e5rd. Hvis du vil printe dem (kun til eget brug), kan du henvende dig for en fuld opl\u00f8sning  <\/strong><\/p>\n\n\n\n<figure class=\"wp-block-image size-large is-style-default\"><a href=\"https:\/\/havkajaknatur.dk\/wp-content\/uploads\/2024\/08\/BlekingeKort01-scaled.jpg\"><img loading=\"lazy\" decoding=\"async\" width=\"1272\" height=\"1024\" src=\"https:\/\/havkajaknatur.dk\/wp-content\/uploads\/2024\/08\/BlekingeKort01-1272x1024.jpg\" alt=\"\" class=\"wp-image-4884\" srcset=\"https:\/\/havkajaknatur.dk\/wp-content\/uploads\/2024\/08\/BlekingeKort01-1272x1024.jpg 1272w, https:\/\/havkajaknatur.dk\/wp-content\/uploads\/2024\/08\/BlekingeKort01-300x242.jpg 300w, https:\/\/havkajaknatur.dk\/wp-content\/uploads\/2024\/08\/BlekingeKort01-768x618.jpg 768w, https:\/\/havkajaknatur.dk\/wp-content\/uploads\/2024\/08\/BlekingeKort01-1536x1237.jpg 1536w, https:\/\/havkajaknatur.dk\/wp-content\/uploads\/2024\/08\/BlekingeKort01-2048x1649.jpg 2048w\" sizes=\"auto, (max-width: 706px) 89vw, (max-width: 767px) 82vw, 740px\" \/><\/a><\/figure>\n\n\n\n<figure class=\"wp-block-image size-large is-style-default\"><a href=\"https:\/\/havkajaknatur.dk\/wp-content\/uploads\/2024\/08\/BlekingeKort02-scaled.jpg\"><img loading=\"lazy\" decoding=\"async\" width=\"1275\" height=\"1024\" src=\"https:\/\/havkajaknatur.dk\/wp-content\/uploads\/2024\/08\/BlekingeKort02-1275x1024.jpg\" alt=\"\" class=\"wp-image-4885\" srcset=\"https:\/\/havkajaknatur.dk\/wp-content\/uploads\/2024\/08\/BlekingeKort02-1275x1024.jpg 1275w, https:\/\/havkajaknatur.dk\/wp-content\/uploads\/2024\/08\/BlekingeKort02-300x241.jpg 300w, https:\/\/havkajaknatur.dk\/wp-content\/uploads\/2024\/08\/BlekingeKort02-768x617.jpg 768w, https:\/\/havkajaknatur.dk\/wp-content\/uploads\/2024\/08\/BlekingeKort02-1536x1233.jpg 1536w, https:\/\/havkajaknatur.dk\/wp-content\/uploads\/2024\/08\/BlekingeKort02-2048x1644.jpg 2048w\" sizes=\"auto, (max-width: 706px) 89vw, (max-width: 767px) 82vw, 740px\" \/><\/a><\/figure>\n\n\n\n<figure class=\"wp-block-image size-large is-style-default\"><a href=\"https:\/\/havkajaknatur.dk\/wp-content\/uploads\/2024\/08\/BlekingeKort03-scaled.jpg\"><img loading=\"lazy\" decoding=\"async\" width=\"1272\" height=\"1024\" src=\"https:\/\/havkajaknatur.dk\/wp-content\/uploads\/2024\/08\/BlekingeKort03-1272x1024.jpg\" alt=\"\" class=\"wp-image-4887\" srcset=\"https:\/\/havkajaknatur.dk\/wp-content\/uploads\/2024\/08\/BlekingeKort03-1272x1024.jpg 1272w, https:\/\/havkajaknatur.dk\/wp-content\/uploads\/2024\/08\/BlekingeKort03-300x241.jpg 300w, https:\/\/havkajaknatur.dk\/wp-content\/uploads\/2024\/08\/BlekingeKort03-768x618.jpg 768w, https:\/\/havkajaknatur.dk\/wp-content\/uploads\/2024\/08\/BlekingeKort03-1536x1236.jpg 1536w, https:\/\/havkajaknatur.dk\/wp-content\/uploads\/2024\/08\/BlekingeKort03-2048x1648.jpg 2048w\" sizes=\"auto, (max-width: 706px) 89vw, (max-width: 767px) 82vw, 740px\" \/><\/a><\/figure>\n\n\n\n<figure class=\"wp-block-image size-large is-style-default\"><a href=\"https:\/\/havkajaknatur.dk\/wp-content\/uploads\/2024\/08\/BlekingeKort04-scaled.jpg\"><img loading=\"lazy\" decoding=\"async\" width=\"823\" height=\"1024\" src=\"https:\/\/havkajaknatur.dk\/wp-content\/uploads\/2024\/08\/BlekingeKort04-823x1024.jpg\" alt=\"\" class=\"wp-image-4888\" srcset=\"https:\/\/havkajaknatur.dk\/wp-content\/uploads\/2024\/08\/BlekingeKort04-823x1024.jpg 823w, https:\/\/havkajaknatur.dk\/wp-content\/uploads\/2024\/08\/BlekingeKort04-241x300.jpg 241w, https:\/\/havkajaknatur.dk\/wp-content\/uploads\/2024\/08\/BlekingeKort04-768x956.jpg 768w, https:\/\/havkajaknatur.dk\/wp-content\/uploads\/2024\/08\/BlekingeKort04-1234x1536.jpg 1234w, https:\/\/havkajaknatur.dk\/wp-content\/uploads\/2024\/08\/BlekingeKort04-1646x2048.jpg 1646w\" sizes=\"auto, (max-width: 706px) 89vw, (max-width: 767px) 82vw, 740px\" \/><\/a><\/figure>\n","protected":false},"excerpt":{"rendered":"<p>Det er generelt nemt at finde teltpladser i Blekinge sk\u00e6rg\u00e5rden. Der er flere \u00e5bne omr\u00e5der p\u00e5 de sm\u00e5 \u00f8er. Egetr\u00e6er er dominerende i forhold til n\u00e5le- og birketr\u00e6er i andre sk\u00e6rg\u00e5rde. P\u00e5 de fleste \u00f8er er der gr\u00e6ssende dyr: k\u00f8er, f\u00e5r og geder, vi havde ingen problemer med dem. Jeg havde lavet rokort til tur &hellip; <\/p>\n<p class=\"link-more\"><a href=\"https:\/\/havkajaknatur.dk\/?page_id=4844\" class=\"more-link\">L\u00e6s videre<span class=\"screen-reader-text\"> &#8220;2024 Blekinge Sk\u00e6rg\u00e5rden&#8221;<\/span><\/a><\/p>\n","protected":false},"author":1,"featured_media":4892,"parent":0,"menu_order":0,"comment_status":"closed","ping_status":"closed","template":"","meta":{"footnotes":""},"class_list":["post-4844","page","type-page","status-publish","has-post-thumbnail","hentry"],"_links":{"self":[{"href":"https:\/\/havkajaknatur.dk\/index.php?rest_route=\/wp\/v2\/pages\/4844","targetHints":{"allow":["GET"]}}],"collection":[{"href":"https:\/\/havkajaknatur.dk\/index.php?rest_route=\/wp\/v2\/pages"}],"about":[{"href":"https:\/\/havkajaknatur.dk\/index.php?rest_route=\/wp\/v2\/types\/page"}],"author":[{"embeddable":true,"href":"https:\/\/havkajaknatur.dk\/index.php?rest_route=\/wp\/v2\/users\/1"}],"replies":[{"embeddable":true,"href":"https:\/\/havkajaknatur.dk\/index.php?rest_route=%2Fwp%2Fv2%2Fcomments&post=4844"}],"version-history":[{"count":12,"href":"https:\/\/havkajaknatur.dk\/index.php?rest_route=\/wp\/v2\/pages\/4844\/revisions"}],"predecessor-version":[{"id":4912,"href":"https:\/\/havkajaknatur.dk\/index.php?rest_route=\/wp\/v2\/pages\/4844\/revisions\/4912"}],"wp:featuredmedia":[{"embeddable":true,"href":"https:\/\/havkajaknatur.dk\/index.php?rest_route=\/wp\/v2\/media\/4892"}],"wp:attachment":[{"href":"https:\/\/havkajaknatur.dk\/index.php?rest_route=%2Fwp%2Fv2%2Fmedia&parent=4844"}],"curies":[{"name":"wp","href":"https:\/\/api.w.org\/{rel}","templated":true}]}}