{"id":4784,"date":"2024-05-06T13:43:23","date_gmt":"2024-05-06T13:43:23","guid":{"rendered":"https:\/\/havkajaknatur.dk\/?page_id=4784"},"modified":"2024-05-06T14:39:36","modified_gmt":"2024-05-06T14:39:36","slug":"2024-agersoe-omoe","status":"publish","type":"page","link":"https:\/\/havkajaknatur.dk\/?page_id=4784","title":{"rendered":"2024 Agers\u00f8 &#8211; Om\u00f8"},"content":{"rendered":"\n<p>Agers\u00f8 &amp; Om\u00f8 rundt med start og slut nord for Storeb\u00e6ltsbroen. Vejrudsigten var lidt ustabil til tider, p\u00e5 n\u00e6r l\u00f8rdag, men vi slap fint igennem de andre dage. Vi var dog v\u00e5de og kolde da vi kom tilbage til bilerne s\u00f8ndag. Her pakkede vi sammen i regnvejr, men det \u00f8delage ikke hum\u00f8ret oven p\u00e5 en god tur.<\/p>\n\n\n\n<figure class=\"wp-block-embed is-type-video is-provider-youtube wp-block-embed-youtube wp-embed-aspect-16-9 wp-has-aspect-ratio\"><div class=\"wp-block-embed__wrapper\">\n<iframe loading=\"lazy\" title=\"Agers\u00f8 &amp; Om\u00f8 rundt i kajak\" width=\"525\" height=\"295\" src=\"https:\/\/www.youtube.com\/embed\/e8D57b-fojk?feature=oembed\" frameborder=\"0\" allow=\"accelerometer; autoplay; clipboard-write; encrypted-media; gyroscope; picture-in-picture; web-share\" referrerpolicy=\"strict-origin-when-cross-origin\" allowfullscreen><\/iframe>\n<\/div><\/figure>\n\n\n\n<figure class=\"wp-block-gallery has-nested-images columns-default is-cropped wp-block-gallery-1 is-layout-flex wp-block-gallery-is-layout-flex\">\n<figure class=\"wp-block-image size-large is-style-default\"><a href=\"https:\/\/havkajaknatur.dk\/wp-content\/uploads\/2024\/05\/24AgersoeOmoe03-scaled.jpg\"><img loading=\"lazy\" decoding=\"async\" width=\"1365\" height=\"1024\" data-id=\"4792\" src=\"https:\/\/havkajaknatur.dk\/wp-content\/uploads\/2024\/05\/24AgersoeOmoe03-1365x1024.jpg\" alt=\"\" class=\"wp-image-4792\" srcset=\"https:\/\/havkajaknatur.dk\/wp-content\/uploads\/2024\/05\/24AgersoeOmoe03-1365x1024.jpg 1365w, https:\/\/havkajaknatur.dk\/wp-content\/uploads\/2024\/05\/24AgersoeOmoe03-300x225.jpg 300w, https:\/\/havkajaknatur.dk\/wp-content\/uploads\/2024\/05\/24AgersoeOmoe03-768x576.jpg 768w, https:\/\/havkajaknatur.dk\/wp-content\/uploads\/2024\/05\/24AgersoeOmoe03-1536x1152.jpg 1536w, https:\/\/havkajaknatur.dk\/wp-content\/uploads\/2024\/05\/24AgersoeOmoe03-2048x1536.jpg 2048w\" sizes=\"auto, (max-width: 706px) 89vw, (max-width: 767px) 82vw, 740px\" \/><\/a><\/figure>\n\n\n\n<figure class=\"wp-block-image size-large is-style-default\"><a href=\"https:\/\/havkajaknatur.dk\/wp-content\/uploads\/2024\/05\/24AgersoeOmoe07-1-scaled.jpg\"><img loading=\"lazy\" decoding=\"async\" width=\"1366\" height=\"1024\" data-id=\"4797\" src=\"https:\/\/havkajaknatur.dk\/wp-content\/uploads\/2024\/05\/24AgersoeOmoe07-1-1366x1024.jpg\" alt=\"\" class=\"wp-image-4797\" srcset=\"https:\/\/havkajaknatur.dk\/wp-content\/uploads\/2024\/05\/24AgersoeOmoe07-1-1366x1024.jpg 1366w, https:\/\/havkajaknatur.dk\/wp-content\/uploads\/2024\/05\/24AgersoeOmoe07-1-300x225.jpg 300w, https:\/\/havkajaknatur.dk\/wp-content\/uploads\/2024\/05\/24AgersoeOmoe07-1-768x576.jpg 768w, https:\/\/havkajaknatur.dk\/wp-content\/uploads\/2024\/05\/24AgersoeOmoe07-1-1536x1152.jpg 1536w, https:\/\/havkajaknatur.dk\/wp-content\/uploads\/2024\/05\/24AgersoeOmoe07-1-2048x1535.jpg 2048w\" sizes=\"auto, (max-width: 706px) 89vw, (max-width: 767px) 82vw, 740px\" \/><\/a><\/figure>\n\n\n\n<figure class=\"wp-block-image size-large is-style-default\"><a href=\"https:\/\/havkajaknatur.dk\/wp-content\/uploads\/2024\/05\/24AgersoeOmoe14-scaled.jpg\"><img loading=\"lazy\" decoding=\"async\" width=\"1365\" height=\"1024\" data-id=\"4790\" src=\"https:\/\/havkajaknatur.dk\/wp-content\/uploads\/2024\/05\/24AgersoeOmoe14-1365x1024.jpg\" alt=\"\" class=\"wp-image-4790\" srcset=\"https:\/\/havkajaknatur.dk\/wp-content\/uploads\/2024\/05\/24AgersoeOmoe14-1365x1024.jpg 1365w, https:\/\/havkajaknatur.dk\/wp-content\/uploads\/2024\/05\/24AgersoeOmoe14-300x225.jpg 300w, https:\/\/havkajaknatur.dk\/wp-content\/uploads\/2024\/05\/24AgersoeOmoe14-768x576.jpg 768w, https:\/\/havkajaknatur.dk\/wp-content\/uploads\/2024\/05\/24AgersoeOmoe14-1536x1152.jpg 1536w, https:\/\/havkajaknatur.dk\/wp-content\/uploads\/2024\/05\/24AgersoeOmoe14-2048x1536.jpg 2048w\" sizes=\"auto, (max-width: 706px) 89vw, (max-width: 767px) 82vw, 740px\" \/><\/a><\/figure>\n\n\n\n<figure class=\"wp-block-image size-large is-style-default\"><a href=\"https:\/\/havkajaknatur.dk\/wp-content\/uploads\/2024\/05\/24AgersoeOmoe16-scaled.jpg\"><img loading=\"lazy\" decoding=\"async\" width=\"1365\" height=\"1024\" data-id=\"4791\" src=\"https:\/\/havkajaknatur.dk\/wp-content\/uploads\/2024\/05\/24AgersoeOmoe16-1365x1024.jpg\" alt=\"\" class=\"wp-image-4791\" srcset=\"https:\/\/havkajaknatur.dk\/wp-content\/uploads\/2024\/05\/24AgersoeOmoe16-1365x1024.jpg 1365w, https:\/\/havkajaknatur.dk\/wp-content\/uploads\/2024\/05\/24AgersoeOmoe16-300x225.jpg 300w, https:\/\/havkajaknatur.dk\/wp-content\/uploads\/2024\/05\/24AgersoeOmoe16-768x576.jpg 768w, https:\/\/havkajaknatur.dk\/wp-content\/uploads\/2024\/05\/24AgersoeOmoe16-1536x1152.jpg 1536w, https:\/\/havkajaknatur.dk\/wp-content\/uploads\/2024\/05\/24AgersoeOmoe16-2048x1536.jpg 2048w\" sizes=\"auto, (max-width: 706px) 89vw, (max-width: 767px) 82vw, 740px\" \/><\/a><\/figure>\n\n\n\n<figure class=\"wp-block-image size-large is-style-default\"><a href=\"https:\/\/havkajaknatur.dk\/wp-content\/uploads\/2024\/05\/24AgersoeOmoe19-scaled.jpg\"><img loading=\"lazy\" decoding=\"async\" width=\"1365\" height=\"1024\" data-id=\"4796\" src=\"https:\/\/havkajaknatur.dk\/wp-content\/uploads\/2024\/05\/24AgersoeOmoe19-1365x1024.jpg\" alt=\"\" class=\"wp-image-4796\" srcset=\"https:\/\/havkajaknatur.dk\/wp-content\/uploads\/2024\/05\/24AgersoeOmoe19-1365x1024.jpg 1365w, https:\/\/havkajaknatur.dk\/wp-content\/uploads\/2024\/05\/24AgersoeOmoe19-300x225.jpg 300w, https:\/\/havkajaknatur.dk\/wp-content\/uploads\/2024\/05\/24AgersoeOmoe19-768x576.jpg 768w, https:\/\/havkajaknatur.dk\/wp-content\/uploads\/2024\/05\/24AgersoeOmoe19-1536x1152.jpg 1536w, https:\/\/havkajaknatur.dk\/wp-content\/uploads\/2024\/05\/24AgersoeOmoe19-2048x1536.jpg 2048w\" sizes=\"auto, (max-width: 706px) 89vw, (max-width: 767px) 82vw, 740px\" \/><\/a><\/figure>\n\n\n\n<figure class=\"wp-block-image size-large is-style-default\"><a href=\"https:\/\/havkajaknatur.dk\/wp-content\/uploads\/2024\/05\/24AgersoeOmoe23-1-scaled.jpg\"><img loading=\"lazy\" decoding=\"async\" width=\"1365\" height=\"1024\" data-id=\"4798\" src=\"https:\/\/havkajaknatur.dk\/wp-content\/uploads\/2024\/05\/24AgersoeOmoe23-1-1365x1024.jpg\" alt=\"\" class=\"wp-image-4798\" srcset=\"https:\/\/havkajaknatur.dk\/wp-content\/uploads\/2024\/05\/24AgersoeOmoe23-1-1365x1024.jpg 1365w, https:\/\/havkajaknatur.dk\/wp-content\/uploads\/2024\/05\/24AgersoeOmoe23-1-300x225.jpg 300w, https:\/\/havkajaknatur.dk\/wp-content\/uploads\/2024\/05\/24AgersoeOmoe23-1-768x576.jpg 768w, https:\/\/havkajaknatur.dk\/wp-content\/uploads\/2024\/05\/24AgersoeOmoe23-1-1536x1152.jpg 1536w, https:\/\/havkajaknatur.dk\/wp-content\/uploads\/2024\/05\/24AgersoeOmoe23-1-2048x1536.jpg 2048w\" sizes=\"auto, (max-width: 706px) 89vw, (max-width: 767px) 82vw, 740px\" \/><\/a><\/figure>\n\n\n\n<figure class=\"wp-block-image size-large is-style-default\"><a href=\"https:\/\/havkajaknatur.dk\/wp-content\/uploads\/2024\/05\/24AgersoeOmoe24-1-scaled.jpg\"><img loading=\"lazy\" decoding=\"async\" width=\"1366\" height=\"1024\" data-id=\"4799\" src=\"https:\/\/havkajaknatur.dk\/wp-content\/uploads\/2024\/05\/24AgersoeOmoe24-1-1366x1024.jpg\" alt=\"\" class=\"wp-image-4799\" srcset=\"https:\/\/havkajaknatur.dk\/wp-content\/uploads\/2024\/05\/24AgersoeOmoe24-1-1366x1024.jpg 1366w, https:\/\/havkajaknatur.dk\/wp-content\/uploads\/2024\/05\/24AgersoeOmoe24-1-300x225.jpg 300w, https:\/\/havkajaknatur.dk\/wp-content\/uploads\/2024\/05\/24AgersoeOmoe24-1-768x576.jpg 768w, https:\/\/havkajaknatur.dk\/wp-content\/uploads\/2024\/05\/24AgersoeOmoe24-1-1536x1152.jpg 1536w, https:\/\/havkajaknatur.dk\/wp-content\/uploads\/2024\/05\/24AgersoeOmoe24-1-2048x1536.jpg 2048w\" sizes=\"auto, (max-width: 706px) 89vw, (max-width: 767px) 82vw, 740px\" \/><\/a><\/figure>\n<\/figure>\n\n\n\n<figure class=\"wp-block-image size-large is-style-default\"><a href=\"https:\/\/havkajaknatur.dk\/wp-content\/uploads\/2024\/05\/24AgersoeOmoeKort-scaled.jpg\"><img loading=\"lazy\" decoding=\"async\" width=\"543\" height=\"1024\" src=\"https:\/\/havkajaknatur.dk\/wp-content\/uploads\/2024\/05\/24AgersoeOmoeKort-543x1024.jpg\" alt=\"\" class=\"wp-image-4785\" srcset=\"https:\/\/havkajaknatur.dk\/wp-content\/uploads\/2024\/05\/24AgersoeOmoeKort-543x1024.jpg 543w, https:\/\/havkajaknatur.dk\/wp-content\/uploads\/2024\/05\/24AgersoeOmoeKort-159x300.jpg 159w, https:\/\/havkajaknatur.dk\/wp-content\/uploads\/2024\/05\/24AgersoeOmoeKort-768x1448.jpg 768w, https:\/\/havkajaknatur.dk\/wp-content\/uploads\/2024\/05\/24AgersoeOmoeKort-815x1536.jpg 815w, https:\/\/havkajaknatur.dk\/wp-content\/uploads\/2024\/05\/24AgersoeOmoeKort-1086x2048.jpg 1086w, https:\/\/havkajaknatur.dk\/wp-content\/uploads\/2024\/05\/24AgersoeOmoeKort-scaled.jpg 1358w\" sizes=\"auto, (max-width: 543px) 100vw, 543px\" \/><\/a><\/figure>\n","protected":false},"excerpt":{"rendered":"<p>Agers\u00f8 &amp; Om\u00f8 rundt med start og slut nord for Storeb\u00e6ltsbroen. Vejrudsigten var lidt ustabil til tider, p\u00e5 n\u00e6r l\u00f8rdag, men vi slap fint igennem de andre dage. Vi var dog v\u00e5de og kolde da vi kom tilbage til bilerne s\u00f8ndag. Her pakkede vi sammen i regnvejr, men det \u00f8delage ikke hum\u00f8ret oven p\u00e5 en &hellip; <\/p>\n<p class=\"link-more\"><a href=\"https:\/\/havkajaknatur.dk\/?page_id=4784\" class=\"more-link\">L\u00e6s videre<span class=\"screen-reader-text\"> &#8220;2024 Agers\u00f8 &#8211; Om\u00f8&#8221;<\/span><\/a><\/p>\n","protected":false},"author":1,"featured_media":4800,"parent":0,"menu_order":0,"comment_status":"closed","ping_status":"closed","template":"","meta":{"footnotes":""},"class_list":["post-4784","page","type-page","status-publish","has-post-thumbnail","hentry"],"_links":{"self":[{"href":"https:\/\/havkajaknatur.dk\/index.php?rest_route=\/wp\/v2\/pages\/4784","targetHints":{"allow":["GET"]}}],"collection":[{"href":"https:\/\/havkajaknatur.dk\/index.php?rest_route=\/wp\/v2\/pages"}],"about":[{"href":"https:\/\/havkajaknatur.dk\/index.php?rest_route=\/wp\/v2\/types\/page"}],"author":[{"embeddable":true,"href":"https:\/\/havkajaknatur.dk\/index.php?rest_route=\/wp\/v2\/users\/1"}],"replies":[{"embeddable":true,"href":"https:\/\/havkajaknatur.dk\/index.php?rest_route=%2Fwp%2Fv2%2Fcomments&post=4784"}],"version-history":[{"count":5,"href":"https:\/\/havkajaknatur.dk\/index.php?rest_route=\/wp\/v2\/pages\/4784\/revisions"}],"predecessor-version":[{"id":4804,"href":"https:\/\/havkajaknatur.dk\/index.php?rest_route=\/wp\/v2\/pages\/4784\/revisions\/4804"}],"wp:featuredmedia":[{"embeddable":true,"href":"https:\/\/havkajaknatur.dk\/index.php?rest_route=\/wp\/v2\/media\/4800"}],"wp:attachment":[{"href":"https:\/\/havkajaknatur.dk\/index.php?rest_route=%2Fwp%2Fv2%2Fmedia&parent=4784"}],"curies":[{"name":"wp","href":"https:\/\/api.w.org\/{rel}","templated":true}]}}