{"id":4731,"date":"2023-08-20T09:47:27","date_gmt":"2023-08-20T09:47:27","guid":{"rendered":"https:\/\/havkajaknatur.dk\/?page_id=4731"},"modified":"2023-09-05T06:33:38","modified_gmt":"2023-09-05T06:33:38","slug":"2023-vanern","status":"publish","type":"page","link":"https:\/\/havkajaknatur.dk\/?page_id=4731","title":{"rendered":"2023 V\u00e4nern"},"content":{"rendered":"\n<p>Gennem H\u00e4llands\u00f6- og Lur\u00f6 sk\u00e6rg\u00e5rden til Eken\u00e4s og retur.<\/p>\n\n\n\n<p>2 fine sk\u00e6rg\u00e5rde til kajakroning. Men ikke mange steder at komme i land og overnatte. I H\u00e4llands\u00f6 sk\u00e6rg\u00e5rden shelter p\u00e5 Sp\u00e5r\u00f6n og Stor-Eken. I Lur\u00f6 sk\u00e6rg\u00e5rden sandstrand p\u00e5 Lur\u00f6 og 2 shelter p\u00e5 Eken\u00e4s. Der er mere til b\u00e5dfolket, med mange pladser med fort\u00f8jningsmulighed til klipperne og muldtoilet i land, her er det sv\u00e6rt for os kajakroere at komme i land med kajakkerne. Det er dog muligt at f\u00e5 en rigtig god tur inden for de rammer der er.<\/p>\n\n\n\n<p>Ved kryds mellem de 2 sk\u00e6rg\u00e5rde ca 10 km, kan der v\u00e6re en uregelm\u00e6ssig b\u00f8lgegang ude p\u00e5 midten. Vi s\u00e5 fiske- og hav\u00f8rne hele tiden, traner og canadag\u00e6s, og h\u00f8rte b\u00e5de sort- gr\u00f8n- og stor flagsp\u00e6tte, og lyngen blomstrede smukt her i august. 2 sm\u00e5 museer p\u00e5 Lur\u00f6 og Vithall i Lur\u00f6 sk\u00e6rg\u00e5rden, og mange afm\u00e6rkede vandreture i begge sk\u00e6rg\u00e5rde.<\/p>\n\n\n\n<figure class=\"wp-block-embed is-type-video is-provider-youtube wp-block-embed-youtube wp-embed-aspect-16-9 wp-has-aspect-ratio\"><div class=\"wp-block-embed__wrapper\">\n<iframe loading=\"lazy\" title=\"2023 Va\u0308nern\" width=\"525\" height=\"295\" src=\"https:\/\/www.youtube.com\/embed\/G8eF4Flyy94?feature=oembed\" frameborder=\"0\" allow=\"accelerometer; autoplay; clipboard-write; encrypted-media; gyroscope; picture-in-picture; web-share\" referrerpolicy=\"strict-origin-when-cross-origin\" allowfullscreen><\/iframe>\n<\/div><\/figure>\n\n\n\n<p class=\"has-text-align-center\">GPS spor<\/p>\n\n\n<div class=\"wp-block-image is-style-default\">\n<figure class=\"aligncenter size-large\"><a href=\"https:\/\/havkajaknatur.dk\/wp-content\/uploads\/2023\/08\/23VanernGPSKort-scaled.jpg\"><img loading=\"lazy\" decoding=\"async\" width=\"455\" height=\"1024\" src=\"https:\/\/havkajaknatur.dk\/wp-content\/uploads\/2023\/08\/23VanernGPSKort-455x1024.jpg\" alt=\"\" class=\"wp-image-4732\" srcset=\"https:\/\/havkajaknatur.dk\/wp-content\/uploads\/2023\/08\/23VanernGPSKort-455x1024.jpg 455w, https:\/\/havkajaknatur.dk\/wp-content\/uploads\/2023\/08\/23VanernGPSKort-133x300.jpg 133w, https:\/\/havkajaknatur.dk\/wp-content\/uploads\/2023\/08\/23VanernGPSKort-768x1728.jpg 768w, https:\/\/havkajaknatur.dk\/wp-content\/uploads\/2023\/08\/23VanernGPSKort-683x1536.jpg 683w, https:\/\/havkajaknatur.dk\/wp-content\/uploads\/2023\/08\/23VanernGPSKort-910x2048.jpg 910w, https:\/\/havkajaknatur.dk\/wp-content\/uploads\/2023\/08\/23VanernGPSKort-scaled.jpg 1138w\" sizes=\"auto, (max-width: 455px) 100vw, 455px\" \/><\/a><\/figure><\/div>","protected":false},"excerpt":{"rendered":"<p>Gennem H\u00e4llands\u00f6- og Lur\u00f6 sk\u00e6rg\u00e5rden til Eken\u00e4s og retur. 2 fine sk\u00e6rg\u00e5rde til kajakroning. Men ikke mange steder at komme i land og overnatte. I H\u00e4llands\u00f6 sk\u00e6rg\u00e5rden shelter p\u00e5 Sp\u00e5r\u00f6n og Stor-Eken. I Lur\u00f6 sk\u00e6rg\u00e5rden sandstrand p\u00e5 Lur\u00f6 og 2 shelter p\u00e5 Eken\u00e4s. Der er mere til b\u00e5dfolket, med mange pladser med fort\u00f8jningsmulighed til klipperne &hellip; <\/p>\n<p class=\"link-more\"><a href=\"https:\/\/havkajaknatur.dk\/?page_id=4731\" class=\"more-link\">L\u00e6s videre<span class=\"screen-reader-text\"> &#8220;2023 V\u00e4nern&#8221;<\/span><\/a><\/p>\n","protected":false},"author":1,"featured_media":4763,"parent":0,"menu_order":0,"comment_status":"closed","ping_status":"closed","template":"","meta":{"footnotes":""},"class_list":["post-4731","page","type-page","status-publish","has-post-thumbnail","hentry"],"_links":{"self":[{"href":"https:\/\/havkajaknatur.dk\/index.php?rest_route=\/wp\/v2\/pages\/4731","targetHints":{"allow":["GET"]}}],"collection":[{"href":"https:\/\/havkajaknatur.dk\/index.php?rest_route=\/wp\/v2\/pages"}],"about":[{"href":"https:\/\/havkajaknatur.dk\/index.php?rest_route=\/wp\/v2\/types\/page"}],"author":[{"embeddable":true,"href":"https:\/\/havkajaknatur.dk\/index.php?rest_route=\/wp\/v2\/users\/1"}],"replies":[{"embeddable":true,"href":"https:\/\/havkajaknatur.dk\/index.php?rest_route=%2Fwp%2Fv2%2Fcomments&post=4731"}],"version-history":[{"count":2,"href":"https:\/\/havkajaknatur.dk\/index.php?rest_route=\/wp\/v2\/pages\/4731\/revisions"}],"predecessor-version":[{"id":4734,"href":"https:\/\/havkajaknatur.dk\/index.php?rest_route=\/wp\/v2\/pages\/4731\/revisions\/4734"}],"wp:featuredmedia":[{"embeddable":true,"href":"https:\/\/havkajaknatur.dk\/index.php?rest_route=\/wp\/v2\/media\/4763"}],"wp:attachment":[{"href":"https:\/\/havkajaknatur.dk\/index.php?rest_route=%2Fwp%2Fv2%2Fmedia&parent=4731"}],"curies":[{"name":"wp","href":"https:\/\/api.w.org\/{rel}","templated":true}]}}