{"id":4619,"date":"2022-07-04T19:04:44","date_gmt":"2022-07-04T19:04:44","guid":{"rendered":"https:\/\/havkajaknatur.dk\/?page_id=4619"},"modified":"2023-09-05T06:41:35","modified_gmt":"2023-09-05T06:41:35","slug":"2022-oestkysten-sverige","status":"publish","type":"page","link":"https:\/\/havkajaknatur.dk\/?page_id=4619","title":{"rendered":"2022 \u00d8stkysten Sverige"},"content":{"rendered":"\n<p>Kajaktur p\u00e5 \u00d8stkysten af Sverige, n\u00e6rmere bestemt nord og syd for Misterhult med start i Klintem\u00e5la. Det er stadigv\u00e6k et fantastisk kajak omr\u00e5de, med begr\u00e6nset b\u00e5d trafik i store dele af omr\u00e5det. Mange muligheder for at sno sig mellem et hav af \u00f8er, b\u00e5de i en indre og ydre sk\u00e6rg\u00e5rd. Her er flere sm\u00e5 bysamfund, som nu bruges som ferieboliger. Et rigt fugleliv med hav\u00f8rne, og den altdominerende fjord- og havterne, og de 2 store sommerfugle svalehale og apollo som n\u00e6sten er almindelige her. Men det er sm\u00e5t med de nemme overnatningspladser. Ilands\u00e6tning p\u00e5 glatte klipper, og plads til f\u00e5 telte som helst skal v\u00e6re fritst\u00e5ende. Alle steder vi overnattede stod teltene p\u00e5 klipper. Men alligevel et dejligt gensyn. Deltagere: Niels og Jan<\/p>\n\n\n\n<figure class=\"wp-block-embed is-type-video is-provider-youtube wp-block-embed-youtube wp-embed-aspect-16-9 wp-has-aspect-ratio\"><div class=\"wp-block-embed__wrapper\">\n<iframe loading=\"lazy\" title=\"Kajaktur p\u00e5 \u00d8stkysten af Sverige\" width=\"525\" height=\"295\" src=\"https:\/\/www.youtube.com\/embed\/fD_Fz5E3IlA?feature=oembed\" frameborder=\"0\" allow=\"accelerometer; autoplay; clipboard-write; encrypted-media; gyroscope; picture-in-picture; web-share\" referrerpolicy=\"strict-origin-when-cross-origin\" allowfullscreen><\/iframe>\n<\/div><\/figure>\n\n\n\n<figure class=\"wp-block-gallery has-nested-images columns-1 is-cropped wp-block-gallery-1 is-layout-flex wp-block-gallery-is-layout-flex\">\n<figure class=\"wp-block-image size-large is-style-default\"><a href=\"https:\/\/havkajaknatur.dk\/wp-content\/uploads\/2022\/07\/OM000489a-1-scaled.jpg\"><img loading=\"lazy\" decoding=\"async\" width=\"1365\" height=\"1024\" data-id=\"4635\" src=\"https:\/\/havkajaknatur.dk\/wp-content\/uploads\/2022\/07\/OM000489a-1-1365x1024.jpg\" alt=\"\" class=\"wp-image-4635\" srcset=\"https:\/\/havkajaknatur.dk\/wp-content\/uploads\/2022\/07\/OM000489a-1-1365x1024.jpg 1365w, https:\/\/havkajaknatur.dk\/wp-content\/uploads\/2022\/07\/OM000489a-1-300x225.jpg 300w, https:\/\/havkajaknatur.dk\/wp-content\/uploads\/2022\/07\/OM000489a-1-768x576.jpg 768w, https:\/\/havkajaknatur.dk\/wp-content\/uploads\/2022\/07\/OM000489a-1-1536x1152.jpg 1536w, https:\/\/havkajaknatur.dk\/wp-content\/uploads\/2022\/07\/OM000489a-1-2048x1536.jpg 2048w\" sizes=\"auto, (max-width: 706px) 89vw, (max-width: 767px) 82vw, 740px\" \/><\/a><\/figure>\n\n\n\n<figure class=\"wp-block-image size-large is-style-default\"><a href=\"https:\/\/havkajaknatur.dk\/wp-content\/uploads\/2022\/07\/OM000416a-scaled.jpg\"><img loading=\"lazy\" decoding=\"async\" width=\"1365\" height=\"1024\" data-id=\"4630\" src=\"https:\/\/havkajaknatur.dk\/wp-content\/uploads\/2022\/07\/OM000416a-1365x1024.jpg\" alt=\"\" class=\"wp-image-4630\" srcset=\"https:\/\/havkajaknatur.dk\/wp-content\/uploads\/2022\/07\/OM000416a-1365x1024.jpg 1365w, https:\/\/havkajaknatur.dk\/wp-content\/uploads\/2022\/07\/OM000416a-300x225.jpg 300w, https:\/\/havkajaknatur.dk\/wp-content\/uploads\/2022\/07\/OM000416a-768x576.jpg 768w, https:\/\/havkajaknatur.dk\/wp-content\/uploads\/2022\/07\/OM000416a-1536x1152.jpg 1536w, https:\/\/havkajaknatur.dk\/wp-content\/uploads\/2022\/07\/OM000416a-2048x1536.jpg 2048w\" sizes=\"auto, (max-width: 706px) 89vw, (max-width: 767px) 82vw, 740px\" \/><\/a><\/figure>\n\n\n\n<figure class=\"wp-block-image size-large is-style-default\"><a href=\"https:\/\/havkajaknatur.dk\/wp-content\/uploads\/2022\/07\/OM000506a-scaled.jpg\"><img loading=\"lazy\" decoding=\"async\" width=\"1365\" height=\"1024\" data-id=\"4631\" src=\"https:\/\/havkajaknatur.dk\/wp-content\/uploads\/2022\/07\/OM000506a-1365x1024.jpg\" alt=\"\" class=\"wp-image-4631\" srcset=\"https:\/\/havkajaknatur.dk\/wp-content\/uploads\/2022\/07\/OM000506a-1365x1024.jpg 1365w, https:\/\/havkajaknatur.dk\/wp-content\/uploads\/2022\/07\/OM000506a-300x225.jpg 300w, https:\/\/havkajaknatur.dk\/wp-content\/uploads\/2022\/07\/OM000506a-768x576.jpg 768w, https:\/\/havkajaknatur.dk\/wp-content\/uploads\/2022\/07\/OM000506a-1536x1152.jpg 1536w, https:\/\/havkajaknatur.dk\/wp-content\/uploads\/2022\/07\/OM000506a-2048x1536.jpg 2048w\" sizes=\"auto, (max-width: 706px) 89vw, (max-width: 767px) 82vw, 740px\" \/><\/a><\/figure>\n\n\n\n<figure class=\"wp-block-image size-large is-style-default\"><a href=\"https:\/\/havkajaknatur.dk\/wp-content\/uploads\/2022\/07\/OM000420a-scaled.jpg\"><img loading=\"lazy\" decoding=\"async\" width=\"1375\" height=\"1024\" data-id=\"4632\" src=\"https:\/\/havkajaknatur.dk\/wp-content\/uploads\/2022\/07\/OM000420a-1375x1024.jpg\" alt=\"\" class=\"wp-image-4632\" srcset=\"https:\/\/havkajaknatur.dk\/wp-content\/uploads\/2022\/07\/OM000420a-1375x1024.jpg 1375w, https:\/\/havkajaknatur.dk\/wp-content\/uploads\/2022\/07\/OM000420a-300x223.jpg 300w, https:\/\/havkajaknatur.dk\/wp-content\/uploads\/2022\/07\/OM000420a-768x572.jpg 768w, https:\/\/havkajaknatur.dk\/wp-content\/uploads\/2022\/07\/OM000420a-1536x1144.jpg 1536w, https:\/\/havkajaknatur.dk\/wp-content\/uploads\/2022\/07\/OM000420a-2048x1525.jpg 2048w\" sizes=\"auto, (max-width: 706px) 89vw, (max-width: 767px) 82vw, 740px\" \/><\/a><\/figure>\n\n\n\n<figure class=\"wp-block-image size-large is-style-default\"><a href=\"https:\/\/havkajaknatur.dk\/wp-content\/uploads\/2022\/07\/OM000524a-scaled.jpg\"><img loading=\"lazy\" decoding=\"async\" width=\"1365\" height=\"1024\" data-id=\"4628\" src=\"https:\/\/havkajaknatur.dk\/wp-content\/uploads\/2022\/07\/OM000524a-1365x1024.jpg\" alt=\"\" class=\"wp-image-4628\" srcset=\"https:\/\/havkajaknatur.dk\/wp-content\/uploads\/2022\/07\/OM000524a-1365x1024.jpg 1365w, https:\/\/havkajaknatur.dk\/wp-content\/uploads\/2022\/07\/OM000524a-300x225.jpg 300w, https:\/\/havkajaknatur.dk\/wp-content\/uploads\/2022\/07\/OM000524a-768x576.jpg 768w, https:\/\/havkajaknatur.dk\/wp-content\/uploads\/2022\/07\/OM000524a-1536x1152.jpg 1536w, https:\/\/havkajaknatur.dk\/wp-content\/uploads\/2022\/07\/OM000524a-2048x1536.jpg 2048w\" sizes=\"auto, (max-width: 706px) 89vw, (max-width: 767px) 82vw, 740px\" \/><\/a><\/figure>\n<\/figure>\n\n\n<div class=\"wp-block-image is-style-default\">\n<figure class=\"aligncenter size-large\"><a href=\"https:\/\/havkajaknatur.dk\/wp-content\/uploads\/2022\/07\/2022OestSverigeKort-scaled.jpg\"><img loading=\"lazy\" decoding=\"async\" width=\"239\" height=\"1024\" src=\"https:\/\/havkajaknatur.dk\/wp-content\/uploads\/2022\/07\/2022OestSverigeKort-239x1024.jpg\" alt=\"\" class=\"wp-image-4624\" srcset=\"https:\/\/havkajaknatur.dk\/wp-content\/uploads\/2022\/07\/2022OestSverigeKort-239x1024.jpg 239w, https:\/\/havkajaknatur.dk\/wp-content\/uploads\/2022\/07\/2022OestSverigeKort-70x300.jpg 70w, https:\/\/havkajaknatur.dk\/wp-content\/uploads\/2022\/07\/2022OestSverigeKort-768x3289.jpg 768w, https:\/\/havkajaknatur.dk\/wp-content\/uploads\/2022\/07\/2022OestSverigeKort-359x1536.jpg 359w, https:\/\/havkajaknatur.dk\/wp-content\/uploads\/2022\/07\/2022OestSverigeKort-478x2048.jpg 478w, https:\/\/havkajaknatur.dk\/wp-content\/uploads\/2022\/07\/2022OestSverigeKort-scaled.jpg 598w\" sizes=\"auto, (max-width: 239px) 100vw, 239px\" \/><\/a><figcaption class=\"wp-element-caption\"><strong>GPS spor og teltpladser<\/strong><\/figcaption><\/figure><\/div>","protected":false},"excerpt":{"rendered":"<p>Kajaktur p\u00e5 \u00d8stkysten af Sverige, n\u00e6rmere bestemt nord og syd for Misterhult med start i Klintem\u00e5la. Det er stadigv\u00e6k et fantastisk kajak omr\u00e5de, med begr\u00e6nset b\u00e5d trafik i store dele af omr\u00e5det. Mange muligheder for at sno sig mellem et hav af \u00f8er, b\u00e5de i en indre og ydre sk\u00e6rg\u00e5rd. Her er flere sm\u00e5 bysamfund, &hellip; <\/p>\n<p class=\"link-more\"><a href=\"https:\/\/havkajaknatur.dk\/?page_id=4619\" class=\"more-link\">L\u00e6s videre<span class=\"screen-reader-text\"> &#8220;2022 \u00d8stkysten Sverige&#8221;<\/span><\/a><\/p>\n","protected":false},"author":1,"featured_media":4761,"parent":0,"menu_order":0,"comment_status":"closed","ping_status":"closed","template":"","meta":{"footnotes":""},"class_list":["post-4619","page","type-page","status-publish","has-post-thumbnail","hentry"],"_links":{"self":[{"href":"https:\/\/havkajaknatur.dk\/index.php?rest_route=\/wp\/v2\/pages\/4619","targetHints":{"allow":["GET"]}}],"collection":[{"href":"https:\/\/havkajaknatur.dk\/index.php?rest_route=\/wp\/v2\/pages"}],"about":[{"href":"https:\/\/havkajaknatur.dk\/index.php?rest_route=\/wp\/v2\/types\/page"}],"author":[{"embeddable":true,"href":"https:\/\/havkajaknatur.dk\/index.php?rest_route=\/wp\/v2\/users\/1"}],"replies":[{"embeddable":true,"href":"https:\/\/havkajaknatur.dk\/index.php?rest_route=%2Fwp%2Fv2%2Fcomments&post=4619"}],"version-history":[{"count":10,"href":"https:\/\/havkajaknatur.dk\/index.php?rest_route=\/wp\/v2\/pages\/4619\/revisions"}],"predecessor-version":[{"id":4766,"href":"https:\/\/havkajaknatur.dk\/index.php?rest_route=\/wp\/v2\/pages\/4619\/revisions\/4766"}],"wp:featuredmedia":[{"embeddable":true,"href":"https:\/\/havkajaknatur.dk\/index.php?rest_route=\/wp\/v2\/media\/4761"}],"wp:attachment":[{"href":"https:\/\/havkajaknatur.dk\/index.php?rest_route=%2Fwp%2Fv2%2Fmedia&parent=4619"}],"curies":[{"name":"wp","href":"https:\/\/api.w.org\/{rel}","templated":true}]}}