{"id":4573,"date":"2022-05-10T09:09:28","date_gmt":"2022-05-10T09:09:28","guid":{"rendered":"https:\/\/havkajaknatur.dk\/?page_id=4573"},"modified":"2022-05-10T14:56:30","modified_gmt":"2022-05-10T14:56:30","slug":"2022-aeroe-rundt","status":"publish","type":"page","link":"https:\/\/havkajaknatur.dk\/?page_id=4573","title":{"rendered":"2022 \u00c6r\u00f8 Rundt"},"content":{"rendered":"\n<p class=\"has-text-align-right\">Vesteraas, Voderup Klint<\/p>\n\n\n\n<p>Vi starter p\u00e5 Langeland p\u00e5 Ristinge Odde, for enden af Halevejen, hvor der er en p plads. S\u00e5 er vi fri for f\u00e6rge til \u00c6r\u00f8. Der er et mindre kryds p\u00e5 ca 5 km. halvvejen langs nogle holme. \u00c6r\u00f8 har en flot kyst med mange sten og skr\u00e6nter. Der er flere overnatnings pladser ude langs kysten. P\u00e5 nordkysten Strandby Havn, Vr\u00e5 Strand, Sk\u00e5ret og p\u00e5 vestkysten Sjoen, Voderup klint, Vesteraas og Laaddenbjerg. Turen rundt er ca 80 km. passende til en 3 dages tur. S\u00e5 har man ogs\u00e5 lidt tid til k\u00f8rsel, hvis man bor et andet sted i landet.<\/p>\n\n\n\n<figure class=\"wp-block-embed is-type-video is-provider-youtube wp-block-embed-youtube wp-embed-aspect-16-9 wp-has-aspect-ratio\"><div class=\"wp-block-embed__wrapper\">\n<iframe loading=\"lazy\" title=\"2022 \u00c6r\u00f8 Rundt\" width=\"525\" height=\"295\" src=\"https:\/\/www.youtube.com\/embed\/MRa6XCQyX6Q?start=10&#038;feature=oembed\" frameborder=\"0\" allow=\"accelerometer; autoplay; clipboard-write; encrypted-media; gyroscope; picture-in-picture; web-share\" referrerpolicy=\"strict-origin-when-cross-origin\" allowfullscreen><\/iframe>\n<\/div><\/figure>\n\n\n\n<figure class=\"wp-block-image size-full is-style-default\"><a href=\"https:\/\/havkajaknatur.dk\/wp-content\/uploads\/2022\/05\/Aeroe-RundtKort--scaled.jpg\"><img loading=\"lazy\" decoding=\"async\" width=\"2560\" height=\"1652\" src=\"https:\/\/havkajaknatur.dk\/wp-content\/uploads\/2022\/05\/Aeroe-RundtKort--scaled.jpg\" alt=\"\" class=\"wp-image-4587\" srcset=\"https:\/\/havkajaknatur.dk\/wp-content\/uploads\/2022\/05\/Aeroe-RundtKort--scaled.jpg 2560w, https:\/\/havkajaknatur.dk\/wp-content\/uploads\/2022\/05\/Aeroe-RundtKort--300x194.jpg 300w, https:\/\/havkajaknatur.dk\/wp-content\/uploads\/2022\/05\/Aeroe-RundtKort--1587x1024.jpg 1587w, https:\/\/havkajaknatur.dk\/wp-content\/uploads\/2022\/05\/Aeroe-RundtKort--768x495.jpg 768w, https:\/\/havkajaknatur.dk\/wp-content\/uploads\/2022\/05\/Aeroe-RundtKort--1536x991.jpg 1536w, https:\/\/havkajaknatur.dk\/wp-content\/uploads\/2022\/05\/Aeroe-RundtKort--2048x1321.jpg 2048w\" sizes=\"auto, (max-width: 706px) 89vw, (max-width: 767px) 82vw, 740px\" \/><\/a><\/figure>\n","protected":false},"excerpt":{"rendered":"<p>Vesteraas, Voderup Klint Vi starter p\u00e5 Langeland p\u00e5 Ristinge Odde, for enden af Halevejen, hvor der er en p plads. S\u00e5 er vi fri for f\u00e6rge til \u00c6r\u00f8. Der er et mindre kryds p\u00e5 ca 5 km. halvvejen langs nogle holme. \u00c6r\u00f8 har en flot kyst med mange sten og skr\u00e6nter. Der er flere overnatnings &hellip; <\/p>\n<p class=\"link-more\"><a href=\"https:\/\/havkajaknatur.dk\/?page_id=4573\" class=\"more-link\">L\u00e6s videre<span class=\"screen-reader-text\"> &#8220;2022 \u00c6r\u00f8 Rundt&#8221;<\/span><\/a><\/p>\n","protected":false},"author":1,"featured_media":4599,"parent":0,"menu_order":0,"comment_status":"closed","ping_status":"closed","template":"","meta":{"footnotes":""},"class_list":["post-4573","page","type-page","status-publish","has-post-thumbnail","hentry"],"_links":{"self":[{"href":"https:\/\/havkajaknatur.dk\/index.php?rest_route=\/wp\/v2\/pages\/4573","targetHints":{"allow":["GET"]}}],"collection":[{"href":"https:\/\/havkajaknatur.dk\/index.php?rest_route=\/wp\/v2\/pages"}],"about":[{"href":"https:\/\/havkajaknatur.dk\/index.php?rest_route=\/wp\/v2\/types\/page"}],"author":[{"embeddable":true,"href":"https:\/\/havkajaknatur.dk\/index.php?rest_route=\/wp\/v2\/users\/1"}],"replies":[{"embeddable":true,"href":"https:\/\/havkajaknatur.dk\/index.php?rest_route=%2Fwp%2Fv2%2Fcomments&post=4573"}],"version-history":[{"count":9,"href":"https:\/\/havkajaknatur.dk\/index.php?rest_route=\/wp\/v2\/pages\/4573\/revisions"}],"predecessor-version":[{"id":4601,"href":"https:\/\/havkajaknatur.dk\/index.php?rest_route=\/wp\/v2\/pages\/4573\/revisions\/4601"}],"wp:featuredmedia":[{"embeddable":true,"href":"https:\/\/havkajaknatur.dk\/index.php?rest_route=\/wp\/v2\/media\/4599"}],"wp:attachment":[{"href":"https:\/\/havkajaknatur.dk\/index.php?rest_route=%2Fwp%2Fv2%2Fmedia&parent=4573"}],"curies":[{"name":"wp","href":"https:\/\/api.w.org\/{rel}","templated":true}]}}