{"id":3808,"date":"2021-06-21T14:25:34","date_gmt":"2021-06-21T14:25:34","guid":{"rendered":"https:\/\/havkajaknatur.dk\/?page_id=3808"},"modified":"2022-05-10T14:47:16","modified_gmt":"2022-05-10T14:47:16","slug":"2021-vestlige-limfjord-rundt","status":"publish","type":"page","link":"https:\/\/havkajaknatur.dk\/?page_id=3808","title":{"rendered":"2021 Vestlige Limfjord Rundt"},"content":{"rendered":"\n<p class=\"has-text-align-right has-small-font-size\">K\u00e5s Hoved<\/p>\n\n\n\n<p>6 hele rodage, ro distance 191 km. Bodil, Niels &amp; Jan. Utrolig flot og varieret kyststr\u00e6kning uden meget bebyggelse. Mange s\u00e6ler, flere steder op til 30 &#8211; 50 s\u00e6ler. Liv\u00f8 er en perle, men ogs\u00e5 Fur og K\u00e5s Hoved er sev\u00e6rdige. Vandet er dog ikke s\u00e5 klart, n\u00e5r man er vant til Kattegat.<\/p>\n\n\n\n<figure class=\"wp-block-embed is-type-video is-provider-youtube wp-block-embed-youtube wp-embed-aspect-16-9 wp-has-aspect-ratio\"><div class=\"wp-block-embed__wrapper\">\n<iframe loading=\"lazy\" title=\"2021 Limfjorden\" width=\"525\" height=\"295\" src=\"https:\/\/www.youtube.com\/embed\/a326LhYufmQ?feature=oembed\" frameborder=\"0\" allow=\"accelerometer; autoplay; clipboard-write; encrypted-media; gyroscope; picture-in-picture; web-share\" referrerpolicy=\"strict-origin-when-cross-origin\" allowfullscreen><\/iframe>\n<\/div><\/figure>\n\n\n\n<div class=\"wp-block-image\"><figure class=\"aligncenter size-full\"><a href=\"https:\/\/havkajaknatur.dk\/wp-content\/uploads\/2021\/06\/21LimfjordKort.jpg\"><img loading=\"lazy\" decoding=\"async\" width=\"1477\" height=\"2287\" src=\"https:\/\/havkajaknatur.dk\/wp-content\/uploads\/2021\/06\/21LimfjordKort.jpg\" alt=\"\" class=\"wp-image-3814\" srcset=\"https:\/\/havkajaknatur.dk\/wp-content\/uploads\/2021\/06\/21LimfjordKort.jpg 1477w, https:\/\/havkajaknatur.dk\/wp-content\/uploads\/2021\/06\/21LimfjordKort-194x300.jpg 194w, https:\/\/havkajaknatur.dk\/wp-content\/uploads\/2021\/06\/21LimfjordKort-661x1024.jpg 661w, https:\/\/havkajaknatur.dk\/wp-content\/uploads\/2021\/06\/21LimfjordKort-768x1189.jpg 768w, https:\/\/havkajaknatur.dk\/wp-content\/uploads\/2021\/06\/21LimfjordKort-992x1536.jpg 992w, https:\/\/havkajaknatur.dk\/wp-content\/uploads\/2021\/06\/21LimfjordKort-1323x2048.jpg 1323w\" sizes=\"auto, (max-width: 706px) 89vw, (max-width: 767px) 82vw, 740px\" \/><\/a><figcaption><strong>Original GPS spor<\/strong><\/figcaption><\/figure><\/div>\n\n\n\n<figure class=\"wp-block-gallery has-nested-images columns-1 is-cropped wp-block-gallery-1 is-layout-flex wp-block-gallery-is-layout-flex\">\n<figure class=\"wp-block-image size-large is-style-default\"><a href=\"https:\/\/havkajaknatur.dk\/wp-content\/uploads\/2021\/06\/21Limfjorden03-scaled.jpg\"><img loading=\"lazy\" decoding=\"async\" width=\"1365\" height=\"1024\" data-id=\"3815\" src=\"https:\/\/havkajaknatur.dk\/wp-content\/uploads\/2021\/06\/21Limfjorden03-1365x1024.jpg\" alt=\"\" class=\"wp-image-3815\" srcset=\"https:\/\/havkajaknatur.dk\/wp-content\/uploads\/2021\/06\/21Limfjorden03-1365x1024.jpg 1365w, https:\/\/havkajaknatur.dk\/wp-content\/uploads\/2021\/06\/21Limfjorden03-300x225.jpg 300w, https:\/\/havkajaknatur.dk\/wp-content\/uploads\/2021\/06\/21Limfjorden03-768x576.jpg 768w, https:\/\/havkajaknatur.dk\/wp-content\/uploads\/2021\/06\/21Limfjorden03-1536x1152.jpg 1536w, https:\/\/havkajaknatur.dk\/wp-content\/uploads\/2021\/06\/21Limfjorden03-2048x1536.jpg 2048w\" sizes=\"auto, (max-width: 706px) 89vw, (max-width: 767px) 82vw, 740px\" \/><\/a><figcaption>Thyholm<\/figcaption><\/figure>\n\n\n\n<figure class=\"wp-block-image size-large is-style-default\"><a href=\"https:\/\/havkajaknatur.dk\/wp-content\/uploads\/2021\/06\/21Limfjorden16-scaled.jpg\"><img loading=\"lazy\" decoding=\"async\" width=\"1365\" height=\"1024\" data-id=\"3816\" src=\"https:\/\/havkajaknatur.dk\/wp-content\/uploads\/2021\/06\/21Limfjorden16-1365x1024.jpg\" alt=\"\" class=\"wp-image-3816\" srcset=\"https:\/\/havkajaknatur.dk\/wp-content\/uploads\/2021\/06\/21Limfjorden16-1365x1024.jpg 1365w, https:\/\/havkajaknatur.dk\/wp-content\/uploads\/2021\/06\/21Limfjorden16-300x225.jpg 300w, https:\/\/havkajaknatur.dk\/wp-content\/uploads\/2021\/06\/21Limfjorden16-768x576.jpg 768w, https:\/\/havkajaknatur.dk\/wp-content\/uploads\/2021\/06\/21Limfjorden16-1536x1152.jpg 1536w, https:\/\/havkajaknatur.dk\/wp-content\/uploads\/2021\/06\/21Limfjorden16-2048x1536.jpg 2048w\" sizes=\"auto, (max-width: 706px) 89vw, (max-width: 767px) 82vw, 740px\" \/><\/a><figcaption>Liv\u00f8<\/figcaption><\/figure>\n\n\n\n<figure class=\"wp-block-image size-large is-style-default\"><a href=\"https:\/\/havkajaknatur.dk\/wp-content\/uploads\/2021\/06\/21Limfjorden20-scaled.jpg\"><img loading=\"lazy\" decoding=\"async\" width=\"1365\" height=\"1024\" data-id=\"3817\" src=\"https:\/\/havkajaknatur.dk\/wp-content\/uploads\/2021\/06\/21Limfjorden20-1365x1024.jpg\" alt=\"\" class=\"wp-image-3817\" srcset=\"https:\/\/havkajaknatur.dk\/wp-content\/uploads\/2021\/06\/21Limfjorden20-1365x1024.jpg 1365w, https:\/\/havkajaknatur.dk\/wp-content\/uploads\/2021\/06\/21Limfjorden20-300x225.jpg 300w, https:\/\/havkajaknatur.dk\/wp-content\/uploads\/2021\/06\/21Limfjorden20-768x576.jpg 768w, https:\/\/havkajaknatur.dk\/wp-content\/uploads\/2021\/06\/21Limfjorden20-1536x1152.jpg 1536w, https:\/\/havkajaknatur.dk\/wp-content\/uploads\/2021\/06\/21Limfjorden20-2048x1536.jpg 2048w\" sizes=\"auto, (max-width: 706px) 89vw, (max-width: 767px) 82vw, 740px\" \/><\/a><figcaption>Liv\u00f8 Tap <\/figcaption><\/figure>\n\n\n\n<figure class=\"wp-block-image size-large is-style-default\"><a href=\"https:\/\/havkajaknatur.dk\/wp-content\/uploads\/2021\/06\/21Limfjorden26-scaled.jpg\"><img loading=\"lazy\" decoding=\"async\" width=\"1863\" height=\"1024\" data-id=\"3818\" src=\"https:\/\/havkajaknatur.dk\/wp-content\/uploads\/2021\/06\/21Limfjorden26-1863x1024.jpg\" alt=\"\" class=\"wp-image-3818\" srcset=\"https:\/\/havkajaknatur.dk\/wp-content\/uploads\/2021\/06\/21Limfjorden26-1863x1024.jpg 1863w, https:\/\/havkajaknatur.dk\/wp-content\/uploads\/2021\/06\/21Limfjorden26-300x165.jpg 300w, https:\/\/havkajaknatur.dk\/wp-content\/uploads\/2021\/06\/21Limfjorden26-768x422.jpg 768w, https:\/\/havkajaknatur.dk\/wp-content\/uploads\/2021\/06\/21Limfjorden26-1536x844.jpg 1536w, https:\/\/havkajaknatur.dk\/wp-content\/uploads\/2021\/06\/21Limfjorden26-2048x1126.jpg 2048w\" sizes=\"auto, (max-width: 706px) 89vw, (max-width: 767px) 82vw, 740px\" \/><\/a><figcaption>Liv\u00f8<\/figcaption><\/figure>\n\n\n\n<figure class=\"wp-block-image size-large is-style-default\"><a href=\"https:\/\/havkajaknatur.dk\/wp-content\/uploads\/2021\/06\/21Limfjorden28-scaled.jpg\"><img loading=\"lazy\" decoding=\"async\" width=\"1377\" height=\"1024\" data-id=\"3819\" src=\"https:\/\/havkajaknatur.dk\/wp-content\/uploads\/2021\/06\/21Limfjorden28-1377x1024.jpg\" alt=\"\" class=\"wp-image-3819\" srcset=\"https:\/\/havkajaknatur.dk\/wp-content\/uploads\/2021\/06\/21Limfjorden28-1377x1024.jpg 1377w, https:\/\/havkajaknatur.dk\/wp-content\/uploads\/2021\/06\/21Limfjorden28-300x223.jpg 300w, https:\/\/havkajaknatur.dk\/wp-content\/uploads\/2021\/06\/21Limfjorden28-768x571.jpg 768w, https:\/\/havkajaknatur.dk\/wp-content\/uploads\/2021\/06\/21Limfjorden28-1536x1142.jpg 1536w, https:\/\/havkajaknatur.dk\/wp-content\/uploads\/2021\/06\/21Limfjorden28-2048x1523.jpg 2048w\" sizes=\"auto, (max-width: 706px) 89vw, (max-width: 767px) 82vw, 740px\" \/><\/a><figcaption>Bodil, Jan, Niels p\u00e5 Liv\u00f8<\/figcaption><\/figure>\n\n\n\n<figure class=\"wp-block-image size-large is-style-default\"><a href=\"https:\/\/havkajaknatur.dk\/wp-content\/uploads\/2021\/06\/21Limfjorden30-scaled.jpg\"><img loading=\"lazy\" decoding=\"async\" width=\"1365\" height=\"1024\" data-id=\"3820\" src=\"https:\/\/havkajaknatur.dk\/wp-content\/uploads\/2021\/06\/21Limfjorden30-1365x1024.jpg\" alt=\"\" class=\"wp-image-3820\" srcset=\"https:\/\/havkajaknatur.dk\/wp-content\/uploads\/2021\/06\/21Limfjorden30-1365x1024.jpg 1365w, https:\/\/havkajaknatur.dk\/wp-content\/uploads\/2021\/06\/21Limfjorden30-300x225.jpg 300w, https:\/\/havkajaknatur.dk\/wp-content\/uploads\/2021\/06\/21Limfjorden30-768x576.jpg 768w, https:\/\/havkajaknatur.dk\/wp-content\/uploads\/2021\/06\/21Limfjorden30-1536x1152.jpg 1536w, https:\/\/havkajaknatur.dk\/wp-content\/uploads\/2021\/06\/21Limfjorden30-2048x1536.jpg 2048w\" sizes=\"auto, (max-width: 706px) 89vw, (max-width: 767px) 82vw, 740px\" \/><\/a><figcaption>P\u00e5 vej med Fur<\/figcaption><\/figure>\n\n\n\n<figure class=\"wp-block-image size-large is-style-default\"><a href=\"https:\/\/havkajaknatur.dk\/wp-content\/uploads\/2021\/06\/21Limfjorden38-scaled.jpg\"><img loading=\"lazy\" decoding=\"async\" width=\"1490\" height=\"1024\" data-id=\"3821\" src=\"https:\/\/havkajaknatur.dk\/wp-content\/uploads\/2021\/06\/21Limfjorden38-1490x1024.jpg\" alt=\"\" class=\"wp-image-3821\" srcset=\"https:\/\/havkajaknatur.dk\/wp-content\/uploads\/2021\/06\/21Limfjorden38-1490x1024.jpg 1490w, https:\/\/havkajaknatur.dk\/wp-content\/uploads\/2021\/06\/21Limfjorden38-300x206.jpg 300w, https:\/\/havkajaknatur.dk\/wp-content\/uploads\/2021\/06\/21Limfjorden38-768x528.jpg 768w, https:\/\/havkajaknatur.dk\/wp-content\/uploads\/2021\/06\/21Limfjorden38-1536x1056.jpg 1536w, https:\/\/havkajaknatur.dk\/wp-content\/uploads\/2021\/06\/21Limfjorden38-2048x1408.jpg 2048w\" sizes=\"auto, (max-width: 706px) 89vw, (max-width: 767px) 82vw, 740px\" \/><\/a><figcaption>Fur<\/figcaption><\/figure>\n\n\n\n<figure class=\"wp-block-image size-large is-style-default\"><a href=\"https:\/\/havkajaknatur.dk\/wp-content\/uploads\/2021\/06\/21Limfjorden39-scaled.jpg\"><img loading=\"lazy\" decoding=\"async\" width=\"1382\" height=\"1024\" data-id=\"3822\" src=\"https:\/\/havkajaknatur.dk\/wp-content\/uploads\/2021\/06\/21Limfjorden39-1382x1024.jpg\" alt=\"\" class=\"wp-image-3822\" srcset=\"https:\/\/havkajaknatur.dk\/wp-content\/uploads\/2021\/06\/21Limfjorden39-1382x1024.jpg 1382w, https:\/\/havkajaknatur.dk\/wp-content\/uploads\/2021\/06\/21Limfjorden39-300x222.jpg 300w, https:\/\/havkajaknatur.dk\/wp-content\/uploads\/2021\/06\/21Limfjorden39-768x569.jpg 768w, https:\/\/havkajaknatur.dk\/wp-content\/uploads\/2021\/06\/21Limfjorden39-1536x1138.jpg 1536w, https:\/\/havkajaknatur.dk\/wp-content\/uploads\/2021\/06\/21Limfjorden39-2048x1517.jpg 2048w\" sizes=\"auto, (max-width: 706px) 89vw, (max-width: 767px) 82vw, 740px\" \/><\/a><figcaption>Fur<\/figcaption><\/figure>\n\n\n\n<figure class=\"wp-block-image size-large is-style-default\"><a href=\"https:\/\/havkajaknatur.dk\/wp-content\/uploads\/2021\/06\/21Limfjorden48-scaled.jpg\"><img loading=\"lazy\" decoding=\"async\" width=\"1376\" height=\"1024\" data-id=\"3823\" src=\"https:\/\/havkajaknatur.dk\/wp-content\/uploads\/2021\/06\/21Limfjorden48-1376x1024.jpg\" alt=\"\" class=\"wp-image-3823\" srcset=\"https:\/\/havkajaknatur.dk\/wp-content\/uploads\/2021\/06\/21Limfjorden48-1376x1024.jpg 1376w, https:\/\/havkajaknatur.dk\/wp-content\/uploads\/2021\/06\/21Limfjorden48-300x223.jpg 300w, https:\/\/havkajaknatur.dk\/wp-content\/uploads\/2021\/06\/21Limfjorden48-768x571.jpg 768w, https:\/\/havkajaknatur.dk\/wp-content\/uploads\/2021\/06\/21Limfjorden48-1536x1143.jpg 1536w, https:\/\/havkajaknatur.dk\/wp-content\/uploads\/2021\/06\/21Limfjorden48-2048x1524.jpg 2048w\" sizes=\"auto, (max-width: 706px) 89vw, (max-width: 767px) 82vw, 740px\" \/><\/a><\/figure>\n\n\n\n<figure class=\"wp-block-image size-large is-style-default\"><a href=\"https:\/\/havkajaknatur.dk\/wp-content\/uploads\/2021\/06\/21Limfjorden63-scaled.jpg\"><img loading=\"lazy\" decoding=\"async\" width=\"1376\" height=\"1024\" data-id=\"3825\" src=\"https:\/\/havkajaknatur.dk\/wp-content\/uploads\/2021\/06\/21Limfjorden63-1376x1024.jpg\" alt=\"\" class=\"wp-image-3825\" srcset=\"https:\/\/havkajaknatur.dk\/wp-content\/uploads\/2021\/06\/21Limfjorden63-1376x1024.jpg 1376w, https:\/\/havkajaknatur.dk\/wp-content\/uploads\/2021\/06\/21Limfjorden63-300x223.jpg 300w, https:\/\/havkajaknatur.dk\/wp-content\/uploads\/2021\/06\/21Limfjorden63-768x572.jpg 768w, https:\/\/havkajaknatur.dk\/wp-content\/uploads\/2021\/06\/21Limfjorden63-1536x1143.jpg 1536w, https:\/\/havkajaknatur.dk\/wp-content\/uploads\/2021\/06\/21Limfjorden63-2048x1524.jpg 2048w\" sizes=\"auto, (max-width: 706px) 89vw, (max-width: 767px) 82vw, 740px\" \/><\/a><figcaption>K\u00e5s Hoved<\/figcaption><\/figure>\n\n\n\n<figure class=\"wp-block-image size-large is-style-default\"><a href=\"https:\/\/havkajaknatur.dk\/wp-content\/uploads\/2021\/06\/21Limfjorden62-scaled.jpg\"><img loading=\"lazy\" decoding=\"async\" width=\"1365\" height=\"1024\" data-id=\"3824\" src=\"https:\/\/havkajaknatur.dk\/wp-content\/uploads\/2021\/06\/21Limfjorden62-1365x1024.jpg\" alt=\"\" class=\"wp-image-3824\" srcset=\"https:\/\/havkajaknatur.dk\/wp-content\/uploads\/2021\/06\/21Limfjorden62-1365x1024.jpg 1365w, https:\/\/havkajaknatur.dk\/wp-content\/uploads\/2021\/06\/21Limfjorden62-300x225.jpg 300w, https:\/\/havkajaknatur.dk\/wp-content\/uploads\/2021\/06\/21Limfjorden62-768x576.jpg 768w, https:\/\/havkajaknatur.dk\/wp-content\/uploads\/2021\/06\/21Limfjorden62-1536x1152.jpg 1536w, https:\/\/havkajaknatur.dk\/wp-content\/uploads\/2021\/06\/21Limfjorden62-2048x1536.jpg 2048w\" sizes=\"auto, (max-width: 706px) 89vw, (max-width: 767px) 82vw, 740px\" \/><\/a><figcaption>K\u00e5s Hoved<\/figcaption><\/figure>\n<\/figure>\n","protected":false},"excerpt":{"rendered":"<p>K\u00e5s Hoved 6 hele rodage, ro distance 191 km. Bodil, Niels &amp; Jan. Utrolig flot og varieret kyststr\u00e6kning uden meget bebyggelse. Mange s\u00e6ler, flere steder op til 30 &#8211; 50 s\u00e6ler. Liv\u00f8 er en perle, men ogs\u00e5 Fur og K\u00e5s Hoved er sev\u00e6rdige. Vandet er dog ikke s\u00e5 klart, n\u00e5r man er vant til Kattegat.<\/p>\n","protected":false},"author":1,"featured_media":4071,"parent":0,"menu_order":0,"comment_status":"closed","ping_status":"closed","template":"","meta":{"footnotes":""},"class_list":["post-3808","page","type-page","status-publish","has-post-thumbnail","hentry"],"_links":{"self":[{"href":"https:\/\/havkajaknatur.dk\/index.php?rest_route=\/wp\/v2\/pages\/3808","targetHints":{"allow":["GET"]}}],"collection":[{"href":"https:\/\/havkajaknatur.dk\/index.php?rest_route=\/wp\/v2\/pages"}],"about":[{"href":"https:\/\/havkajaknatur.dk\/index.php?rest_route=\/wp\/v2\/types\/page"}],"author":[{"embeddable":true,"href":"https:\/\/havkajaknatur.dk\/index.php?rest_route=\/wp\/v2\/users\/1"}],"replies":[{"embeddable":true,"href":"https:\/\/havkajaknatur.dk\/index.php?rest_route=%2Fwp%2Fv2%2Fcomments&post=3808"}],"version-history":[{"count":8,"href":"https:\/\/havkajaknatur.dk\/index.php?rest_route=\/wp\/v2\/pages\/3808\/revisions"}],"predecessor-version":[{"id":4594,"href":"https:\/\/havkajaknatur.dk\/index.php?rest_route=\/wp\/v2\/pages\/3808\/revisions\/4594"}],"wp:featuredmedia":[{"embeddable":true,"href":"https:\/\/havkajaknatur.dk\/index.php?rest_route=\/wp\/v2\/media\/4071"}],"wp:attachment":[{"href":"https:\/\/havkajaknatur.dk\/index.php?rest_route=%2Fwp%2Fv2%2Fmedia&parent=3808"}],"curies":[{"name":"wp","href":"https:\/\/api.w.org\/{rel}","templated":true}]}}