{"id":3796,"date":"2021-05-04T06:13:49","date_gmt":"2021-05-04T06:13:49","guid":{"rendered":"https:\/\/havkajaknatur.dk\/?page_id=3796"},"modified":"2021-12-10T09:49:33","modified_gmt":"2021-12-10T09:49:33","slug":"2021-isefjorden-rundt","status":"publish","type":"page","link":"https:\/\/havkajaknatur.dk\/?page_id=3796","title":{"rendered":"2021 Isefjorden Rundt"},"content":{"rendered":"\n<p class=\"has-text-align-right has-small-font-size\">Bogn\u00e6s Skov<\/p>\n\n\n\n<p class=\"has-text-align-left\">Kajaktur fra den 30 april til den 2 maj. Isefjorden Yderbredning og Lammefjorden Rundt. Overnatning i Bogn\u00e6s skov og Stokkebjerg skov begge fri teltning i skoven. 2 \u00bd dag 80 km. ro distance. Ingen skydning ved skydeterr\u00e6net ved J\u00e6gerspris. Deltagere: Susanne, Bodil, S\u00f8ren og undertegnede.  <\/p>\n\n\n\n<figure class=\"wp-block-embed is-type-video is-provider-youtube wp-block-embed-youtube wp-embed-aspect-16-9 wp-has-aspect-ratio\"><div class=\"wp-block-embed__wrapper\">\n<iframe loading=\"lazy\" title=\"Kajaktur Isefjorden Rundt\" width=\"525\" height=\"295\" src=\"https:\/\/www.youtube.com\/embed\/zboIchwJB0E?feature=oembed\" frameborder=\"0\" allow=\"accelerometer; autoplay; clipboard-write; encrypted-media; gyroscope; picture-in-picture; web-share\" referrerpolicy=\"strict-origin-when-cross-origin\" allowfullscreen><\/iframe>\n<\/div><\/figure>\n\n\n\n<figure class=\"wp-block-image size-full\"><a href=\"https:\/\/havkajaknatur.dk\/wp-content\/uploads\/2021\/05\/21Isefjorden-Kort.jpg\"><img loading=\"lazy\" decoding=\"async\" width=\"1128\" height=\"878\" src=\"https:\/\/havkajaknatur.dk\/wp-content\/uploads\/2021\/05\/21Isefjorden-Kort.jpg\" alt=\"\" class=\"wp-image-3800\" srcset=\"https:\/\/havkajaknatur.dk\/wp-content\/uploads\/2021\/05\/21Isefjorden-Kort.jpg 1128w, https:\/\/havkajaknatur.dk\/wp-content\/uploads\/2021\/05\/21Isefjorden-Kort-300x234.jpg 300w, https:\/\/havkajaknatur.dk\/wp-content\/uploads\/2021\/05\/21Isefjorden-Kort-768x598.jpg 768w\" sizes=\"auto, (max-width: 706px) 89vw, (max-width: 767px) 82vw, 740px\" \/><\/a><figcaption><strong><span class=\"has-inline-color has-black-color\">Originalt GPS spor<\/span><\/strong><\/figcaption><\/figure>\n","protected":false},"excerpt":{"rendered":"<p>Bogn\u00e6s Skov Kajaktur fra den 30 april til den 2 maj. Isefjorden Yderbredning og Lammefjorden Rundt. Overnatning i Bogn\u00e6s skov og Stokkebjerg skov begge fri teltning i skoven. 2 \u00bd dag 80 km. ro distance. Ingen skydning ved skydeterr\u00e6net ved J\u00e6gerspris. Deltagere: Susanne, Bodil, S\u00f8ren og undertegnede.<\/p>\n","protected":false},"author":1,"featured_media":4078,"parent":0,"menu_order":0,"comment_status":"closed","ping_status":"closed","template":"","meta":{"footnotes":""},"class_list":["post-3796","page","type-page","status-publish","has-post-thumbnail","hentry"],"_links":{"self":[{"href":"https:\/\/havkajaknatur.dk\/index.php?rest_route=\/wp\/v2\/pages\/3796","targetHints":{"allow":["GET"]}}],"collection":[{"href":"https:\/\/havkajaknatur.dk\/index.php?rest_route=\/wp\/v2\/pages"}],"about":[{"href":"https:\/\/havkajaknatur.dk\/index.php?rest_route=\/wp\/v2\/types\/page"}],"author":[{"embeddable":true,"href":"https:\/\/havkajaknatur.dk\/index.php?rest_route=\/wp\/v2\/users\/1"}],"replies":[{"embeddable":true,"href":"https:\/\/havkajaknatur.dk\/index.php?rest_route=%2Fwp%2Fv2%2Fcomments&post=3796"}],"version-history":[{"count":7,"href":"https:\/\/havkajaknatur.dk\/index.php?rest_route=\/wp\/v2\/pages\/3796\/revisions"}],"predecessor-version":[{"id":4319,"href":"https:\/\/havkajaknatur.dk\/index.php?rest_route=\/wp\/v2\/pages\/3796\/revisions\/4319"}],"wp:featuredmedia":[{"embeddable":true,"href":"https:\/\/havkajaknatur.dk\/index.php?rest_route=\/wp\/v2\/media\/4078"}],"wp:attachment":[{"href":"https:\/\/havkajaknatur.dk\/index.php?rest_route=%2Fwp%2Fv2%2Fmedia&parent=3796"}],"curies":[{"name":"wp","href":"https:\/\/api.w.org\/{rel}","templated":true}]}}