{"id":3764,"date":"2020-09-24T21:43:18","date_gmt":"2020-09-24T21:43:18","guid":{"rendered":"http:\/\/havkajaknatur.dk\/?page_id=3764"},"modified":"2024-08-21T20:48:58","modified_gmt":"2024-08-21T20:48:58","slug":"2020-samsoe-rundt","status":"publish","type":"page","link":"https:\/\/havkajaknatur.dk\/?page_id=3764","title":{"rendered":"2020 Sams\u00f8 Rundt"},"content":{"rendered":"\n<p class=\"has-text-align-right has-small-font-size\">Lang\u00f8r i Stavns Fjord<\/p>\n\n\n\n<p class=\"has-text-align-left\">Sams\u00f8 rundt sidst i september med ingen vind, lyde og kun farven gr\u00e5. En anderledes tur, end de 2 tidligere gange jeg har roet rundt om \u00f8en. Jeg n\u00e5ede ogs\u00e5 rundt om Kyholm, Lindholm og Vejr\u00f8. Overnatning ved M\u00f8gelsk\u00e5ret p\u00e5 Nordvest Sams\u00f8 og p\u00e5 nordspidsen af Besser Rev. 2 d\u00f8gn 91 km.<\/p>\n\n\n\n<figure class=\"wp-block-embed is-type-video is-provider-youtube wp-block-embed-youtube wp-embed-aspect-16-9 wp-has-aspect-ratio\"><div class=\"wp-block-embed__wrapper\">\n <iframe loading=\"lazy\" title=\"2020 Sams\u00f8 Rundt\" width=\"525\" height=\"295\" src=\"https:\/\/www.youtube.com\/embed\/2eG_rFDpp6k?feature=oembed\" frameborder=\"0\" allow=\"accelerometer; autoplay; clipboard-write; encrypted-media; gyroscope; picture-in-picture; web-share\" referrerpolicy=\"strict-origin-when-cross-origin\" allowfullscreen><\/iframe>\n<\/div><\/figure>\n\n\n\n<figure class=\"wp-block-gallery has-nested-images columns-1 is-cropped wp-block-gallery-1 is-layout-flex wp-block-gallery-is-layout-flex\">\n<figure class=\"wp-block-image size-large is-style-default\"><a href=\"https:\/\/havkajaknatur.dk\/wp-content\/uploads\/2020\/09\/20Sams\u00f8RundtKort00.jpg\"><img loading=\"lazy\" decoding=\"async\" width=\"624\" height=\"1024\" data-id=\"3777\" src=\"https:\/\/havkajaknatur.dk\/wp-content\/uploads\/2020\/09\/20Sams\u00f8RundtKort00-624x1024.jpg\" alt=\"\" class=\"wp-image-3777\" srcset=\"https:\/\/havkajaknatur.dk\/wp-content\/uploads\/2020\/09\/20Sams\u00f8RundtKort00-624x1024.jpg 624w, https:\/\/havkajaknatur.dk\/wp-content\/uploads\/2020\/09\/20Sams\u00f8RundtKort00-183x300.jpg 183w, https:\/\/havkajaknatur.dk\/wp-content\/uploads\/2020\/09\/20Sams\u00f8RundtKort00-768x1260.jpg 768w, https:\/\/havkajaknatur.dk\/wp-content\/uploads\/2020\/09\/20Sams\u00f8RundtKort00-936x1536.jpg 936w, https:\/\/havkajaknatur.dk\/wp-content\/uploads\/2020\/09\/20Sams\u00f8RundtKort00.jpg 1118w\" sizes=\"auto, (max-width: 624px) 100vw, 624px\" \/><\/a><figcaption class=\"wp-element-caption\">Original GPS spor<\/figcaption><\/figure>\n\n\n\n<figure class=\"wp-block-image size-large is-style-default\"><a href=\"https:\/\/havkajaknatur.dk\/wp-content\/uploads\/2020\/09\/20Sams\u00f8Rundt01-scaled.jpg\"><img loading=\"lazy\" decoding=\"async\" width=\"1365\" height=\"1024\" data-id=\"3772\" src=\"https:\/\/havkajaknatur.dk\/wp-content\/uploads\/2020\/09\/20Sams\u00f8Rundt01-1365x1024.jpg\" alt=\"\" class=\"wp-image-3772\" srcset=\"https:\/\/havkajaknatur.dk\/wp-content\/uploads\/2020\/09\/20Sams\u00f8Rundt01-1365x1024.jpg 1365w, https:\/\/havkajaknatur.dk\/wp-content\/uploads\/2020\/09\/20Sams\u00f8Rundt01-300x225.jpg 300w, https:\/\/havkajaknatur.dk\/wp-content\/uploads\/2020\/09\/20Sams\u00f8Rundt01-768x576.jpg 768w, https:\/\/havkajaknatur.dk\/wp-content\/uploads\/2020\/09\/20Sams\u00f8Rundt01-1536x1152.jpg 1536w, https:\/\/havkajaknatur.dk\/wp-content\/uploads\/2020\/09\/20Sams\u00f8Rundt01-2048x1536.jpg 2048w\" sizes=\"auto, (max-width: 706px) 89vw, (max-width: 767px) 82vw, 740px\" \/><\/a><figcaption class=\"wp-element-caption\">Ballen F\u00e6rgehavn<\/figcaption><\/figure>\n\n\n\n<figure class=\"wp-block-image size-large is-style-default\"><a href=\"https:\/\/havkajaknatur.dk\/wp-content\/uploads\/2020\/09\/20Sams\u00f8Rundt03-scaled.jpg\"><img loading=\"lazy\" decoding=\"async\" width=\"1400\" height=\"1024\" data-id=\"3773\" src=\"https:\/\/havkajaknatur.dk\/wp-content\/uploads\/2020\/09\/20Sams\u00f8Rundt03-1400x1024.jpg\" alt=\"\" class=\"wp-image-3773\" srcset=\"https:\/\/havkajaknatur.dk\/wp-content\/uploads\/2020\/09\/20Sams\u00f8Rundt03-1400x1024.jpg 1400w, https:\/\/havkajaknatur.dk\/wp-content\/uploads\/2020\/09\/20Sams\u00f8Rundt03-300x219.jpg 300w, https:\/\/havkajaknatur.dk\/wp-content\/uploads\/2020\/09\/20Sams\u00f8Rundt03-768x562.jpg 768w, https:\/\/havkajaknatur.dk\/wp-content\/uploads\/2020\/09\/20Sams\u00f8Rundt03-1536x1123.jpg 1536w, https:\/\/havkajaknatur.dk\/wp-content\/uploads\/2020\/09\/20Sams\u00f8Rundt03-2048x1498.jpg 2048w\" sizes=\"auto, (max-width: 706px) 89vw, (max-width: 767px) 82vw, 740px\" \/><\/a><figcaption class=\"wp-element-caption\">Vesborg Fyr<\/figcaption><\/figure>\n\n\n\n<figure class=\"wp-block-image size-large is-style-default\"><a href=\"https:\/\/havkajaknatur.dk\/wp-content\/uploads\/2020\/09\/20Sams\u00f8Rundt04-scaled.jpg\"><img loading=\"lazy\" decoding=\"async\" width=\"1399\" height=\"1024\" data-id=\"3774\" src=\"https:\/\/havkajaknatur.dk\/wp-content\/uploads\/2020\/09\/20Sams\u00f8Rundt04-1399x1024.jpg\" alt=\"\" class=\"wp-image-3774\" srcset=\"https:\/\/havkajaknatur.dk\/wp-content\/uploads\/2020\/09\/20Sams\u00f8Rundt04-1399x1024.jpg 1399w, https:\/\/havkajaknatur.dk\/wp-content\/uploads\/2020\/09\/20Sams\u00f8Rundt04-300x220.jpg 300w, https:\/\/havkajaknatur.dk\/wp-content\/uploads\/2020\/09\/20Sams\u00f8Rundt04-768x562.jpg 768w, https:\/\/havkajaknatur.dk\/wp-content\/uploads\/2020\/09\/20Sams\u00f8Rundt04-1536x1124.jpg 1536w, https:\/\/havkajaknatur.dk\/wp-content\/uploads\/2020\/09\/20Sams\u00f8Rundt04-2048x1499.jpg 2048w\" sizes=\"auto, (max-width: 706px) 89vw, (max-width: 767px) 82vw, 740px\" \/><\/a><figcaption class=\"wp-element-caption\">M\u00f8gelsk\u00e5ret<\/figcaption><\/figure>\n\n\n\n<figure class=\"wp-block-image size-large is-style-default\"><a href=\"https:\/\/havkajaknatur.dk\/wp-content\/uploads\/2020\/09\/20Sams\u00f8Rundt21-scaled.jpg\"><img loading=\"lazy\" decoding=\"async\" width=\"1365\" height=\"1024\" data-id=\"3776\" src=\"https:\/\/havkajaknatur.dk\/wp-content\/uploads\/2020\/09\/20Sams\u00f8Rundt21-1365x1024.jpg\" alt=\"\" class=\"wp-image-3776\" srcset=\"https:\/\/havkajaknatur.dk\/wp-content\/uploads\/2020\/09\/20Sams\u00f8Rundt21-1365x1024.jpg 1365w, https:\/\/havkajaknatur.dk\/wp-content\/uploads\/2020\/09\/20Sams\u00f8Rundt21-300x225.jpg 300w, https:\/\/havkajaknatur.dk\/wp-content\/uploads\/2020\/09\/20Sams\u00f8Rundt21-768x576.jpg 768w, https:\/\/havkajaknatur.dk\/wp-content\/uploads\/2020\/09\/20Sams\u00f8Rundt21-1536x1152.jpg 1536w, https:\/\/havkajaknatur.dk\/wp-content\/uploads\/2020\/09\/20Sams\u00f8Rundt21-2048x1536.jpg 2048w\" sizes=\"auto, (max-width: 706px) 89vw, (max-width: 767px) 82vw, 740px\" \/><\/a><figcaption class=\"wp-element-caption\">Besser Rev<\/figcaption><\/figure>\n<\/figure>\n","protected":false},"excerpt":{"rendered":"<p>Lang\u00f8r i Stavns Fjord Sams\u00f8 rundt sidst i september med ingen vind, lyde og kun farven gr\u00e5. En anderledes tur, end de 2 tidligere gange jeg har roet rundt om \u00f8en. Jeg n\u00e5ede ogs\u00e5 rundt om Kyholm, Lindholm og Vejr\u00f8. Overnatning ved M\u00f8gelsk\u00e5ret p\u00e5 Nordvest Sams\u00f8 og p\u00e5 nordspidsen af Besser Rev. 2 d\u00f8gn 91 &hellip; <\/p>\n<p class=\"link-more\"><a href=\"https:\/\/havkajaknatur.dk\/?page_id=3764\" class=\"more-link\">L\u00e6s videre<span class=\"screen-reader-text\"> &#8220;2020 Sams\u00f8 Rundt&#8221;<\/span><\/a><\/p>\n","protected":false},"author":1,"featured_media":4069,"parent":0,"menu_order":0,"comment_status":"closed","ping_status":"closed","template":"","meta":{"footnotes":""},"class_list":["post-3764","page","type-page","status-publish","has-post-thumbnail","hentry"],"_links":{"self":[{"href":"https:\/\/havkajaknatur.dk\/index.php?rest_route=\/wp\/v2\/pages\/3764","targetHints":{"allow":["GET"]}}],"collection":[{"href":"https:\/\/havkajaknatur.dk\/index.php?rest_route=\/wp\/v2\/pages"}],"about":[{"href":"https:\/\/havkajaknatur.dk\/index.php?rest_route=\/wp\/v2\/types\/page"}],"author":[{"embeddable":true,"href":"https:\/\/havkajaknatur.dk\/index.php?rest_route=\/wp\/v2\/users\/1"}],"replies":[{"embeddable":true,"href":"https:\/\/havkajaknatur.dk\/index.php?rest_route=%2Fwp%2Fv2%2Fcomments&post=3764"}],"version-history":[{"count":14,"href":"https:\/\/havkajaknatur.dk\/index.php?rest_route=\/wp\/v2\/pages\/3764\/revisions"}],"predecessor-version":[{"id":4909,"href":"https:\/\/havkajaknatur.dk\/index.php?rest_route=\/wp\/v2\/pages\/3764\/revisions\/4909"}],"wp:featuredmedia":[{"embeddable":true,"href":"https:\/\/havkajaknatur.dk\/index.php?rest_route=\/wp\/v2\/media\/4069"}],"wp:attachment":[{"href":"https:\/\/havkajaknatur.dk\/index.php?rest_route=%2Fwp%2Fv2%2Fmedia&parent=3764"}],"curies":[{"name":"wp","href":"https:\/\/api.w.org\/{rel}","templated":true}]}}