{"id":3749,"date":"2020-08-12T09:19:13","date_gmt":"2020-08-12T09:19:13","guid":{"rendered":"http:\/\/havkajaknatur.dk\/?page_id=3749"},"modified":"2021-12-14T19:30:15","modified_gmt":"2021-12-14T19:30:15","slug":"2020-sejeroe-bugten-rundt","status":"publish","type":"page","link":"https:\/\/havkajaknatur.dk\/?page_id=3749","title":{"rendered":"2020 Sejer\u00f8 Bugten Rundt"},"content":{"rendered":"\n<p class=\"has-text-align-right has-small-font-size\">Ordrup N\u00e6s med Neksel\u00f8 bagved<\/p>\n\n\n\n<p>Kajaktur med 2 sk\u00f8nne \u00f8er og en dejlig varieret bugt, dog uden officielle teltpladser. Ikke en tur for flere personer, da det er med diskret teltning. Krydset fra Sejer\u00f8 til Odden skulle jeg f\u00f8rst have gjort n\u00e6ste morgen, men det var s\u00e5 flot en aften over bugten, s\u00e5 teltet m\u00e5tte sl\u00e5s op i m\u00f8rke p\u00e5 Odden. N\u00e6ste dag skulle jeg heller ikke have roet s\u00e5 langt, men fik lyst til at overnatte p\u00e5 Ordrup N\u00e6s. S\u00e5 sidste dag blev med kun 12 km tilbage til Havns\u00f8, efter 2 d\u00f8gn.&nbsp; &nbsp;<\/p>\n\n\n\n<figure class=\"wp-block-embed is-type-video is-provider-youtube wp-block-embed-youtube wp-embed-aspect-16-9 wp-has-aspect-ratio\"><div class=\"wp-block-embed__wrapper\">\n<iframe loading=\"lazy\" title=\"Sejer\u00f8 Bugten Rundt i Havkajak\" width=\"525\" height=\"295\" src=\"https:\/\/www.youtube.com\/embed\/-BsI6Qg5UiM?feature=oembed\" frameborder=\"0\" allow=\"accelerometer; autoplay; clipboard-write; encrypted-media; gyroscope; picture-in-picture; web-share\" referrerpolicy=\"strict-origin-when-cross-origin\" allowfullscreen><\/iframe>\n<\/div><\/figure>\n\n\n\n<div class=\"wp-block-image\"><figure class=\"aligncenter size-large is-resized\"><a href=\"https:\/\/havkajaknatur.dk\/wp-content\/uploads\/2020\/08\/Sejer\u00f8-Bugt-Rundt-Kort2Lille-scaled.jpg\"><img loading=\"lazy\" decoding=\"async\" src=\"https:\/\/havkajaknatur.dk\/wp-content\/uploads\/2020\/08\/Sejer\u00f8-Bugt-Rundt-Kort2Lille-1220x1024.jpg\" alt=\"\" class=\"wp-image-3754\" width=\"915\" height=\"768\" srcset=\"https:\/\/havkajaknatur.dk\/wp-content\/uploads\/2020\/08\/Sejer\u00f8-Bugt-Rundt-Kort2Lille-1220x1024.jpg 1220w, https:\/\/havkajaknatur.dk\/wp-content\/uploads\/2020\/08\/Sejer\u00f8-Bugt-Rundt-Kort2Lille-300x252.jpg 300w, https:\/\/havkajaknatur.dk\/wp-content\/uploads\/2020\/08\/Sejer\u00f8-Bugt-Rundt-Kort2Lille-768x644.jpg 768w, https:\/\/havkajaknatur.dk\/wp-content\/uploads\/2020\/08\/Sejer\u00f8-Bugt-Rundt-Kort2Lille-1536x1289.jpg 1536w, https:\/\/havkajaknatur.dk\/wp-content\/uploads\/2020\/08\/Sejer\u00f8-Bugt-Rundt-Kort2Lille-2048x1718.jpg 2048w\" sizes=\"auto, (max-width: 706px) 89vw, (max-width: 767px) 82vw, 740px\" \/><\/a><figcaption><strong>Original GPS spor<\/strong><\/figcaption><\/figure><\/div>\n","protected":false},"excerpt":{"rendered":"<p>Ordrup N\u00e6s med Neksel\u00f8 bagved Kajaktur med 2 sk\u00f8nne \u00f8er og en dejlig varieret bugt, dog uden officielle teltpladser. Ikke en tur for flere personer, da det er med diskret teltning. Krydset fra Sejer\u00f8 til Odden skulle jeg f\u00f8rst have gjort n\u00e6ste morgen, men det var s\u00e5 flot en aften over bugten, s\u00e5 teltet m\u00e5tte &hellip; <\/p>\n<p class=\"link-more\"><a href=\"https:\/\/havkajaknatur.dk\/?page_id=3749\" class=\"more-link\">L\u00e6s videre<span class=\"screen-reader-text\"> &#8220;2020 Sejer\u00f8 Bugten Rundt&#8221;<\/span><\/a><\/p>\n","protected":false},"author":1,"featured_media":4082,"parent":0,"menu_order":0,"comment_status":"closed","ping_status":"closed","template":"","meta":{"footnotes":""},"class_list":["post-3749","page","type-page","status-publish","has-post-thumbnail","hentry"],"_links":{"self":[{"href":"https:\/\/havkajaknatur.dk\/index.php?rest_route=\/wp\/v2\/pages\/3749","targetHints":{"allow":["GET"]}}],"collection":[{"href":"https:\/\/havkajaknatur.dk\/index.php?rest_route=\/wp\/v2\/pages"}],"about":[{"href":"https:\/\/havkajaknatur.dk\/index.php?rest_route=\/wp\/v2\/types\/page"}],"author":[{"embeddable":true,"href":"https:\/\/havkajaknatur.dk\/index.php?rest_route=\/wp\/v2\/users\/1"}],"replies":[{"embeddable":true,"href":"https:\/\/havkajaknatur.dk\/index.php?rest_route=%2Fwp%2Fv2%2Fcomments&post=3749"}],"version-history":[{"count":8,"href":"https:\/\/havkajaknatur.dk\/index.php?rest_route=\/wp\/v2\/pages\/3749\/revisions"}],"predecessor-version":[{"id":4500,"href":"https:\/\/havkajaknatur.dk\/index.php?rest_route=\/wp\/v2\/pages\/3749\/revisions\/4500"}],"wp:featuredmedia":[{"embeddable":true,"href":"https:\/\/havkajaknatur.dk\/index.php?rest_route=\/wp\/v2\/media\/4082"}],"wp:attachment":[{"href":"https:\/\/havkajaknatur.dk\/index.php?rest_route=%2Fwp%2Fv2%2Fmedia&parent=3749"}],"curies":[{"name":"wp","href":"https:\/\/api.w.org\/{rel}","templated":true}]}}