{"id":3740,"date":"2020-08-01T16:06:51","date_gmt":"2020-08-01T16:06:51","guid":{"rendered":"http:\/\/havkajaknatur.dk\/?page_id=3740"},"modified":"2021-12-14T18:57:54","modified_gmt":"2021-12-14T18:57:54","slug":"2020-lolland-rundt","status":"publish","type":"page","link":"https:\/\/havkajaknatur.dk\/?page_id=3740","title":{"rendered":"2020 Lolland Rundt"},"content":{"rendered":"\n<p class=\"has-text-align-right has-small-font-size\">Guldborg Sund Bredning<\/p>\n\n\n\n<p>H\u00e5rd vind 3 dage i tr\u00e6k gjorde at vi ikke n\u00e5ede helt vejen rundt. Men vi havde en fin tur syd om Lolland s\u00e5 l\u00e6nge den varede. Hyllekrogen med fyr var et fint bes\u00f8g, og Albuen med fyr og huse ogs\u00e5. \u00d8en Eneh\u00f8je i Nakskov fjord har en fin teltplads, dog lidt skjult fra vandet. En god historie p\u00e5 \u00f8en, og mange d\u00e5dyr.<\/p>\n\n\n\n<figure class=\"wp-block-embed is-type-video is-provider-youtube wp-block-embed-youtube wp-embed-aspect-16-9 wp-has-aspect-ratio\"><div class=\"wp-block-embed__wrapper\">\n<iframe loading=\"lazy\" title=\"2020 Lolland Rundt i kajak\" width=\"525\" height=\"295\" src=\"https:\/\/www.youtube.com\/embed\/Y7SxKo2RkK0?feature=oembed\" frameborder=\"0\" allow=\"accelerometer; autoplay; clipboard-write; encrypted-media; gyroscope; picture-in-picture; web-share\" referrerpolicy=\"strict-origin-when-cross-origin\" allowfullscreen><\/iframe>\n<\/div><\/figure>\n\n\n\n<div class=\"wp-block-image is-style-default\"><figure class=\"aligncenter size-large\"><a href=\"https:\/\/havkajaknatur.dk\/wp-content\/uploads\/2021\/12\/20-Lolland-Rundt-Kort-scaled.jpg\"><img loading=\"lazy\" decoding=\"async\" width=\"1381\" height=\"1024\" src=\"https:\/\/havkajaknatur.dk\/wp-content\/uploads\/2021\/12\/20-Lolland-Rundt-Kort-1381x1024.jpg\" alt=\"\" class=\"wp-image-4253\" srcset=\"https:\/\/havkajaknatur.dk\/wp-content\/uploads\/2021\/12\/20-Lolland-Rundt-Kort-1381x1024.jpg 1381w, https:\/\/havkajaknatur.dk\/wp-content\/uploads\/2021\/12\/20-Lolland-Rundt-Kort-300x222.jpg 300w, https:\/\/havkajaknatur.dk\/wp-content\/uploads\/2021\/12\/20-Lolland-Rundt-Kort-768x569.jpg 768w, https:\/\/havkajaknatur.dk\/wp-content\/uploads\/2021\/12\/20-Lolland-Rundt-Kort-1536x1139.jpg 1536w, https:\/\/havkajaknatur.dk\/wp-content\/uploads\/2021\/12\/20-Lolland-Rundt-Kort-2048x1518.jpg 2048w\" sizes=\"auto, (max-width: 706px) 89vw, (max-width: 767px) 82vw, 740px\" \/><\/a><figcaption><strong>Original GPS spor<\/strong><\/figcaption><\/figure><\/div>\n","protected":false},"excerpt":{"rendered":"<p>Guldborg Sund Bredning H\u00e5rd vind 3 dage i tr\u00e6k gjorde at vi ikke n\u00e5ede helt vejen rundt. Men vi havde en fin tur syd om Lolland s\u00e5 l\u00e6nge den varede. Hyllekrogen med fyr var et fint bes\u00f8g, og Albuen med fyr og huse ogs\u00e5. \u00d8en Eneh\u00f8je i Nakskov fjord har en fin teltplads, dog lidt &hellip; <\/p>\n<p class=\"link-more\"><a href=\"https:\/\/havkajaknatur.dk\/?page_id=3740\" class=\"more-link\">L\u00e6s videre<span class=\"screen-reader-text\"> &#8220;2020 Lolland Rundt&#8221;<\/span><\/a><\/p>\n","protected":false},"author":1,"featured_media":4172,"parent":0,"menu_order":0,"comment_status":"closed","ping_status":"closed","template":"","meta":{"footnotes":""},"class_list":["post-3740","page","type-page","status-publish","has-post-thumbnail","hentry"],"_links":{"self":[{"href":"https:\/\/havkajaknatur.dk\/index.php?rest_route=\/wp\/v2\/pages\/3740","targetHints":{"allow":["GET"]}}],"collection":[{"href":"https:\/\/havkajaknatur.dk\/index.php?rest_route=\/wp\/v2\/pages"}],"about":[{"href":"https:\/\/havkajaknatur.dk\/index.php?rest_route=\/wp\/v2\/types\/page"}],"author":[{"embeddable":true,"href":"https:\/\/havkajaknatur.dk\/index.php?rest_route=\/wp\/v2\/users\/1"}],"replies":[{"embeddable":true,"href":"https:\/\/havkajaknatur.dk\/index.php?rest_route=%2Fwp%2Fv2%2Fcomments&post=3740"}],"version-history":[{"count":6,"href":"https:\/\/havkajaknatur.dk\/index.php?rest_route=\/wp\/v2\/pages\/3740\/revisions"}],"predecessor-version":[{"id":4501,"href":"https:\/\/havkajaknatur.dk\/index.php?rest_route=\/wp\/v2\/pages\/3740\/revisions\/4501"}],"wp:featuredmedia":[{"embeddable":true,"href":"https:\/\/havkajaknatur.dk\/index.php?rest_route=\/wp\/v2\/media\/4172"}],"wp:attachment":[{"href":"https:\/\/havkajaknatur.dk\/index.php?rest_route=%2Fwp%2Fv2%2Fmedia&parent=3740"}],"curies":[{"name":"wp","href":"https:\/\/api.w.org\/{rel}","templated":true}]}}