{"id":3606,"date":"2019-09-10T11:22:30","date_gmt":"2019-09-10T11:22:30","guid":{"rendered":"http:\/\/havkajaknatur.dk\/?page_id=3606"},"modified":"2021-12-14T18:50:35","modified_gmt":"2021-12-14T18:50:35","slug":"alholm","status":"publish","type":"page","link":"https:\/\/havkajaknatur.dk\/?page_id=3606","title":{"rendered":"Alholm"},"content":{"rendered":"\n<p class=\"has-text-align-right has-small-font-size\">Alholm set fra \u00f8st spidsen<\/p>\n\n\n\n<p>Alholm er en lille privatejet \u00f8 4 km syd for Lyn\u00e6s. Den ligger t\u00e6t p\u00e5 Hornsherred ved Kulhuse. Man kan vade over til den ved normal vandstand, hvor det vil g\u00e5 til kn\u00e6ene eller skridtet p\u00e5 det dybeste. Der holder en del s\u00e6ler til p\u00e5 vest spidsen, dog mest om vinteren. Der er en del fugle i tr\u00e6ktiden, men ikke mange ynglefugle, da der desv\u00e6rre er r\u00e6ve p\u00e5 \u00f8en. Lidt tr\u00e6kkende vadefugle kommer forbi, ellers skarver og ederfugle. Stormen Bodil var h\u00e5rd ved Alholm. Det lave vand mod nord beskyttede ikke \u00f8en, da der var ekstrem h\u00f8jvande samtidig med stormen. Det bevirkede, at der blev taget flere meter af \u00f8en p\u00e5 nordsiden, med det resultat at en lang r\u00e6kke store fyrretr\u00e6er v\u00e6ltede. Det \u00e6ndrede desv\u00e6rre \u00f8ens s\u00e6rpr\u00e6gede udseende.<\/p>\n\n\n\n<figure class=\"wp-block-embed is-type-video is-provider-youtube wp-block-embed-youtube wp-embed-aspect-16-9 wp-has-aspect-ratio\"><div class=\"wp-block-embed__wrapper\">\n<iframe loading=\"lazy\" title=\"2019 Sp\u00e6ttet S\u00e6l, Alholm\" width=\"525\" height=\"295\" src=\"https:\/\/www.youtube.com\/embed\/-E2iJHN5YI0?feature=oembed\" frameborder=\"0\" allow=\"accelerometer; autoplay; clipboard-write; encrypted-media; gyroscope; picture-in-picture; web-share\" referrerpolicy=\"strict-origin-when-cross-origin\" allowfullscreen><\/iframe>\n<\/div><figcaption><strong>Sp\u00e6ttet S\u00e6l ved Alholm<\/strong><\/figcaption><\/figure>\n\n\n\n<figure class=\"wp-block-embed is-type-video is-provider-youtube wp-block-embed-youtube wp-embed-aspect-16-9 wp-has-aspect-ratio\"><div class=\"wp-block-embed__wrapper\">\n<iframe loading=\"lazy\" title=\"2019 Alholm\" width=\"525\" height=\"295\" src=\"https:\/\/www.youtube.com\/embed\/M0UhBzAJMjk?feature=oembed\" frameborder=\"0\" allow=\"accelerometer; autoplay; clipboard-write; encrypted-media; gyroscope; picture-in-picture; web-share\" referrerpolicy=\"strict-origin-when-cross-origin\" allowfullscreen><\/iframe>\n<\/div><figcaption><strong>Alholm<\/strong><\/figcaption><\/figure>\n\n\n\n<p> <\/p>\n","protected":false},"excerpt":{"rendered":"<p>Alholm set fra \u00f8st spidsen Alholm er en lille privatejet \u00f8 4 km syd for Lyn\u00e6s. Den ligger t\u00e6t p\u00e5 Hornsherred ved Kulhuse. Man kan vade over til den ved normal vandstand, hvor det vil g\u00e5 til kn\u00e6ene eller skridtet p\u00e5 det dybeste. Der holder en del s\u00e6ler til p\u00e5 vest spidsen, dog mest om &hellip; <\/p>\n<p class=\"link-more\"><a href=\"https:\/\/havkajaknatur.dk\/?page_id=3606\" class=\"more-link\">L\u00e6s videre<span class=\"screen-reader-text\"> &#8220;Alholm&#8221;<\/span><\/a><\/p>\n","protected":false},"author":1,"featured_media":3614,"parent":0,"menu_order":0,"comment_status":"closed","ping_status":"closed","template":"","meta":{"footnotes":""},"class_list":["post-3606","page","type-page","status-publish","has-post-thumbnail","hentry"],"_links":{"self":[{"href":"https:\/\/havkajaknatur.dk\/index.php?rest_route=\/wp\/v2\/pages\/3606","targetHints":{"allow":["GET"]}}],"collection":[{"href":"https:\/\/havkajaknatur.dk\/index.php?rest_route=\/wp\/v2\/pages"}],"about":[{"href":"https:\/\/havkajaknatur.dk\/index.php?rest_route=\/wp\/v2\/types\/page"}],"author":[{"embeddable":true,"href":"https:\/\/havkajaknatur.dk\/index.php?rest_route=\/wp\/v2\/users\/1"}],"replies":[{"embeddable":true,"href":"https:\/\/havkajaknatur.dk\/index.php?rest_route=%2Fwp%2Fv2%2Fcomments&post=3606"}],"version-history":[{"count":8,"href":"https:\/\/havkajaknatur.dk\/index.php?rest_route=\/wp\/v2\/pages\/3606\/revisions"}],"predecessor-version":[{"id":4497,"href":"https:\/\/havkajaknatur.dk\/index.php?rest_route=\/wp\/v2\/pages\/3606\/revisions\/4497"}],"wp:featuredmedia":[{"embeddable":true,"href":"https:\/\/havkajaknatur.dk\/index.php?rest_route=\/wp\/v2\/media\/3614"}],"wp:attachment":[{"href":"https:\/\/havkajaknatur.dk\/index.php?rest_route=%2Fwp%2Fv2%2Fmedia&parent=3606"}],"curies":[{"name":"wp","href":"https:\/\/api.w.org\/{rel}","templated":true}]}}