{"id":3462,"date":"2019-07-27T17:58:18","date_gmt":"2019-07-27T17:58:18","guid":{"rendered":"http:\/\/havkajaknatur.dk\/?page_id=3462"},"modified":"2021-12-10T09:43:49","modified_gmt":"2021-12-10T09:43:49","slug":"2019-sverige-oestkyst","status":"publish","type":"page","link":"https:\/\/havkajaknatur.dk\/?page_id=3462","title":{"rendered":"2019 Sverige \u00d8stkyst"},"content":{"rendered":"\n<p class=\"has-text-align-right has-small-font-size\">Solnedgang set fra Store G\u00f6stasholm<\/p>\n\n\n\n<p>Sidst i juli m\u00e5ned k\u00f8rte Bent og jeg til \u00d8stkysten af Sverige lidt nord for V\u00e4stervik. M\u00e5let var en tur med 3 overnatninger, 2 hele dage og 2 halve dage til at ro i. Bent havde lavet en rute hjemmefra, som vi fulgte med enkelte undtagelser. Vi havde nogle overnatningspladser p\u00e5 kortet, men der var generelt ikke mange muligheder for at komme nemt i land og f\u00e5 plads til teltene. De flade klippe var glat, muligvis p\u00e5 grund af \u00f8get m\u00e6ngder af alger. Der var meget bevoksning helt ned til vandet og hvor der endelig var lavt vand  var der siv. Men pladser fandt vi da, dog ikke nogle jeg vil fremh\u00e6ve her. Omr\u00e5det har en t\u00e6t bestand af hav\u00f8rne, som ikke virker videre sky. Dele af sk\u00e6rg\u00e5rden er meget beskyttet, men ogs\u00e5 meget skovkl\u00e6dt. Vi havde rigtig fint vejr, og det endte med en rigtig god tur i det \u00f8stlige Sverige.<\/p>\n\n\n\n<figure class=\"wp-block-embed is-type-video is-provider-youtube wp-block-embed-youtube wp-embed-aspect-16-9 wp-has-aspect-ratio\"><div class=\"wp-block-embed__wrapper\">\n<iframe loading=\"lazy\" title=\"2019 Sverige \u00d8stkysten\" width=\"525\" height=\"295\" src=\"https:\/\/www.youtube.com\/embed\/J6w_x68we9Y?feature=oembed\" frameborder=\"0\" allow=\"accelerometer; autoplay; clipboard-write; encrypted-media; gyroscope; picture-in-picture; web-share\" referrerpolicy=\"strict-origin-when-cross-origin\" allowfullscreen><\/iframe>\n<\/div><\/figure>\n\n\n\n<div class=\"wp-block-image\"><figure class=\"aligncenter size-full is-resized\"><a href=\"https:\/\/havkajaknatur.dk\/wp-content\/uploads\/2019\/07\/19\u00d8stSverige-Kort.jpg\"><img loading=\"lazy\" decoding=\"async\" src=\"https:\/\/havkajaknatur.dk\/wp-content\/uploads\/2019\/07\/19\u00d8stSverige-Kort.jpg\" alt=\"\" class=\"wp-image-3466\" width=\"1430\" height=\"2524\" srcset=\"https:\/\/havkajaknatur.dk\/wp-content\/uploads\/2019\/07\/19\u00d8stSverige-Kort.jpg 1430w, https:\/\/havkajaknatur.dk\/wp-content\/uploads\/2019\/07\/19\u00d8stSverige-Kort-170x300.jpg 170w, https:\/\/havkajaknatur.dk\/wp-content\/uploads\/2019\/07\/19\u00d8stSverige-Kort-768x1356.jpg 768w, https:\/\/havkajaknatur.dk\/wp-content\/uploads\/2019\/07\/19\u00d8stSverige-Kort-580x1024.jpg 580w\" sizes=\"auto, (max-width: 706px) 89vw, (max-width: 767px) 82vw, 740px\" \/><\/a><\/figure><\/div>\n\n\n\n<figure class=\"wp-block-gallery columns-1 is-cropped wp-block-gallery-1 is-layout-flex wp-block-gallery-is-layout-flex\"><ul class=\"blocks-gallery-grid\"><li class=\"blocks-gallery-item\"><figure><a href=\"https:\/\/havkajaknatur.dk\/wp-content\/uploads\/2019\/07\/19\u00d8stSverige09-1024x768.jpg\"><img loading=\"lazy\" decoding=\"async\" width=\"1024\" height=\"768\" src=\"https:\/\/havkajaknatur.dk\/wp-content\/uploads\/2019\/07\/19\u00d8stSverige09-1024x768.jpg\" alt=\"\" data-id=\"3479\" data-link=\"https:\/\/havkajaknatur.dk\/?attachment_id=3479\" class=\"wp-image-3479\" srcset=\"https:\/\/havkajaknatur.dk\/wp-content\/uploads\/2019\/07\/19\u00d8stSverige09-1024x768.jpg 1024w, https:\/\/havkajaknatur.dk\/wp-content\/uploads\/2019\/07\/19\u00d8stSverige09-300x225.jpg 300w, https:\/\/havkajaknatur.dk\/wp-content\/uploads\/2019\/07\/19\u00d8stSverige09-768x576.jpg 768w\" sizes=\"auto, (max-width: 706px) 89vw, (max-width: 767px) 82vw, 740px\" \/><\/a><figcaption class=\"blocks-gallery-item__caption\">L\u00f6vsk\u00e4r<\/figcaption><\/figure><\/li><li class=\"blocks-gallery-item\"><figure><a href=\"https:\/\/havkajaknatur.dk\/wp-content\/uploads\/2019\/07\/19\u00d8stSverige03-1024x759.jpg\"><img loading=\"lazy\" decoding=\"async\" width=\"1024\" height=\"759\" src=\"https:\/\/havkajaknatur.dk\/wp-content\/uploads\/2019\/07\/19\u00d8stSverige03-1024x759.jpg\" alt=\"\" data-id=\"3478\" data-link=\"https:\/\/havkajaknatur.dk\/?attachment_id=3478\" class=\"wp-image-3478\" srcset=\"https:\/\/havkajaknatur.dk\/wp-content\/uploads\/2019\/07\/19\u00d8stSverige03-1024x759.jpg 1024w, https:\/\/havkajaknatur.dk\/wp-content\/uploads\/2019\/07\/19\u00d8stSverige03-300x222.jpg 300w, https:\/\/havkajaknatur.dk\/wp-content\/uploads\/2019\/07\/19\u00d8stSverige03-768x569.jpg 768w\" sizes=\"auto, (max-width: 706px) 89vw, (max-width: 767px) 82vw, 740px\" \/><\/a><figcaption class=\"blocks-gallery-item__caption\">L\u00f6vsk\u00e4r<\/figcaption><\/figure><\/li><li class=\"blocks-gallery-item\"><figure><a href=\"https:\/\/havkajaknatur.dk\/wp-content\/uploads\/2019\/07\/19\u00d8stSverige12-1024x738.jpg\"><img loading=\"lazy\" decoding=\"async\" width=\"1024\" height=\"738\" src=\"https:\/\/havkajaknatur.dk\/wp-content\/uploads\/2019\/07\/19\u00d8stSverige12-1024x738.jpg\" alt=\"\" data-id=\"3513\" data-link=\"https:\/\/havkajaknatur.dk\/?attachment_id=3513\" class=\"wp-image-3513\" srcset=\"https:\/\/havkajaknatur.dk\/wp-content\/uploads\/2019\/07\/19\u00d8stSverige12-1024x738.jpg 1024w, https:\/\/havkajaknatur.dk\/wp-content\/uploads\/2019\/07\/19\u00d8stSverige12-300x216.jpg 300w, https:\/\/havkajaknatur.dk\/wp-content\/uploads\/2019\/07\/19\u00d8stSverige12-768x554.jpg 768w\" sizes=\"auto, (max-width: 706px) 89vw, (max-width: 767px) 82vw, 740px\" \/><\/a><figcaption class=\"blocks-gallery-item__caption\">L\u00f6vsk\u00e4r, solopgang<\/figcaption><\/figure><\/li><li class=\"blocks-gallery-item\"><figure><a href=\"https:\/\/havkajaknatur.dk\/wp-content\/uploads\/2019\/07\/19\u00d8stSverige24-1024x768.jpg\"><img loading=\"lazy\" decoding=\"async\" width=\"1024\" height=\"768\" src=\"https:\/\/havkajaknatur.dk\/wp-content\/uploads\/2019\/07\/19\u00d8stSverige24-1024x768.jpg\" alt=\"\" data-id=\"3480\" data-link=\"https:\/\/havkajaknatur.dk\/?attachment_id=3480\" class=\"wp-image-3480\" srcset=\"https:\/\/havkajaknatur.dk\/wp-content\/uploads\/2019\/07\/19\u00d8stSverige24-1024x768.jpg 1024w, https:\/\/havkajaknatur.dk\/wp-content\/uploads\/2019\/07\/19\u00d8stSverige24-300x225.jpg 300w, https:\/\/havkajaknatur.dk\/wp-content\/uploads\/2019\/07\/19\u00d8stSverige24-768x576.jpg 768w\" sizes=\"auto, (max-width: 706px) 89vw, (max-width: 767px) 82vw, 740px\" \/><\/a><figcaption class=\"blocks-gallery-item__caption\">L\u00e5ngholm<\/figcaption><\/figure><\/li><li class=\"blocks-gallery-item\"><figure><a href=\"https:\/\/havkajaknatur.dk\/wp-content\/uploads\/2019\/07\/19\u00d8stSverige28-1024x768.jpg\"><img loading=\"lazy\" decoding=\"async\" width=\"1024\" height=\"768\" src=\"https:\/\/havkajaknatur.dk\/wp-content\/uploads\/2019\/07\/19\u00d8stSverige28-1024x768.jpg\" alt=\"\" data-id=\"3481\" data-link=\"https:\/\/havkajaknatur.dk\/?attachment_id=3481\" class=\"wp-image-3481\" srcset=\"https:\/\/havkajaknatur.dk\/wp-content\/uploads\/2019\/07\/19\u00d8stSverige28-1024x768.jpg 1024w, https:\/\/havkajaknatur.dk\/wp-content\/uploads\/2019\/07\/19\u00d8stSverige28-300x225.jpg 300w, https:\/\/havkajaknatur.dk\/wp-content\/uploads\/2019\/07\/19\u00d8stSverige28-768x576.jpg 768w\" sizes=\"auto, (max-width: 706px) 89vw, (max-width: 767px) 82vw, 740px\" \/><\/a><figcaption class=\"blocks-gallery-item__caption\">V\u00e4dersk\u00e4r, med den fine lille kirke<\/figcaption><\/figure><\/li><li class=\"blocks-gallery-item\"><figure><a href=\"https:\/\/havkajaknatur.dk\/wp-content\/uploads\/2019\/07\/19\u00d8stSverige33-1024x759.jpg\"><img loading=\"lazy\" decoding=\"async\" width=\"1024\" height=\"759\" src=\"https:\/\/havkajaknatur.dk\/wp-content\/uploads\/2019\/07\/19\u00d8stSverige33-1024x759.jpg\" alt=\"\" data-id=\"3482\" data-link=\"https:\/\/havkajaknatur.dk\/?attachment_id=3482\" class=\"wp-image-3482\" srcset=\"https:\/\/havkajaknatur.dk\/wp-content\/uploads\/2019\/07\/19\u00d8stSverige33-1024x759.jpg 1024w, https:\/\/havkajaknatur.dk\/wp-content\/uploads\/2019\/07\/19\u00d8stSverige33-300x222.jpg 300w, https:\/\/havkajaknatur.dk\/wp-content\/uploads\/2019\/07\/19\u00d8stSverige33-768x569.jpg 768w\" sizes=\"auto, (max-width: 706px) 89vw, (max-width: 767px) 82vw, 740px\" \/><\/a><figcaption class=\"blocks-gallery-item__caption\">St. G\u00f6stasholm<\/figcaption><\/figure><\/li><li class=\"blocks-gallery-item\"><figure><a href=\"https:\/\/havkajaknatur.dk\/wp-content\/uploads\/2019\/07\/19\u00d8stSverige45-1024x762.jpg\"><img loading=\"lazy\" decoding=\"async\" width=\"1024\" height=\"762\" src=\"https:\/\/havkajaknatur.dk\/wp-content\/uploads\/2019\/07\/19\u00d8stSverige45-1024x762.jpg\" alt=\"\" data-id=\"3484\" data-link=\"https:\/\/havkajaknatur.dk\/?attachment_id=3484\" class=\"wp-image-3484\" srcset=\"https:\/\/havkajaknatur.dk\/wp-content\/uploads\/2019\/07\/19\u00d8stSverige45-1024x762.jpg 1024w, https:\/\/havkajaknatur.dk\/wp-content\/uploads\/2019\/07\/19\u00d8stSverige45-300x223.jpg 300w, https:\/\/havkajaknatur.dk\/wp-content\/uploads\/2019\/07\/19\u00d8stSverige45-768x572.jpg 768w\" sizes=\"auto, (max-width: 706px) 89vw, (max-width: 767px) 82vw, 740px\" \/><\/a><figcaption class=\"blocks-gallery-item__caption\"><em>St. G\u00f6stasholm<\/em>, solopgang<\/figcaption><\/figure><\/li><\/ul><\/figure>\n","protected":false},"excerpt":{"rendered":"<p>Solnedgang set fra Store G\u00f6stasholm Sidst i juli m\u00e5ned k\u00f8rte Bent og jeg til \u00d8stkysten af Sverige lidt nord for V\u00e4stervik. M\u00e5let var en tur med 3 overnatninger, 2 hele dage og 2 halve dage til at ro i. Bent havde lavet en rute hjemmefra, som vi fulgte med enkelte undtagelser. Vi havde nogle overnatningspladser &hellip; <\/p>\n<p class=\"link-more\"><a href=\"https:\/\/havkajaknatur.dk\/?page_id=3462\" class=\"more-link\">L\u00e6s videre<span class=\"screen-reader-text\"> &#8220;2019 Sverige \u00d8stkyst&#8221;<\/span><\/a><\/p>\n","protected":false},"author":1,"featured_media":3520,"parent":0,"menu_order":0,"comment_status":"closed","ping_status":"closed","template":"","meta":{"footnotes":""},"class_list":["post-3462","page","type-page","status-publish","has-post-thumbnail","hentry"],"_links":{"self":[{"href":"https:\/\/havkajaknatur.dk\/index.php?rest_route=\/wp\/v2\/pages\/3462","targetHints":{"allow":["GET"]}}],"collection":[{"href":"https:\/\/havkajaknatur.dk\/index.php?rest_route=\/wp\/v2\/pages"}],"about":[{"href":"https:\/\/havkajaknatur.dk\/index.php?rest_route=\/wp\/v2\/types\/page"}],"author":[{"embeddable":true,"href":"https:\/\/havkajaknatur.dk\/index.php?rest_route=\/wp\/v2\/users\/1"}],"replies":[{"embeddable":true,"href":"https:\/\/havkajaknatur.dk\/index.php?rest_route=%2Fwp%2Fv2%2Fcomments&post=3462"}],"version-history":[{"count":29,"href":"https:\/\/havkajaknatur.dk\/index.php?rest_route=\/wp\/v2\/pages\/3462\/revisions"}],"predecessor-version":[{"id":4314,"href":"https:\/\/havkajaknatur.dk\/index.php?rest_route=\/wp\/v2\/pages\/3462\/revisions\/4314"}],"wp:featuredmedia":[{"embeddable":true,"href":"https:\/\/havkajaknatur.dk\/index.php?rest_route=\/wp\/v2\/media\/3520"}],"wp:attachment":[{"href":"https:\/\/havkajaknatur.dk\/index.php?rest_route=%2Fwp%2Fv2%2Fmedia&parent=3462"}],"curies":[{"name":"wp","href":"https:\/\/api.w.org\/{rel}","templated":true}]}}