{"id":3438,"date":"2019-07-20T14:49:59","date_gmt":"2019-07-20T14:49:59","guid":{"rendered":"http:\/\/havkajaknatur.dk\/?page_id=3438"},"modified":"2023-04-24T07:28:53","modified_gmt":"2023-04-24T07:28:53","slug":"2019-hesseloe-rundt","status":"publish","type":"page","link":"https:\/\/havkajaknatur.dk\/?page_id=3438","title":{"rendered":"2019 Hessel\u00f8 Rundt"},"content":{"rendered":"\n<p class=\"has-text-align-right has-small-font-size\">Hessel\u00f8 syd\u00f8st spids<\/p>\n\n\n\n<p>Hessel\u00f8 rundt fra N\u00f8debohuse strand ved Hundested. En god vejrmelding og et kryds p\u00e5 25 km. til denne vidunderlige, meget isolerede \u00f8 . Man bliver lidt \u00f8m i bagen, men det er det hele v\u00e6rd. Den 18. juli var vejrudsigten p\u00e5 plads. Bent ringede og Susanne og jeg var med, s\u00e5 kl. 5:45 gik vi ud fra kysten med kurs mod Hessel\u00f8. Efter 4 timer 25 min. med lidt modstr\u00f8m gik vi i land p\u00e5 \u00f8en kl. 10.10. Vi holdt en velfortjent pause og fik noget at spise, inden vi roede rundt om \u00f8en. Det blev ogs\u00e5 til en tur ud til nordvest revet hvor der var omkring 100 s\u00e6ler. Vi var igen ind p\u00e5 \u00f8en og gjorde os klar til krydset tilbage. Kl. 14:50 ror vi mod Sj\u00e6lland, vi har b\u00e5de lidt medvind og medstr\u00f8m, s\u00e5 kl. 18.35 er vi tilbage efter 3 timer og 45 minutter, ganske godt g\u00e5et for en distance p\u00e5 25 km. <\/p>\n\n\n\n<figure class=\"wp-block-embed is-type-video is-provider-youtube wp-block-embed-youtube wp-embed-aspect-16-9 wp-has-aspect-ratio\"><div class=\"wp-block-embed__wrapper\">\n<iframe loading=\"lazy\" title=\"2019 Hessel\u00f8 Rundt 2\" width=\"525\" height=\"295\" src=\"https:\/\/www.youtube.com\/embed\/PZ-o7fAsJbM?feature=oembed\" frameborder=\"0\" allow=\"accelerometer; autoplay; clipboard-write; encrypted-media; gyroscope; picture-in-picture; web-share\" referrerpolicy=\"strict-origin-when-cross-origin\" allowfullscreen><\/iframe>\n<\/div><figcaption class=\"wp-element-caption\"><strong>Hessel\u00f8 Rundt i kajak 2019<\/strong><\/figcaption><\/figure>\n\n\n\n<p class=\"has-text-align-center has-medium-font-size\">Se mere om Hessel\u00f8 p\u00e5  siderne:   <strong><a href=\"https:\/\/havkajaknatur.dk\/?page_id=780\">Hessel\u00f8<\/a> <\/strong>  og   <a href=\"https:\/\/havkajaknatur.dk\/?page_id=3068\"><strong>Hessel\u00f8 Rundt 2012<\/strong><\/a><\/p>\n\n\n\n<figure class=\"wp-block-image size-full is-resized\"><a href=\"https:\/\/havkajaknatur.dk\/wp-content\/uploads\/2019\/07\/2019-Hessel\u00f8-Rundt-kort.jpg\"><img loading=\"lazy\" decoding=\"async\" src=\"https:\/\/havkajaknatur.dk\/wp-content\/uploads\/2019\/07\/2019-Hessel\u00f8-Rundt-kort.jpg\" alt=\"\" class=\"wp-image-3444\" width=\"1202\" height=\"1749\" srcset=\"https:\/\/havkajaknatur.dk\/wp-content\/uploads\/2019\/07\/2019-Hessel\u00f8-Rundt-kort.jpg 1202w, https:\/\/havkajaknatur.dk\/wp-content\/uploads\/2019\/07\/2019-Hessel\u00f8-Rundt-kort-206x300.jpg 206w, https:\/\/havkajaknatur.dk\/wp-content\/uploads\/2019\/07\/2019-Hessel\u00f8-Rundt-kort-768x1117.jpg 768w, https:\/\/havkajaknatur.dk\/wp-content\/uploads\/2019\/07\/2019-Hessel\u00f8-Rundt-kort-704x1024.jpg 704w\" sizes=\"auto, (max-width: 706px) 89vw, (max-width: 767px) 82vw, 740px\" \/><\/a><figcaption class=\"wp-element-caption\"><strong>Originalt GPS spor<\/strong><\/figcaption><\/figure>\n","protected":false},"excerpt":{"rendered":"<p>Hessel\u00f8 syd\u00f8st spids Hessel\u00f8 rundt fra N\u00f8debohuse strand ved Hundested. En god vejrmelding og et kryds p\u00e5 25 km. til denne vidunderlige, meget isolerede \u00f8 . Man bliver lidt \u00f8m i bagen, men det er det hele v\u00e6rd. Den 18. juli var vejrudsigten p\u00e5 plads. Bent ringede og Susanne og jeg var med, s\u00e5 kl. &hellip; <\/p>\n<p class=\"link-more\"><a href=\"https:\/\/havkajaknatur.dk\/?page_id=3438\" class=\"more-link\">L\u00e6s videre<span class=\"screen-reader-text\"> &#8220;2019 Hessel\u00f8 Rundt&#8221;<\/span><\/a><\/p>\n","protected":false},"author":1,"featured_media":3449,"parent":0,"menu_order":0,"comment_status":"closed","ping_status":"closed","template":"","meta":{"footnotes":""},"class_list":["post-3438","page","type-page","status-publish","has-post-thumbnail","hentry"],"_links":{"self":[{"href":"https:\/\/havkajaknatur.dk\/index.php?rest_route=\/wp\/v2\/pages\/3438","targetHints":{"allow":["GET"]}}],"collection":[{"href":"https:\/\/havkajaknatur.dk\/index.php?rest_route=\/wp\/v2\/pages"}],"about":[{"href":"https:\/\/havkajaknatur.dk\/index.php?rest_route=\/wp\/v2\/types\/page"}],"author":[{"embeddable":true,"href":"https:\/\/havkajaknatur.dk\/index.php?rest_route=\/wp\/v2\/users\/1"}],"replies":[{"embeddable":true,"href":"https:\/\/havkajaknatur.dk\/index.php?rest_route=%2Fwp%2Fv2%2Fcomments&post=3438"}],"version-history":[{"count":15,"href":"https:\/\/havkajaknatur.dk\/index.php?rest_route=\/wp\/v2\/pages\/3438\/revisions"}],"predecessor-version":[{"id":4716,"href":"https:\/\/havkajaknatur.dk\/index.php?rest_route=\/wp\/v2\/pages\/3438\/revisions\/4716"}],"wp:featuredmedia":[{"embeddable":true,"href":"https:\/\/havkajaknatur.dk\/index.php?rest_route=\/wp\/v2\/media\/3449"}],"wp:attachment":[{"href":"https:\/\/havkajaknatur.dk\/index.php?rest_route=%2Fwp%2Fv2%2Fmedia&parent=3438"}],"curies":[{"name":"wp","href":"https:\/\/api.w.org\/{rel}","templated":true}]}}