{"id":3412,"date":"2019-07-17T10:03:41","date_gmt":"2019-07-17T10:03:41","guid":{"rendered":"http:\/\/havkajaknatur.dk\/?page_id=3412"},"modified":"2021-12-10T19:01:16","modified_gmt":"2021-12-10T19:01:16","slug":"2019-norge-vest-oestfold","status":"publish","type":"page","link":"https:\/\/havkajaknatur.dk\/?page_id=3412","title":{"rendered":"2019 Norge, Vest-\u00d8stfold"},"content":{"rendered":"\n<p class=\"has-text-align-right has-small-font-size\">Rauerkalven<\/p>\n\n\n\n<p class=\"has-medium-font-size\"><\/p>\n\n\n\n<p><strong>Fra Sandefjord til Str\u00f8mstad.<\/strong> Bodil. Susanne og jeg k\u00f8rte til Str\u00f8mstad f\u00f8rst i juli m\u00e5ned. Stillede bilen, pakkede kajakker med hjul p\u00e5, og trillede ombord p\u00e5 f\u00e6rgen til Sandefjord. Herfra roede vi op gennem Vestfold, krydsede Oslofjorden og ned gennem \u00d8stfold og Hvaler. Af gode overnatningspladser skal is\u00e6r n\u00e6vnes Kl\u00f8vningen, Rauerkalven og S\u00f8ndre S\u00f8ster. Vi har roet mange steder blandt meget granit, men aldrig lava, det er muligt her i Oslofjordens udmunding med \u00f8erne Store- Mellem- og Lille Sletter, Struten, Nordre- og S\u00f8ndre S\u00f8ster, som alle mere eller mindre er lava \u00f8er, n\u00e6rmest surrealistisk i forhold til alt den granit vi ellers ror imellem. <\/p>\n\n\n\n<div class=\"wp-block-image\"><figure class=\"aligncenter size-full is-resized\"><a href=\"https:\/\/havkajaknatur.dk\/wp-content\/uploads\/2019\/07\/19Vest-\u00d8stfold-kort.jpg\"><img loading=\"lazy\" decoding=\"async\" src=\"https:\/\/havkajaknatur.dk\/wp-content\/uploads\/2019\/07\/19Vest-\u00d8stfold-kort.jpg\" alt=\"\" class=\"wp-image-3419\" width=\"2871\" height=\"2498\" srcset=\"https:\/\/havkajaknatur.dk\/wp-content\/uploads\/2019\/07\/19Vest-\u00d8stfold-kort.jpg 2871w, https:\/\/havkajaknatur.dk\/wp-content\/uploads\/2019\/07\/19Vest-\u00d8stfold-kort-300x261.jpg 300w, https:\/\/havkajaknatur.dk\/wp-content\/uploads\/2019\/07\/19Vest-\u00d8stfold-kort-768x668.jpg 768w, https:\/\/havkajaknatur.dk\/wp-content\/uploads\/2019\/07\/19Vest-\u00d8stfold-kort-1024x891.jpg 1024w\" sizes=\"auto, (max-width: 706px) 89vw, (max-width: 767px) 82vw, 740px\" \/><\/a><\/figure><\/div>\n\n\n\n<figure class=\"wp-block-embed is-type-video is-provider-youtube wp-block-embed-youtube wp-embed-aspect-16-9 wp-has-aspect-ratio\"><div class=\"wp-block-embed__wrapper\">\n<iframe loading=\"lazy\" title=\"2019 Norge Vest-\u00d8stfold\" width=\"525\" height=\"295\" src=\"https:\/\/www.youtube.com\/embed\/1xZtXUPnBJA?feature=oembed\" frameborder=\"0\" allow=\"accelerometer; autoplay; clipboard-write; encrypted-media; gyroscope; picture-in-picture; web-share\" referrerpolicy=\"strict-origin-when-cross-origin\" allowfullscreen><\/iframe>\n<\/div><\/figure>\n\n\n\n<figure class=\"wp-block-gallery columns-1 is-cropped wp-block-gallery-1 is-layout-flex wp-block-gallery-is-layout-flex\"><ul class=\"blocks-gallery-grid\"><li class=\"blocks-gallery-item\"><figure><a href=\"https:\/\/havkajaknatur.dk\/wp-content\/uploads\/2019\/07\/19Vest\u00d8stfold013-1024x733.jpg\"><img loading=\"lazy\" decoding=\"async\" width=\"1024\" height=\"733\" src=\"https:\/\/havkajaknatur.dk\/wp-content\/uploads\/2019\/07\/19Vest\u00d8stfold013-1024x733.jpg\" alt=\"\" data-id=\"3420\" data-link=\"https:\/\/havkajaknatur.dk\/?attachment_id=3420\" class=\"wp-image-3420\" srcset=\"https:\/\/havkajaknatur.dk\/wp-content\/uploads\/2019\/07\/19Vest\u00d8stfold013-1024x733.jpg 1024w, https:\/\/havkajaknatur.dk\/wp-content\/uploads\/2019\/07\/19Vest\u00d8stfold013-300x215.jpg 300w, https:\/\/havkajaknatur.dk\/wp-content\/uploads\/2019\/07\/19Vest\u00d8stfold013-768x550.jpg 768w\" sizes=\"auto, (max-width: 706px) 89vw, (max-width: 767px) 82vw, 740px\" \/><\/a><figcaption class=\"blocks-gallery-item__caption\">Stauper \u00f8erne<\/figcaption><\/figure><\/li><li class=\"blocks-gallery-item\"><figure><a href=\"https:\/\/havkajaknatur.dk\/wp-content\/uploads\/2019\/07\/19Vest\u00d8stfold021-1024x745.jpg\"><img loading=\"lazy\" decoding=\"async\" width=\"1024\" height=\"745\" src=\"https:\/\/havkajaknatur.dk\/wp-content\/uploads\/2019\/07\/19Vest\u00d8stfold021-1024x745.jpg\" alt=\"\" data-id=\"3421\" data-link=\"https:\/\/havkajaknatur.dk\/?attachment_id=3421\" class=\"wp-image-3421\" srcset=\"https:\/\/havkajaknatur.dk\/wp-content\/uploads\/2019\/07\/19Vest\u00d8stfold021-1024x745.jpg 1024w, https:\/\/havkajaknatur.dk\/wp-content\/uploads\/2019\/07\/19Vest\u00d8stfold021-300x218.jpg 300w, https:\/\/havkajaknatur.dk\/wp-content\/uploads\/2019\/07\/19Vest\u00d8stfold021-768x559.jpg 768w\" sizes=\"auto, (max-width: 706px) 89vw, (max-width: 767px) 82vw, 740px\" \/><\/a><\/figure><\/li><li class=\"blocks-gallery-item\"><figure><a href=\"https:\/\/havkajaknatur.dk\/wp-content\/uploads\/2019\/07\/19Vest\u00d8stfold029-1024x757.jpg\"><img loading=\"lazy\" decoding=\"async\" width=\"1024\" height=\"757\" src=\"https:\/\/havkajaknatur.dk\/wp-content\/uploads\/2019\/07\/19Vest\u00d8stfold029-1024x757.jpg\" alt=\"\" data-id=\"3422\" data-link=\"https:\/\/havkajaknatur.dk\/?attachment_id=3422\" class=\"wp-image-3422\" srcset=\"https:\/\/havkajaknatur.dk\/wp-content\/uploads\/2019\/07\/19Vest\u00d8stfold029-1024x757.jpg 1024w, https:\/\/havkajaknatur.dk\/wp-content\/uploads\/2019\/07\/19Vest\u00d8stfold029-300x222.jpg 300w, https:\/\/havkajaknatur.dk\/wp-content\/uploads\/2019\/07\/19Vest\u00d8stfold029-768x568.jpg 768w\" sizes=\"auto, (max-width: 706px) 89vw, (max-width: 767px) 82vw, 740px\" \/><\/a><figcaption class=\"blocks-gallery-item__caption\">Kl\u00f8vningen<\/figcaption><\/figure><\/li><li class=\"blocks-gallery-item\"><figure><a href=\"https:\/\/havkajaknatur.dk\/wp-content\/uploads\/2019\/07\/19Vest\u00d8stfold033-1024x768.jpg\"><img loading=\"lazy\" decoding=\"async\" width=\"1024\" height=\"768\" src=\"https:\/\/havkajaknatur.dk\/wp-content\/uploads\/2019\/07\/19Vest\u00d8stfold033-1024x768.jpg\" alt=\"\" data-id=\"3423\" data-link=\"https:\/\/havkajaknatur.dk\/?attachment_id=3423\" class=\"wp-image-3423\" srcset=\"https:\/\/havkajaknatur.dk\/wp-content\/uploads\/2019\/07\/19Vest\u00d8stfold033-1024x768.jpg 1024w, https:\/\/havkajaknatur.dk\/wp-content\/uploads\/2019\/07\/19Vest\u00d8stfold033-300x225.jpg 300w, https:\/\/havkajaknatur.dk\/wp-content\/uploads\/2019\/07\/19Vest\u00d8stfold033-768x576.jpg 768w\" sizes=\"auto, (max-width: 706px) 89vw, (max-width: 767px) 82vw, 740px\" \/><\/a><figcaption class=\"blocks-gallery-item__caption\">J\u00e6ttegryde, Kl\u00f8vningen<\/figcaption><\/figure><\/li><li class=\"blocks-gallery-item\"><figure><a href=\"https:\/\/havkajaknatur.dk\/wp-content\/uploads\/2019\/07\/19Vest\u00d8stfold047-1024x768.jpg\"><img loading=\"lazy\" decoding=\"async\" width=\"1024\" height=\"768\" src=\"https:\/\/havkajaknatur.dk\/wp-content\/uploads\/2019\/07\/19Vest\u00d8stfold047-1024x768.jpg\" alt=\"\" data-id=\"3424\" data-link=\"https:\/\/havkajaknatur.dk\/?attachment_id=3424\" class=\"wp-image-3424\" srcset=\"https:\/\/havkajaknatur.dk\/wp-content\/uploads\/2019\/07\/19Vest\u00d8stfold047-1024x768.jpg 1024w, https:\/\/havkajaknatur.dk\/wp-content\/uploads\/2019\/07\/19Vest\u00d8stfold047-300x225.jpg 300w, https:\/\/havkajaknatur.dk\/wp-content\/uploads\/2019\/07\/19Vest\u00d8stfold047-768x576.jpg 768w\" sizes=\"auto, (max-width: 706px) 89vw, (max-width: 767px) 82vw, 740px\" \/><\/a><figcaption class=\"blocks-gallery-item__caption\">Solopgang, Kl\u00f8vningen<\/figcaption><\/figure><\/li><li class=\"blocks-gallery-item\"><figure><a href=\"https:\/\/havkajaknatur.dk\/wp-content\/uploads\/2019\/07\/19Vest\u00d8stfold060-1024x765.jpg\"><img loading=\"lazy\" decoding=\"async\" width=\"1024\" height=\"765\" src=\"https:\/\/havkajaknatur.dk\/wp-content\/uploads\/2019\/07\/19Vest\u00d8stfold060-1024x765.jpg\" alt=\"\" data-id=\"3425\" data-link=\"https:\/\/havkajaknatur.dk\/?attachment_id=3425\" class=\"wp-image-3425\" srcset=\"https:\/\/havkajaknatur.dk\/wp-content\/uploads\/2019\/07\/19Vest\u00d8stfold060-1024x765.jpg 1024w, https:\/\/havkajaknatur.dk\/wp-content\/uploads\/2019\/07\/19Vest\u00d8stfold060-300x224.jpg 300w, https:\/\/havkajaknatur.dk\/wp-content\/uploads\/2019\/07\/19Vest\u00d8stfold060-768x574.jpg 768w\" sizes=\"auto, (max-width: 706px) 89vw, (max-width: 767px) 82vw, 740px\" \/><\/a><figcaption class=\"blocks-gallery-item__caption\">Fulehuk Fyr i frisk vind<\/figcaption><\/figure><\/li><li class=\"blocks-gallery-item\"><figure><a href=\"https:\/\/havkajaknatur.dk\/wp-content\/uploads\/2019\/07\/19Vest\u00d8stfold093-1024x768.jpg\"><img loading=\"lazy\" decoding=\"async\" width=\"1024\" height=\"768\" src=\"https:\/\/havkajaknatur.dk\/wp-content\/uploads\/2019\/07\/19Vest\u00d8stfold093-1024x768.jpg\" alt=\"\" data-id=\"3426\" data-link=\"https:\/\/havkajaknatur.dk\/?attachment_id=3426\" class=\"wp-image-3426\" srcset=\"https:\/\/havkajaknatur.dk\/wp-content\/uploads\/2019\/07\/19Vest\u00d8stfold093-1024x768.jpg 1024w, https:\/\/havkajaknatur.dk\/wp-content\/uploads\/2019\/07\/19Vest\u00d8stfold093-300x225.jpg 300w, https:\/\/havkajaknatur.dk\/wp-content\/uploads\/2019\/07\/19Vest\u00d8stfold093-768x576.jpg 768w\" sizes=\"auto, (max-width: 706px) 89vw, (max-width: 767px) 82vw, 740px\" \/><\/a><figcaption class=\"blocks-gallery-item__caption\">Solnedgang Veslekalv set fra Rauerkalven<\/figcaption><\/figure><\/li><li class=\"blocks-gallery-item\"><figure><a href=\"https:\/\/havkajaknatur.dk\/wp-content\/uploads\/2019\/07\/19Vest\u00d8stfold102-1024x768.jpg\"><img loading=\"lazy\" decoding=\"async\" width=\"1024\" height=\"768\" src=\"https:\/\/havkajaknatur.dk\/wp-content\/uploads\/2019\/07\/19Vest\u00d8stfold102-1024x768.jpg\" alt=\"\" data-id=\"3427\" data-link=\"https:\/\/havkajaknatur.dk\/?attachment_id=3427\" class=\"wp-image-3427\" srcset=\"https:\/\/havkajaknatur.dk\/wp-content\/uploads\/2019\/07\/19Vest\u00d8stfold102-1024x768.jpg 1024w, https:\/\/havkajaknatur.dk\/wp-content\/uploads\/2019\/07\/19Vest\u00d8stfold102-300x225.jpg 300w, https:\/\/havkajaknatur.dk\/wp-content\/uploads\/2019\/07\/19Vest\u00d8stfold102-768x576.jpg 768w\" sizes=\"auto, (max-width: 706px) 89vw, (max-width: 767px) 82vw, 740px\" \/><\/a><figcaption class=\"blocks-gallery-item__caption\">Rauerkalven<\/figcaption><\/figure><\/li><li class=\"blocks-gallery-item\"><figure><a href=\"https:\/\/havkajaknatur.dk\/wp-content\/uploads\/2019\/07\/19Vest\u00d8stfold112-1024x768.jpg\"><img loading=\"lazy\" decoding=\"async\" width=\"1024\" height=\"768\" src=\"https:\/\/havkajaknatur.dk\/wp-content\/uploads\/2019\/07\/19Vest\u00d8stfold112-1024x768.jpg\" alt=\"\" data-id=\"3428\" data-link=\"https:\/\/havkajaknatur.dk\/?attachment_id=3428\" class=\"wp-image-3428\" srcset=\"https:\/\/havkajaknatur.dk\/wp-content\/uploads\/2019\/07\/19Vest\u00d8stfold112-1024x768.jpg 1024w, https:\/\/havkajaknatur.dk\/wp-content\/uploads\/2019\/07\/19Vest\u00d8stfold112-300x225.jpg 300w, https:\/\/havkajaknatur.dk\/wp-content\/uploads\/2019\/07\/19Vest\u00d8stfold112-768x576.jpg 768w\" sizes=\"auto, (max-width: 706px) 89vw, (max-width: 767px) 82vw, 740px\" \/><\/a><figcaption class=\"blocks-gallery-item__caption\">S\u00f8ndre S\u00f8ster, vestkyst<\/figcaption><\/figure><\/li><li class=\"blocks-gallery-item\"><figure><a href=\"https:\/\/havkajaknatur.dk\/wp-content\/uploads\/2019\/07\/19Vest\u00d8stfold135-1024x768.jpg\"><img loading=\"lazy\" decoding=\"async\" width=\"1024\" height=\"768\" src=\"https:\/\/havkajaknatur.dk\/wp-content\/uploads\/2019\/07\/19Vest\u00d8stfold135-1024x768.jpg\" alt=\"\" data-id=\"3429\" data-link=\"https:\/\/havkajaknatur.dk\/?attachment_id=3429\" class=\"wp-image-3429\" srcset=\"https:\/\/havkajaknatur.dk\/wp-content\/uploads\/2019\/07\/19Vest\u00d8stfold135-1024x768.jpg 1024w, https:\/\/havkajaknatur.dk\/wp-content\/uploads\/2019\/07\/19Vest\u00d8stfold135-300x225.jpg 300w, https:\/\/havkajaknatur.dk\/wp-content\/uploads\/2019\/07\/19Vest\u00d8stfold135-768x576.jpg 768w\" sizes=\"auto, (max-width: 706px) 89vw, (max-width: 767px) 82vw, 740px\" \/><\/a><figcaption class=\"blocks-gallery-item__caption\">S\u00f8ndre S\u00f8ster, nordkyst<\/figcaption><\/figure><\/li><li class=\"blocks-gallery-item\"><figure><a href=\"https:\/\/havkajaknatur.dk\/wp-content\/uploads\/2019\/07\/19Vest\u00d8stfold136-1024x765.jpg\"><img loading=\"lazy\" decoding=\"async\" width=\"1024\" height=\"765\" src=\"https:\/\/havkajaknatur.dk\/wp-content\/uploads\/2019\/07\/19Vest\u00d8stfold136-1024x765.jpg\" alt=\"\" data-id=\"3430\" data-link=\"https:\/\/havkajaknatur.dk\/?attachment_id=3430\" class=\"wp-image-3430\" srcset=\"https:\/\/havkajaknatur.dk\/wp-content\/uploads\/2019\/07\/19Vest\u00d8stfold136-1024x765.jpg 1024w, https:\/\/havkajaknatur.dk\/wp-content\/uploads\/2019\/07\/19Vest\u00d8stfold136-300x224.jpg 300w, https:\/\/havkajaknatur.dk\/wp-content\/uploads\/2019\/07\/19Vest\u00d8stfold136-768x574.jpg 768w\" sizes=\"auto, (max-width: 706px) 89vw, (max-width: 767px) 82vw, 740px\" \/><\/a><figcaption class=\"blocks-gallery-item__caption\">Struten Fyr set fra S\u00f8ndre S\u00f8ster<\/figcaption><\/figure><\/li><li class=\"blocks-gallery-item\"><figure><a href=\"https:\/\/havkajaknatur.dk\/wp-content\/uploads\/2019\/07\/19Vest\u00d8stfold139-1024x768.jpg\"><img loading=\"lazy\" decoding=\"async\" width=\"1024\" height=\"768\" src=\"https:\/\/havkajaknatur.dk\/wp-content\/uploads\/2019\/07\/19Vest\u00d8stfold139-1024x768.jpg\" alt=\"\" data-id=\"3431\" data-link=\"https:\/\/havkajaknatur.dk\/?attachment_id=3431\" class=\"wp-image-3431\" srcset=\"https:\/\/havkajaknatur.dk\/wp-content\/uploads\/2019\/07\/19Vest\u00d8stfold139-1024x768.jpg 1024w, https:\/\/havkajaknatur.dk\/wp-content\/uploads\/2019\/07\/19Vest\u00d8stfold139-300x225.jpg 300w, https:\/\/havkajaknatur.dk\/wp-content\/uploads\/2019\/07\/19Vest\u00d8stfold139-768x576.jpg 768w\" sizes=\"auto, (max-width: 706px) 89vw, (max-width: 767px) 82vw, 740px\" \/><\/a><figcaption class=\"blocks-gallery-item__caption\">Aker\u00f8y F\u00e6stning<\/figcaption><\/figure><\/li><\/ul><\/figure>\n","protected":false},"excerpt":{"rendered":"<p>Rauerkalven Fra Sandefjord til Str\u00f8mstad. Bodil. Susanne og jeg k\u00f8rte til Str\u00f8mstad f\u00f8rst i juli m\u00e5ned. Stillede bilen, pakkede kajakker med hjul p\u00e5, og trillede ombord p\u00e5 f\u00e6rgen til Sandefjord. Herfra roede vi op gennem Vestfold, krydsede Oslofjorden og ned gennem \u00d8stfold og Hvaler. Af gode overnatningspladser skal is\u00e6r n\u00e6vnes Kl\u00f8vningen, Rauerkalven og S\u00f8ndre S\u00f8ster. &hellip; <\/p>\n<p class=\"link-more\"><a href=\"https:\/\/havkajaknatur.dk\/?page_id=3412\" class=\"more-link\">L\u00e6s videre<span class=\"screen-reader-text\"> &#8220;2019 Norge, Vest-\u00d8stfold&#8221;<\/span><\/a><\/p>\n","protected":false},"author":1,"featured_media":4251,"parent":0,"menu_order":0,"comment_status":"closed","ping_status":"closed","template":"","meta":{"footnotes":""},"class_list":["post-3412","page","type-page","status-publish","has-post-thumbnail","hentry"],"_links":{"self":[{"href":"https:\/\/havkajaknatur.dk\/index.php?rest_route=\/wp\/v2\/pages\/3412","targetHints":{"allow":["GET"]}}],"collection":[{"href":"https:\/\/havkajaknatur.dk\/index.php?rest_route=\/wp\/v2\/pages"}],"about":[{"href":"https:\/\/havkajaknatur.dk\/index.php?rest_route=\/wp\/v2\/types\/page"}],"author":[{"embeddable":true,"href":"https:\/\/havkajaknatur.dk\/index.php?rest_route=\/wp\/v2\/users\/1"}],"replies":[{"embeddable":true,"href":"https:\/\/havkajaknatur.dk\/index.php?rest_route=%2Fwp%2Fv2%2Fcomments&post=3412"}],"version-history":[{"count":21,"href":"https:\/\/havkajaknatur.dk\/index.php?rest_route=\/wp\/v2\/pages\/3412\/revisions"}],"predecessor-version":[{"id":4392,"href":"https:\/\/havkajaknatur.dk\/index.php?rest_route=\/wp\/v2\/pages\/3412\/revisions\/4392"}],"wp:featuredmedia":[{"embeddable":true,"href":"https:\/\/havkajaknatur.dk\/index.php?rest_route=\/wp\/v2\/media\/4251"}],"wp:attachment":[{"href":"https:\/\/havkajaknatur.dk\/index.php?rest_route=%2Fwp%2Fv2%2Fmedia&parent=3412"}],"curies":[{"name":"wp","href":"https:\/\/api.w.org\/{rel}","templated":true}]}}