{"id":3387,"date":"2019-06-27T19:31:35","date_gmt":"2019-06-27T19:31:35","guid":{"rendered":"http:\/\/havkajaknatur.dk\/?page_id=3387"},"modified":"2021-12-14T16:07:54","modified_gmt":"2021-12-14T16:07:54","slug":"roesnaes","status":"publish","type":"page","link":"https:\/\/havkajaknatur.dk\/?page_id=3387","title":{"rendered":"R\u00f8sn\u00e6s"},"content":{"rendered":"\n<p class=\"has-text-align-right has-small-font-size\">R\u00f8sn\u00e6s med fyr<\/p>\n\n\n\n<p>Hvis man kan leve lidt primitiv, kan man nogle gange opn\u00e5 det mest eksklusive, og det koster tilmed ikke noget. Det er lige ude for til fri afbenyttelse. Shelteren p\u00e5 det yderste af R\u00f8sn\u00e6s er et af de unikke steder i vores dejlige lille Danmark. Der er ingen undskyldning bare kast dig ud i et eventyr, du beh\u00f8ves ikke at tage over p\u00e5 den anden side af jorden.<\/p>\n\n\n\n<figure class=\"wp-block-embed is-type-video is-provider-youtube wp-block-embed-youtube wp-embed-aspect-16-9 wp-has-aspect-ratio\"><div class=\"wp-block-embed__wrapper\">\n<iframe loading=\"lazy\" title=\"2019 R\u00f8sn\u00e6s\" width=\"525\" height=\"295\" src=\"https:\/\/www.youtube.com\/embed\/y4ZU-o8O6lw?start=4&#038;feature=oembed\" frameborder=\"0\" allow=\"accelerometer; autoplay; clipboard-write; encrypted-media; gyroscope; picture-in-picture; web-share\" referrerpolicy=\"strict-origin-when-cross-origin\" allowfullscreen><\/iframe>\n<\/div><\/figure>\n\n\n\n<figure class=\"wp-block-gallery columns-1 is-cropped wp-block-gallery-1 is-layout-flex wp-block-gallery-is-layout-flex\"><ul class=\"blocks-gallery-grid\"><li class=\"blocks-gallery-item\"><figure><a href=\"https:\/\/havkajaknatur.dk\/wp-content\/uploads\/2019\/06\/R\u00f8sn\u00e6s01-1024x742.jpg\"><img loading=\"lazy\" decoding=\"async\" width=\"1024\" height=\"742\" src=\"https:\/\/havkajaknatur.dk\/wp-content\/uploads\/2019\/06\/R\u00f8sn\u00e6s01-1024x742.jpg\" alt=\"\" data-id=\"3392\" data-link=\"https:\/\/havkajaknatur.dk\/?attachment_id=3392\" class=\"wp-image-3392\" srcset=\"https:\/\/havkajaknatur.dk\/wp-content\/uploads\/2019\/06\/R\u00f8sn\u00e6s01-1024x742.jpg 1024w, https:\/\/havkajaknatur.dk\/wp-content\/uploads\/2019\/06\/R\u00f8sn\u00e6s01-300x217.jpg 300w, https:\/\/havkajaknatur.dk\/wp-content\/uploads\/2019\/06\/R\u00f8sn\u00e6s01-768x557.jpg 768w\" sizes=\"auto, (max-width: 706px) 89vw, (max-width: 767px) 82vw, 740px\" \/><\/a><\/figure><\/li><li class=\"blocks-gallery-item\"><figure><a href=\"https:\/\/havkajaknatur.dk\/wp-content\/uploads\/2019\/06\/R\u00f8sn\u00e6s03-1024x768.jpg\"><img loading=\"lazy\" decoding=\"async\" width=\"1024\" height=\"768\" src=\"https:\/\/havkajaknatur.dk\/wp-content\/uploads\/2019\/06\/R\u00f8sn\u00e6s03-1024x768.jpg\" alt=\"\" data-id=\"3393\" data-link=\"https:\/\/havkajaknatur.dk\/?attachment_id=3393\" class=\"wp-image-3393\" srcset=\"https:\/\/havkajaknatur.dk\/wp-content\/uploads\/2019\/06\/R\u00f8sn\u00e6s03-1024x768.jpg 1024w, https:\/\/havkajaknatur.dk\/wp-content\/uploads\/2019\/06\/R\u00f8sn\u00e6s03-300x225.jpg 300w, https:\/\/havkajaknatur.dk\/wp-content\/uploads\/2019\/06\/R\u00f8sn\u00e6s03-768x576.jpg 768w\" sizes=\"auto, (max-width: 706px) 89vw, (max-width: 767px) 82vw, 740px\" \/><\/a><\/figure><\/li><li class=\"blocks-gallery-item\"><figure><a href=\"https:\/\/havkajaknatur.dk\/wp-content\/uploads\/2019\/06\/19R\u00f8sn\u00e6s06-1024x768.jpg\"><img loading=\"lazy\" decoding=\"async\" width=\"1024\" height=\"768\" src=\"https:\/\/havkajaknatur.dk\/wp-content\/uploads\/2019\/06\/19R\u00f8sn\u00e6s06-1024x768.jpg\" alt=\"\" data-id=\"3406\" data-link=\"https:\/\/havkajaknatur.dk\/?attachment_id=3406\" class=\"wp-image-3406\" srcset=\"https:\/\/havkajaknatur.dk\/wp-content\/uploads\/2019\/06\/19R\u00f8sn\u00e6s06-1024x768.jpg 1024w, https:\/\/havkajaknatur.dk\/wp-content\/uploads\/2019\/06\/19R\u00f8sn\u00e6s06-300x225.jpg 300w, https:\/\/havkajaknatur.dk\/wp-content\/uploads\/2019\/06\/19R\u00f8sn\u00e6s06-768x576.jpg 768w\" sizes=\"auto, (max-width: 706px) 89vw, (max-width: 767px) 82vw, 740px\" \/><\/a><figcaption class=\"blocks-gallery-item__caption\"><br><\/figcaption><\/figure><\/li><\/ul><\/figure>\n","protected":false},"excerpt":{"rendered":"<p>R\u00f8sn\u00e6s med fyr Hvis man kan leve lidt primitiv, kan man nogle gange opn\u00e5 det mest eksklusive, og det koster tilmed ikke noget. Det er lige ude for til fri afbenyttelse. Shelteren p\u00e5 det yderste af R\u00f8sn\u00e6s er et af de unikke steder i vores dejlige lille Danmark. Der er ingen undskyldning bare kast dig &hellip; <\/p>\n<p class=\"link-more\"><a href=\"https:\/\/havkajaknatur.dk\/?page_id=3387\" class=\"more-link\">L\u00e6s videre<span class=\"screen-reader-text\"> &#8220;R\u00f8sn\u00e6s&#8221;<\/span><\/a><\/p>\n","protected":false},"author":1,"featured_media":3404,"parent":0,"menu_order":0,"comment_status":"closed","ping_status":"closed","template":"","meta":{"footnotes":""},"class_list":["post-3387","page","type-page","status-publish","has-post-thumbnail","hentry"],"_links":{"self":[{"href":"https:\/\/havkajaknatur.dk\/index.php?rest_route=\/wp\/v2\/pages\/3387","targetHints":{"allow":["GET"]}}],"collection":[{"href":"https:\/\/havkajaknatur.dk\/index.php?rest_route=\/wp\/v2\/pages"}],"about":[{"href":"https:\/\/havkajaknatur.dk\/index.php?rest_route=\/wp\/v2\/types\/page"}],"author":[{"embeddable":true,"href":"https:\/\/havkajaknatur.dk\/index.php?rest_route=\/wp\/v2\/users\/1"}],"replies":[{"embeddable":true,"href":"https:\/\/havkajaknatur.dk\/index.php?rest_route=%2Fwp%2Fv2%2Fcomments&post=3387"}],"version-history":[{"count":15,"href":"https:\/\/havkajaknatur.dk\/index.php?rest_route=\/wp\/v2\/pages\/3387\/revisions"}],"predecessor-version":[{"id":4495,"href":"https:\/\/havkajaknatur.dk\/index.php?rest_route=\/wp\/v2\/pages\/3387\/revisions\/4495"}],"wp:featuredmedia":[{"embeddable":true,"href":"https:\/\/havkajaknatur.dk\/index.php?rest_route=\/wp\/v2\/media\/3404"}],"wp:attachment":[{"href":"https:\/\/havkajaknatur.dk\/index.php?rest_route=%2Fwp%2Fv2%2Fmedia&parent=3387"}],"curies":[{"name":"wp","href":"https:\/\/api.w.org\/{rel}","templated":true}]}}