{"id":3304,"date":"2019-04-30T17:46:32","date_gmt":"2019-04-30T17:46:32","guid":{"rendered":"http:\/\/havkajaknatur.dk\/?page_id=3304"},"modified":"2021-12-10T09:34:01","modified_gmt":"2021-12-10T09:34:01","slug":"2019-als-rundt","status":"publish","type":"page","link":"https:\/\/havkajaknatur.dk\/?page_id=3304","title":{"rendered":"2019 Als Rundt"},"content":{"rendered":"\n<p class=\"has-text-align-right has-small-font-size\">Kegn\u00e6s<\/p>\n\n\n\n<p>Sidst i april roede vi Als Rundt p\u00e5 3 dage med transport fra Hundested og tilbage. Vi skulle lige f\u00f8rst tjekke om en Polo kunne klare 3 kajakker og bagage. Det gik fint, den er klar til sommerturen. Vi startede p\u00e5 Jyllands siden, p\u00e5 Varn\u00e6shoved, og roede med uret. Der er p\u00e6nt fordelt med Naturstyrelsens teltpladser ude ved vandet hele vejen rundt. Deltagere: Susanne, Bodil og mig selv, ro distance 90 km..<\/p>\n\n\n\n<figure class=\"wp-block-embed is-type-video is-provider-youtube wp-block-embed-youtube wp-embed-aspect-16-9 wp-has-aspect-ratio\"><div class=\"wp-block-embed__wrapper\">\n<iframe loading=\"lazy\" title=\"2019 Als Rundt\" width=\"525\" height=\"295\" src=\"https:\/\/www.youtube.com\/embed\/ZWKVnMsQ8_E?feature=oembed\" frameborder=\"0\" allow=\"accelerometer; autoplay; clipboard-write; encrypted-media; gyroscope; picture-in-picture; web-share\" referrerpolicy=\"strict-origin-when-cross-origin\" allowfullscreen><\/iframe>\n<\/div><\/figure>\n\n\n\n<figure class=\"wp-block-image size-full is-resized\"><a href=\"https:\/\/havkajaknatur.dk\/wp-content\/uploads\/2019\/04\/19-Als-Rundt-2019.jpg\"><img loading=\"lazy\" decoding=\"async\" src=\"https:\/\/havkajaknatur.dk\/wp-content\/uploads\/2019\/04\/19-Als-Rundt-2019.jpg\" alt=\"\" class=\"wp-image-3311\" width=\"1646\" height=\"1496\" srcset=\"https:\/\/havkajaknatur.dk\/wp-content\/uploads\/2019\/04\/19-Als-Rundt-2019.jpg 1646w, https:\/\/havkajaknatur.dk\/wp-content\/uploads\/2019\/04\/19-Als-Rundt-2019-300x273.jpg 300w, https:\/\/havkajaknatur.dk\/wp-content\/uploads\/2019\/04\/19-Als-Rundt-2019-768x698.jpg 768w, https:\/\/havkajaknatur.dk\/wp-content\/uploads\/2019\/04\/19-Als-Rundt-2019-1024x931.jpg 1024w\" sizes=\"auto, (max-width: 706px) 89vw, (max-width: 767px) 82vw, 740px\" \/><\/a><\/figure>\n\n\n\n<figure class=\"wp-block-gallery columns-1 is-cropped wp-block-gallery-1 is-layout-flex wp-block-gallery-is-layout-flex\"><ul class=\"blocks-gallery-grid\"><li class=\"blocks-gallery-item\"><figure><a href=\"https:\/\/havkajaknatur.dk\/wp-content\/uploads\/2019\/06\/19Als01-1024x764.jpg\"><img loading=\"lazy\" decoding=\"async\" width=\"1024\" height=\"764\" src=\"https:\/\/havkajaknatur.dk\/wp-content\/uploads\/2019\/06\/19Als01-1024x764.jpg\" alt=\"\" data-id=\"3369\" data-link=\"https:\/\/havkajaknatur.dk\/?attachment_id=3369\" class=\"wp-image-3369\" srcset=\"https:\/\/havkajaknatur.dk\/wp-content\/uploads\/2019\/06\/19Als01-1024x764.jpg 1024w, https:\/\/havkajaknatur.dk\/wp-content\/uploads\/2019\/06\/19Als01-300x224.jpg 300w, https:\/\/havkajaknatur.dk\/wp-content\/uploads\/2019\/06\/19Als01-768x573.jpg 768w\" sizes=\"auto, (max-width: 706px) 89vw, (max-width: 767px) 82vw, 740px\" \/><\/a><figcaption class=\"blocks-gallery-item__caption\">Taksensand Fyr<\/figcaption><\/figure><\/li><li class=\"blocks-gallery-item\"><figure><a href=\"https:\/\/havkajaknatur.dk\/wp-content\/uploads\/2019\/06\/19Als04-1024x768.jpg\"><img loading=\"lazy\" decoding=\"async\" width=\"1024\" height=\"768\" src=\"https:\/\/havkajaknatur.dk\/wp-content\/uploads\/2019\/06\/19Als04-1024x768.jpg\" alt=\"\" data-id=\"3370\" data-link=\"https:\/\/havkajaknatur.dk\/?attachment_id=3370\" class=\"wp-image-3370\" srcset=\"https:\/\/havkajaknatur.dk\/wp-content\/uploads\/2019\/06\/19Als04-1024x768.jpg 1024w, https:\/\/havkajaknatur.dk\/wp-content\/uploads\/2019\/06\/19Als04-300x225.jpg 300w, https:\/\/havkajaknatur.dk\/wp-content\/uploads\/2019\/06\/19Als04-768x576.jpg 768w\" sizes=\"auto, (max-width: 706px) 89vw, (max-width: 767px) 82vw, 740px\" \/><\/a><figcaption class=\"blocks-gallery-item__caption\">N\u00f8rreskov<\/figcaption><\/figure><\/li><li class=\"blocks-gallery-item\"><figure><a href=\"https:\/\/havkajaknatur.dk\/wp-content\/uploads\/2019\/06\/19Als08-1024x763.jpg\"><img loading=\"lazy\" decoding=\"async\" width=\"1024\" height=\"763\" src=\"https:\/\/havkajaknatur.dk\/wp-content\/uploads\/2019\/06\/19Als08-1024x763.jpg\" alt=\"\" data-id=\"3371\" data-link=\"https:\/\/havkajaknatur.dk\/?attachment_id=3371\" class=\"wp-image-3371\" srcset=\"https:\/\/havkajaknatur.dk\/wp-content\/uploads\/2019\/06\/19Als08-1024x763.jpg 1024w, https:\/\/havkajaknatur.dk\/wp-content\/uploads\/2019\/06\/19Als08-300x223.jpg 300w, https:\/\/havkajaknatur.dk\/wp-content\/uploads\/2019\/06\/19Als08-768x572.jpg 768w\" sizes=\"auto, (max-width: 706px) 89vw, (max-width: 767px) 82vw, 740px\" \/><\/a><\/figure><\/li><li class=\"blocks-gallery-item\"><figure><a href=\"https:\/\/havkajaknatur.dk\/wp-content\/uploads\/2019\/06\/19Als12-1024x762.jpg\"><img loading=\"lazy\" decoding=\"async\" width=\"1024\" height=\"762\" src=\"https:\/\/havkajaknatur.dk\/wp-content\/uploads\/2019\/06\/19Als12-1024x762.jpg\" alt=\"\" data-id=\"3372\" data-link=\"https:\/\/havkajaknatur.dk\/?attachment_id=3372\" class=\"wp-image-3372\" srcset=\"https:\/\/havkajaknatur.dk\/wp-content\/uploads\/2019\/06\/19Als12-1024x762.jpg 1024w, https:\/\/havkajaknatur.dk\/wp-content\/uploads\/2019\/06\/19Als12-300x223.jpg 300w, https:\/\/havkajaknatur.dk\/wp-content\/uploads\/2019\/06\/19Als12-768x571.jpg 768w\" sizes=\"auto, (max-width: 706px) 89vw, (max-width: 767px) 82vw, 740px\" \/><\/a><figcaption class=\"blocks-gallery-item__caption\">H\u00f8ruphav<\/figcaption><\/figure><\/li><li class=\"blocks-gallery-item\"><figure><a href=\"https:\/\/havkajaknatur.dk\/wp-content\/uploads\/2019\/06\/19Als16-1024x768.jpg\"><img loading=\"lazy\" decoding=\"async\" width=\"1024\" height=\"768\" src=\"https:\/\/havkajaknatur.dk\/wp-content\/uploads\/2019\/06\/19Als16-1024x768.jpg\" alt=\"\" data-id=\"3373\" data-link=\"https:\/\/havkajaknatur.dk\/?attachment_id=3373\" class=\"wp-image-3373\" srcset=\"https:\/\/havkajaknatur.dk\/wp-content\/uploads\/2019\/06\/19Als16-1024x768.jpg 1024w, https:\/\/havkajaknatur.dk\/wp-content\/uploads\/2019\/06\/19Als16-300x225.jpg 300w, https:\/\/havkajaknatur.dk\/wp-content\/uploads\/2019\/06\/19Als16-768x576.jpg 768w\" sizes=\"auto, (max-width: 706px) 89vw, (max-width: 767px) 82vw, 740px\" \/><\/a><figcaption class=\"blocks-gallery-item__caption\">H\u00f8ruphav<\/figcaption><\/figure><\/li><li class=\"blocks-gallery-item\"><figure><a href=\"https:\/\/havkajaknatur.dk\/wp-content\/uploads\/2019\/06\/19Als17-1024x755.jpg\"><img loading=\"lazy\" decoding=\"async\" width=\"1024\" height=\"755\" src=\"https:\/\/havkajaknatur.dk\/wp-content\/uploads\/2019\/06\/19Als17-1024x755.jpg\" alt=\"\" data-id=\"3374\" data-link=\"https:\/\/havkajaknatur.dk\/?attachment_id=3374\" class=\"wp-image-3374\" srcset=\"https:\/\/havkajaknatur.dk\/wp-content\/uploads\/2019\/06\/19Als17-1024x755.jpg 1024w, https:\/\/havkajaknatur.dk\/wp-content\/uploads\/2019\/06\/19Als17-300x221.jpg 300w, https:\/\/havkajaknatur.dk\/wp-content\/uploads\/2019\/06\/19Als17-768x567.jpg 768w\" sizes=\"auto, (max-width: 706px) 89vw, (max-width: 767px) 82vw, 740px\" \/><\/a><\/figure><\/li><li class=\"blocks-gallery-item\"><figure><a href=\"https:\/\/havkajaknatur.dk\/wp-content\/uploads\/2019\/06\/19Als21-1024x768.jpg\"><img loading=\"lazy\" decoding=\"async\" width=\"1024\" height=\"768\" src=\"https:\/\/havkajaknatur.dk\/wp-content\/uploads\/2019\/06\/19Als21-1024x768.jpg\" alt=\"\" data-id=\"3375\" data-link=\"https:\/\/havkajaknatur.dk\/?attachment_id=3375\" class=\"wp-image-3375\" srcset=\"https:\/\/havkajaknatur.dk\/wp-content\/uploads\/2019\/06\/19Als21-1024x768.jpg 1024w, https:\/\/havkajaknatur.dk\/wp-content\/uploads\/2019\/06\/19Als21-300x225.jpg 300w, https:\/\/havkajaknatur.dk\/wp-content\/uploads\/2019\/06\/19Als21-768x576.jpg 768w\" sizes=\"auto, (max-width: 706px) 89vw, (max-width: 767px) 82vw, 740px\" \/><\/a><figcaption class=\"blocks-gallery-item__caption\">S\u00f8nderborg Dannebro<\/figcaption><\/figure><\/li><li class=\"blocks-gallery-item\"><figure><a href=\"https:\/\/havkajaknatur.dk\/wp-content\/uploads\/2019\/06\/19Als25-1024x759.jpg\"><img loading=\"lazy\" decoding=\"async\" width=\"1024\" height=\"759\" src=\"https:\/\/havkajaknatur.dk\/wp-content\/uploads\/2019\/06\/19Als25-1024x759.jpg\" alt=\"\" data-id=\"3377\" data-link=\"https:\/\/havkajaknatur.dk\/?attachment_id=3377\" class=\"wp-image-3377\" srcset=\"https:\/\/havkajaknatur.dk\/wp-content\/uploads\/2019\/06\/19Als25-1024x759.jpg 1024w, https:\/\/havkajaknatur.dk\/wp-content\/uploads\/2019\/06\/19Als25-300x223.jpg 300w, https:\/\/havkajaknatur.dk\/wp-content\/uploads\/2019\/06\/19Als25-768x570.jpg 768w\" sizes=\"auto, (max-width: 706px) 89vw, (max-width: 767px) 82vw, 740px\" \/><\/a><figcaption class=\"blocks-gallery-item__caption\">S\u00f8nderborg, Dannebro<\/figcaption><\/figure><\/li><li class=\"blocks-gallery-item\"><figure><a href=\"https:\/\/havkajaknatur.dk\/wp-content\/uploads\/2019\/06\/19Als24-1024x749.jpg\"><img loading=\"lazy\" decoding=\"async\" width=\"1024\" height=\"749\" src=\"https:\/\/havkajaknatur.dk\/wp-content\/uploads\/2019\/06\/19Als24-1024x749.jpg\" alt=\"\" data-id=\"3376\" data-link=\"https:\/\/havkajaknatur.dk\/?attachment_id=3376\" class=\"wp-image-3376\" srcset=\"https:\/\/havkajaknatur.dk\/wp-content\/uploads\/2019\/06\/19Als24-1024x749.jpg 1024w, https:\/\/havkajaknatur.dk\/wp-content\/uploads\/2019\/06\/19Als24-300x219.jpg 300w, https:\/\/havkajaknatur.dk\/wp-content\/uploads\/2019\/06\/19Als24-768x562.jpg 768w\" sizes=\"auto, (max-width: 706px) 89vw, (max-width: 767px) 82vw, 740px\" \/><\/a><figcaption class=\"blocks-gallery-item__caption\">S\u00f8nderborg<\/figcaption><\/figure><\/li><li class=\"blocks-gallery-item\"><figure><a href=\"https:\/\/havkajaknatur.dk\/wp-content\/uploads\/2019\/06\/19Als30-1024x749.jpg\"><img loading=\"lazy\" decoding=\"async\" width=\"1024\" height=\"749\" src=\"https:\/\/havkajaknatur.dk\/wp-content\/uploads\/2019\/06\/19Als30-1024x749.jpg\" alt=\"\" data-id=\"3378\" data-link=\"https:\/\/havkajaknatur.dk\/?attachment_id=3378\" class=\"wp-image-3378\" srcset=\"https:\/\/havkajaknatur.dk\/wp-content\/uploads\/2019\/06\/19Als30-1024x749.jpg 1024w, https:\/\/havkajaknatur.dk\/wp-content\/uploads\/2019\/06\/19Als30-300x219.jpg 300w, https:\/\/havkajaknatur.dk\/wp-content\/uploads\/2019\/06\/19Als30-768x562.jpg 768w\" sizes=\"auto, (max-width: 706px) 89vw, (max-width: 767px) 82vw, 740px\" \/><\/a><figcaption class=\"blocks-gallery-item__caption\">Nydam b\u00e5den<\/figcaption><\/figure><\/li><\/ul><\/figure>\n","protected":false},"excerpt":{"rendered":"<p>Kegn\u00e6s Sidst i april roede vi Als Rundt p\u00e5 3 dage med transport fra Hundested og tilbage. Vi skulle lige f\u00f8rst tjekke om en Polo kunne klare 3 kajakker og bagage. Det gik fint, den er klar til sommerturen. Vi startede p\u00e5 Jyllands siden, p\u00e5 Varn\u00e6shoved, og roede med uret. Der er p\u00e6nt fordelt med &hellip; <\/p>\n<p class=\"link-more\"><a href=\"https:\/\/havkajaknatur.dk\/?page_id=3304\" class=\"more-link\">L\u00e6s videre<span class=\"screen-reader-text\"> &#8220;2019 Als Rundt&#8221;<\/span><\/a><\/p>\n","protected":false},"author":1,"featured_media":3310,"parent":0,"menu_order":0,"comment_status":"closed","ping_status":"closed","template":"","meta":{"footnotes":""},"class_list":["post-3304","page","type-page","status-publish","has-post-thumbnail","hentry"],"_links":{"self":[{"href":"https:\/\/havkajaknatur.dk\/index.php?rest_route=\/wp\/v2\/pages\/3304","targetHints":{"allow":["GET"]}}],"collection":[{"href":"https:\/\/havkajaknatur.dk\/index.php?rest_route=\/wp\/v2\/pages"}],"about":[{"href":"https:\/\/havkajaknatur.dk\/index.php?rest_route=\/wp\/v2\/types\/page"}],"author":[{"embeddable":true,"href":"https:\/\/havkajaknatur.dk\/index.php?rest_route=\/wp\/v2\/users\/1"}],"replies":[{"embeddable":true,"href":"https:\/\/havkajaknatur.dk\/index.php?rest_route=%2Fwp%2Fv2%2Fcomments&post=3304"}],"version-history":[{"count":12,"href":"https:\/\/havkajaknatur.dk\/index.php?rest_route=\/wp\/v2\/pages\/3304\/revisions"}],"predecessor-version":[{"id":4307,"href":"https:\/\/havkajaknatur.dk\/index.php?rest_route=\/wp\/v2\/pages\/3304\/revisions\/4307"}],"wp:featuredmedia":[{"embeddable":true,"href":"https:\/\/havkajaknatur.dk\/index.php?rest_route=\/wp\/v2\/media\/3310"}],"wp:attachment":[{"href":"https:\/\/havkajaknatur.dk\/index.php?rest_route=%2Fwp%2Fv2%2Fmedia&parent=3304"}],"curies":[{"name":"wp","href":"https:\/\/api.w.org\/{rel}","templated":true}]}}