{"id":3187,"date":"2019-03-03T14:19:00","date_gmt":"2019-03-03T14:19:00","guid":{"rendered":"http:\/\/havkajaknatur.dk\/?page_id=3187"},"modified":"2021-12-17T08:15:47","modified_gmt":"2021-12-17T08:15:47","slug":"2007-anholt-rundt","status":"publish","type":"page","link":"https:\/\/havkajaknatur.dk\/?page_id=3187","title":{"rendered":"2007 Anholt Rundt"},"content":{"rendered":"\n<p class=\"has-text-align-right has-small-font-size\">Nordstrand med Anholt Fyr<\/p>\n\n\n\n<p>Ideen om at ro Anholt rundt i kajak startede i forsommeren. Vejrudsigten var bare ikke til det. Vi n\u00e5ede helt hen til sidst i oktober, f\u00f8r der var en vejrudsigt, vi kunne bruge. Men s\u00e5 var den\u00a0 ogs\u00e5 perfekt. P\u00e5 8 timer sejlede vi fra Hundested til Anholt i sejlb\u00e5d i en p\u00e6n vestenvind. De n\u00e6ste to dage var det helt stille, bl\u00e5 himmel og sol. Den ene dag roede vi \u00f8en rundt. En dejlig oplevelse efter at have g\u00e5et inde p\u00e5 \u00f8en mange gange gennem \u00e5rene. Is\u00e6r at ligge ud for \u00f8st spidsen og kikke ind p\u00e5 fyret fra den vinkel, var sp\u00e6ndende. Noget man ikke engang kan i sejlb\u00e5d p\u00e5 grund af revet. Nu l\u00e5 vi p\u00e5 revet i kajakker med s\u00e6ler sv\u00f8mmende over den rene sandbund, og det skal siges, at vi holdt os uden for s\u00e6lreservatet . Dagen efter gik vi en p\u00e6n tur inde p\u00e5 \u00f8en, og var en tur ude p\u00e5 nordstranden i kajakkerne. Den ene aften var vi p\u00e5 Anholt Kro og spise dyreryg og is med pandekager, hvor vi fik en sjov oplevelse med de lokale g\u00e6ster. Den sidste dag var der igen vind, lidt mere end da vi sejlede op. S\u00e5 efter 6 timer var vi atter tilbage i Hundested. Deltagere: J\u00f8rgen og mig selv<\/p>\n\n\n\n<figure class=\"wp-block-embed is-type-video is-provider-youtube wp-block-embed-youtube wp-embed-aspect-16-9 wp-has-aspect-ratio\"><div class=\"wp-block-embed__wrapper\">\n<iframe loading=\"lazy\" title=\"Kayak Anholt Rundt\" width=\"525\" height=\"295\" src=\"https:\/\/www.youtube.com\/embed\/K84K4unHBxM?feature=oembed\" frameborder=\"0\" allow=\"accelerometer; autoplay; clipboard-write; encrypted-media; gyroscope; picture-in-picture; web-share\" referrerpolicy=\"strict-origin-when-cross-origin\" allowfullscreen><\/iframe>\n<\/div><\/figure>\n\n\n\n<p class=\"has-text-align-center has-medium-font-size\">Se ogs\u00e5 siden <a href=\"https:\/\/havkajaknatur.dk\/?page_id=893\"><strong>Anholt<\/strong><\/a><\/p>\n\n\n\n<figure class=\"wp-block-gallery columns-1 is-cropped wp-block-gallery-1 is-layout-flex wp-block-gallery-is-layout-flex\"><ul class=\"blocks-gallery-grid\"><li class=\"blocks-gallery-item\"><figure><a href=\"https:\/\/havkajaknatur.dk\/wp-content\/uploads\/2019\/03\/07Kajak003-1024x768.jpg\"><img loading=\"lazy\" decoding=\"async\" width=\"1024\" height=\"768\" src=\"https:\/\/havkajaknatur.dk\/wp-content\/uploads\/2019\/03\/07Kajak003-1024x768.jpg\" alt=\"\" data-id=\"3192\" data-link=\"https:\/\/havkajaknatur.dk\/?attachment_id=3192\" class=\"wp-image-3192\" srcset=\"https:\/\/havkajaknatur.dk\/wp-content\/uploads\/2019\/03\/07Kajak003-1024x768.jpg 1024w, https:\/\/havkajaknatur.dk\/wp-content\/uploads\/2019\/03\/07Kajak003-300x225.jpg 300w, https:\/\/havkajaknatur.dk\/wp-content\/uploads\/2019\/03\/07Kajak003-768x576.jpg 768w\" sizes=\"auto, (max-width: 706px) 89vw, (max-width: 767px) 82vw, 740px\" \/><\/a><\/figure><\/li><li class=\"blocks-gallery-item\"><figure><a href=\"https:\/\/havkajaknatur.dk\/wp-content\/uploads\/2019\/03\/07Kajak002-1024x768.jpg\"><img loading=\"lazy\" decoding=\"async\" width=\"1024\" height=\"768\" src=\"https:\/\/havkajaknatur.dk\/wp-content\/uploads\/2019\/03\/07Kajak002-1024x768.jpg\" alt=\"\" data-id=\"3191\" data-link=\"https:\/\/havkajaknatur.dk\/?attachment_id=3191\" class=\"wp-image-3191\" srcset=\"https:\/\/havkajaknatur.dk\/wp-content\/uploads\/2019\/03\/07Kajak002-1024x768.jpg 1024w, https:\/\/havkajaknatur.dk\/wp-content\/uploads\/2019\/03\/07Kajak002-300x225.jpg 300w, https:\/\/havkajaknatur.dk\/wp-content\/uploads\/2019\/03\/07Kajak002-768x576.jpg 768w\" sizes=\"auto, (max-width: 706px) 89vw, (max-width: 767px) 82vw, 740px\" \/><\/a><\/figure><\/li><li class=\"blocks-gallery-item\"><figure><a href=\"https:\/\/havkajaknatur.dk\/wp-content\/uploads\/2019\/03\/07Kajak017-1024x768.jpg\"><img loading=\"lazy\" decoding=\"async\" width=\"1024\" height=\"768\" src=\"https:\/\/havkajaknatur.dk\/wp-content\/uploads\/2019\/03\/07Kajak017-1024x768.jpg\" alt=\"\" data-id=\"3193\" data-link=\"https:\/\/havkajaknatur.dk\/?attachment_id=3193\" class=\"wp-image-3193\" srcset=\"https:\/\/havkajaknatur.dk\/wp-content\/uploads\/2019\/03\/07Kajak017-1024x768.jpg 1024w, https:\/\/havkajaknatur.dk\/wp-content\/uploads\/2019\/03\/07Kajak017-300x225.jpg 300w, https:\/\/havkajaknatur.dk\/wp-content\/uploads\/2019\/03\/07Kajak017-768x576.jpg 768w\" sizes=\"auto, (max-width: 706px) 89vw, (max-width: 767px) 82vw, 740px\" \/><\/a><\/figure><\/li><li class=\"blocks-gallery-item\"><figure><a href=\"https:\/\/havkajaknatur.dk\/wp-content\/uploads\/2019\/03\/07Kajak058-1024x768.jpg\"><img loading=\"lazy\" decoding=\"async\" width=\"1024\" height=\"768\" src=\"https:\/\/havkajaknatur.dk\/wp-content\/uploads\/2019\/03\/07Kajak058-1024x768.jpg\" alt=\"\" data-id=\"3196\" data-link=\"https:\/\/havkajaknatur.dk\/?attachment_id=3196\" class=\"wp-image-3196\" srcset=\"https:\/\/havkajaknatur.dk\/wp-content\/uploads\/2019\/03\/07Kajak058-1024x768.jpg 1024w, https:\/\/havkajaknatur.dk\/wp-content\/uploads\/2019\/03\/07Kajak058-300x225.jpg 300w, https:\/\/havkajaknatur.dk\/wp-content\/uploads\/2019\/03\/07Kajak058-768x576.jpg 768w\" sizes=\"auto, (max-width: 706px) 89vw, (max-width: 767px) 82vw, 740px\" \/><\/a><\/figure><\/li><li class=\"blocks-gallery-item\"><figure><a href=\"https:\/\/havkajaknatur.dk\/wp-content\/uploads\/2019\/03\/07Kajak081-1024x768.jpg\"><img loading=\"lazy\" decoding=\"async\" width=\"1024\" height=\"768\" src=\"https:\/\/havkajaknatur.dk\/wp-content\/uploads\/2019\/03\/07Kajak081-1024x768.jpg\" alt=\"\" data-id=\"3197\" data-link=\"https:\/\/havkajaknatur.dk\/?attachment_id=3197\" class=\"wp-image-3197\" srcset=\"https:\/\/havkajaknatur.dk\/wp-content\/uploads\/2019\/03\/07Kajak081-1024x768.jpg 1024w, https:\/\/havkajaknatur.dk\/wp-content\/uploads\/2019\/03\/07Kajak081-300x225.jpg 300w, https:\/\/havkajaknatur.dk\/wp-content\/uploads\/2019\/03\/07Kajak081-768x576.jpg 768w\" sizes=\"auto, (max-width: 706px) 89vw, (max-width: 767px) 82vw, 740px\" \/><\/a><\/figure><\/li><\/ul><\/figure>\n","protected":false},"excerpt":{"rendered":"<p>Nordstrand med Anholt Fyr Ideen om at ro Anholt rundt i kajak startede i forsommeren. Vejrudsigten var bare ikke til det. Vi n\u00e5ede helt hen til sidst i oktober, f\u00f8r der var en vejrudsigt, vi kunne bruge. Men s\u00e5 var den\u00a0 ogs\u00e5 perfekt. P\u00e5 8 timer sejlede vi fra Hundested til Anholt i sejlb\u00e5d i &hellip; <\/p>\n<p class=\"link-more\"><a href=\"https:\/\/havkajaknatur.dk\/?page_id=3187\" class=\"more-link\">L\u00e6s videre<span class=\"screen-reader-text\"> &#8220;2007 Anholt Rundt&#8221;<\/span><\/a><\/p>\n","protected":false},"author":1,"featured_media":4250,"parent":0,"menu_order":0,"comment_status":"closed","ping_status":"closed","template":"","meta":{"footnotes":""},"class_list":["post-3187","page","type-page","status-publish","has-post-thumbnail","hentry"],"_links":{"self":[{"href":"https:\/\/havkajaknatur.dk\/index.php?rest_route=\/wp\/v2\/pages\/3187","targetHints":{"allow":["GET"]}}],"collection":[{"href":"https:\/\/havkajaknatur.dk\/index.php?rest_route=\/wp\/v2\/pages"}],"about":[{"href":"https:\/\/havkajaknatur.dk\/index.php?rest_route=\/wp\/v2\/types\/page"}],"author":[{"embeddable":true,"href":"https:\/\/havkajaknatur.dk\/index.php?rest_route=\/wp\/v2\/users\/1"}],"replies":[{"embeddable":true,"href":"https:\/\/havkajaknatur.dk\/index.php?rest_route=%2Fwp%2Fv2%2Fcomments&post=3187"}],"version-history":[{"count":14,"href":"https:\/\/havkajaknatur.dk\/index.php?rest_route=\/wp\/v2\/pages\/3187\/revisions"}],"predecessor-version":[{"id":4548,"href":"https:\/\/havkajaknatur.dk\/index.php?rest_route=\/wp\/v2\/pages\/3187\/revisions\/4548"}],"wp:featuredmedia":[{"embeddable":true,"href":"https:\/\/havkajaknatur.dk\/index.php?rest_route=\/wp\/v2\/media\/4250"}],"wp:attachment":[{"href":"https:\/\/havkajaknatur.dk\/index.php?rest_route=%2Fwp%2Fv2%2Fmedia&parent=3187"}],"curies":[{"name":"wp","href":"https:\/\/api.w.org\/{rel}","templated":true}]}}