{"id":3068,"date":"2019-02-27T19:23:15","date_gmt":"2019-02-27T19:23:15","guid":{"rendered":"http:\/\/havkajaknatur.dk\/?page_id=3068"},"modified":"2023-04-24T07:29:51","modified_gmt":"2023-04-24T07:29:51","slug":"2012-hesseloe","status":"publish","type":"page","link":"https:\/\/havkajaknatur.dk\/?page_id=3068","title":{"rendered":"2012 Hessel\u00f8"},"content":{"rendered":"\n<p class=\"has-text-align-right has-small-font-size\">Vi n\u00e6rmer os Hessel\u00f8<\/p>\n\n\n\n<p>Mange rejser langt for at f\u00e5 en s\u00e6rlig oplevelse, eller for at pr\u00e6stere noget. Det har, som vi ved, sine omkostninger. Derfor er der i debatten om det moderne menneskes oplevelsestrang og selvrealisering, ogs\u00e5 kommet betragtninger om b\u00e6redygtighed ind. Det er s\u00e5dan at historien om at sejle fra Hundested og rundt om Hessel\u00f8 i havkajak kan betragtes. Eventyret er lige uden for d\u00f8ren. En udfordring til din oplevelsestrang og selvrealisering , som er b\u00e6redygtig, kan opleves og udf\u00f8res i dit n\u00e6rmilj\u00f8. Planl\u00e6gningen af en tur til \u00f8en, er et sp\u00f8rgsm\u00e5l om at finde en dag de mulige deltagere kan, og samtidig en god vejrmelding. Det blev fredag d. 27-07-2012. Vi tager ud fra stranden ved N\u00f8ddebohuse f\u00e5 kilometer fra Hundested, kl. 7.20 i en let skyet og n\u00e6sten vindstille morgen. Efter 25 km oplever vi en utrolig smuk og rolig landing p\u00e5 sydspidsen af \u00f8en, som best\u00e5r af rullesten, med en gr\u00f8n strandeng lidt h\u00f8jere oppe. Energi har vi stadig meget af, s\u00e5 efter lidt kaffe og sandwich, skal vi \u00f8en rundt langs kysten til fods en tur p\u00e5 3-5 km. Midt p\u00e5 \u00f8en h\u00e6ver landskabet sig og fyret og fyrboligen troner flot p\u00e5 midten. Inden afgang fra Hessle\u00f8 spiste vi varm mad, for at have et godt energidepot til hjemturen. Lidt efter kl. 15 er vi klar til at l\u00e6gge ud igen, og planen er at sejle \u00f8en rundt og bruge lidt tid p\u00e5 nordvestrevet hvor s\u00e6lerne holder til. Lidt efter kl. 16 s\u00e6tter vi kurs hjemover. Vinden har frisket en del fra \u00d8 og der er kommet s\u00f8, som vi f\u00e5r fra siden. Det mere urolige vejr, kr\u00e6ver energi, som vi heldigvis har lagret, og vi kommer godt i land p\u00e5 Stranden i N\u00f8ddebohuse lidt f\u00f8r 21.30 med 58 km p\u00e5 loggen. &#8211; Tekst af J\u00f8rgen B\u00f8e &#8211; Deltagere: Bodil, J\u00f8rgen, Peter og mig selv.<\/p>\n\n\n\n<p class=\"has-text-align-center has-medium-font-size\">Se mere om Hessel\u00f8 fra 1980 til 2010 p\u00e5 siden :  <a href=\"https:\/\/havkajaknatur.dk\/?page_id=780\"><strong>Hessel\u00f8 <\/strong><\/a>  og   <a href=\"https:\/\/havkajaknatur.dk\/?page_id=3438\"><strong>Hessel\u00f8 Rundt 2019<\/strong><\/a><\/p>\n\n\n<div class=\"wp-block-image\">\n<figure class=\"aligncenter is-resized\"><a href=\"https:\/\/havkajaknatur.dk\/wp-content\/uploads\/2019\/02\/12Kajak530top.jpg\"><img loading=\"lazy\" decoding=\"async\" src=\"https:\/\/havkajaknatur.dk\/wp-content\/uploads\/2019\/02\/12Kajak530top.jpg\" alt=\"\" class=\"wp-image-3075\" width=\"1500\" height=\"1125\" srcset=\"https:\/\/havkajaknatur.dk\/wp-content\/uploads\/2019\/02\/12Kajak530top.jpg 2000w, https:\/\/havkajaknatur.dk\/wp-content\/uploads\/2019\/02\/12Kajak530top-300x225.jpg 300w, https:\/\/havkajaknatur.dk\/wp-content\/uploads\/2019\/02\/12Kajak530top-768x576.jpg 768w, https:\/\/havkajaknatur.dk\/wp-content\/uploads\/2019\/02\/12Kajak530top-1024x768.jpg 1024w\" sizes=\"auto, (max-width: 706px) 89vw, (max-width: 767px) 82vw, 740px\" \/><\/a><\/figure><\/div>\n\n\n<p class=\"has-text-align-center has-medium-font-size\">Video fra 2012 revideret i 2019<\/p>\n\n\n\n<figure class=\"wp-block-embed is-type-video is-provider-youtube wp-block-embed-youtube wp-embed-aspect-16-9 wp-has-aspect-ratio\"><div class=\"wp-block-embed__wrapper\">\n<iframe loading=\"lazy\" title=\"Kayak Hessel\u00f8\" width=\"525\" height=\"295\" src=\"https:\/\/www.youtube.com\/embed\/nAEEdlN3G2A?feature=oembed\" frameborder=\"0\" allow=\"accelerometer; autoplay; clipboard-write; encrypted-media; gyroscope; picture-in-picture; web-share\" referrerpolicy=\"strict-origin-when-cross-origin\" allowfullscreen><\/iframe>\n<\/div><\/figure>\n\n\n\n<figure class=\"wp-block-gallery has-nested-images columns-1 is-cropped wp-block-gallery-1 is-layout-flex wp-block-gallery-is-layout-flex\">\n<figure class=\"wp-block-image size-large is-style-default\"><a href=\"https:\/\/havkajaknatur.dk\/wp-content\/uploads\/2018\/10\/12Kajak536.jpg\"><img loading=\"lazy\" decoding=\"async\" width=\"1024\" height=\"802\" data-id=\"801\" src=\"https:\/\/havkajaknatur.dk\/wp-content\/uploads\/2018\/10\/12Kajak536-1024x802.jpg\" alt=\"\" class=\"wp-image-801\" srcset=\"https:\/\/havkajaknatur.dk\/wp-content\/uploads\/2018\/10\/12Kajak536-1024x802.jpg 1024w, https:\/\/havkajaknatur.dk\/wp-content\/uploads\/2018\/10\/12Kajak536-300x235.jpg 300w, https:\/\/havkajaknatur.dk\/wp-content\/uploads\/2018\/10\/12Kajak536-768x601.jpg 768w\" sizes=\"auto, (max-width: 706px) 89vw, (max-width: 767px) 82vw, 740px\" \/><\/a><\/figure>\n\n\n\n<figure class=\"wp-block-image size-large is-style-default\"><a href=\"https:\/\/havkajaknatur.dk\/wp-content\/uploads\/2018\/10\/12Kajak542.jpg\"><img loading=\"lazy\" decoding=\"async\" width=\"1024\" height=\"768\" data-id=\"803\" src=\"https:\/\/havkajaknatur.dk\/wp-content\/uploads\/2018\/10\/12Kajak542-1024x768.jpg\" alt=\"\" class=\"wp-image-803\" srcset=\"https:\/\/havkajaknatur.dk\/wp-content\/uploads\/2018\/10\/12Kajak542-1024x768.jpg 1024w, https:\/\/havkajaknatur.dk\/wp-content\/uploads\/2018\/10\/12Kajak542-300x225.jpg 300w, https:\/\/havkajaknatur.dk\/wp-content\/uploads\/2018\/10\/12Kajak542-768x576.jpg 768w\" sizes=\"auto, (max-width: 706px) 89vw, (max-width: 767px) 82vw, 740px\" \/><\/a><figcaption class=\"wp-element-caption\">Mod nordvest<\/figcaption><\/figure>\n\n\n\n<figure class=\"wp-block-image size-large is-style-default\"><a href=\"https:\/\/havkajaknatur.dk\/wp-content\/uploads\/2018\/10\/12Kajak541.jpg\"><img loading=\"lazy\" decoding=\"async\" width=\"1024\" height=\"768\" data-id=\"802\" src=\"https:\/\/havkajaknatur.dk\/wp-content\/uploads\/2018\/10\/12Kajak541-1024x768.jpg\" alt=\"\" class=\"wp-image-802\" srcset=\"https:\/\/havkajaknatur.dk\/wp-content\/uploads\/2018\/10\/12Kajak541-1024x768.jpg 1024w, https:\/\/havkajaknatur.dk\/wp-content\/uploads\/2018\/10\/12Kajak541-300x225.jpg 300w, https:\/\/havkajaknatur.dk\/wp-content\/uploads\/2018\/10\/12Kajak541-768x576.jpg 768w\" sizes=\"auto, (max-width: 706px) 89vw, (max-width: 767px) 82vw, 740px\" \/><\/a><figcaption class=\"wp-element-caption\">Mod \u00f8st<\/figcaption><\/figure>\n\n\n\n<figure class=\"wp-block-image size-large is-style-default\"><a href=\"https:\/\/havkajaknatur.dk\/wp-content\/uploads\/2018\/10\/12Kajak5442.jpg\"><img loading=\"lazy\" decoding=\"async\" width=\"1024\" height=\"768\" data-id=\"810\" src=\"https:\/\/havkajaknatur.dk\/wp-content\/uploads\/2018\/10\/12Kajak5442-1024x768.jpg\" alt=\"\" class=\"wp-image-810\" srcset=\"https:\/\/havkajaknatur.dk\/wp-content\/uploads\/2018\/10\/12Kajak5442-1024x768.jpg 1024w, https:\/\/havkajaknatur.dk\/wp-content\/uploads\/2018\/10\/12Kajak5442-300x225.jpg 300w, https:\/\/havkajaknatur.dk\/wp-content\/uploads\/2018\/10\/12Kajak5442-768x576.jpg 768w\" sizes=\"auto, (max-width: 706px) 89vw, (max-width: 767px) 82vw, 740px\" \/><\/a><figcaption class=\"wp-element-caption\">Kort i Fyrboligen<\/figcaption><\/figure>\n\n\n\n<figure class=\"wp-block-image size-large is-style-default\"><a href=\"https:\/\/havkajaknatur.dk\/wp-content\/uploads\/2018\/10\/12Kajak552.jpg\"><img loading=\"lazy\" decoding=\"async\" width=\"1024\" height=\"768\" data-id=\"806\" src=\"https:\/\/havkajaknatur.dk\/wp-content\/uploads\/2018\/10\/12Kajak552-1024x768.jpg\" alt=\"\" class=\"wp-image-806\" srcset=\"https:\/\/havkajaknatur.dk\/wp-content\/uploads\/2018\/10\/12Kajak552-1024x768.jpg 1024w, https:\/\/havkajaknatur.dk\/wp-content\/uploads\/2018\/10\/12Kajak552-300x225.jpg 300w, https:\/\/havkajaknatur.dk\/wp-content\/uploads\/2018\/10\/12Kajak552-768x576.jpg 768w\" sizes=\"auto, (max-width: 706px) 89vw, (max-width: 767px) 82vw, 740px\" \/><\/a><figcaption class=\"wp-element-caption\">Forbl\u00e6ste tj\u00f8rn<\/figcaption><\/figure>\n\n\n\n<figure class=\"wp-block-image size-large is-style-default\"><a href=\"https:\/\/havkajaknatur.dk\/wp-content\/uploads\/2018\/10\/12Kajak550.jpg\"><img loading=\"lazy\" decoding=\"async\" width=\"1024\" height=\"799\" data-id=\"805\" src=\"https:\/\/havkajaknatur.dk\/wp-content\/uploads\/2018\/10\/12Kajak550-1024x799.jpg\" alt=\"\" class=\"wp-image-805\" srcset=\"https:\/\/havkajaknatur.dk\/wp-content\/uploads\/2018\/10\/12Kajak550-1024x799.jpg 1024w, https:\/\/havkajaknatur.dk\/wp-content\/uploads\/2018\/10\/12Kajak550-300x234.jpg 300w, https:\/\/havkajaknatur.dk\/wp-content\/uploads\/2018\/10\/12Kajak550-768x599.jpg 768w, https:\/\/havkajaknatur.dk\/wp-content\/uploads\/2018\/10\/12Kajak550.jpg 1568w\" sizes=\"auto, (max-width: 706px) 89vw, (max-width: 767px) 82vw, 740px\" \/><\/a><figcaption class=\"wp-element-caption\">Jagthytten<\/figcaption><\/figure>\n\n\n\n<figure class=\"wp-block-image size-large is-style-default\"><a href=\"https:\/\/havkajaknatur.dk\/wp-content\/uploads\/2018\/10\/12Kajak547.jpg\"><img loading=\"lazy\" decoding=\"async\" width=\"1024\" height=\"768\" data-id=\"804\" src=\"https:\/\/havkajaknatur.dk\/wp-content\/uploads\/2018\/10\/12Kajak547-1024x768.jpg\" alt=\"\" class=\"wp-image-804\" srcset=\"https:\/\/havkajaknatur.dk\/wp-content\/uploads\/2018\/10\/12Kajak547-1024x768.jpg 1024w, https:\/\/havkajaknatur.dk\/wp-content\/uploads\/2018\/10\/12Kajak547-300x225.jpg 300w, https:\/\/havkajaknatur.dk\/wp-content\/uploads\/2018\/10\/12Kajak547-768x576.jpg 768w\" sizes=\"auto, (max-width: 706px) 89vw, (max-width: 767px) 82vw, 740px\" \/><\/a><figcaption class=\"wp-element-caption\">Jagthytten<\/figcaption><\/figure>\n\n\n\n<figure class=\"wp-block-image size-large is-style-default\"><a href=\"https:\/\/havkajaknatur.dk\/wp-content\/uploads\/2018\/10\/12Kajak572.jpg\"><img loading=\"lazy\" decoding=\"async\" width=\"1024\" height=\"740\" data-id=\"808\" src=\"https:\/\/havkajaknatur.dk\/wp-content\/uploads\/2018\/10\/12Kajak572-1024x740.jpg\" alt=\"\" class=\"wp-image-808\" srcset=\"https:\/\/havkajaknatur.dk\/wp-content\/uploads\/2018\/10\/12Kajak572-1024x740.jpg 1024w, https:\/\/havkajaknatur.dk\/wp-content\/uploads\/2018\/10\/12Kajak572-300x217.jpg 300w, https:\/\/havkajaknatur.dk\/wp-content\/uploads\/2018\/10\/12Kajak572-768x555.jpg 768w\" sizes=\"auto, (max-width: 706px) 89vw, (max-width: 767px) 82vw, 740px\" \/><\/a><\/figure>\n\n\n\n<figure class=\"wp-block-image size-large is-style-default\"><a href=\"https:\/\/havkajaknatur.dk\/wp-content\/uploads\/2018\/10\/12Kajak570_edited-1.jpg\"><img loading=\"lazy\" decoding=\"async\" width=\"1024\" height=\"757\" data-id=\"807\" src=\"https:\/\/havkajaknatur.dk\/wp-content\/uploads\/2018\/10\/12Kajak570_edited-1-1024x757.jpg\" alt=\"\" class=\"wp-image-807\" srcset=\"https:\/\/havkajaknatur.dk\/wp-content\/uploads\/2018\/10\/12Kajak570_edited-1-1024x757.jpg 1024w, https:\/\/havkajaknatur.dk\/wp-content\/uploads\/2018\/10\/12Kajak570_edited-1-300x222.jpg 300w, https:\/\/havkajaknatur.dk\/wp-content\/uploads\/2018\/10\/12Kajak570_edited-1-768x568.jpg 768w\" sizes=\"auto, (max-width: 706px) 89vw, (max-width: 767px) 82vw, 740px\" \/><\/a><figcaption class=\"wp-element-caption\">Nordvest revet ved Hessel\u00f8 med s\u00e6lerne<\/figcaption><\/figure>\n<\/figure>\n\n\n\n<p class=\"has-text-align-center has-medium-font-size\">Originalt GPS spor<\/p>\n\n\n<div class=\"wp-block-image\">\n<figure class=\"aligncenter size-full is-resized\"><a href=\"https:\/\/havkajaknatur.dk\/wp-content\/uploads\/2019\/02\/Hessel\u00f8-GPS-spor.jpg\"><img loading=\"lazy\" decoding=\"async\" src=\"https:\/\/havkajaknatur.dk\/wp-content\/uploads\/2019\/02\/Hessel\u00f8-GPS-spor.jpg\" alt=\"\" class=\"wp-image-3094\" width=\"1376\" height=\"1796\" srcset=\"https:\/\/havkajaknatur.dk\/wp-content\/uploads\/2019\/02\/Hessel\u00f8-GPS-spor.jpg 1376w, https:\/\/havkajaknatur.dk\/wp-content\/uploads\/2019\/02\/Hessel\u00f8-GPS-spor-230x300.jpg 230w, https:\/\/havkajaknatur.dk\/wp-content\/uploads\/2019\/02\/Hessel\u00f8-GPS-spor-768x1002.jpg 768w, https:\/\/havkajaknatur.dk\/wp-content\/uploads\/2019\/02\/Hessel\u00f8-GPS-spor-785x1024.jpg 785w\" sizes=\"auto, (max-width: 706px) 89vw, (max-width: 767px) 82vw, 740px\" \/><\/a><\/figure><\/div>","protected":false},"excerpt":{"rendered":"<p>Vi n\u00e6rmer os Hessel\u00f8 Mange rejser langt for at f\u00e5 en s\u00e6rlig oplevelse, eller for at pr\u00e6stere noget. Det har, som vi ved, sine omkostninger. Derfor er der i debatten om det moderne menneskes oplevelsestrang og selvrealisering, ogs\u00e5 kommet betragtninger om b\u00e6redygtighed ind. Det er s\u00e5dan at historien om at sejle fra Hundested og rundt &hellip; <\/p>\n<p class=\"link-more\"><a href=\"https:\/\/havkajaknatur.dk\/?page_id=3068\" class=\"more-link\">L\u00e6s videre<span class=\"screen-reader-text\"> &#8220;2012 Hessel\u00f8&#8221;<\/span><\/a><\/p>\n","protected":false},"author":1,"featured_media":4096,"parent":0,"menu_order":0,"comment_status":"closed","ping_status":"closed","template":"","meta":{"footnotes":""},"class_list":["post-3068","page","type-page","status-publish","has-post-thumbnail","hentry"],"_links":{"self":[{"href":"https:\/\/havkajaknatur.dk\/index.php?rest_route=\/wp\/v2\/pages\/3068","targetHints":{"allow":["GET"]}}],"collection":[{"href":"https:\/\/havkajaknatur.dk\/index.php?rest_route=\/wp\/v2\/pages"}],"about":[{"href":"https:\/\/havkajaknatur.dk\/index.php?rest_route=\/wp\/v2\/types\/page"}],"author":[{"embeddable":true,"href":"https:\/\/havkajaknatur.dk\/index.php?rest_route=\/wp\/v2\/users\/1"}],"replies":[{"embeddable":true,"href":"https:\/\/havkajaknatur.dk\/index.php?rest_route=%2Fwp%2Fv2%2Fcomments&post=3068"}],"version-history":[{"count":26,"href":"https:\/\/havkajaknatur.dk\/index.php?rest_route=\/wp\/v2\/pages\/3068\/revisions"}],"predecessor-version":[{"id":4717,"href":"https:\/\/havkajaknatur.dk\/index.php?rest_route=\/wp\/v2\/pages\/3068\/revisions\/4717"}],"wp:featuredmedia":[{"embeddable":true,"href":"https:\/\/havkajaknatur.dk\/index.php?rest_route=\/wp\/v2\/media\/4096"}],"wp:attachment":[{"href":"https:\/\/havkajaknatur.dk\/index.php?rest_route=%2Fwp%2Fv2%2Fmedia&parent=3068"}],"curies":[{"name":"wp","href":"https:\/\/api.w.org\/{rel}","templated":true}]}}