{"id":2369,"date":"2019-02-02T13:20:32","date_gmt":"2019-02-02T13:20:32","guid":{"rendered":"http:\/\/havkajaknatur.dk\/?page_id=2369"},"modified":"2021-12-10T08:48:31","modified_gmt":"2021-12-10T08:48:31","slug":"2015-langeland-rundt","status":"publish","type":"page","link":"https:\/\/havkajaknatur.dk\/?page_id=2369","title":{"rendered":"2015 Langeland Rundt"},"content":{"rendered":"\n<p class=\"has-text-align-right has-small-font-size\">Langelandsbroen<\/p>\n\n\n\n<p class=\"has-text-align-left\"> Sidst i septemper 2015 roede jeg Langeland Rundt p\u00e5 3 dage. Jeg startede ved Rudk\u00f8bing roklub, og roede syd over. 1. dag n\u00e5ede jeg rundt om sydspidsen og et stykke op p\u00e5 \u00f8stkysten. Til en fredelig strand, hvor jeg kunne overnatte, ro distance 43 km. 2. dag tog jeg den lange vej op til nordspidsen og et lille stykke ned til Vester Stigtehave lige nord for Lohals. Her var en udm\u00e6rket primitiv teltplads med udsigt til Store B\u00e6lt broen ro distance 47 km. 3. dag ned til Rudk\u00f8bing ro distance 28 km. <\/p>\n\n\n\n<figure class=\"wp-block-embed is-type-video is-provider-youtube wp-block-embed-youtube wp-embed-aspect-16-9 wp-has-aspect-ratio\"><div class=\"wp-block-embed__wrapper\">\n<iframe loading=\"lazy\" title=\"Kayak, Langeland Rundt\" width=\"525\" height=\"295\" src=\"https:\/\/www.youtube.com\/embed\/xVPDc5WS_8o?feature=oembed\" frameborder=\"0\" allow=\"accelerometer; autoplay; clipboard-write; encrypted-media; gyroscope; picture-in-picture; web-share\" referrerpolicy=\"strict-origin-when-cross-origin\" allowfullscreen><\/iframe>\n<\/div><\/figure>\n\n\n\n<p class=\"has-text-align-center\" style=\"font-size:18px\"><strong>Originalt GPS spor<\/strong><\/p>\n\n\n\n<div class=\"wp-block-image\"><figure class=\"aligncenter size-full is-resized\"><a href=\"https:\/\/havkajaknatur.dk\/wp-content\/uploads\/2019\/02\/2015LangelandKorta.jpg\"><img loading=\"lazy\" decoding=\"async\" src=\"https:\/\/havkajaknatur.dk\/wp-content\/uploads\/2019\/02\/2015LangelandKorta.jpg\" alt=\"\" class=\"wp-image-2375\" width=\"1534\" height=\"2523\" srcset=\"https:\/\/havkajaknatur.dk\/wp-content\/uploads\/2019\/02\/2015LangelandKorta.jpg 1534w, https:\/\/havkajaknatur.dk\/wp-content\/uploads\/2019\/02\/2015LangelandKorta-182x300.jpg 182w, https:\/\/havkajaknatur.dk\/wp-content\/uploads\/2019\/02\/2015LangelandKorta-768x1263.jpg 768w, https:\/\/havkajaknatur.dk\/wp-content\/uploads\/2019\/02\/2015LangelandKorta-623x1024.jpg 623w\" sizes=\"auto, (max-width: 706px) 89vw, (max-width: 767px) 82vw, 740px\" \/><\/a><\/figure><\/div>\n","protected":false},"excerpt":{"rendered":"<p>Langelandsbroen Sidst i septemper 2015 roede jeg Langeland Rundt p\u00e5 3 dage. Jeg startede ved Rudk\u00f8bing roklub, og roede syd over. 1. dag n\u00e5ede jeg rundt om sydspidsen og et stykke op p\u00e5 \u00f8stkysten. Til en fredelig strand, hvor jeg kunne overnatte, ro distance 43 km. 2. dag tog jeg den lange vej op til &hellip; <\/p>\n<p class=\"link-more\"><a href=\"https:\/\/havkajaknatur.dk\/?page_id=2369\" class=\"more-link\">L\u00e6s videre<span class=\"screen-reader-text\"> &#8220;2015 Langeland Rundt&#8221;<\/span><\/a><\/p>\n","protected":false},"author":1,"featured_media":4101,"parent":0,"menu_order":0,"comment_status":"closed","ping_status":"closed","template":"","meta":{"footnotes":""},"class_list":["post-2369","page","type-page","status-publish","has-post-thumbnail","hentry"],"_links":{"self":[{"href":"https:\/\/havkajaknatur.dk\/index.php?rest_route=\/wp\/v2\/pages\/2369","targetHints":{"allow":["GET"]}}],"collection":[{"href":"https:\/\/havkajaknatur.dk\/index.php?rest_route=\/wp\/v2\/pages"}],"about":[{"href":"https:\/\/havkajaknatur.dk\/index.php?rest_route=\/wp\/v2\/types\/page"}],"author":[{"embeddable":true,"href":"https:\/\/havkajaknatur.dk\/index.php?rest_route=\/wp\/v2\/users\/1"}],"replies":[{"embeddable":true,"href":"https:\/\/havkajaknatur.dk\/index.php?rest_route=%2Fwp%2Fv2%2Fcomments&post=2369"}],"version-history":[{"count":27,"href":"https:\/\/havkajaknatur.dk\/index.php?rest_route=\/wp\/v2\/pages\/2369\/revisions"}],"predecessor-version":[{"id":4291,"href":"https:\/\/havkajaknatur.dk\/index.php?rest_route=\/wp\/v2\/pages\/2369\/revisions\/4291"}],"wp:featuredmedia":[{"embeddable":true,"href":"https:\/\/havkajaknatur.dk\/index.php?rest_route=\/wp\/v2\/media\/4101"}],"wp:attachment":[{"href":"https:\/\/havkajaknatur.dk\/index.php?rest_route=%2Fwp%2Fv2%2Fmedia&parent=2369"}],"curies":[{"name":"wp","href":"https:\/\/api.w.org\/{rel}","templated":true}]}}