{"id":2320,"date":"2019-01-30T07:35:34","date_gmt":"2019-01-30T07:35:34","guid":{"rendered":"http:\/\/havkajaknatur.dk\/?page_id=2320"},"modified":"2022-08-08T20:56:14","modified_gmt":"2022-08-08T20:56:14","slug":"2011-helgeland-norge","status":"publish","type":"page","link":"https:\/\/havkajaknatur.dk\/?page_id=2320","title":{"rendered":"2011 Helgelandkysten"},"content":{"rendered":"\n<p class=\"has-text-align-right has-small-font-size\">Det h\u00f8je fastland set fra Troll\u00f8ya<\/p>\n\n\n\n<p>I sommeren 2011 er vi 6 kajakroere fra Lyn\u00e6s Qajaq der k\u00f8re ca. 1500 km. til Helgelandskysten p\u00e5 Norges vestkyst. Turen starter ved Sj\u00f8bakken Fiske camping lige syd for byen Nesna. Her ror vi ud mod \u00f8en Lovund. Men Troll\u00f8ya bliver den f\u00f8rste lejrplads (Billedet \u00f8verst p\u00e5 siden). Den ligger midt i et hav af sm\u00e5, forholdsvis flade ubevoksede \u00f8er, hvor man kan se langt ud i horisonten hele vejen rundt. Udtrykket h\u00f8jt til himmelen, giver virkelig mening her. Men alligevel er vi i en lille verden. Hele natten i midnatssol fort\u00e6ller en dobbeltbekkasin til andre artsf\u00e6ller, at her bor den. Ved at styrtdykke, f\u00e5r den de yderste halefjer til at vibrere. Det giver en m\u00e6rkv\u00e6rdig insekt agtig summende lyd. Men det er ikke alle, der bryder sig om den. Men jeg d\u00f8ser stille indtil den, med vished om at jeg er det rigtige sted. N\u00e6ste dag ror vi det sidste stykke ud til \u00f8en Lovund. Vi g\u00e5r ind p\u00e5 ydersiden af \u00f8en i Hestvika med udsigt til Nordatlanten med Tr\u00e6na\u2019s let genkendelige klippeformation ude i horisonten. Der er 3 fine sandstrande p\u00e5 \u00f8en, hvor man kan telte, Hestvika, Novvika og Vassvika. Der er butik, Hotel og en Lunde Koloni (S\u00f8papeg\u00f8jer) p\u00e5 \u00f8en. Vi f\u00e5r desv\u00e6rre en kuling af et d\u00f8gns varighed, dagen efter lagde vi ud i frisk medvind ind mod fastlandet. Nu med R\u00f8d\u00f8ya som m\u00e5let, 2 dages roning mod nord. Vi har en pause p\u00e5 Kvitv\u00e6r, et oplagt sted at overnatte en anden gang. Senere ankommer vi i st\u00f8vregn til Krongelvika p\u00e5 On\u00f8ya, hvor vi overnatter. P\u00e5 vej mod R\u00f8d\u00f8ya n\u00e6ste dag krydser vi polarcirklen. Vi sl\u00e5r lejr p\u00e5 Prest\u00f8ya lige vest for R\u00f8d\u00f8ya. Om aftenen ror vi ind til R\u00f8d\u00f8ya ca. kl. 22:00 og g\u00e5 op p\u00e5 fjeldet R\u00f8d\u00f8y L\u00f8ven i midnatssol. Vi har en fin tur til toppen med en flot udsigt ud over \u00f8erne. Vi ror tilbage til Prest\u00f8ya, stadig med solen p\u00e5 himlen. Vi ankommer til lejren kl. 03:00 og g\u00e5r i soveposerne med det samme. Inden vi g\u00e5r sydover n\u00e6ste dag, ror vi nord om R\u00f8d\u00f8ya. Vi har nu 2 dage til at n\u00e5 ned til Sj\u00f8bakken Fiske Camping. Den f\u00f8rste dag ror vi 36 km med overnatning p\u00e5 Stigen\/Kvelthella, og den sidste dag ror vi 46 km. Hvor vi holdt frokostpause p\u00e5 \u00f8en Tomma med den meget flotte strand Tyfsat.<\/p>\n\n\n\n<figure class=\"wp-block-image size-large\"><a href=\"https:\/\/havkajaknatur.dk\/wp-content\/uploads\/2019\/01\/11Kajak348.jpg\"><img loading=\"lazy\" decoding=\"async\" width=\"1024\" height=\"768\" src=\"https:\/\/havkajaknatur.dk\/wp-content\/uploads\/2019\/01\/11Kajak348-1024x768.jpg\" alt=\"\" class=\"wp-image-2339\" srcset=\"https:\/\/havkajaknatur.dk\/wp-content\/uploads\/2019\/01\/11Kajak348-1024x768.jpg 1024w, https:\/\/havkajaknatur.dk\/wp-content\/uploads\/2019\/01\/11Kajak348-300x225.jpg 300w, https:\/\/havkajaknatur.dk\/wp-content\/uploads\/2019\/01\/11Kajak348-768x576.jpg 768w\" sizes=\"auto, (max-width: 706px) 89vw, (max-width: 767px) 82vw, 740px\" \/><\/a><figcaption>Tomma, Tyfsat<\/figcaption><\/figure>\n\n\n\n<p><\/p>\n\n\n\n<p><\/p>\n\n\n\n<figure class=\"wp-block-gallery has-nested-images columns-1 is-cropped wp-block-gallery-1 is-layout-flex wp-block-gallery-is-layout-flex\">\n<figure class=\"wp-block-image size-large is-style-default\"><a href=\"https:\/\/havkajaknatur.dk\/wp-content\/uploads\/2019\/01\/11Kajak158.jpg\"><img loading=\"lazy\" decoding=\"async\" width=\"1024\" height=\"768\" data-id=\"2326\" src=\"https:\/\/havkajaknatur.dk\/wp-content\/uploads\/2019\/01\/11Kajak158-1024x768.jpg\" alt=\"\" class=\"wp-image-2326\" srcset=\"https:\/\/havkajaknatur.dk\/wp-content\/uploads\/2019\/01\/11Kajak158-1024x768.jpg 1024w, https:\/\/havkajaknatur.dk\/wp-content\/uploads\/2019\/01\/11Kajak158-300x225.jpg 300w, https:\/\/havkajaknatur.dk\/wp-content\/uploads\/2019\/01\/11Kajak158-768x576.jpg 768w\" sizes=\"auto, (max-width: 706px) 89vw, (max-width: 767px) 82vw, 740px\" \/><\/a><figcaption>Troll\u00f8ya<\/figcaption><\/figure>\n\n\n\n<figure class=\"wp-block-image size-large is-style-default\"><a href=\"https:\/\/havkajaknatur.dk\/wp-content\/uploads\/2019\/01\/11Kajak181.jpg\"><img loading=\"lazy\" decoding=\"async\" width=\"1024\" height=\"768\" data-id=\"2328\" src=\"https:\/\/havkajaknatur.dk\/wp-content\/uploads\/2019\/01\/11Kajak181-1024x768.jpg\" alt=\"\" class=\"wp-image-2328\" srcset=\"https:\/\/havkajaknatur.dk\/wp-content\/uploads\/2019\/01\/11Kajak181-1024x768.jpg 1024w, https:\/\/havkajaknatur.dk\/wp-content\/uploads\/2019\/01\/11Kajak181-300x225.jpg 300w, https:\/\/havkajaknatur.dk\/wp-content\/uploads\/2019\/01\/11Kajak181-768x576.jpg 768w\" sizes=\"auto, (max-width: 706px) 89vw, (max-width: 767px) 82vw, 740px\" \/><\/a><figcaption>Hav\u00f8rn<\/figcaption><\/figure>\n\n\n\n<figure class=\"wp-block-image size-large is-style-default\"><a href=\"https:\/\/havkajaknatur.dk\/wp-content\/uploads\/2019\/01\/11Kajak186.jpg\"><img loading=\"lazy\" decoding=\"async\" width=\"1024\" height=\"768\" data-id=\"2329\" src=\"https:\/\/havkajaknatur.dk\/wp-content\/uploads\/2019\/01\/11Kajak186-1024x768.jpg\" alt=\"\" class=\"wp-image-2329\" srcset=\"https:\/\/havkajaknatur.dk\/wp-content\/uploads\/2019\/01\/11Kajak186-1024x768.jpg 1024w, https:\/\/havkajaknatur.dk\/wp-content\/uploads\/2019\/01\/11Kajak186-300x225.jpg 300w, https:\/\/havkajaknatur.dk\/wp-content\/uploads\/2019\/01\/11Kajak186-768x576.jpg 768w\" sizes=\"auto, (max-width: 706px) 89vw, (max-width: 767px) 82vw, 740px\" \/><\/a><figcaption>Lovund, Hestvika<\/figcaption><\/figure>\n\n\n\n<figure class=\"wp-block-image size-large is-style-default\"><a href=\"https:\/\/havkajaknatur.dk\/wp-content\/uploads\/2019\/01\/11Kajak216.jpg\"><img loading=\"lazy\" decoding=\"async\" width=\"1024\" height=\"768\" data-id=\"2330\" src=\"https:\/\/havkajaknatur.dk\/wp-content\/uploads\/2019\/01\/11Kajak216-1024x768.jpg\" alt=\"\" class=\"wp-image-2330\" srcset=\"https:\/\/havkajaknatur.dk\/wp-content\/uploads\/2019\/01\/11Kajak216-1024x768.jpg 1024w, https:\/\/havkajaknatur.dk\/wp-content\/uploads\/2019\/01\/11Kajak216-300x225.jpg 300w, https:\/\/havkajaknatur.dk\/wp-content\/uploads\/2019\/01\/11Kajak216-768x576.jpg 768w\" sizes=\"auto, (max-width: 706px) 89vw, (max-width: 767px) 82vw, 740px\" \/><\/a><figcaption>Kvitv\u00e6r<\/figcaption><\/figure>\n\n\n\n<figure class=\"wp-block-image size-large is-style-default\"><a href=\"https:\/\/havkajaknatur.dk\/wp-content\/uploads\/2019\/01\/11Kajak251.jpg\"><img loading=\"lazy\" decoding=\"async\" width=\"1024\" height=\"763\" data-id=\"2331\" src=\"https:\/\/havkajaknatur.dk\/wp-content\/uploads\/2019\/01\/11Kajak251-1024x763.jpg\" alt=\"\" class=\"wp-image-2331\" srcset=\"https:\/\/havkajaknatur.dk\/wp-content\/uploads\/2019\/01\/11Kajak251-1024x763.jpg 1024w, https:\/\/havkajaknatur.dk\/wp-content\/uploads\/2019\/01\/11Kajak251-300x223.jpg 300w, https:\/\/havkajaknatur.dk\/wp-content\/uploads\/2019\/01\/11Kajak251-768x572.jpg 768w\" sizes=\"auto, (max-width: 706px) 89vw, (max-width: 767px) 82vw, 740px\" \/><\/a><figcaption>P\u00e5 vej med R\u00f8d\u00f8ya<\/figcaption><\/figure>\n\n\n\n<figure class=\"wp-block-image size-large is-style-default\"><a href=\"https:\/\/havkajaknatur.dk\/wp-content\/uploads\/2019\/01\/11Kajak253.jpg\"><img loading=\"lazy\" decoding=\"async\" width=\"1024\" height=\"768\" data-id=\"2332\" src=\"https:\/\/havkajaknatur.dk\/wp-content\/uploads\/2019\/01\/11Kajak253-1024x768.jpg\" alt=\"\" class=\"wp-image-2332\" srcset=\"https:\/\/havkajaknatur.dk\/wp-content\/uploads\/2019\/01\/11Kajak253-1024x768.jpg 1024w, https:\/\/havkajaknatur.dk\/wp-content\/uploads\/2019\/01\/11Kajak253-300x225.jpg 300w, https:\/\/havkajaknatur.dk\/wp-content\/uploads\/2019\/01\/11Kajak253-768x576.jpg 768w\" sizes=\"auto, (max-width: 706px) 89vw, (max-width: 767px) 82vw, 740px\" \/><\/a><figcaption>R\u00f8d\u00f8ya<\/figcaption><\/figure>\n\n\n\n<figure class=\"wp-block-image size-large is-style-default\"><a href=\"https:\/\/havkajaknatur.dk\/wp-content\/uploads\/2019\/01\/11Kajak270.jpg\"><img loading=\"lazy\" decoding=\"async\" width=\"1024\" height=\"768\" data-id=\"2336\" src=\"https:\/\/havkajaknatur.dk\/wp-content\/uploads\/2019\/01\/11Kajak270-1024x768.jpg\" alt=\"\" class=\"wp-image-2336\" srcset=\"https:\/\/havkajaknatur.dk\/wp-content\/uploads\/2019\/01\/11Kajak270-1024x768.jpg 1024w, https:\/\/havkajaknatur.dk\/wp-content\/uploads\/2019\/01\/11Kajak270-300x225.jpg 300w, https:\/\/havkajaknatur.dk\/wp-content\/uploads\/2019\/01\/11Kajak270-768x576.jpg 768w\" sizes=\"auto, (max-width: 706px) 89vw, (max-width: 767px) 82vw, 740px\" \/><\/a><figcaption>Prest\u00f8ya med R\u00f8d\u00f8ya bagved<\/figcaption><\/figure>\n\n\n\n<figure class=\"wp-block-image size-large is-style-default\"><a href=\"https:\/\/havkajaknatur.dk\/wp-content\/uploads\/2019\/01\/11Kajak260.jpg\"><img loading=\"lazy\" decoding=\"async\" width=\"1024\" height=\"765\" data-id=\"2333\" src=\"https:\/\/havkajaknatur.dk\/wp-content\/uploads\/2019\/01\/11Kajak260-1024x765.jpg\" alt=\"\" class=\"wp-image-2333\" srcset=\"https:\/\/havkajaknatur.dk\/wp-content\/uploads\/2019\/01\/11Kajak260-1024x765.jpg 1024w, https:\/\/havkajaknatur.dk\/wp-content\/uploads\/2019\/01\/11Kajak260-300x224.jpg 300w, https:\/\/havkajaknatur.dk\/wp-content\/uploads\/2019\/01\/11Kajak260-768x574.jpg 768w\" sizes=\"auto, (max-width: 706px) 89vw, (max-width: 767px) 82vw, 740px\" \/><\/a><figcaption>R\u00f8d\u00f8yal\u00f8ven 291 m (ikke toppen)<\/figcaption><\/figure>\n\n\n\n<figure class=\"wp-block-image size-large is-style-default\"><a href=\"https:\/\/havkajaknatur.dk\/wp-content\/uploads\/2019\/01\/11Kajak266.jpg\"><img loading=\"lazy\" decoding=\"async\" width=\"1024\" height=\"768\" data-id=\"2334\" src=\"https:\/\/havkajaknatur.dk\/wp-content\/uploads\/2019\/01\/11Kajak266-1024x768.jpg\" alt=\"\" class=\"wp-image-2334\" srcset=\"https:\/\/havkajaknatur.dk\/wp-content\/uploads\/2019\/01\/11Kajak266-1024x768.jpg 1024w, https:\/\/havkajaknatur.dk\/wp-content\/uploads\/2019\/01\/11Kajak266-300x225.jpg 300w, https:\/\/havkajaknatur.dk\/wp-content\/uploads\/2019\/01\/11Kajak266-768x576.jpg 768w\" sizes=\"auto, (max-width: 706px) 89vw, (max-width: 767px) 82vw, 740px\" \/><\/a><figcaption>Midnatsol set fra R\u00f8d\u00f8yal\u00f8ven kl. 23:45<\/figcaption><\/figure>\n\n\n\n<figure class=\"wp-block-image size-large is-style-default\"><a href=\"https:\/\/havkajaknatur.dk\/wp-content\/uploads\/2019\/01\/11Kajak267.jpg\"><img loading=\"lazy\" decoding=\"async\" width=\"1024\" height=\"445\" data-id=\"2335\" src=\"https:\/\/havkajaknatur.dk\/wp-content\/uploads\/2019\/01\/11Kajak267-1024x445.jpg\" alt=\"\" class=\"wp-image-2335\" srcset=\"https:\/\/havkajaknatur.dk\/wp-content\/uploads\/2019\/01\/11Kajak267-1024x445.jpg 1024w, https:\/\/havkajaknatur.dk\/wp-content\/uploads\/2019\/01\/11Kajak267-300x131.jpg 300w, https:\/\/havkajaknatur.dk\/wp-content\/uploads\/2019\/01\/11Kajak267-768x334.jpg 768w\" sizes=\"auto, (max-width: 706px) 89vw, (max-width: 767px) 82vw, 740px\" \/><\/a><figcaption>R\u00f8d\u00f8yal\u00f8ven, udsigt mod syd\u00f8st <\/figcaption><\/figure>\n\n\n\n<figure class=\"wp-block-image size-large is-style-default\"><a href=\"https:\/\/havkajaknatur.dk\/wp-content\/uploads\/2019\/01\/11Kajak330.jpg\"><img loading=\"lazy\" decoding=\"async\" width=\"1024\" height=\"768\" data-id=\"2338\" src=\"https:\/\/havkajaknatur.dk\/wp-content\/uploads\/2019\/01\/11Kajak330-1024x768.jpg\" alt=\"\" class=\"wp-image-2338\" srcset=\"https:\/\/havkajaknatur.dk\/wp-content\/uploads\/2019\/01\/11Kajak330-1024x768.jpg 1024w, https:\/\/havkajaknatur.dk\/wp-content\/uploads\/2019\/01\/11Kajak330-300x225.jpg 300w, https:\/\/havkajaknatur.dk\/wp-content\/uploads\/2019\/01\/11Kajak330-768x576.jpg 768w\" sizes=\"auto, (max-width: 706px) 89vw, (max-width: 767px) 82vw, 740px\" \/><\/a><figcaption>Tomma, Tyfsat<\/figcaption><\/figure>\n\n\n\n<figure class=\"wp-block-image size-large is-style-default\"><a href=\"https:\/\/havkajaknatur.dk\/wp-content\/uploads\/2019\/01\/11Kajak318.jpg\"><img loading=\"lazy\" decoding=\"async\" width=\"1024\" height=\"768\" data-id=\"2337\" src=\"https:\/\/havkajaknatur.dk\/wp-content\/uploads\/2019\/01\/11Kajak318-1024x768.jpg\" alt=\"\" class=\"wp-image-2337\" srcset=\"https:\/\/havkajaknatur.dk\/wp-content\/uploads\/2019\/01\/11Kajak318-1024x768.jpg 1024w, https:\/\/havkajaknatur.dk\/wp-content\/uploads\/2019\/01\/11Kajak318-300x225.jpg 300w, https:\/\/havkajaknatur.dk\/wp-content\/uploads\/2019\/01\/11Kajak318-768x576.jpg 768w\" sizes=\"auto, (max-width: 706px) 89vw, (max-width: 767px) 82vw, 740px\" \/><\/a><figcaption>Tomma, Tyfsat<\/figcaption><\/figure>\n\n\n\n<figure class=\"wp-block-image size-large is-style-default\"><a href=\"https:\/\/havkajaknatur.dk\/wp-content\/uploads\/2019\/01\/1-163-1.jpg\"><img loading=\"lazy\" decoding=\"async\" width=\"1024\" height=\"768\" data-id=\"2350\" src=\"https:\/\/havkajaknatur.dk\/wp-content\/uploads\/2019\/01\/1-163-1-1024x768.jpg\" alt=\"\" class=\"wp-image-2350\" srcset=\"https:\/\/havkajaknatur.dk\/wp-content\/uploads\/2019\/01\/1-163-1-1024x768.jpg 1024w, https:\/\/havkajaknatur.dk\/wp-content\/uploads\/2019\/01\/1-163-1-300x225.jpg 300w, https:\/\/havkajaknatur.dk\/wp-content\/uploads\/2019\/01\/1-163-1-768x576.jpg 768w\" sizes=\"auto, (max-width: 706px) 89vw, (max-width: 767px) 82vw, 740px\" \/><\/a><figcaption>Lunder (S\u00f8papeg\u00f8jer)  \u00d8en Lovund i baggrunden hvor deres koloni er<\/figcaption><\/figure>\n<\/figure>\n\n\n\n<p><\/p>\n\n\n\n<figure class=\"wp-block-embed is-type-video is-provider-youtube wp-block-embed-youtube wp-embed-aspect-16-9 wp-has-aspect-ratio\"><div class=\"wp-block-embed__wrapper\">\n<iframe loading=\"lazy\" title=\"Kayak, Norge, Helgelandskysten\" width=\"525\" height=\"295\" src=\"https:\/\/www.youtube.com\/embed\/SJimxwJr0FI?feature=oembed\" frameborder=\"0\" allow=\"accelerometer; autoplay; clipboard-write; encrypted-media; gyroscope; picture-in-picture; web-share\" referrerpolicy=\"strict-origin-when-cross-origin\" allowfullscreen><\/iframe>\n<\/div><\/figure>\n\n\n\n<p class=\"has-text-align-center has-medium-font-size\">Helgelands Kysten, generelt<strong> <\/strong><\/p>\n\n\n\n<p>Der er str\u00f8m p\u00e5 grund af tidevand, men det var ikke noget, der havde stor indflydelse p\u00e5 vores roning, bevares vi kunne se p\u00e5 gps\u2019en n\u00e5r vi havde mod- og med str\u00f8m, og ogs\u00e5 m\u00e6rke det enkelte gange i smalle passager mellem \u00f8er. Men tidevandet var interessant p\u00e5 anden m\u00e5de, p\u00e5 klipperne sad mange ting synligt ved lavvande, blandt andet store og sm\u00e5 s\u00f8pindsvin, mest i orange r\u00f8de farver men ogs\u00e5 gr\u00f8nne. Vi var ogs\u00e5 p\u00e5virket af tidevandet ved op og is\u00e6tning af kajakker. Der var selvf\u00f8lgelig lavest vandstand morgen og aften, n\u00e5r vi skulle s\u00e6tte i og tage op, men det var ikke s\u00e5 slemt, da sandstrandene var forholdsvis korte, fordi der hurtigt blev dybt. Ja, jeg skriver sandstrande \u2013 alle steder vi havde lejr og holdt frokost\/pause, var der kun et sted (Troll\u00f8ya), hvor vi ikke havde en sandstrand. Men kajakkerne l\u00e5 ikke p\u00e5 stranden, de blev b\u00e5ret op p\u00e5 gr\u00e6sset, for at tidevandet ikke tog dem, og for at v\u00e6re fri for sand i vores ting. Under hele turen, s\u00e5 vi ikke mange skibe og sm\u00e5b\u00e5de, p\u00e5 trods af at der var flere sm\u00e5 velfungerende samfund p\u00e5 de st\u00f8rre \u00f8er. Men \u00e5rsagen er nok, at der inde p\u00e5 fastlandet ikke er store byer. Vandtemperaturen er lav, s\u00e5 det kr\u00e6ver mindst kajak bekl\u00e6dning som for\u00e5r og efter\u00e5r hjemme. Lufttemperaturen, mens vi var der, l\u00e5 omkring 7 grader, og s\u00e5 havde vi et par solskinsdage med ca. 15 grader.<\/p>\n\n\n\n<figure class=\"wp-block-gallery aligncenter has-nested-images columns-default is-cropped wp-block-gallery-2 is-layout-flex wp-block-gallery-is-layout-flex\">\n<figure class=\"wp-block-image size-full is-style-default\"><a href=\"https:\/\/havkajaknatur.dk\/wp-content\/uploads\/2019\/01\/11Kajak229.jpg\"><img loading=\"lazy\" decoding=\"async\" width=\"2938\" height=\"2204\" data-id=\"2344\" src=\"https:\/\/havkajaknatur.dk\/wp-content\/uploads\/2019\/01\/11Kajak229.jpg\" alt=\"\" class=\"wp-image-2344\" srcset=\"https:\/\/havkajaknatur.dk\/wp-content\/uploads\/2019\/01\/11Kajak229.jpg 2938w, https:\/\/havkajaknatur.dk\/wp-content\/uploads\/2019\/01\/11Kajak229-300x225.jpg 300w, https:\/\/havkajaknatur.dk\/wp-content\/uploads\/2019\/01\/11Kajak229-768x576.jpg 768w, https:\/\/havkajaknatur.dk\/wp-content\/uploads\/2019\/01\/11Kajak229-1024x768.jpg 1024w\" sizes=\"auto, (max-width: 706px) 89vw, (max-width: 767px) 82vw, 740px\" \/><\/a><figcaption>S\u00f8pindsvin<\/figcaption><\/figure>\n<\/figure>\n\n\n\n<p class=\"has-text-align-center\" style=\"font-size:18px\">Tur rute<\/p>\n\n\n\n<div class=\"wp-block-image\"><figure class=\"aligncenter size-full is-resized\"><a href=\"https:\/\/havkajaknatur.dk\/wp-content\/uploads\/2019\/01\/Helgelandskysten-rute.jpg\"><img loading=\"lazy\" decoding=\"async\" src=\"https:\/\/havkajaknatur.dk\/wp-content\/uploads\/2019\/01\/Helgelandskysten-rute.jpg\" alt=\"\" class=\"wp-image-2341\" width=\"863\" height=\"973\" srcset=\"https:\/\/havkajaknatur.dk\/wp-content\/uploads\/2019\/01\/Helgelandskysten-rute.jpg 863w, https:\/\/havkajaknatur.dk\/wp-content\/uploads\/2019\/01\/Helgelandskysten-rute-266x300.jpg 266w, https:\/\/havkajaknatur.dk\/wp-content\/uploads\/2019\/01\/Helgelandskysten-rute-768x866.jpg 768w\" sizes=\"auto, (max-width: 706px) 89vw, (max-width: 767px) 82vw, 740px\" \/><\/a><\/figure><\/div>\n\n\n\n<p class=\"has-text-align-center\" style=\"font-size:18px\">Originalt&nbsp;GPS&nbsp;spor<\/p>\n\n\n\n<div class=\"wp-block-image\"><figure class=\"aligncenter size-full is-resized\"><a href=\"https:\/\/havkajaknatur.dk\/wp-content\/uploads\/2019\/01\/Helgeland-kort.jpg\"><img loading=\"lazy\" decoding=\"async\" src=\"https:\/\/havkajaknatur.dk\/wp-content\/uploads\/2019\/01\/Helgeland-kort.jpg\" alt=\"\" class=\"wp-image-2340\" width=\"1509\" height=\"2197\" srcset=\"https:\/\/havkajaknatur.dk\/wp-content\/uploads\/2019\/01\/Helgeland-kort.jpg 1509w, https:\/\/havkajaknatur.dk\/wp-content\/uploads\/2019\/01\/Helgeland-kort-206x300.jpg 206w, https:\/\/havkajaknatur.dk\/wp-content\/uploads\/2019\/01\/Helgeland-kort-768x1118.jpg 768w, https:\/\/havkajaknatur.dk\/wp-content\/uploads\/2019\/01\/Helgeland-kort-703x1024.jpg 703w\" sizes=\"auto, (max-width: 706px) 89vw, (max-width: 767px) 82vw, 740px\" \/><\/a><\/figure><\/div>\n\n\n\n<p class=\"has-text-align-center\" style=\"font-size:22px\"><a href=\"https:\/\/havkajaknatur.dk\/?page_id=2064\">Se ogs\u00e5 videoen om turen til Helgelands Kysten i 2018<\/a><\/p>\n","protected":false},"excerpt":{"rendered":"<p>Det h\u00f8je fastland set fra Troll\u00f8ya I sommeren 2011 er vi 6 kajakroere fra Lyn\u00e6s Qajaq der k\u00f8re ca. 1500 km. til Helgelandskysten p\u00e5 Norges vestkyst. Turen starter ved Sj\u00f8bakken Fiske camping lige syd for byen Nesna. Her ror vi ud mod \u00f8en Lovund. Men Troll\u00f8ya bliver den f\u00f8rste lejrplads (Billedet \u00f8verst p\u00e5 siden). Den &hellip; <\/p>\n<p class=\"link-more\"><a href=\"https:\/\/havkajaknatur.dk\/?page_id=2320\" class=\"more-link\">L\u00e6s videre<span class=\"screen-reader-text\"> &#8220;2011 Helgelandkysten&#8221;<\/span><\/a><\/p>\n","protected":false},"author":1,"featured_media":4095,"parent":0,"menu_order":0,"comment_status":"closed","ping_status":"closed","template":"","meta":{"footnotes":""},"class_list":["post-2320","page","type-page","status-publish","has-post-thumbnail","hentry"],"_links":{"self":[{"href":"https:\/\/havkajaknatur.dk\/index.php?rest_route=\/wp\/v2\/pages\/2320","targetHints":{"allow":["GET"]}}],"collection":[{"href":"https:\/\/havkajaknatur.dk\/index.php?rest_route=\/wp\/v2\/pages"}],"about":[{"href":"https:\/\/havkajaknatur.dk\/index.php?rest_route=\/wp\/v2\/types\/page"}],"author":[{"embeddable":true,"href":"https:\/\/havkajaknatur.dk\/index.php?rest_route=\/wp\/v2\/users\/1"}],"replies":[{"embeddable":true,"href":"https:\/\/havkajaknatur.dk\/index.php?rest_route=%2Fwp%2Fv2%2Fcomments&post=2320"}],"version-history":[{"count":40,"href":"https:\/\/havkajaknatur.dk\/index.php?rest_route=\/wp\/v2\/pages\/2320\/revisions"}],"predecessor-version":[{"id":4653,"href":"https:\/\/havkajaknatur.dk\/index.php?rest_route=\/wp\/v2\/pages\/2320\/revisions\/4653"}],"wp:featuredmedia":[{"embeddable":true,"href":"https:\/\/havkajaknatur.dk\/index.php?rest_route=\/wp\/v2\/media\/4095"}],"wp:attachment":[{"href":"https:\/\/havkajaknatur.dk\/index.php?rest_route=%2Fwp%2Fv2%2Fmedia&parent=2320"}],"curies":[{"name":"wp","href":"https:\/\/api.w.org\/{rel}","templated":true}]}}