{"id":2164,"date":"2019-01-15T16:01:49","date_gmt":"2019-01-15T16:01:49","guid":{"rendered":"http:\/\/havkajaknatur.dk\/?page_id=2164"},"modified":"2021-12-10T14:56:49","modified_gmt":"2021-12-10T14:56:49","slug":"2008-lysefjord-norge","status":"publish","type":"page","link":"https:\/\/havkajaknatur.dk\/?page_id=2164","title":{"rendered":"2008 Lysefjorden"},"content":{"rendered":"\n<p class=\"has-text-align-right has-small-font-size\">Lysefjord set fra Geitanes<\/p>\n\n\n\n<p>I sommeren 2008 er vi 14 kajakroere fra Lyn\u00e6s Qajaq, der tager turen op til Lysefjorden p\u00e5 h\u00f8jde med Stavanger i\u00a0Norge. Vi sejler med f\u00e6rgen fra Hirtshals til Kristiansand, og k\u00f8rer op til H\u00f8le lige overfor mundingen af Lysefjorden. Herfra ror vi ind til \u201dLysebotn\u201d i bunden af fjorden og ud igen, ca. 42 km hver vej med 3 overnatninger. Fremh\u00e6ves p\u00e5 turen skal &#8220;Fl\u00f8li&#8221; med trappen med de mange trin (se omtalen l\u00e6ngere nede). &#8220;Geitaneset&#8221; det lille n\u00e6s under de majest\u00e6tiske 1000 m h\u00f8je klipper \u201dKjerag\u201d. Stedet &#8220;H\u00e5heller&#8221; med den forladte g\u00e5rd, hvor vi overnattede sammen med f\u00e5r. Vi havde en kraftig vind ned gennem fjorden, den dag vi kom til &#8220;Geitaneset&#8221;. Ellers var vi meget heldige med vejret, til tider over 25 grader. Der er ikke mange steder, man kan g\u00e5 i land, da klipperne g\u00e5r lodret ned i vandet, men alligevel nok steder fordelt ind gennem fjorden til hvil og overnatning. Efter kajakturen brugte vi en dag p\u00e5 at k\u00f8re op til Preikestolhytta og gik ud til Preikestolen.<\/p>\n\n\n\n<figure class=\"wp-block-gallery columns-1 is-cropped wp-block-gallery-1 is-layout-flex wp-block-gallery-is-layout-flex\"><ul class=\"blocks-gallery-grid\"><li class=\"blocks-gallery-item\"><figure><a href=\"https:\/\/havkajaknatur.dk\/wp-content\/uploads\/2019\/01\/08Kajak186-1024x768.jpg\"><img loading=\"lazy\" decoding=\"async\" width=\"1024\" height=\"768\" src=\"https:\/\/havkajaknatur.dk\/wp-content\/uploads\/2019\/01\/08Kajak186-1024x768.jpg\" alt=\"\" data-id=\"2146\" data-link=\"https:\/\/havkajaknatur.dk\/?attachment_id=2146\" class=\"wp-image-2146\" srcset=\"https:\/\/havkajaknatur.dk\/wp-content\/uploads\/2019\/01\/08Kajak186-1024x768.jpg 1024w, https:\/\/havkajaknatur.dk\/wp-content\/uploads\/2019\/01\/08Kajak186-300x225.jpg 300w, https:\/\/havkajaknatur.dk\/wp-content\/uploads\/2019\/01\/08Kajak186-768x576.jpg 768w\" sizes=\"auto, (max-width: 706px) 89vw, (max-width: 767px) 82vw, 740px\" \/><\/a><\/figure><\/li><li class=\"blocks-gallery-item\"><figure><a href=\"https:\/\/havkajaknatur.dk\/wp-content\/uploads\/2019\/01\/08Kajak279-1024x768.jpg\"><img loading=\"lazy\" decoding=\"async\" width=\"1024\" height=\"768\" src=\"https:\/\/havkajaknatur.dk\/wp-content\/uploads\/2019\/01\/08Kajak279-1024x768.jpg\" alt=\"\" data-id=\"2155\" data-link=\"https:\/\/havkajaknatur.dk\/?attachment_id=2155\" class=\"wp-image-2155\" srcset=\"https:\/\/havkajaknatur.dk\/wp-content\/uploads\/2019\/01\/08Kajak279-1024x768.jpg 1024w, https:\/\/havkajaknatur.dk\/wp-content\/uploads\/2019\/01\/08Kajak279-300x225.jpg 300w, https:\/\/havkajaknatur.dk\/wp-content\/uploads\/2019\/01\/08Kajak279-768x576.jpg 768w\" sizes=\"auto, (max-width: 706px) 89vw, (max-width: 767px) 82vw, 740px\" \/><\/a><figcaption class=\"blocks-gallery-item__caption\">Fjorden set fra Fl\u00f8li<\/figcaption><\/figure><\/li><li class=\"blocks-gallery-item\"><figure><a href=\"https:\/\/havkajaknatur.dk\/wp-content\/uploads\/2019\/01\/08Kajak177-1024x768.jpg\"><img loading=\"lazy\" decoding=\"async\" width=\"1024\" height=\"768\" src=\"https:\/\/havkajaknatur.dk\/wp-content\/uploads\/2019\/01\/08Kajak177-1024x768.jpg\" alt=\"\" data-id=\"2154\" data-link=\"https:\/\/havkajaknatur.dk\/?attachment_id=2154\" class=\"wp-image-2154\" srcset=\"https:\/\/havkajaknatur.dk\/wp-content\/uploads\/2019\/01\/08Kajak177-1024x768.jpg 1024w, https:\/\/havkajaknatur.dk\/wp-content\/uploads\/2019\/01\/08Kajak177-300x225.jpg 300w, https:\/\/havkajaknatur.dk\/wp-content\/uploads\/2019\/01\/08Kajak177-768x576.jpg 768w\" sizes=\"auto, (max-width: 706px) 89vw, (max-width: 767px) 82vw, 740px\" \/><\/a><figcaption class=\"blocks-gallery-item__caption\">Songesand<\/figcaption><\/figure><\/li><li class=\"blocks-gallery-item\"><figure><a href=\"https:\/\/havkajaknatur.dk\/wp-content\/uploads\/2019\/01\/08Kajak302-1024x768.jpg\"><img loading=\"lazy\" decoding=\"async\" width=\"1024\" height=\"768\" src=\"https:\/\/havkajaknatur.dk\/wp-content\/uploads\/2019\/01\/08Kajak302-1024x768.jpg\" alt=\"\" data-id=\"2148\" data-link=\"https:\/\/havkajaknatur.dk\/?attachment_id=2148\" class=\"wp-image-2148\" srcset=\"https:\/\/havkajaknatur.dk\/wp-content\/uploads\/2019\/01\/08Kajak302-1024x768.jpg 1024w, https:\/\/havkajaknatur.dk\/wp-content\/uploads\/2019\/01\/08Kajak302-300x225.jpg 300w, https:\/\/havkajaknatur.dk\/wp-content\/uploads\/2019\/01\/08Kajak302-768x576.jpg 768w\" sizes=\"auto, (max-width: 706px) 89vw, (max-width: 767px) 82vw, 740px\" \/><\/a><figcaption class=\"blocks-gallery-item__caption\">Geitaneset<\/figcaption><\/figure><\/li><li class=\"blocks-gallery-item\"><figure><a href=\"https:\/\/havkajaknatur.dk\/wp-content\/uploads\/2019\/01\/08Kajak331-1024x768.jpg\"><img loading=\"lazy\" decoding=\"async\" width=\"1024\" height=\"768\" src=\"https:\/\/havkajaknatur.dk\/wp-content\/uploads\/2019\/01\/08Kajak331-1024x768.jpg\" alt=\"\" data-id=\"2156\" data-link=\"https:\/\/havkajaknatur.dk\/?attachment_id=2156\" class=\"wp-image-2156\" srcset=\"https:\/\/havkajaknatur.dk\/wp-content\/uploads\/2019\/01\/08Kajak331-1024x768.jpg 1024w, https:\/\/havkajaknatur.dk\/wp-content\/uploads\/2019\/01\/08Kajak331-300x225.jpg 300w, https:\/\/havkajaknatur.dk\/wp-content\/uploads\/2019\/01\/08Kajak331-768x576.jpg 768w\" sizes=\"auto, (max-width: 706px) 89vw, (max-width: 767px) 82vw, 740px\" \/><\/a><figcaption class=\"blocks-gallery-item__caption\">Kjerag<\/figcaption><\/figure><\/li><li class=\"blocks-gallery-item\"><figure><a href=\"https:\/\/havkajaknatur.dk\/wp-content\/uploads\/2019\/01\/08Kajak324-1024x759.jpg\"><img loading=\"lazy\" decoding=\"async\" width=\"1024\" height=\"759\" src=\"https:\/\/havkajaknatur.dk\/wp-content\/uploads\/2019\/01\/08Kajak324-1024x759.jpg\" alt=\"\" data-id=\"2149\" data-link=\"https:\/\/havkajaknatur.dk\/?attachment_id=2149\" class=\"wp-image-2149\" srcset=\"https:\/\/havkajaknatur.dk\/wp-content\/uploads\/2019\/01\/08Kajak324-1024x759.jpg 1024w, https:\/\/havkajaknatur.dk\/wp-content\/uploads\/2019\/01\/08Kajak324-300x222.jpg 300w, https:\/\/havkajaknatur.dk\/wp-content\/uploads\/2019\/01\/08Kajak324-768x569.jpg 768w\" sizes=\"auto, (max-width: 706px) 89vw, (max-width: 767px) 82vw, 740px\" \/><\/a><\/figure><\/li><li class=\"blocks-gallery-item\"><figure><a href=\"https:\/\/havkajaknatur.dk\/wp-content\/uploads\/2019\/01\/08Kajak344-1024x768.jpg\"><img loading=\"lazy\" decoding=\"async\" width=\"1024\" height=\"768\" src=\"https:\/\/havkajaknatur.dk\/wp-content\/uploads\/2019\/01\/08Kajak344-1024x768.jpg\" alt=\"\" data-id=\"2151\" data-link=\"https:\/\/havkajaknatur.dk\/?attachment_id=2151\" class=\"wp-image-2151\" srcset=\"https:\/\/havkajaknatur.dk\/wp-content\/uploads\/2019\/01\/08Kajak344-1024x768.jpg 1024w, https:\/\/havkajaknatur.dk\/wp-content\/uploads\/2019\/01\/08Kajak344-300x225.jpg 300w, https:\/\/havkajaknatur.dk\/wp-content\/uploads\/2019\/01\/08Kajak344-768x576.jpg 768w\" sizes=\"auto, (max-width: 706px) 89vw, (max-width: 767px) 82vw, 740px\" \/><\/a><figcaption class=\"blocks-gallery-item__caption\">Lysebotn<\/figcaption><\/figure><\/li><li class=\"blocks-gallery-item\"><figure><a href=\"https:\/\/havkajaknatur.dk\/wp-content\/uploads\/2019\/01\/08Kajak191-1024x768.jpg\"><img loading=\"lazy\" decoding=\"async\" width=\"1024\" height=\"768\" src=\"https:\/\/havkajaknatur.dk\/wp-content\/uploads\/2019\/01\/08Kajak191-1024x768.jpg\" alt=\"\" data-id=\"2147\" data-link=\"https:\/\/havkajaknatur.dk\/?attachment_id=2147\" class=\"wp-image-2147\" srcset=\"https:\/\/havkajaknatur.dk\/wp-content\/uploads\/2019\/01\/08Kajak191-1024x768.jpg 1024w, https:\/\/havkajaknatur.dk\/wp-content\/uploads\/2019\/01\/08Kajak191-300x225.jpg 300w, https:\/\/havkajaknatur.dk\/wp-content\/uploads\/2019\/01\/08Kajak191-768x576.jpg 768w\" sizes=\"auto, (max-width: 706px) 89vw, (max-width: 767px) 82vw, 740px\" \/><\/a><\/figure><\/li><li class=\"blocks-gallery-item\"><figure><a href=\"https:\/\/havkajaknatur.dk\/wp-content\/uploads\/2019\/01\/08Kajak374-1024x768.jpg\"><img loading=\"lazy\" decoding=\"async\" width=\"1024\" height=\"768\" src=\"https:\/\/havkajaknatur.dk\/wp-content\/uploads\/2019\/01\/08Kajak374-1024x768.jpg\" alt=\"\" data-id=\"2152\" data-link=\"https:\/\/havkajaknatur.dk\/?attachment_id=2152\" class=\"wp-image-2152\" srcset=\"https:\/\/havkajaknatur.dk\/wp-content\/uploads\/2019\/01\/08Kajak374-1024x768.jpg 1024w, https:\/\/havkajaknatur.dk\/wp-content\/uploads\/2019\/01\/08Kajak374-300x225.jpg 300w, https:\/\/havkajaknatur.dk\/wp-content\/uploads\/2019\/01\/08Kajak374-768x576.jpg 768w\" sizes=\"auto, (max-width: 706px) 89vw, (max-width: 767px) 82vw, 740px\" \/><\/a><figcaption class=\"blocks-gallery-item__caption\">Preikestolen<\/figcaption><\/figure><\/li><li class=\"blocks-gallery-item\"><figure><a href=\"https:\/\/havkajaknatur.dk\/wp-content\/uploads\/2019\/01\/08Kajak382-1024x768.jpg\"><img loading=\"lazy\" decoding=\"async\" width=\"1024\" height=\"768\" src=\"https:\/\/havkajaknatur.dk\/wp-content\/uploads\/2019\/01\/08Kajak382-1024x768.jpg\" alt=\"\" data-id=\"2153\" data-link=\"https:\/\/havkajaknatur.dk\/?attachment_id=2153\" class=\"wp-image-2153\" srcset=\"https:\/\/havkajaknatur.dk\/wp-content\/uploads\/2019\/01\/08Kajak382-1024x768.jpg 1024w, https:\/\/havkajaknatur.dk\/wp-content\/uploads\/2019\/01\/08Kajak382-300x225.jpg 300w, https:\/\/havkajaknatur.dk\/wp-content\/uploads\/2019\/01\/08Kajak382-768x576.jpg 768w\" sizes=\"auto, (max-width: 706px) 89vw, (max-width: 767px) 82vw, 740px\" \/><\/a><figcaption class=\"blocks-gallery-item__caption\">Preikestolen<\/figcaption><\/figure><\/li><li class=\"blocks-gallery-item\"><figure><a href=\"https:\/\/havkajaknatur.dk\/wp-content\/uploads\/2019\/01\/08Kajak334-768x1024.jpg\"><img loading=\"lazy\" decoding=\"async\" width=\"768\" height=\"1024\" src=\"https:\/\/havkajaknatur.dk\/wp-content\/uploads\/2019\/01\/08Kajak334-768x1024.jpg\" alt=\"\" data-id=\"2150\" data-link=\"https:\/\/havkajaknatur.dk\/?attachment_id=2150\" class=\"wp-image-2150\" srcset=\"https:\/\/havkajaknatur.dk\/wp-content\/uploads\/2019\/01\/08Kajak334-768x1024.jpg 768w, https:\/\/havkajaknatur.dk\/wp-content\/uploads\/2019\/01\/08Kajak334-225x300.jpg 225w\" sizes=\"auto, (max-width: 706px) 89vw, (max-width: 767px) 82vw, 740px\" \/><\/a><figcaption class=\"blocks-gallery-item__caption\"><em>Geitaneset,&nbsp;Kjerag<\/em><\/figcaption><\/figure><\/li><\/ul><\/figure>\n\n\n\n<p class=\"has-text-align-center\" style=\"font-size:21px\"><strong>Trappen med 4444 trin<\/strong><\/p>\n\n\n\n<p>Det er sv\u00e6rt at komme ind til den lange trappe i Fl\u00f8rli i norske Lysefjord. Der er ingen vej ind, s\u00e5 man m\u00e5 vandre over fjeldet eller sejle med en ruteb\u00e5d. Vi ankom i kajak og ville bestige trappen, ja bestige kan man roligt sige &#8211; 740 h\u00f8jde meter &#8211; en af verdens l\u00e6ngste trapper. Trappen er lavet i 1920 sammen med et jernbanespor i forbindelse med bygning af en r\u00f8rledning til et kraftv\u00e6rk. Vi begyndte opstigningen efter aftensmaden. Det var helt uvirkeligt at g\u00e5 p\u00e5 en trappe i n\u00e6sten 1\u00bd time uafbrudt. Vi var en gruppe, der fandt et tempo, s\u00e5 benene ikke syrede, og s\u00e5 holdt vi passende pauser til at f\u00e5 pulsen ned. Men det var imponerende at n\u00e5 toppen i aftensolen, det var det hele v\u00e6rd. Vi var tilbage ved fjorden lidt over midnat, en stor oplevelse rigere, 4444 trin &#8211; vi talte dem ikke!<\/p>\n\n\n\n<figure class=\"wp-block-gallery columns-1 is-cropped wp-block-gallery-2 is-layout-flex wp-block-gallery-is-layout-flex\"><ul class=\"blocks-gallery-grid\"><li class=\"blocks-gallery-item\"><figure><a href=\"https:\/\/havkajaknatur.dk\/wp-content\/uploads\/2019\/01\/08Kajak086-1024x768.jpg\"><img loading=\"lazy\" decoding=\"async\" width=\"1024\" height=\"768\" src=\"https:\/\/havkajaknatur.dk\/wp-content\/uploads\/2019\/01\/08Kajak086-1024x768.jpg\" alt=\"\" data-id=\"2141\" data-link=\"https:\/\/havkajaknatur.dk\/?attachment_id=2141\" class=\"wp-image-2141\" srcset=\"https:\/\/havkajaknatur.dk\/wp-content\/uploads\/2019\/01\/08Kajak086-1024x768.jpg 1024w, https:\/\/havkajaknatur.dk\/wp-content\/uploads\/2019\/01\/08Kajak086-300x225.jpg 300w, https:\/\/havkajaknatur.dk\/wp-content\/uploads\/2019\/01\/08Kajak086-768x576.jpg 768w\" sizes=\"auto, (max-width: 706px) 89vw, (max-width: 767px) 82vw, 740px\" \/><\/a><\/figure><\/li><li class=\"blocks-gallery-item\"><figure><a href=\"https:\/\/havkajaknatur.dk\/wp-content\/uploads\/2019\/01\/08Kajak153-1024x768.jpg\"><img loading=\"lazy\" decoding=\"async\" width=\"1024\" height=\"768\" src=\"https:\/\/havkajaknatur.dk\/wp-content\/uploads\/2019\/01\/08Kajak153-1024x768.jpg\" alt=\"\" data-id=\"2143\" data-link=\"https:\/\/havkajaknatur.dk\/?attachment_id=2143\" class=\"wp-image-2143\" srcset=\"https:\/\/havkajaknatur.dk\/wp-content\/uploads\/2019\/01\/08Kajak153-1024x768.jpg 1024w, https:\/\/havkajaknatur.dk\/wp-content\/uploads\/2019\/01\/08Kajak153-300x225.jpg 300w, https:\/\/havkajaknatur.dk\/wp-content\/uploads\/2019\/01\/08Kajak153-768x576.jpg 768w\" sizes=\"auto, (max-width: 706px) 89vw, (max-width: 767px) 82vw, 740px\" \/><\/a><\/figure><\/li><li class=\"blocks-gallery-item\"><figure><a href=\"https:\/\/havkajaknatur.dk\/wp-content\/uploads\/2019\/01\/08Kajak087-1024x768.jpg\"><img loading=\"lazy\" decoding=\"async\" width=\"1024\" height=\"768\" src=\"https:\/\/havkajaknatur.dk\/wp-content\/uploads\/2019\/01\/08Kajak087-1024x768.jpg\" alt=\"\" data-id=\"2142\" data-link=\"https:\/\/havkajaknatur.dk\/?attachment_id=2142\" class=\"wp-image-2142\" srcset=\"https:\/\/havkajaknatur.dk\/wp-content\/uploads\/2019\/01\/08Kajak087-1024x768.jpg 1024w, https:\/\/havkajaknatur.dk\/wp-content\/uploads\/2019\/01\/08Kajak087-300x225.jpg 300w, https:\/\/havkajaknatur.dk\/wp-content\/uploads\/2019\/01\/08Kajak087-768x576.jpg 768w\" sizes=\"auto, (max-width: 706px) 89vw, (max-width: 767px) 82vw, 740px\" \/><\/a><\/figure><\/li><li class=\"blocks-gallery-item\"><figure><a href=\"https:\/\/havkajaknatur.dk\/wp-content\/uploads\/2019\/01\/08Kajak153a-1024x768.jpg\"><img loading=\"lazy\" decoding=\"async\" width=\"1024\" height=\"768\" src=\"https:\/\/havkajaknatur.dk\/wp-content\/uploads\/2019\/01\/08Kajak153a-1024x768.jpg\" alt=\"\" data-id=\"2144\" data-link=\"https:\/\/havkajaknatur.dk\/?attachment_id=2144\" class=\"wp-image-2144\" srcset=\"https:\/\/havkajaknatur.dk\/wp-content\/uploads\/2019\/01\/08Kajak153a-1024x768.jpg 1024w, https:\/\/havkajaknatur.dk\/wp-content\/uploads\/2019\/01\/08Kajak153a-300x225.jpg 300w, https:\/\/havkajaknatur.dk\/wp-content\/uploads\/2019\/01\/08Kajak153a-768x576.jpg 768w\" sizes=\"auto, (max-width: 706px) 89vw, (max-width: 767px) 82vw, 740px\" \/><\/a><\/figure><\/li><li class=\"blocks-gallery-item\"><figure><a href=\"https:\/\/havkajaknatur.dk\/wp-content\/uploads\/2019\/01\/08Kajak160-1024x768.jpg\"><img loading=\"lazy\" decoding=\"async\" width=\"1024\" height=\"768\" src=\"https:\/\/havkajaknatur.dk\/wp-content\/uploads\/2019\/01\/08Kajak160-1024x768.jpg\" alt=\"\" data-id=\"2145\" data-link=\"https:\/\/havkajaknatur.dk\/?attachment_id=2145\" class=\"wp-image-2145\" srcset=\"https:\/\/havkajaknatur.dk\/wp-content\/uploads\/2019\/01\/08Kajak160-1024x768.jpg 1024w, https:\/\/havkajaknatur.dk\/wp-content\/uploads\/2019\/01\/08Kajak160-300x225.jpg 300w, https:\/\/havkajaknatur.dk\/wp-content\/uploads\/2019\/01\/08Kajak160-768x576.jpg 768w\" sizes=\"auto, (max-width: 706px) 89vw, (max-width: 767px) 82vw, 740px\" \/><\/a><\/figure><\/li><\/ul><\/figure>\n","protected":false},"excerpt":{"rendered":"<p>Lysefjord set fra Geitanes I sommeren 2008 er vi 14 kajakroere fra Lyn\u00e6s Qajaq, der tager turen op til Lysefjorden p\u00e5 h\u00f8jde med Stavanger i\u00a0Norge. Vi sejler med f\u00e6rgen fra Hirtshals til Kristiansand, og k\u00f8rer op til H\u00f8le lige overfor mundingen af Lysefjorden. Herfra ror vi ind til \u201dLysebotn\u201d i bunden af fjorden og ud &hellip; <\/p>\n<p class=\"link-more\"><a href=\"https:\/\/havkajaknatur.dk\/?page_id=2164\" class=\"more-link\">L\u00e6s videre<span class=\"screen-reader-text\"> &#8220;2008 Lysefjorden&#8221;<\/span><\/a><\/p>\n","protected":false},"author":1,"featured_media":4093,"parent":0,"menu_order":0,"comment_status":"closed","ping_status":"closed","template":"","meta":{"footnotes":""},"class_list":["post-2164","page","type-page","status-publish","has-post-thumbnail","hentry"],"_links":{"self":[{"href":"https:\/\/havkajaknatur.dk\/index.php?rest_route=\/wp\/v2\/pages\/2164","targetHints":{"allow":["GET"]}}],"collection":[{"href":"https:\/\/havkajaknatur.dk\/index.php?rest_route=\/wp\/v2\/pages"}],"about":[{"href":"https:\/\/havkajaknatur.dk\/index.php?rest_route=\/wp\/v2\/types\/page"}],"author":[{"embeddable":true,"href":"https:\/\/havkajaknatur.dk\/index.php?rest_route=\/wp\/v2\/users\/1"}],"replies":[{"embeddable":true,"href":"https:\/\/havkajaknatur.dk\/index.php?rest_route=%2Fwp%2Fv2%2Fcomments&post=2164"}],"version-history":[{"count":28,"href":"https:\/\/havkajaknatur.dk\/index.php?rest_route=\/wp\/v2\/pages\/2164\/revisions"}],"predecessor-version":[{"id":4369,"href":"https:\/\/havkajaknatur.dk\/index.php?rest_route=\/wp\/v2\/pages\/2164\/revisions\/4369"}],"wp:featuredmedia":[{"embeddable":true,"href":"https:\/\/havkajaknatur.dk\/index.php?rest_route=\/wp\/v2\/media\/4093"}],"wp:attachment":[{"href":"https:\/\/havkajaknatur.dk\/index.php?rest_route=%2Fwp%2Fv2%2Fmedia&parent=2164"}],"curies":[{"name":"wp","href":"https:\/\/api.w.org\/{rel}","templated":true}]}}