{"id":2064,"date":"2019-01-14T14:54:14","date_gmt":"2019-01-14T14:54:14","guid":{"rendered":"http:\/\/havkajaknatur.dk\/?page_id=2064"},"modified":"2021-12-15T09:07:24","modified_gmt":"2021-12-15T09:07:24","slug":"norge-smoela-helgeland","status":"publish","type":"page","link":"https:\/\/havkajaknatur.dk\/?page_id=2064","title":{"rendered":"2018 Norge, Sm\u00f8la, Helgeland"},"content":{"rendered":"\n<p class=\"has-text-align-right has-small-font-size\">Hav\u00f8rn<\/p>\n\n\n\n<p>Kajaktur m.m. i Norge fra den 4. juni til 11. juli&nbsp; Dagen efter Sejer\u00f8 Rundt k\u00f8rte jeg til Norge. Den f\u00f8rste del af turen er jeg alene med min kajak. Senere, den 25. juni, skal jeg m\u00f8de Ulla (min hustru) i Bod\u00f8, hvor hun ankommer med flyver. F\u00f8rste m\u00e5l er op til gletchers\u00f8en Mosevatnet ved Folgefonna gletscheren syd\u00f8st fra Bergen. Her skal jeg ro ca. 3 km p\u00e5 s\u00f8en hen til gletcheren. Det var tidligt p\u00e5 sommeren, s\u00e5 var der for meget is i s\u00f8en? Men Norge havde haft et lige s\u00e5 varmt for\u00e5r som os, og der var forbud mod \u00e5ben ild i omr\u00e5det p\u00e5 grund af varmen, s\u00e5 jeg tog chancen. Men jeg m\u00e5tte sms&#8217;er:<em> \u201cHej Ulla og Ida. Jeg kunne ikke komme op til s\u00f8en med gletscheren med bil og kajak. De sidste 700 m var der sne i 3 h\u00e5rn\u00e5lesving, som l\u00e5 i skygge &#8211; \u00f8v s\u00e5 t\u00e6t p\u00e5! Jeg g\u00e5r der op, og ser et utrolig flot landskab, det er som at v\u00e6re tilbage i Gr\u00f8nland.\u201d<\/em><\/p>\n\n\n\n<figure class=\"wp-block-gallery columns-1 is-cropped wp-block-gallery-1 is-layout-flex wp-block-gallery-is-layout-flex\"><ul class=\"blocks-gallery-grid\"><li class=\"blocks-gallery-item\"><figure><a href=\"https:\/\/havkajaknatur.dk\/wp-content\/uploads\/2018\/10\/E8081301.jpg\"><img loading=\"lazy\" decoding=\"async\" width=\"4608\" height=\"3456\" src=\"https:\/\/havkajaknatur.dk\/wp-content\/uploads\/2018\/10\/E8081301.jpg\" alt=\"\" data-id=\"431\" data-link=\"https:\/\/havkajaknatur.dk\/?attachment_id=431\" class=\"wp-image-431\" srcset=\"https:\/\/havkajaknatur.dk\/wp-content\/uploads\/2018\/10\/E8081301.jpg 4608w, https:\/\/havkajaknatur.dk\/wp-content\/uploads\/2018\/10\/E8081301-300x225.jpg 300w, https:\/\/havkajaknatur.dk\/wp-content\/uploads\/2018\/10\/E8081301-768x576.jpg 768w, https:\/\/havkajaknatur.dk\/wp-content\/uploads\/2018\/10\/E8081301-1024x768.jpg 1024w\" sizes=\"auto, (max-width: 706px) 89vw, (max-width: 767px) 82vw, 740px\" \/><\/a><figcaption class=\"blocks-gallery-item__caption\">P\u00e5 vej til Mosevatnet<\/figcaption><\/figure><\/li><li class=\"blocks-gallery-item\"><figure><a href=\"https:\/\/havkajaknatur.dk\/wp-content\/uploads\/2018\/10\/E8081304.jpg\"><img loading=\"lazy\" decoding=\"async\" width=\"4608\" height=\"3456\" src=\"https:\/\/havkajaknatur.dk\/wp-content\/uploads\/2018\/10\/E8081304.jpg\" alt=\"\" data-id=\"412\" data-link=\"https:\/\/havkajaknatur.dk\/?attachment_id=412\" class=\"wp-image-412\" srcset=\"https:\/\/havkajaknatur.dk\/wp-content\/uploads\/2018\/10\/E8081304.jpg 4608w, https:\/\/havkajaknatur.dk\/wp-content\/uploads\/2018\/10\/E8081304-300x225.jpg 300w, https:\/\/havkajaknatur.dk\/wp-content\/uploads\/2018\/10\/E8081304-768x576.jpg 768w, https:\/\/havkajaknatur.dk\/wp-content\/uploads\/2018\/10\/E8081304-1024x768.jpg 1024w\" sizes=\"auto, (max-width: 706px) 89vw, (max-width: 767px) 82vw, 740px\" \/><\/a><figcaption class=\"blocks-gallery-item__caption\">De 2 sidste h\u00e5rdn\u00e5lesving<\/figcaption><\/figure><\/li><li class=\"blocks-gallery-item\"><figure><a href=\"https:\/\/havkajaknatur.dk\/wp-content\/uploads\/2018\/10\/E8081310.jpg\"><img loading=\"lazy\" decoding=\"async\" width=\"4608\" height=\"3456\" src=\"https:\/\/havkajaknatur.dk\/wp-content\/uploads\/2018\/10\/E8081310.jpg\" alt=\"\" data-id=\"413\" data-link=\"https:\/\/havkajaknatur.dk\/?attachment_id=413\" class=\"wp-image-413\" srcset=\"https:\/\/havkajaknatur.dk\/wp-content\/uploads\/2018\/10\/E8081310.jpg 4608w, https:\/\/havkajaknatur.dk\/wp-content\/uploads\/2018\/10\/E8081310-300x225.jpg 300w, https:\/\/havkajaknatur.dk\/wp-content\/uploads\/2018\/10\/E8081310-768x576.jpg 768w, https:\/\/havkajaknatur.dk\/wp-content\/uploads\/2018\/10\/E8081310-1024x768.jpg 1024w\" sizes=\"auto, (max-width: 706px) 89vw, (max-width: 767px) 82vw, 740px\" \/><\/a><\/figure><\/li><li class=\"blocks-gallery-item\"><figure><a href=\"https:\/\/havkajaknatur.dk\/wp-content\/uploads\/2018\/10\/E8081311.jpg\"><img loading=\"lazy\" decoding=\"async\" width=\"4608\" height=\"3456\" src=\"https:\/\/havkajaknatur.dk\/wp-content\/uploads\/2018\/10\/E8081311.jpg\" alt=\"\" data-id=\"414\" data-link=\"https:\/\/havkajaknatur.dk\/?attachment_id=414\" class=\"wp-image-414\" srcset=\"https:\/\/havkajaknatur.dk\/wp-content\/uploads\/2018\/10\/E8081311.jpg 4608w, https:\/\/havkajaknatur.dk\/wp-content\/uploads\/2018\/10\/E8081311-300x225.jpg 300w, https:\/\/havkajaknatur.dk\/wp-content\/uploads\/2018\/10\/E8081311-768x576.jpg 768w, https:\/\/havkajaknatur.dk\/wp-content\/uploads\/2018\/10\/E8081311-1024x768.jpg 1024w\" sizes=\"auto, (max-width: 706px) 89vw, (max-width: 767px) 82vw, 740px\" \/><\/a><\/figure><\/li><li class=\"blocks-gallery-item\"><figure><a href=\"https:\/\/havkajaknatur.dk\/wp-content\/uploads\/2018\/10\/E8081319.jpg\"><img loading=\"lazy\" decoding=\"async\" width=\"4608\" height=\"3456\" src=\"https:\/\/havkajaknatur.dk\/wp-content\/uploads\/2018\/10\/E8081319.jpg\" alt=\"\" data-id=\"427\" data-link=\"https:\/\/havkajaknatur.dk\/?attachment_id=427\" class=\"wp-image-427\" srcset=\"https:\/\/havkajaknatur.dk\/wp-content\/uploads\/2018\/10\/E8081319.jpg 4608w, https:\/\/havkajaknatur.dk\/wp-content\/uploads\/2018\/10\/E8081319-300x225.jpg 300w, https:\/\/havkajaknatur.dk\/wp-content\/uploads\/2018\/10\/E8081319-768x576.jpg 768w, https:\/\/havkajaknatur.dk\/wp-content\/uploads\/2018\/10\/E8081319-1024x768.jpg 1024w\" sizes=\"auto, (max-width: 706px) 89vw, (max-width: 767px) 82vw, 740px\" \/><\/a><figcaption class=\"blocks-gallery-item__caption\">Folgefonna gletcheren<\/figcaption><\/figure><\/li><\/ul><\/figure>\n\n\n\n<p class=\"has-text-align-center\"><strong>Sm\u00f8la Rundt<\/strong><\/p>\n\n\n\n<figure class=\"wp-block-embed is-type-video is-provider-youtube wp-block-embed-youtube wp-embed-aspect-16-9 wp-has-aspect-ratio\"><div class=\"wp-block-embed__wrapper\">\n<iframe loading=\"lazy\" title=\"Kayak, Norge, Sm\u00f8la Rundt\" width=\"525\" height=\"295\" src=\"https:\/\/www.youtube.com\/embed\/7uz2RuOMeFo?feature=oembed\" frameborder=\"0\" allow=\"accelerometer; autoplay; clipboard-write; encrypted-media; gyroscope; picture-in-picture; web-share\" referrerpolicy=\"strict-origin-when-cross-origin\" allowfullscreen><\/iframe>\n<\/div><\/figure>\n\n\n\n<p><strong>\u00d8en Sm\u00f8la\u00a0er n\u00e6ste stop,\u00a0<\/strong>her ville jeg bruge en lille uge. Sm\u00f8la ligger p\u00e5 Norges vestkyst p\u00e5 h\u00f8jde med Trondheim. Den er omgivet af en masse sm\u00e5 \u00f8er, som ikke altid er lige lette at komme ind p\u00e5, men giver et meget beskyttet farvand. P\u00e5 nordsiden af \u00f8en ligger Sm\u00f8la Kajakk som er et godt sted at starte. De har \u00f8ens fineste sandstrand. Mod et mindre bel\u00f8b kan man telte der og f\u00e5 et bad, v\u00e6ldig s\u00f8de mennesker. Omr\u00e5det har Norges m\u00e5ske t\u00e6tteste bestand af Hav\u00f8rne. Flere meget fine sheltere, men kun adgang for b\u00e5de, desv\u00e6rre kan man ikke f\u00e5r kajakken i land. Den fraflyttede \u00f8 Steins\u00f8ya, overfor Sm\u00f8la Kajakk og fiskerbyen Veiholmen ude i nord, er et bes\u00f8g v\u00e6rd. Jeg SMS&#8217;er:<em> \u201cHej Ulla og Ida. Jeg har roet Sm\u00f8la rundt og er nu tilbage ved Sm\u00f8la Kajak. Har brugt en dag men sol og frisk vind til en tur ud til Steins\u00f8ya. Her var s\u00f8lvfarvede tr\u00e6huse forladt i 70&#8217;erne, de var meget fascinerende. S\u00e5 flere hav\u00f8rne meget fint, fandt 3 store h\u00e5ndsvingfjer. Jeg gik derude hele dagen, roede en lille tur i l\u00e6 p\u00e5 vej tilbage. Dronen har v\u00e6ret meget i luften, s\u00e5 jeg lader og lader, her hvor jeg kan. Jeg skal ogs\u00e5 have et brusebad nu. Bliver her en dag mere, vejrudsigten er ogs\u00e5 god i morgen. S\u00e5 kommer der dage med skyet, s\u00e5 k\u00f8rer jeg nordp\u00e5.\u201d<\/em><\/p>\n\n\n\n<div class=\"wp-block-image\"><figure class=\"aligncenter size-large\"><a href=\"https:\/\/havkajaknatur.dk\/wp-content\/uploads\/2019\/02\/E8083352a.jpg\"><img loading=\"lazy\" decoding=\"async\" width=\"768\" height=\"1024\" src=\"https:\/\/havkajaknatur.dk\/wp-content\/uploads\/2019\/02\/E8083352a-768x1024.jpg\" alt=\"\" class=\"wp-image-2365\" srcset=\"https:\/\/havkajaknatur.dk\/wp-content\/uploads\/2019\/02\/E8083352a-768x1024.jpg 768w, https:\/\/havkajaknatur.dk\/wp-content\/uploads\/2019\/02\/E8083352a-225x300.jpg 225w\" sizes=\"auto, (max-width: 706px) 89vw, (max-width: 767px) 82vw, 740px\" \/><\/a><figcaption><strong>H\u00e5ndsvingfjer fra Hav\u00f8rn fundet p\u00e5 Steins\u00f8ya ved Sm\u00f8la  <\/strong><\/figcaption><\/figure><\/div>\n\n\n\n<p class=\"has-text-align-center\"><strong>Sm\u00f8la Rundt Originalt GPS spor<\/strong><\/p>\n\n\n\n<div class=\"wp-block-image\"><figure class=\"aligncenter size-full is-resized\"><a href=\"https:\/\/havkajaknatur.dk\/wp-content\/uploads\/2018\/10\/Sm\u00f8la-GPS-spor.jpg\"><img loading=\"lazy\" decoding=\"async\" src=\"https:\/\/havkajaknatur.dk\/wp-content\/uploads\/2018\/10\/Sm\u00f8la-GPS-spor.jpg\" alt=\"\" class=\"wp-image-1395\" width=\"967\" height=\"1004\" srcset=\"https:\/\/havkajaknatur.dk\/wp-content\/uploads\/2018\/10\/Sm\u00f8la-GPS-spor.jpg 967w, https:\/\/havkajaknatur.dk\/wp-content\/uploads\/2018\/10\/Sm\u00f8la-GPS-spor-289x300.jpg 289w, https:\/\/havkajaknatur.dk\/wp-content\/uploads\/2018\/10\/Sm\u00f8la-GPS-spor-768x797.jpg 768w\" sizes=\"auto, (max-width: 706px) 89vw, (max-width: 767px) 82vw, 740px\" \/><\/a><figcaption>Sm\u00f8la originalt GPS spor<\/figcaption><\/figure><\/div>\n\n\n\n<p class=\"has-text-align-center\"><strong>Helgelands Kysten<\/strong><\/p>\n\n\n\n<figure class=\"wp-block-embed aligncenter is-type-video is-provider-youtube wp-block-embed-youtube wp-embed-aspect-16-9 wp-has-aspect-ratio\"><div class=\"wp-block-embed__wrapper\">\n<iframe loading=\"lazy\" title=\"Kayak, Norge, Helgelands Kysten\" width=\"525\" height=\"295\" src=\"https:\/\/www.youtube.com\/embed\/0-4C2gQb2Wg?feature=oembed\" frameborder=\"0\" allow=\"accelerometer; autoplay; clipboard-write; encrypted-media; gyroscope; picture-in-picture; web-share\" referrerpolicy=\"strict-origin-when-cross-origin\" allowfullscreen><\/iframe>\n<\/div><figcaption>.<\/figcaption><\/figure>\n\n\n\n<p><strong>Helgelandskysten er n\u00e6ste m\u00e5l<\/strong>, et af mine yndlings omr\u00e5de. Nu er jeg ca. 1500 km v\u00e6k hjemmefra. Det er g\u00e5et godt med at k\u00f8re, jeg har taget det i etaper af ca. 500-700 km ad gangen, med en kortere eller l\u00e6ngere aktivitet i mellem, s\u00e5 jeg ikke skal k\u00f8re 2 dage i tr\u00e6k. K\u00f8rslen bliver mere en del af turen, og ikke bare noget man skal overst\u00e5. Mit udgangspunkt (startsted) for denne tur er byen Tonnes, som ligger meget t\u00e6t p\u00e5 polarcirklen. Helgelandskysten er et meget varieret \u00e5bent landskab, med meget h\u00f8je fjelde p\u00e5 op til 1000 m og almindelig sk\u00e6rg\u00e5rd. Mange steder ikke s\u00e5 beskyttet, hele tiden med sm\u00e5 kryds mellem \u00f8erne. En ting der er anderledes her, er ogs\u00e5 at flere af \u00f8erne har en genkendelig profil i form af deres fjeld, s\u00e5 man kan navigere efter dem Lovund, Hestmona, R\u00f8d\u00f8y, Tr\u00e6na, Tomma som er meget markante. Stor bestand af Hav\u00f8rn, Stor Hornugle, Storspove, Odder, Tejst og Lunde (S\u00f8papeg\u00f8je) p\u00e5 Lovund, som er i fremgang. Et virkeligt fint omr\u00e5de, men det kan ogs\u00e5 v\u00e6re barsk. Jeg SMS&#8217;er:<em> \u201cHej Ulla og Ida. Det har v\u00e6ret et fantastisk vejr i dag med en dejlig tur ned til Kvitv\u00e6r, hvor jeg er nu. Troede jeg skulle sove her, men bliver n\u00f8dt til at ro ud til \u00f8en Lovund, hvor der er butik og mulighed for indkvartering, for de lover op til h\u00e5rd kuling de n\u00e6ste 3 dage, det begynder allerede i morgen tidlig. Men jeg bliver her til ca. kl. 22 inden jeg ror ud, der er ingen vind nu, og det er lyst hele d\u00f8gnet.\u201d<\/em> Jeg kommer til Lovund om aftenen og overnatter i telt den f\u00f8rste nat. De 2 n\u00e6ste bliver p\u00e5 hotel p\u00e5 grund af det ekstremt h\u00e5rde vejr med over 22 m\/s. Jeg SMS&#8217;er fra hotellet:<em> &#8220;Hej. Hold da op, det er noget anderledes end i teltet, men jeg ville jo meget hellere v\u00e6re i teltet ude p\u00e5 en \u00f8. Jeg bor p\u00e5 den gamle afdeling af hotellet, men kan g\u00e5 10 skridt, s\u00e5 st\u00e5r jeg i den nye. Den nye afdeling er lavet som et skib ude i den ene side, rigtig godt t\u00e6nkt og flot. De n\u00e6ste 2 dage vil jeg bruge til at dokumentere stormen her p\u00e5 \u00f8en Lovund, s\u00e5 har jeg en opgave. Bad, lade batterier, b\u00e5de mine og elektronikken, og kigge lidt p\u00e5 det, jeg har f\u00e5et i kassen (foto, Video). Skal meget tidligt af sted s\u00f8ndag morgen, da vinden er mindst der. S\u00e5 da misser jeg lige morgenmaden og madpakken. Men det er vigtigere jeg kommer tilbage mod fastlandet. Mange hilsner far\/Jan<\/em> &#8211; <em>Hej. S\u00e5 kom jeg v\u00e6k fra Lovund. Jeg roede kl. 6 og er fremme p\u00e5 Lur\u00f8ya kl 14. 39 km pyha, men nu er alt under kontrol. Der er 11 km i direkte linje til bilen, hvis det er. Vejret har v\u00e6ret super, sol, stille og fremover er vejrudsigten lidt bedre. S\u00e5 status: 3 rigtig gode dage, 1 d\u00e5rlig og 2 rigtig d\u00e5rlige, det er til at leve med, ja der er ligesom ikke andet at g\u00f8re. S\u00e5 to oddere meget t\u00e6t p\u00e5 i dag ca. 4-5 m. Jeg m\u00e5tte fl\u00f8jte, for at f\u00e5 dem til at kigge p\u00e5 fotografen. N\u00e5r man ror i gruppe, oplever man ikke s\u00e5danne ting. Jeg bliver i omr\u00e5det ved bilen, og tager et par dage ad gangen ud fra vejrudsigten, mange hilsner fra far\/Jan<\/em> &#8211; <em>Hej. Er blevet liggende det samme sted. Her er meget fredfyldt. Odder, storspove, strandskade, hav\u00f8rn, m.m, og s\u00e5 f\u00e5r med klokker.<\/em> <em>Jeg forst\u00e5r ikke, det med de klokker, de kan jo selv kommunikere, og de kan ikke l\u00f8be nogen steder hen, vi er p\u00e5 en \u00f8. N\u00e5h, men de nordm\u00e6nd er jo glade for klokker. Men n\u00e5r man skal sove! De har lovet en del vind onsdag. De n\u00e6ste 3 dage derefter ser rimelige ud, inden det g\u00e5r mod Bod\u00f8. Hilsen Jan\/far&#8221;<\/em><\/p>\n\n\n\n<p class=\"has-text-align-center\"><strong>Helgelands Kysten, Originalt GPS spor<\/strong><\/p>\n\n\n\n<div class=\"wp-block-image\"><figure class=\"aligncenter size-full is-resized\"><a href=\"https:\/\/havkajaknatur.dk\/wp-content\/uploads\/2018\/10\/Helgeland-GPS-spor.jpg\"><img loading=\"lazy\" decoding=\"async\" src=\"https:\/\/havkajaknatur.dk\/wp-content\/uploads\/2018\/10\/Helgeland-GPS-spor.jpg\" alt=\"\" class=\"wp-image-1394\" width=\"1900\" height=\"1509\" srcset=\"https:\/\/havkajaknatur.dk\/wp-content\/uploads\/2018\/10\/Helgeland-GPS-spor.jpg 1900w, https:\/\/havkajaknatur.dk\/wp-content\/uploads\/2018\/10\/Helgeland-GPS-spor-300x238.jpg 300w, https:\/\/havkajaknatur.dk\/wp-content\/uploads\/2018\/10\/Helgeland-GPS-spor-768x610.jpg 768w, https:\/\/havkajaknatur.dk\/wp-content\/uploads\/2018\/10\/Helgeland-GPS-spor-1024x813.jpg 1024w\" sizes=\"auto, (max-width: 706px) 89vw, (max-width: 767px) 82vw, 740px\" \/><\/a><\/figure><\/div>\n\n\n\n<p class=\"has-text-align-center\"><strong>Svartisen<\/strong><\/p>\n\n\n\n<p><strong>Nu g\u00e5r turen mod Bod\u00f8<\/strong>, p\u00e5 vejen pr\u00f8ver jeg lige en sidste gang en gletcher &#8220;Svartisen&#8221; syd for Bod\u00f8. Her kan jeg k\u00f8re helt op til s\u00f8en, men der var ikke meget vand i den, s\u00e5 jeg skulle bev\u00e6ge mig langt ned til den. Her f\u00f8lte jeg mig ikke helt sikker, s\u00e5 jeg n\u00f8jedes med at fotografere gletcheren p\u00e5 afstand. Kajakdelen af Norgesturen er slut. I Bod\u00f8 m\u00f8der jeg Ulla, og vi tager f\u00e6rgen ud til Moskenes\u00f8en p\u00e5 Lofoten og videre derfra.<\/p>\n\n\n\n<figure class=\"wp-block-gallery columns-1 is-cropped wp-block-gallery-2 is-layout-flex wp-block-gallery-is-layout-flex\"><ul class=\"blocks-gallery-grid\"><li class=\"blocks-gallery-item\"><figure><a href=\"https:\/\/havkajaknatur.dk\/wp-content\/uploads\/2018\/10\/E8081691.jpg\"><img loading=\"lazy\" decoding=\"async\" width=\"4515\" height=\"3333\" src=\"https:\/\/havkajaknatur.dk\/wp-content\/uploads\/2018\/10\/E8081691.jpg\" alt=\"\" data-id=\"489\" data-link=\"https:\/\/havkajaknatur.dk\/?attachment_id=489\" class=\"wp-image-489\" srcset=\"https:\/\/havkajaknatur.dk\/wp-content\/uploads\/2018\/10\/E8081691.jpg 4515w, https:\/\/havkajaknatur.dk\/wp-content\/uploads\/2018\/10\/E8081691-300x221.jpg 300w, https:\/\/havkajaknatur.dk\/wp-content\/uploads\/2018\/10\/E8081691-768x567.jpg 768w, https:\/\/havkajaknatur.dk\/wp-content\/uploads\/2018\/10\/E8081691-1024x756.jpg 1024w\" sizes=\"auto, (max-width: 706px) 89vw, (max-width: 767px) 82vw, 740px\" \/><\/a><figcaption class=\"blocks-gallery-item__caption\">Svartisen<\/figcaption><\/figure><\/li><li class=\"blocks-gallery-item\"><figure><a href=\"https:\/\/havkajaknatur.dk\/wp-content\/uploads\/2018\/10\/E8081686.jpg\"><img loading=\"lazy\" decoding=\"async\" width=\"4608\" height=\"3456\" src=\"https:\/\/havkajaknatur.dk\/wp-content\/uploads\/2018\/10\/E8081686.jpg\" alt=\"\" data-id=\"373\" data-link=\"https:\/\/havkajaknatur.dk\/?attachment_id=373\" class=\"wp-image-373\" srcset=\"https:\/\/havkajaknatur.dk\/wp-content\/uploads\/2018\/10\/E8081686.jpg 4608w, https:\/\/havkajaknatur.dk\/wp-content\/uploads\/2018\/10\/E8081686-300x225.jpg 300w, https:\/\/havkajaknatur.dk\/wp-content\/uploads\/2018\/10\/E8081686-768x576.jpg 768w, https:\/\/havkajaknatur.dk\/wp-content\/uploads\/2018\/10\/E8081686-1024x768.jpg 1024w\" sizes=\"auto, (max-width: 706px) 89vw, (max-width: 767px) 82vw, 740px\" \/><\/a><\/figure><\/li><li class=\"blocks-gallery-item\"><figure><a href=\"https:\/\/havkajaknatur.dk\/wp-content\/uploads\/2018\/10\/E8081693.jpg\"><img loading=\"lazy\" decoding=\"async\" width=\"4608\" height=\"3456\" src=\"https:\/\/havkajaknatur.dk\/wp-content\/uploads\/2018\/10\/E8081693.jpg\" alt=\"\" data-id=\"490\" data-link=\"https:\/\/havkajaknatur.dk\/?attachment_id=490\" class=\"wp-image-490\" srcset=\"https:\/\/havkajaknatur.dk\/wp-content\/uploads\/2018\/10\/E8081693.jpg 4608w, https:\/\/havkajaknatur.dk\/wp-content\/uploads\/2018\/10\/E8081693-300x225.jpg 300w, https:\/\/havkajaknatur.dk\/wp-content\/uploads\/2018\/10\/E8081693-768x576.jpg 768w, https:\/\/havkajaknatur.dk\/wp-content\/uploads\/2018\/10\/E8081693-1024x768.jpg 1024w\" sizes=\"auto, (max-width: 706px) 89vw, (max-width: 767px) 82vw, 740px\" \/><\/a><\/figure><\/li><li class=\"blocks-gallery-item\"><figure><a href=\"https:\/\/havkajaknatur.dk\/wp-content\/uploads\/2018\/10\/E8081696.jpg\"><img loading=\"lazy\" decoding=\"async\" width=\"4608\" height=\"3456\" src=\"https:\/\/havkajaknatur.dk\/wp-content\/uploads\/2018\/10\/E8081696.jpg\" alt=\"\" data-id=\"491\" data-link=\"https:\/\/havkajaknatur.dk\/?attachment_id=491\" class=\"wp-image-491\" srcset=\"https:\/\/havkajaknatur.dk\/wp-content\/uploads\/2018\/10\/E8081696.jpg 4608w, https:\/\/havkajaknatur.dk\/wp-content\/uploads\/2018\/10\/E8081696-300x225.jpg 300w, https:\/\/havkajaknatur.dk\/wp-content\/uploads\/2018\/10\/E8081696-768x576.jpg 768w, https:\/\/havkajaknatur.dk\/wp-content\/uploads\/2018\/10\/E8081696-1024x768.jpg 1024w\" sizes=\"auto, (max-width: 706px) 89vw, (max-width: 767px) 82vw, 740px\" \/><\/a><\/figure><\/li><\/ul><\/figure>\n","protected":false},"excerpt":{"rendered":"<p>Hav\u00f8rn Kajaktur m.m. i Norge fra den 4. juni til 11. juli&nbsp; Dagen efter Sejer\u00f8 Rundt k\u00f8rte jeg til Norge. Den f\u00f8rste del af turen er jeg alene med min kajak. Senere, den 25. juni, skal jeg m\u00f8de Ulla (min hustru) i Bod\u00f8, hvor hun ankommer med flyver. F\u00f8rste m\u00e5l er op til gletchers\u00f8en Mosevatnet &hellip; <\/p>\n<p class=\"link-more\"><a href=\"https:\/\/havkajaknatur.dk\/?page_id=2064\" class=\"more-link\">L\u00e6s videre<span class=\"screen-reader-text\"> &#8220;2018 Norge, Sm\u00f8la, Helgeland&#8221;<\/span><\/a><\/p>\n","protected":false},"author":1,"featured_media":3134,"parent":0,"menu_order":0,"comment_status":"closed","ping_status":"closed","template":"","meta":{"footnotes":""},"class_list":["post-2064","page","type-page","status-publish","has-post-thumbnail","hentry"],"_links":{"self":[{"href":"https:\/\/havkajaknatur.dk\/index.php?rest_route=\/wp\/v2\/pages\/2064","targetHints":{"allow":["GET"]}}],"collection":[{"href":"https:\/\/havkajaknatur.dk\/index.php?rest_route=\/wp\/v2\/pages"}],"about":[{"href":"https:\/\/havkajaknatur.dk\/index.php?rest_route=\/wp\/v2\/types\/page"}],"author":[{"embeddable":true,"href":"https:\/\/havkajaknatur.dk\/index.php?rest_route=\/wp\/v2\/users\/1"}],"replies":[{"embeddable":true,"href":"https:\/\/havkajaknatur.dk\/index.php?rest_route=%2Fwp%2Fv2%2Fcomments&post=2064"}],"version-history":[{"count":33,"href":"https:\/\/havkajaknatur.dk\/index.php?rest_route=\/wp\/v2\/pages\/2064\/revisions"}],"predecessor-version":[{"id":4534,"href":"https:\/\/havkajaknatur.dk\/index.php?rest_route=\/wp\/v2\/pages\/2064\/revisions\/4534"}],"wp:featuredmedia":[{"embeddable":true,"href":"https:\/\/havkajaknatur.dk\/index.php?rest_route=\/wp\/v2\/media\/3134"}],"wp:attachment":[{"href":"https:\/\/havkajaknatur.dk\/index.php?rest_route=%2Fwp%2Fv2%2Fmedia&parent=2064"}],"curies":[{"name":"wp","href":"https:\/\/api.w.org\/{rel}","templated":true}]}}