{"id":2062,"date":"2019-01-14T14:54:14","date_gmt":"2019-01-14T14:54:14","guid":{"rendered":"http:\/\/havkajaknatur.dk\/?page_id=2062"},"modified":"2021-12-15T21:07:54","modified_gmt":"2021-12-15T21:07:54","slug":"sejeroe-rundt-2","status":"publish","type":"page","link":"https:\/\/havkajaknatur.dk\/?page_id=2062","title":{"rendered":"2018 Sejer\u00f8 Rundt"},"content":{"rendered":"\n<p class=\"has-text-align-right has-small-font-size\">Kik fra Sejer\u00f8 Fyr mod syd\u00f8st<\/p>\n\n\n\n<p class=\"has-text-align-left\">Sejer\u00f8 Rundt den 2. og 3. juni. Turen begynder ved Havns\u00f8, herfra ud langs Neksel\u00f8 og et kryds p\u00e5 ca. 9 km ud til Sejer\u00f8 syd\u00f8st spids. Inden da m\u00f8der vi det altid anderledes flere kilometer lange syd\u00f8st rev. Op langs \u00f8en til nordspidsen &#8220;Gniben&#8221; med fyret, her overnattede vi. Samme vej hjem n\u00e6ste dag, bare p\u00e5 modsatte side af Sejer\u00f8 og Neksel\u00f8. Sejer\u00f8 syd\u00f8st rev, Gniben, Neksel\u00f8s vestkyst og den lille alkefugl &#8220;Tejst&#8221; som yngler p\u00e5 Sejer\u00f8, skal fremh\u00e6ves. Deltagere: Susanne, J\u00f8rgen og mig selv.<\/p>\n\n\n\n<figure class=\"wp-block-embed is-type-video is-provider-youtube wp-block-embed-youtube wp-embed-aspect-16-9 wp-has-aspect-ratio\"><div class=\"wp-block-embed__wrapper\">\n<iframe loading=\"lazy\" title=\"Kayak, Sejer\u00f8 Rundt\" width=\"525\" height=\"295\" src=\"https:\/\/www.youtube.com\/embed\/yDey29V9q9c?feature=oembed\" frameborder=\"0\" allow=\"accelerometer; autoplay; clipboard-write; encrypted-media; gyroscope; picture-in-picture; web-share\" referrerpolicy=\"strict-origin-when-cross-origin\" allowfullscreen><\/iframe>\n<\/div><\/figure>\n\n\n\n<div class=\"wp-block-image is-style-default\"><figure class=\"aligncenter size-full\"><a href=\"https:\/\/havkajaknatur.dk\/wp-content\/uploads\/2021\/12\/Skaermbillede-2021-12-15-kl.-10.32.50.jpg\"><img loading=\"lazy\" decoding=\"async\" width=\"1143\" height=\"957\" src=\"https:\/\/havkajaknatur.dk\/wp-content\/uploads\/2021\/12\/Skaermbillede-2021-12-15-kl.-10.32.50.jpg\" alt=\"\" class=\"wp-image-4540\" srcset=\"https:\/\/havkajaknatur.dk\/wp-content\/uploads\/2021\/12\/Skaermbillede-2021-12-15-kl.-10.32.50.jpg 1143w, https:\/\/havkajaknatur.dk\/wp-content\/uploads\/2021\/12\/Skaermbillede-2021-12-15-kl.-10.32.50-300x251.jpg 300w, https:\/\/havkajaknatur.dk\/wp-content\/uploads\/2021\/12\/Skaermbillede-2021-12-15-kl.-10.32.50-768x643.jpg 768w\" sizes=\"auto, (max-width: 706px) 89vw, (max-width: 767px) 82vw, 740px\" \/><\/a><figcaption><strong>Original GPS spor<\/strong><\/figcaption><\/figure><\/div>\n","protected":false},"excerpt":{"rendered":"<p>Kik fra Sejer\u00f8 Fyr mod syd\u00f8st Sejer\u00f8 Rundt den 2. og 3. juni. Turen begynder ved Havns\u00f8, herfra ud langs Neksel\u00f8 og et kryds p\u00e5 ca. 9 km ud til Sejer\u00f8 syd\u00f8st spids. Inden da m\u00f8der vi det altid anderledes flere kilometer lange syd\u00f8st rev. Op langs \u00f8en til nordspidsen &#8220;Gniben&#8221; med fyret, her overnattede &hellip; <\/p>\n<p class=\"link-more\"><a href=\"https:\/\/havkajaknatur.dk\/?page_id=2062\" class=\"more-link\">L\u00e6s videre<span class=\"screen-reader-text\"> &#8220;2018 Sejer\u00f8 Rundt&#8221;<\/span><\/a><\/p>\n","protected":false},"author":1,"featured_media":2763,"parent":0,"menu_order":0,"comment_status":"closed","ping_status":"closed","template":"","meta":{"footnotes":""},"class_list":["post-2062","page","type-page","status-publish","has-post-thumbnail","hentry"],"_links":{"self":[{"href":"https:\/\/havkajaknatur.dk\/index.php?rest_route=\/wp\/v2\/pages\/2062","targetHints":{"allow":["GET"]}}],"collection":[{"href":"https:\/\/havkajaknatur.dk\/index.php?rest_route=\/wp\/v2\/pages"}],"about":[{"href":"https:\/\/havkajaknatur.dk\/index.php?rest_route=\/wp\/v2\/types\/page"}],"author":[{"embeddable":true,"href":"https:\/\/havkajaknatur.dk\/index.php?rest_route=\/wp\/v2\/users\/1"}],"replies":[{"embeddable":true,"href":"https:\/\/havkajaknatur.dk\/index.php?rest_route=%2Fwp%2Fv2%2Fcomments&post=2062"}],"version-history":[{"count":10,"href":"https:\/\/havkajaknatur.dk\/index.php?rest_route=\/wp\/v2\/pages\/2062\/revisions"}],"predecessor-version":[{"id":4542,"href":"https:\/\/havkajaknatur.dk\/index.php?rest_route=\/wp\/v2\/pages\/2062\/revisions\/4542"}],"wp:featuredmedia":[{"embeddable":true,"href":"https:\/\/havkajaknatur.dk\/index.php?rest_route=\/wp\/v2\/media\/2763"}],"wp:attachment":[{"href":"https:\/\/havkajaknatur.dk\/index.php?rest_route=%2Fwp%2Fv2%2Fmedia&parent=2062"}],"curies":[{"name":"wp","href":"https:\/\/api.w.org\/{rel}","templated":true}]}}