{"id":2061,"date":"2019-01-14T14:54:14","date_gmt":"2019-01-14T14:54:14","guid":{"rendered":"http:\/\/havkajaknatur.dk\/?page_id=2061"},"modified":"2021-12-15T21:06:29","modified_gmt":"2021-12-15T21:06:29","slug":"fyns-hoved-rundt-2","status":"publish","type":"page","link":"https:\/\/havkajaknatur.dk\/?page_id=2061","title":{"rendered":"2018 Fyns Hoved Rundt"},"content":{"rendered":"\n<p class=\"has-text-align-right has-small-font-size\">M\u00e5le Strand<\/p>\n\n\n\n<p class=\"has-text-align-left\">Fyns Hoved (Hindsholm) Rundt &#8211; den 27. til 29. april.<strong> <\/strong>Turen starter ved Munkebo roklub. Herfra en anderledes tur ud gennem Kerteminde fjord omgivet af land. Igennem Kerteminde by og ud i Kerteminde Bugt. Op langs en varieret kyst, nu i Storeb\u00e6lt. N\u00e6ste dag videre op og rundt om Fyns Hoved. Sidste dag ned mod Gabet og ind i Odense Fjord til Boels bro som afslutning. Herfra ca. en halv times g\u00e5tur over til Munkebo roklub for at hente bilen. Fremh\u00e6ves skal kysten ud mod Storeb\u00e6lt og Fyns Hoved. Deltagere: Susanne, Bodil og mig selv.<\/p>\n\n\n\n<figure class=\"wp-block-embed is-type-video is-provider-youtube wp-block-embed-youtube wp-embed-aspect-16-9 wp-has-aspect-ratio\"><div class=\"wp-block-embed__wrapper\">\n<iframe loading=\"lazy\" title=\"Kayak, Fyns Hoved Rundt\" width=\"525\" height=\"295\" src=\"https:\/\/www.youtube.com\/embed\/wkaAPVS1jpE?start=10&#038;feature=oembed\" frameborder=\"0\" allow=\"accelerometer; autoplay; clipboard-write; encrypted-media; gyroscope; picture-in-picture; web-share\" referrerpolicy=\"strict-origin-when-cross-origin\" allowfullscreen><\/iframe>\n<\/div><\/figure>\n\n\n\n<div class=\"wp-block-image is-style-default\"><figure class=\"aligncenter size-full\"><a href=\"https:\/\/havkajaknatur.dk\/wp-content\/uploads\/2021\/12\/18FynsHovedKort1.jpg\"><img loading=\"lazy\" decoding=\"async\" width=\"740\" height=\"738\" src=\"https:\/\/havkajaknatur.dk\/wp-content\/uploads\/2021\/12\/18FynsHovedKort1.jpg\" alt=\"\" class=\"wp-image-4524\" srcset=\"https:\/\/havkajaknatur.dk\/wp-content\/uploads\/2021\/12\/18FynsHovedKort1.jpg 740w, https:\/\/havkajaknatur.dk\/wp-content\/uploads\/2021\/12\/18FynsHovedKort1-300x300.jpg 300w, https:\/\/havkajaknatur.dk\/wp-content\/uploads\/2021\/12\/18FynsHovedKort1-150x150.jpg 150w, https:\/\/havkajaknatur.dk\/wp-content\/uploads\/2021\/12\/18FynsHovedKort1-100x100.jpg 100w\" sizes=\"auto, (max-width: 706px) 89vw, (max-width: 767px) 82vw, 740px\" \/><\/a><figcaption><strong>Original GPS spor<\/strong><\/figcaption><\/figure><\/div>\n","protected":false},"excerpt":{"rendered":"<p>M\u00e5le Strand Fyns Hoved (Hindsholm) Rundt &#8211; den 27. til 29. april. Turen starter ved Munkebo roklub. Herfra en anderledes tur ud gennem Kerteminde fjord omgivet af land. Igennem Kerteminde by og ud i Kerteminde Bugt. Op langs en varieret kyst, nu i Storeb\u00e6lt. N\u00e6ste dag videre op og rundt om Fyns Hoved. Sidste dag &hellip; <\/p>\n<p class=\"link-more\"><a href=\"https:\/\/havkajaknatur.dk\/?page_id=2061\" class=\"more-link\">L\u00e6s videre<span class=\"screen-reader-text\"> &#8220;2018 Fyns Hoved Rundt&#8221;<\/span><\/a><\/p>\n","protected":false},"author":1,"featured_media":2765,"parent":0,"menu_order":0,"comment_status":"closed","ping_status":"closed","template":"","meta":{"footnotes":""},"class_list":["post-2061","page","type-page","status-publish","has-post-thumbnail","hentry"],"_links":{"self":[{"href":"https:\/\/havkajaknatur.dk\/index.php?rest_route=\/wp\/v2\/pages\/2061","targetHints":{"allow":["GET"]}}],"collection":[{"href":"https:\/\/havkajaknatur.dk\/index.php?rest_route=\/wp\/v2\/pages"}],"about":[{"href":"https:\/\/havkajaknatur.dk\/index.php?rest_route=\/wp\/v2\/types\/page"}],"author":[{"embeddable":true,"href":"https:\/\/havkajaknatur.dk\/index.php?rest_route=\/wp\/v2\/users\/1"}],"replies":[{"embeddable":true,"href":"https:\/\/havkajaknatur.dk\/index.php?rest_route=%2Fwp%2Fv2%2Fcomments&post=2061"}],"version-history":[{"count":11,"href":"https:\/\/havkajaknatur.dk\/index.php?rest_route=\/wp\/v2\/pages\/2061\/revisions"}],"predecessor-version":[{"id":4539,"href":"https:\/\/havkajaknatur.dk\/index.php?rest_route=\/wp\/v2\/pages\/2061\/revisions\/4539"}],"wp:featuredmedia":[{"embeddable":true,"href":"https:\/\/havkajaknatur.dk\/index.php?rest_route=\/wp\/v2\/media\/2765"}],"wp:attachment":[{"href":"https:\/\/havkajaknatur.dk\/index.php?rest_route=%2Fwp%2Fv2%2Fmedia&parent=2061"}],"curies":[{"name":"wp","href":"https:\/\/api.w.org\/{rel}","templated":true}]}}