{"id":2032,"date":"2019-01-14T14:40:13","date_gmt":"2019-01-14T14:40:13","guid":{"rendered":"http:\/\/havkajaknatur.dk\/?page_id=2032"},"modified":"2021-12-14T19:56:18","modified_gmt":"2021-12-14T19:56:18","slug":"bornholm-rundt","status":"publish","type":"page","link":"https:\/\/havkajaknatur.dk\/?page_id=2032","title":{"rendered":"2017 Bornholm Rundt"},"content":{"rendered":"\n<p class=\"has-text-align-right has-small-font-size\">Hammershus<\/p>\n\n\n\n<p>Den 26. til den 28.\u00a0august roede jeg Bornholm rundt. Det tog 2\u00bd dag. Jeg havde l\u00e6nge kigget vejrudsigt. Bornholm er meget eksponeret for vind og b\u00f8lger. Derfor er det altafg\u00f8rende med en god vejrudsigt. Jeg havde afsat 4 dage med transport fra og tilbage, s\u00e5 jeg fik 1\u00bd dag til lidt oplevelser inde p\u00e5 land. Det blev til Hammeren rundt til fods, bes\u00f8g p\u00e5 Hammershus helt alene kl. 8.00 i morgensol, bes\u00f8g i byerne Allinge, Gudhjem og Svaneke, inden turen gik hjem med f\u00e6rgen R\u00f8nne-Ystad.<\/p>\n\n\n\n<figure class=\"wp-block-embed is-type-video is-provider-youtube wp-block-embed-youtube wp-embed-aspect-16-9 wp-has-aspect-ratio\"><div class=\"wp-block-embed__wrapper\">\n<iframe loading=\"lazy\" title=\"Kayak, Bornholm Rundt\" width=\"525\" height=\"295\" src=\"https:\/\/www.youtube.com\/embed\/Hbh9d4QDuzk?feature=oembed\" frameborder=\"0\" allow=\"accelerometer; autoplay; clipboard-write; encrypted-media; gyroscope; picture-in-picture; web-share\" referrerpolicy=\"strict-origin-when-cross-origin\" allowfullscreen><\/iframe>\n<\/div><\/figure>\n\n\n\n<div class=\"wp-block-image\"><figure class=\"aligncenter size-full is-resized\"><a href=\"https:\/\/havkajaknatur.dk\/wp-content\/uploads\/2018\/10\/GPS-kort_edited-1.jpg\"><img loading=\"lazy\" decoding=\"async\" src=\"https:\/\/havkajaknatur.dk\/wp-content\/uploads\/2018\/10\/GPS-kort_edited-1.jpg\" alt=\"\" class=\"wp-image-1379\" width=\"918\" height=\"787\" srcset=\"https:\/\/havkajaknatur.dk\/wp-content\/uploads\/2018\/10\/GPS-kort_edited-1.jpg 918w, https:\/\/havkajaknatur.dk\/wp-content\/uploads\/2018\/10\/GPS-kort_edited-1-300x257.jpg 300w, https:\/\/havkajaknatur.dk\/wp-content\/uploads\/2018\/10\/GPS-kort_edited-1-768x658.jpg 768w\" sizes=\"auto, (max-width: 706px) 89vw, (max-width: 767px) 82vw, 740px\" \/><\/a><figcaption>Originalt GPS spor<\/figcaption><\/figure><\/div>\n\n\n\n<p>Bornholm den 29 august.<strong> <\/strong>Her er billeder fra mit bes\u00f8g p\u00e5 Hammershus. Jeg var der kl. 8:00 i morgensol, og havde den helt for mig selv, super oplevelse.<\/p>\n\n\n\n<figure class=\"wp-block-gallery columns-1 is-cropped wp-block-gallery-1 is-layout-flex wp-block-gallery-is-layout-flex\"><ul class=\"blocks-gallery-grid\"><li class=\"blocks-gallery-item\"><figure><a href=\"https:\/\/havkajaknatur.dk\/wp-content\/uploads\/2018\/10\/E8080218.jpg\"><img loading=\"lazy\" decoding=\"async\" width=\"3101\" height=\"4335\" src=\"https:\/\/havkajaknatur.dk\/wp-content\/uploads\/2018\/10\/E8080218.jpg\" alt=\"\" data-id=\"557\" data-link=\"https:\/\/havkajaknatur.dk\/?attachment_id=557\" class=\"wp-image-557\" srcset=\"https:\/\/havkajaknatur.dk\/wp-content\/uploads\/2018\/10\/E8080218.jpg 3101w, https:\/\/havkajaknatur.dk\/wp-content\/uploads\/2018\/10\/E8080218-215x300.jpg 215w, https:\/\/havkajaknatur.dk\/wp-content\/uploads\/2018\/10\/E8080218-768x1074.jpg 768w, https:\/\/havkajaknatur.dk\/wp-content\/uploads\/2018\/10\/E8080218-733x1024.jpg 733w\" sizes=\"auto, (max-width: 706px) 89vw, (max-width: 767px) 82vw, 740px\" \/><\/a><\/figure><\/li><li class=\"blocks-gallery-item\"><figure><a href=\"https:\/\/havkajaknatur.dk\/wp-content\/uploads\/2018\/10\/E8080247.jpg\"><img loading=\"lazy\" decoding=\"async\" width=\"4517\" height=\"3335\" src=\"https:\/\/havkajaknatur.dk\/wp-content\/uploads\/2018\/10\/E8080247.jpg\" alt=\"\" data-id=\"559\" data-link=\"https:\/\/havkajaknatur.dk\/?attachment_id=559\" class=\"wp-image-559\" srcset=\"https:\/\/havkajaknatur.dk\/wp-content\/uploads\/2018\/10\/E8080247.jpg 4517w, https:\/\/havkajaknatur.dk\/wp-content\/uploads\/2018\/10\/E8080247-300x221.jpg 300w, https:\/\/havkajaknatur.dk\/wp-content\/uploads\/2018\/10\/E8080247-768x567.jpg 768w, https:\/\/havkajaknatur.dk\/wp-content\/uploads\/2018\/10\/E8080247-1024x756.jpg 1024w\" sizes=\"auto, (max-width: 706px) 89vw, (max-width: 767px) 82vw, 740px\" \/><\/a><\/figure><\/li><li class=\"blocks-gallery-item\"><figure><a href=\"https:\/\/havkajaknatur.dk\/wp-content\/uploads\/2018\/10\/E8080236.jpg\"><img loading=\"lazy\" decoding=\"async\" width=\"4541\" height=\"3367\" src=\"https:\/\/havkajaknatur.dk\/wp-content\/uploads\/2018\/10\/E8080236.jpg\" alt=\"\" data-id=\"558\" data-link=\"https:\/\/havkajaknatur.dk\/?attachment_id=558\" class=\"wp-image-558\" srcset=\"https:\/\/havkajaknatur.dk\/wp-content\/uploads\/2018\/10\/E8080236.jpg 4541w, https:\/\/havkajaknatur.dk\/wp-content\/uploads\/2018\/10\/E8080236-300x222.jpg 300w, https:\/\/havkajaknatur.dk\/wp-content\/uploads\/2018\/10\/E8080236-768x569.jpg 768w, https:\/\/havkajaknatur.dk\/wp-content\/uploads\/2018\/10\/E8080236-1024x759.jpg 1024w\" sizes=\"auto, (max-width: 706px) 89vw, (max-width: 767px) 82vw, 740px\" \/><\/a><\/figure><\/li><li class=\"blocks-gallery-item\"><figure><a href=\"https:\/\/havkajaknatur.dk\/wp-content\/uploads\/2018\/10\/E8080254.jpg\"><img loading=\"lazy\" decoding=\"async\" width=\"4608\" height=\"3456\" src=\"https:\/\/havkajaknatur.dk\/wp-content\/uploads\/2018\/10\/E8080254.jpg\" alt=\"\" data-id=\"561\" data-link=\"https:\/\/havkajaknatur.dk\/?attachment_id=561\" class=\"wp-image-561\" srcset=\"https:\/\/havkajaknatur.dk\/wp-content\/uploads\/2018\/10\/E8080254.jpg 4608w, https:\/\/havkajaknatur.dk\/wp-content\/uploads\/2018\/10\/E8080254-300x225.jpg 300w, https:\/\/havkajaknatur.dk\/wp-content\/uploads\/2018\/10\/E8080254-768x576.jpg 768w, https:\/\/havkajaknatur.dk\/wp-content\/uploads\/2018\/10\/E8080254-1024x768.jpg 1024w\" sizes=\"auto, (max-width: 706px) 89vw, (max-width: 767px) 82vw, 740px\" \/><\/a><\/figure><\/li><li class=\"blocks-gallery-item\"><figure><a href=\"https:\/\/havkajaknatur.dk\/wp-content\/uploads\/2018\/10\/E8080261.jpg\"><img loading=\"lazy\" decoding=\"async\" width=\"4608\" height=\"3456\" src=\"https:\/\/havkajaknatur.dk\/wp-content\/uploads\/2018\/10\/E8080261.jpg\" alt=\"\" data-id=\"564\" data-link=\"https:\/\/havkajaknatur.dk\/?attachment_id=564\" class=\"wp-image-564\" srcset=\"https:\/\/havkajaknatur.dk\/wp-content\/uploads\/2018\/10\/E8080261.jpg 4608w, https:\/\/havkajaknatur.dk\/wp-content\/uploads\/2018\/10\/E8080261-300x225.jpg 300w, https:\/\/havkajaknatur.dk\/wp-content\/uploads\/2018\/10\/E8080261-768x576.jpg 768w, https:\/\/havkajaknatur.dk\/wp-content\/uploads\/2018\/10\/E8080261-1024x768.jpg 1024w\" sizes=\"auto, (max-width: 706px) 89vw, (max-width: 767px) 82vw, 740px\" \/><\/a><\/figure><\/li><li class=\"blocks-gallery-item\"><figure><a href=\"https:\/\/havkajaknatur.dk\/wp-content\/uploads\/2018\/10\/E8080257.jpg\"><img loading=\"lazy\" decoding=\"async\" width=\"4608\" height=\"3456\" src=\"https:\/\/havkajaknatur.dk\/wp-content\/uploads\/2018\/10\/E8080257.jpg\" alt=\"\" data-id=\"562\" data-link=\"https:\/\/havkajaknatur.dk\/?attachment_id=562\" class=\"wp-image-562\" srcset=\"https:\/\/havkajaknatur.dk\/wp-content\/uploads\/2018\/10\/E8080257.jpg 4608w, https:\/\/havkajaknatur.dk\/wp-content\/uploads\/2018\/10\/E8080257-300x225.jpg 300w, https:\/\/havkajaknatur.dk\/wp-content\/uploads\/2018\/10\/E8080257-768x576.jpg 768w, https:\/\/havkajaknatur.dk\/wp-content\/uploads\/2018\/10\/E8080257-1024x768.jpg 1024w\" sizes=\"auto, (max-width: 706px) 89vw, (max-width: 767px) 82vw, 740px\" \/><\/a><\/figure><\/li><li class=\"blocks-gallery-item\"><figure><a href=\"https:\/\/havkajaknatur.dk\/wp-content\/uploads\/2018\/10\/E8080253.jpg\"><img loading=\"lazy\" decoding=\"async\" width=\"4608\" height=\"3456\" src=\"https:\/\/havkajaknatur.dk\/wp-content\/uploads\/2018\/10\/E8080253.jpg\" alt=\"\" data-id=\"560\" data-link=\"https:\/\/havkajaknatur.dk\/?attachment_id=560\" class=\"wp-image-560\" srcset=\"https:\/\/havkajaknatur.dk\/wp-content\/uploads\/2018\/10\/E8080253.jpg 4608w, https:\/\/havkajaknatur.dk\/wp-content\/uploads\/2018\/10\/E8080253-300x225.jpg 300w, https:\/\/havkajaknatur.dk\/wp-content\/uploads\/2018\/10\/E8080253-768x576.jpg 768w, https:\/\/havkajaknatur.dk\/wp-content\/uploads\/2018\/10\/E8080253-1024x768.jpg 1024w\" sizes=\"auto, (max-width: 706px) 89vw, (max-width: 767px) 82vw, 740px\" \/><\/a><\/figure><\/li><li class=\"blocks-gallery-item\"><figure><a href=\"https:\/\/havkajaknatur.dk\/wp-content\/uploads\/2018\/10\/E8080260.jpg\"><img loading=\"lazy\" decoding=\"async\" width=\"4594\" height=\"3436\" src=\"https:\/\/havkajaknatur.dk\/wp-content\/uploads\/2018\/10\/E8080260.jpg\" alt=\"\" data-id=\"563\" data-link=\"https:\/\/havkajaknatur.dk\/?attachment_id=563\" class=\"wp-image-563\" srcset=\"https:\/\/havkajaknatur.dk\/wp-content\/uploads\/2018\/10\/E8080260.jpg 4594w, https:\/\/havkajaknatur.dk\/wp-content\/uploads\/2018\/10\/E8080260-300x224.jpg 300w, https:\/\/havkajaknatur.dk\/wp-content\/uploads\/2018\/10\/E8080260-768x574.jpg 768w, https:\/\/havkajaknatur.dk\/wp-content\/uploads\/2018\/10\/E8080260-1024x766.jpg 1024w\" sizes=\"auto, (max-width: 706px) 89vw, (max-width: 767px) 82vw, 740px\" \/><\/a><\/figure><\/li><\/ul><\/figure>\n","protected":false},"excerpt":{"rendered":"<p>Hammershus Den 26. til den 28.\u00a0august roede jeg Bornholm rundt. Det tog 2\u00bd dag. Jeg havde l\u00e6nge kigget vejrudsigt. Bornholm er meget eksponeret for vind og b\u00f8lger. Derfor er det altafg\u00f8rende med en god vejrudsigt. Jeg havde afsat 4 dage med transport fra og tilbage, s\u00e5 jeg fik 1\u00bd dag til lidt oplevelser inde p\u00e5 &hellip; <\/p>\n<p class=\"link-more\"><a href=\"https:\/\/havkajaknatur.dk\/?page_id=2032\" class=\"more-link\">L\u00e6s videre<span class=\"screen-reader-text\"> &#8220;2017 Bornholm Rundt&#8221;<\/span><\/a><\/p>\n","protected":false},"author":1,"featured_media":2762,"parent":0,"menu_order":0,"comment_status":"closed","ping_status":"closed","template":"","meta":{"footnotes":""},"class_list":["post-2032","page","type-page","status-publish","has-post-thumbnail","hentry"],"_links":{"self":[{"href":"https:\/\/havkajaknatur.dk\/index.php?rest_route=\/wp\/v2\/pages\/2032","targetHints":{"allow":["GET"]}}],"collection":[{"href":"https:\/\/havkajaknatur.dk\/index.php?rest_route=\/wp\/v2\/pages"}],"about":[{"href":"https:\/\/havkajaknatur.dk\/index.php?rest_route=\/wp\/v2\/types\/page"}],"author":[{"embeddable":true,"href":"https:\/\/havkajaknatur.dk\/index.php?rest_route=\/wp\/v2\/users\/1"}],"replies":[{"embeddable":true,"href":"https:\/\/havkajaknatur.dk\/index.php?rest_route=%2Fwp%2Fv2%2Fcomments&post=2032"}],"version-history":[{"count":18,"href":"https:\/\/havkajaknatur.dk\/index.php?rest_route=\/wp\/v2\/pages\/2032\/revisions"}],"predecessor-version":[{"id":4516,"href":"https:\/\/havkajaknatur.dk\/index.php?rest_route=\/wp\/v2\/pages\/2032\/revisions\/4516"}],"wp:featuredmedia":[{"embeddable":true,"href":"https:\/\/havkajaknatur.dk\/index.php?rest_route=\/wp\/v2\/media\/2762"}],"wp:attachment":[{"href":"https:\/\/havkajaknatur.dk\/index.php?rest_route=%2Fwp%2Fv2%2Fmedia&parent=2032"}],"curies":[{"name":"wp","href":"https:\/\/api.w.org\/{rel}","templated":true}]}}