{"id":2007,"date":"2019-01-14T14:23:50","date_gmt":"2019-01-14T14:23:50","guid":{"rendered":"http:\/\/havkajaknatur.dk\/?page_id=2007"},"modified":"2024-07-03T08:32:04","modified_gmt":"2024-07-03T08:32:04","slug":"kryds-over-storebaelt","status":"publish","type":"page","link":"https:\/\/havkajaknatur.dk\/?page_id=2007","title":{"rendered":"2014 Kryds over Storeb\u00e6lt"},"content":{"rendered":"\n<p class=\"has-text-align-right has-small-font-size\">Hatterrev ude i Store B\u00e6lt<\/p>\n\n\n\n<p>Jeg ror alene over Store B\u00e6lt tirsdag den 20. maj. Jeg havde ventet l\u00e6nge p\u00e5 den rigtige vejrudsigt. Jeg k\u00f8rte ud til Odden f\u00e6rgehavn. Fik kajak og grej flyttet ned p\u00e5 stranden lige \u00f8st for havnen og var klar kl. 8:00. Jeg havde lavet en detaljeret tidsplan hjemmefra, men denne morgen var det meget t\u00e5get. F\u00f8rst kl. 11:00 lettede t\u00e5gen til 500 meters sigt, og jeg kunne begynde krydse ud til Sejer\u00f8s nordspids. Der gik ikke lang tid f\u00f8r t\u00e5gen lettede yderligere, der var ingen vind, alt gik fint. Efter 2 timer og 15 km n\u00e5ede jeg Sejer\u00f8 kl. 13:05, nu skulle der indtages noget frokost og str\u00e6kkes lidt ud, inden turen gik videre. Mens jeg spiser tiltager vinden til 3-5 m\/s fra nord\u00f8st og pludselig lukkes \u00f8en inde i havgus. Jeg kunne ikke engang se fyret 100 m v\u00e6k. Havgusen letter dog igen, men vinden bliver ved. Store overvejelser. P\u00e5 den anden side ville vinden give mig et skub, s\u00e5 jeg kunne g\u00f8re krydset lidt hurtigere, og skulle det v\u00e6re, havde jeg aldrig v\u00e6ret t\u00e6ttere p\u00e5 end nu. Kl. 14:00 ror jeg ud fra kysten p\u00e5 Sejer\u00f8, med kurs mod Hatterrev 18 km. Hvis der ikke er t\u00f8rt p\u00e5 revet skal jeg ro yderligere 5 km op til Vejr\u00f8 inden n\u00e6ste pause. Jeg kigger ikke tilbage, nu er der fokus p\u00e5 n\u00e6ste kryds. Det g\u00e5r rigtig fint, der er noget at lave i b\u00f8lgerne, tiden g\u00e5r hurtigere end p\u00e5 fladt vand, og der er 5 km sigt. Jeg n\u00e5r frem til T-ruten kl.15:10, jeg har fint styr p\u00e5 3 st\u00f8rre og mindre skibe. Jeg kan holde kurs og fart og er n\u00e6sten n\u00e5et over T-ruten, da et skib toner frem sydfra, men ligger han i den forkerte side af renden, eller ligger han uden for renden? Det er sv\u00e6rt at se hans kurs, han ligger i modlys. Der er mange sp\u00f8rgsm\u00e5l. Jeg tager en beslutning, og ror ned mod ham langs med renden, ned for at ligge ved en stor gr\u00f8n lyst\u00f8nde, for den holder han sig fra. Nu kan jeg se hans kurs. Han g\u00e5r uden for renden, men langs med den, m\u00e6rkeligt, alle de andre skibe sejler styrbord bagbord i renden. N\u00e5, men det er jo bare mit problem, jeg er usynlig i dette spil. Han passerer, og jeg kan komme ind p\u00e5 kursen igen og slappe af. Kl. 16:20 n\u00e5r jeg frem til Hatterrev. Vanddybden er lav, men der er ikke noget t\u00f8rt at komme i land p\u00e5, s\u00e5 det er bare at forts\u00e6tte op til Vejr\u00f8. Jeg er tr\u00e6t og sulten, s\u00e5 5 km kan ogs\u00e5 v\u00e6re langt. P\u00e5 vejen passerer jeg Bosserne, s\u00e6lernes rev, jeg kan ikke se dem, de ligger p\u00e5 modsatte side, men jeg kan h\u00f8re dem, de g\u00f8r som hunde, de er jo hunde. Kl. 17:15 g\u00e5r jeg ind p\u00e5 sydstranden af Vejr\u00f8 en ubeboet \u00f8, efter 23 km kryds fra Sejer\u00f8. Nu skal der spises, slappes af og ringe til J\u00f8rgen (Ulla er p\u00e5 Sicilien). Men dagen er ikke slut endnu, selvom jeg gerne s\u00e5, at den var. Jeg ved, jeg vil sove rigtig godt p\u00e5 Issehoved, som var planen. Men der var lige de 3 timer jeg missede. Jeg har roet hurtigere end beregnet og holdt kortere pauser, s\u00e5 det er ikke umuligt at n\u00e5 det sidste kryds.<\/p>\n\n\n\n<p>Da jeg begyndte at ro kajak for 15 \u00e5r siden, havde jeg et \u00f8nske om, at komme til nogle af de samme steder som jeg havde v\u00e6ret med sejlb\u00e5d. Det har jeg nu efter flere \u00e5r f\u00e5et opfyldt, plus rigtig mange nye steder. Jeg manglede dog et sted, og det var Vejr\u00f8. F\u00f8rste gang jeg var her, var i 1972, hvor vi var 5 unge &#8220;hippier&#8221; af blandet k\u00f8n og trang til natur, som sejlede herover fra Odden Havn, Ulla, S\u00f8ren, Karen og Hans J\u00f8rgen. Det var med til at v\u00e6kke min store interesse for de danske \u00f8er, specielt Kattegat \u00f8erne. N\u00e5, jeg skulle jo op til Issehoved, 15 km kryds. Det gik nu fint, lidt lavere tempo med lav sol og faldende vind, en smuk aften at ankomme til Sams\u00f8s nordspids p\u00e5, klokken er 20:20. Jeg havde den helt for mig selv, bortset fra en buk der gik og br\u00f8lede og en skr\u00e6ppen fra nogle strandskader. Men det tager jeg gerne med, det er en del af sceneriet. Kort efter solnedgang gik jeg i soveposen.<\/p>\n\n\n\n<p>Onsdag morgen, mens jeg spiser og g\u00f8r klar til at komme af sted, t\u00e6nker jeg n\u00e6rmere over g\u00e5rsdagen. Jeg havde ligget alene p\u00e5 \u00e5bent vand hele dagen, det var jo et langt kryds. Der er altid en risiko, men jo mere man kan, jo mere har man ogs\u00e5 mulighed for at g\u00f8re. Der er ting vi g\u00f8r hver dag, som er farligere end det her, men det har vi bare affundet os med, og taler ikke om det. Det allervigtigste, hvis der sker noget n\u00e5r man er alene, er at man bevarer roen. Man ved, hvad man skal g\u00f8re, men hvis roen ikke er der, f\u00e5r man ikke gjort det. Kl. 7:00 begyndte jeg med at ro et stykke ned langs Sams\u00f8, inden krydset p\u00e5 4,5 km over til Tun\u00f8. Videre ud p\u00e5 det sidste kryds p\u00e5 10 km, nu i n\u00e6sten vindstille, forbi en vindm\u00f8llepark og over Tun\u00f8 knob og ind p\u00e5 Jyllands \u00f8stkyst kl. 10:30, lige syd for Norsminde. Herfra langs kysten til \u00c5rhus, 20 km, hvor jeg ankommer kl. 15:00. Kl. 16:00 sejler jeg med Mols Linjen til Odden f\u00e6rgehavn, hvor det hele startede. Da jeg st\u00e5r p\u00e5 Odden F\u00e6rgehavn igen og pakker bilen, kan jeg ikke begribe, at det var i g\u00e5r, jeg roede ud mod Sejer\u00f8. Det kunne ikke v\u00e6re rigtigt, det m\u00e5tte v\u00e6re flere dage siden.<\/p>\n\n\n\n<p class=\"has-text-align-center\"><strong>Det er sv\u00e6rt at v\u00e6lge en kajaktur ud af mange. Men, hvis jeg skal v\u00e6lge, vil det v\u00e6re denne, som er noget helt s\u00e6rligt.<\/strong><\/p>\n\n\n\n<figure class=\"wp-block-embed is-type-video is-provider-youtube wp-block-embed-youtube wp-embed-aspect-16-9 wp-has-aspect-ratio\"><div class=\"wp-block-embed__wrapper\">\n<iframe loading=\"lazy\" title=\"Kayak, Kryds over Storeb\u00e6lt\" width=\"525\" height=\"295\" src=\"https:\/\/www.youtube.com\/embed\/GUwfv7zqwpo?feature=oembed\" frameborder=\"0\" allow=\"accelerometer; autoplay; clipboard-write; encrypted-media; gyroscope; picture-in-picture; web-share\" referrerpolicy=\"strict-origin-when-cross-origin\" allowfullscreen><\/iframe>\n<\/div><\/figure>\n\n\n\n<p class=\"has-text-align-center has-normal-font-size\"><strong>Planl\u00e6gning<\/strong><\/p>\n\n\n\n<p>En god planl\u00e6gning af en tur, betyder som regel ogs\u00e5 altid et bedre resultat. Her er et indblik i min planl\u00e6gning af krydset over Store B\u00e6lt. Starten p\u00e5 turen blev forsinket 3 timer p\u00e5 grund af t\u00e5ge&nbsp;\u2639\ufe0f Men planen blev stadigv\u00e6k holdt bare forskudt. Jeg kom senere til Issehoved, ankom kl 20:20 hvor jeg havde beregnet 19:30, s\u00e5 der var noget luft i planen, n\u00e5r man t\u00e6nker p\u00e5 de 3 timers forsinkelse. Det overordnede med planen var, om det overhovedet kunne g\u00f8res forsvarligt p\u00e5 2 dage med min form\u00e5en.<\/p>\n\n\n\n<figure class=\"wp-block-gallery has-nested-images columns-1 is-cropped wp-block-gallery-1 is-layout-flex wp-block-gallery-is-layout-flex\">\n<figure class=\"wp-block-image size-large is-style-default\"><a href=\"https:\/\/havkajaknatur.dk\/wp-content\/uploads\/2018\/10\/Kryds-over-Store-B\u00e6lt.jpg\"><img loading=\"lazy\" decoding=\"async\" width=\"797\" height=\"1024\" data-id=\"639\" src=\"https:\/\/havkajaknatur.dk\/wp-content\/uploads\/2018\/10\/Kryds-over-Store-B\u00e6lt-797x1024.jpg\" alt=\"\" class=\"wp-image-639\" srcset=\"https:\/\/havkajaknatur.dk\/wp-content\/uploads\/2018\/10\/Kryds-over-Store-B\u00e6lt-797x1024.jpg 797w, https:\/\/havkajaknatur.dk\/wp-content\/uploads\/2018\/10\/Kryds-over-Store-B\u00e6lt-233x300.jpg 233w, https:\/\/havkajaknatur.dk\/wp-content\/uploads\/2018\/10\/Kryds-over-Store-B\u00e6lt-768x987.jpg 768w\" sizes=\"auto, (max-width: 706px) 89vw, (max-width: 767px) 82vw, 740px\" \/><\/a><figcaption class=\"wp-element-caption\"><strong>Indblik i planl\u00e6gning<\/strong><\/figcaption><\/figure>\n\n\n\n<figure class=\"wp-block-image size-large is-style-default\"><a href=\"https:\/\/havkajaknatur.dk\/wp-content\/uploads\/2018\/10\/14Kajak481.jpg\"><img loading=\"lazy\" decoding=\"async\" width=\"1024\" height=\"737\" data-id=\"638\" src=\"https:\/\/havkajaknatur.dk\/wp-content\/uploads\/2018\/10\/14Kajak481-1024x737.jpg\" alt=\"\" class=\"wp-image-638\" srcset=\"https:\/\/havkajaknatur.dk\/wp-content\/uploads\/2018\/10\/14Kajak481-1024x737.jpg 1024w, https:\/\/havkajaknatur.dk\/wp-content\/uploads\/2018\/10\/14Kajak481-300x216.jpg 300w, https:\/\/havkajaknatur.dk\/wp-content\/uploads\/2018\/10\/14Kajak481-768x552.jpg 768w, https:\/\/havkajaknatur.dk\/wp-content\/uploads\/2018\/10\/14Kajak481.jpg 1247w\" sizes=\"auto, (max-width: 706px) 89vw, (max-width: 767px) 82vw, 740px\" \/><\/a><figcaption class=\"wp-element-caption\"><strong>Originalt GPS spor selve krydset over Store B\u00e6lt<\/strong><\/figcaption><\/figure>\n\n\n\n<figure class=\"wp-block-image size-large is-style-default\"><a href=\"https:\/\/havkajaknatur.dk\/wp-content\/uploads\/2018\/10\/14Kajak481a.jpg\"><img loading=\"lazy\" decoding=\"async\" width=\"1024\" height=\"737\" data-id=\"702\" src=\"https:\/\/havkajaknatur.dk\/wp-content\/uploads\/2018\/10\/14Kajak481a-1024x737.jpg\" alt=\"\" class=\"wp-image-702\" srcset=\"https:\/\/havkajaknatur.dk\/wp-content\/uploads\/2018\/10\/14Kajak481a-1024x737.jpg 1024w, https:\/\/havkajaknatur.dk\/wp-content\/uploads\/2018\/10\/14Kajak481a-300x216.jpg 300w, https:\/\/havkajaknatur.dk\/wp-content\/uploads\/2018\/10\/14Kajak481a-768x552.jpg 768w, https:\/\/havkajaknatur.dk\/wp-content\/uploads\/2018\/10\/14Kajak481a.jpg 1247w\" sizes=\"auto, (max-width: 706px) 89vw, (max-width: 767px) 82vw, 740px\" \/><\/a><figcaption class=\"wp-element-caption\"><strong>Udsnit af Original GPS spor ved T-Rute&nbsp; Man kan se jeg \u00e6ndre kurs og g\u00e5r syd ned til gr\u00f8n lyst\u00f8nde. Hvor jeg ligger til tankeren er passeret.<\/strong><\/figcaption><\/figure>\n<\/figure>\n","protected":false},"excerpt":{"rendered":"<p>Hatterrev ude i Store B\u00e6lt Jeg ror alene over Store B\u00e6lt tirsdag den 20. maj. Jeg havde ventet l\u00e6nge p\u00e5 den rigtige vejrudsigt. Jeg k\u00f8rte ud til Odden f\u00e6rgehavn. Fik kajak og grej flyttet ned p\u00e5 stranden lige \u00f8st for havnen og var klar kl. 8:00. Jeg havde lavet en detaljeret tidsplan hjemmefra, men denne &hellip; <\/p>\n<p class=\"link-more\"><a href=\"https:\/\/havkajaknatur.dk\/?page_id=2007\" class=\"more-link\">L\u00e6s videre<span class=\"screen-reader-text\"> &#8220;2014 Kryds over Storeb\u00e6lt&#8221;<\/span><\/a><\/p>\n","protected":false},"author":1,"featured_media":4100,"parent":0,"menu_order":0,"comment_status":"closed","ping_status":"closed","template":"","meta":{"footnotes":""},"class_list":["post-2007","page","type-page","status-publish","has-post-thumbnail","hentry"],"_links":{"self":[{"href":"https:\/\/havkajaknatur.dk\/index.php?rest_route=\/wp\/v2\/pages\/2007","targetHints":{"allow":["GET"]}}],"collection":[{"href":"https:\/\/havkajaknatur.dk\/index.php?rest_route=\/wp\/v2\/pages"}],"about":[{"href":"https:\/\/havkajaknatur.dk\/index.php?rest_route=\/wp\/v2\/types\/page"}],"author":[{"embeddable":true,"href":"https:\/\/havkajaknatur.dk\/index.php?rest_route=\/wp\/v2\/users\/1"}],"replies":[{"embeddable":true,"href":"https:\/\/havkajaknatur.dk\/index.php?rest_route=%2Fwp%2Fv2%2Fcomments&post=2007"}],"version-history":[{"count":16,"href":"https:\/\/havkajaknatur.dk\/index.php?rest_route=\/wp\/v2\/pages\/2007\/revisions"}],"predecessor-version":[{"id":4841,"href":"https:\/\/havkajaknatur.dk\/index.php?rest_route=\/wp\/v2\/pages\/2007\/revisions\/4841"}],"wp:featuredmedia":[{"embeddable":true,"href":"https:\/\/havkajaknatur.dk\/index.php?rest_route=\/wp\/v2\/media\/4100"}],"wp:attachment":[{"href":"https:\/\/havkajaknatur.dk\/index.php?rest_route=%2Fwp%2Fv2%2Fmedia&parent=2007"}],"curies":[{"name":"wp","href":"https:\/\/api.w.org\/{rel}","templated":true}]}}