{"id":1976,"date":"2019-01-14T12:51:04","date_gmt":"2019-01-14T12:51:04","guid":{"rendered":"http:\/\/havkajaknatur.dk\/?page_id=1976"},"modified":"2021-12-14T15:08:10","modified_gmt":"2021-12-14T15:08:10","slug":"hjemmelavet-turkort","status":"publish","type":"page","link":"https:\/\/havkajaknatur.dk\/?page_id=1976","title":{"rendered":"Hjemmelavet turkort"},"content":{"rendered":"\n<p class=\"has-text-align-right has-small-font-size\">Kortudsnit af V\u00e4der\u00f6arna og Fj\u00e4llbacka sk\u00e6rg\u00e5rden<\/p>\n\n\n\n<p>Lad mig sige det med det samme, det er et stort arbejde. Jeg laver papir kort til nogle ture ved at fremstille mange sk\u00e6rmprint og s\u00e6tte dem sammen i &#8220;Photoshop Elements&#8221; N\u00e5r du f\u00f8rst har styr p\u00e5 det i Photoshop, hvor du g\u00f8r den ene part lidt gennemsigtig, g\u00e5r det hurtig. Du skal selvf\u00f8lgelig have lidt overl\u00e6g p\u00e5 sk\u00e6rm printer. M\u00e6ngden af sk\u00e6rmprint afh\u00e6nger af detalje m\u00e6ngden p\u00e5 kortet. Kilden for mig er en Garmin GPS Montana 600 sat til min Mac via programmet &#8220;Garmin Basecamp&#8221; Du kan lave lige det omr\u00e5de, du vil have, s\u00e5 kortet ikke bliver un\u00f8digt stort. Og s\u00e5 kan du tegne ruter, lejrpladser m.m. ind p\u00e5 kortet, som du kan se herover.<\/p>\n\n\n\n<p class=\"has-text-align-center\"><strong>Eksempel p\u00e5 oversigtskort og detaljkort fra Lofoten<\/strong><\/p>\n\n\n\n<figure class=\"wp-block-gallery columns-1 is-cropped wp-block-gallery-1 is-layout-flex wp-block-gallery-is-layout-flex\"><ul class=\"blocks-gallery-grid\"><li class=\"blocks-gallery-item\"><figure><a href=\"https:\/\/havkajaknatur.dk\/wp-content\/uploads\/2018\/10\/Lofoten.oversigt.jpg\"><img loading=\"lazy\" decoding=\"async\" width=\"4961\" height=\"3508\" src=\"https:\/\/havkajaknatur.dk\/wp-content\/uploads\/2018\/10\/Lofoten.oversigt.jpg\" alt=\"\" data-id=\"1221\" data-link=\"https:\/\/havkajaknatur.dk\/?attachment_id=1221\" class=\"wp-image-1221\" srcset=\"https:\/\/havkajaknatur.dk\/wp-content\/uploads\/2018\/10\/Lofoten.oversigt.jpg 4961w, https:\/\/havkajaknatur.dk\/wp-content\/uploads\/2018\/10\/Lofoten.oversigt-300x212.jpg 300w, https:\/\/havkajaknatur.dk\/wp-content\/uploads\/2018\/10\/Lofoten.oversigt-768x543.jpg 768w, https:\/\/havkajaknatur.dk\/wp-content\/uploads\/2018\/10\/Lofoten.oversigt-1024x724.jpg 1024w\" sizes=\"auto, (max-width: 706px) 89vw, (max-width: 767px) 82vw, 740px\" \/><\/a><figcaption class=\"blocks-gallery-item__caption\">Oversigtskort Klik op<\/figcaption><\/figure><\/li><li class=\"blocks-gallery-item\"><figure><a href=\"https:\/\/havkajaknatur.dk\/wp-content\/uploads\/2018\/10\/Bleik\u00f8ya-Austvag\u00f8ya.kort_.jpg\"><img loading=\"lazy\" decoding=\"async\" width=\"4961\" height=\"3508\" src=\"https:\/\/havkajaknatur.dk\/wp-content\/uploads\/2018\/10\/Bleik\u00f8ya-Austvag\u00f8ya.kort_.jpg\" alt=\"\" data-id=\"1220\" data-link=\"https:\/\/havkajaknatur.dk\/?attachment_id=1220\" class=\"wp-image-1220\" srcset=\"https:\/\/havkajaknatur.dk\/wp-content\/uploads\/2018\/10\/Bleik\u00f8ya-Austvag\u00f8ya.kort_.jpg 4961w, https:\/\/havkajaknatur.dk\/wp-content\/uploads\/2018\/10\/Bleik\u00f8ya-Austvag\u00f8ya.kort_-300x212.jpg 300w, https:\/\/havkajaknatur.dk\/wp-content\/uploads\/2018\/10\/Bleik\u00f8ya-Austvag\u00f8ya.kort_-768x543.jpg 768w, https:\/\/havkajaknatur.dk\/wp-content\/uploads\/2018\/10\/Bleik\u00f8ya-Austvag\u00f8ya.kort_-1024x724.jpg 1024w\" sizes=\"auto, (max-width: 706px) 89vw, (max-width: 767px) 82vw, 740px\" \/><\/a><figcaption class=\"blocks-gallery-item__caption\">Detaljkort Klip op<\/figcaption><\/figure><\/li><\/ul><\/figure>\n","protected":false},"excerpt":{"rendered":"<p>Kortudsnit af V\u00e4der\u00f6arna og Fj\u00e4llbacka sk\u00e6rg\u00e5rden Lad mig sige det med det samme, det er et stort arbejde. Jeg laver papir kort til nogle ture ved at fremstille mange sk\u00e6rmprint og s\u00e6tte dem sammen i &#8220;Photoshop Elements&#8221; N\u00e5r du f\u00f8rst har styr p\u00e5 det i Photoshop, hvor du g\u00f8r den ene part lidt gennemsigtig, g\u00e5r &hellip; <\/p>\n<p class=\"link-more\"><a href=\"https:\/\/havkajaknatur.dk\/?page_id=1976\" class=\"more-link\">L\u00e6s videre<span class=\"screen-reader-text\"> &#8220;Hjemmelavet turkort&#8221;<\/span><\/a><\/p>\n","protected":false},"author":1,"featured_media":4062,"parent":0,"menu_order":0,"comment_status":"closed","ping_status":"closed","template":"","meta":{"footnotes":""},"class_list":["post-1976","page","type-page","status-publish","has-post-thumbnail","hentry"],"_links":{"self":[{"href":"https:\/\/havkajaknatur.dk\/index.php?rest_route=\/wp\/v2\/pages\/1976","targetHints":{"allow":["GET"]}}],"collection":[{"href":"https:\/\/havkajaknatur.dk\/index.php?rest_route=\/wp\/v2\/pages"}],"about":[{"href":"https:\/\/havkajaknatur.dk\/index.php?rest_route=\/wp\/v2\/types\/page"}],"author":[{"embeddable":true,"href":"https:\/\/havkajaknatur.dk\/index.php?rest_route=\/wp\/v2\/users\/1"}],"replies":[{"embeddable":true,"href":"https:\/\/havkajaknatur.dk\/index.php?rest_route=%2Fwp%2Fv2%2Fcomments&post=1976"}],"version-history":[{"count":12,"href":"https:\/\/havkajaknatur.dk\/index.php?rest_route=\/wp\/v2\/pages\/1976\/revisions"}],"predecessor-version":[{"id":4481,"href":"https:\/\/havkajaknatur.dk\/index.php?rest_route=\/wp\/v2\/pages\/1976\/revisions\/4481"}],"wp:featuredmedia":[{"embeddable":true,"href":"https:\/\/havkajaknatur.dk\/index.php?rest_route=\/wp\/v2\/media\/4062"}],"wp:attachment":[{"href":"https:\/\/havkajaknatur.dk\/index.php?rest_route=%2Fwp%2Fv2%2Fmedia&parent=1976"}],"curies":[{"name":"wp","href":"https:\/\/api.w.org\/{rel}","templated":true}]}}