{"id":1974,"date":"2019-01-14T12:51:04","date_gmt":"2019-01-14T12:51:04","guid":{"rendered":"http:\/\/havkajaknatur.dk\/?page_id=1974"},"modified":"2021-12-14T15:17:59","modified_gmt":"2021-12-14T15:17:59","slug":"vaadt-rotoej","status":"publish","type":"page","link":"https:\/\/havkajaknatur.dk\/?page_id=1974","title":{"rendered":"V\u00e5dt rot\u00f8j"},"content":{"rendered":"\n<p class=\"has-text-align-right has-small-font-size\">Sydlangeland<\/p>\n\n\n\n<p>En ting der altid har undret mig er, at man ikke kan m\u00e6rke vand p\u00e5 kroppen.\u00a0Man kan m\u00e6rke kulde og varme men ikke vand. S\u00e5 hvis vandet har samme temperatur som kroppen, kan man ikke m\u00e6rke det. Du kan kun m\u00e6rke vandet, hvis det er koldere eller varmere.<\/p>\n\n\n\n<p>P\u00e5 Bornholm Rundt kom der en tordenbyge, og jeg m\u00e5tte g\u00e5 i land. Jeg sad en halv time og blev gennembl\u00f8dt og kold. Jeg vidste, at jeg skulle ud at ro for at f\u00e5 varmen igen.\u00a0Der gik ca. et kvarter, s\u00e5 var jeg varm og mit t\u00f8j var t\u00f8rt. Nej det var stadigv\u00e6k v\u00e5dt, men jeg havde varmet vandet op, s\u00e5 det havde samme temperatur som min krop! Mit t\u00f8j f\u00f8ltes virkelig t\u00f8rt, men hvis jeg stoppede med at ro og gik i land, ville der ikke g\u00e5 lang tid f\u00f8r, jeg blev kold og kunne m\u00e6rke mit v\u00e5de t\u00f8j. S\u00e5 fortvivl ikke hvis du st\u00e5r med v\u00e5dt rot\u00f8j p\u00e5 og fryser, du skal bare ud at ro.\u00a0\ud83d\ude03<\/p>\n","protected":false},"excerpt":{"rendered":"<p>Sydlangeland En ting der altid har undret mig er, at man ikke kan m\u00e6rke vand p\u00e5 kroppen.\u00a0Man kan m\u00e6rke kulde og varme men ikke vand. S\u00e5 hvis vandet har samme temperatur som kroppen, kan man ikke m\u00e6rke det. Du kan kun m\u00e6rke vandet, hvis det er koldere eller varmere. P\u00e5 Bornholm Rundt kom der en &hellip; <\/p>\n<p class=\"link-more\"><a href=\"https:\/\/havkajaknatur.dk\/?page_id=1974\" class=\"more-link\">L\u00e6s videre<span class=\"screen-reader-text\"> &#8220;V\u00e5dt rot\u00f8j&#8221;<\/span><\/a><\/p>\n","protected":false},"author":1,"featured_media":3125,"parent":0,"menu_order":0,"comment_status":"closed","ping_status":"closed","template":"","meta":{"footnotes":""},"class_list":["post-1974","page","type-page","status-publish","has-post-thumbnail","hentry"],"_links":{"self":[{"href":"https:\/\/havkajaknatur.dk\/index.php?rest_route=\/wp\/v2\/pages\/1974","targetHints":{"allow":["GET"]}}],"collection":[{"href":"https:\/\/havkajaknatur.dk\/index.php?rest_route=\/wp\/v2\/pages"}],"about":[{"href":"https:\/\/havkajaknatur.dk\/index.php?rest_route=\/wp\/v2\/types\/page"}],"author":[{"embeddable":true,"href":"https:\/\/havkajaknatur.dk\/index.php?rest_route=\/wp\/v2\/users\/1"}],"replies":[{"embeddable":true,"href":"https:\/\/havkajaknatur.dk\/index.php?rest_route=%2Fwp%2Fv2%2Fcomments&post=1974"}],"version-history":[{"count":19,"href":"https:\/\/havkajaknatur.dk\/index.php?rest_route=\/wp\/v2\/pages\/1974\/revisions"}],"predecessor-version":[{"id":4485,"href":"https:\/\/havkajaknatur.dk\/index.php?rest_route=\/wp\/v2\/pages\/1974\/revisions\/4485"}],"wp:featuredmedia":[{"embeddable":true,"href":"https:\/\/havkajaknatur.dk\/index.php?rest_route=\/wp\/v2\/media\/3125"}],"wp:attachment":[{"href":"https:\/\/havkajaknatur.dk\/index.php?rest_route=%2Fwp%2Fv2%2Fmedia&parent=1974"}],"curies":[{"name":"wp","href":"https:\/\/api.w.org\/{rel}","templated":true}]}}