{"id":1973,"date":"2019-01-14T12:51:04","date_gmt":"2019-01-14T12:51:04","guid":{"rendered":"http:\/\/havkajaknatur.dk\/?page_id=1973"},"modified":"2021-12-14T15:13:28","modified_gmt":"2021-12-14T15:13:28","slug":"flytning-af-lastet-kajak","status":"publish","type":"page","link":"https:\/\/havkajaknatur.dk\/?page_id=1973","title":{"rendered":"Flytning af lastet kajak"},"content":{"rendered":"\n<p class=\"has-text-align-right has-small-font-size\">Finland, Turku og \u00c5rhus, Mols Linien <\/p>\n\n\n\n<p>N\u00e5r du er alene af sted p\u00e5 tur, kan det v\u00e6re sv\u00e6rt at f\u00e5 den fuldt lastede kajak p\u00e5 land og i vandet. En rundstok p\u00e5 ca. 50 mm i diameter er en god ting til dette. Det er ikke altid den ruller, men bare kajakken glider p\u00e5 rundstokken, giver det meget mindre friktion og sk\u00e5ner ogs\u00e5 kajakken. Hvis man er 4 personer 2 i hver ende, er 2 stropper rigtig godt. Du f\u00e5r et rigtigt l\u00f8ft, hvor du kan holde ryggen  mere rank. <\/p>\n\n\n\n<figure class=\"wp-block-gallery columns-1 is-cropped wp-block-gallery-1 is-layout-flex wp-block-gallery-is-layout-flex\"><ul class=\"blocks-gallery-grid\"><li class=\"blocks-gallery-item\"><figure><a href=\"https:\/\/havkajaknatur.dk\/wp-content\/uploads\/2018\/10\/E8080324d1.jpg\"><img loading=\"lazy\" decoding=\"async\" width=\"4376\" height=\"2462\" src=\"https:\/\/havkajaknatur.dk\/wp-content\/uploads\/2018\/10\/E8080324d1.jpg\" alt=\"\" data-id=\"661\" data-link=\"https:\/\/havkajaknatur.dk\/?attachment_id=661\" class=\"wp-image-661\" srcset=\"https:\/\/havkajaknatur.dk\/wp-content\/uploads\/2018\/10\/E8080324d1.jpg 4376w, https:\/\/havkajaknatur.dk\/wp-content\/uploads\/2018\/10\/E8080324d1-300x169.jpg 300w, https:\/\/havkajaknatur.dk\/wp-content\/uploads\/2018\/10\/E8080324d1-768x432.jpg 768w, https:\/\/havkajaknatur.dk\/wp-content\/uploads\/2018\/10\/E8080324d1-1024x576.jpg 1024w\" sizes=\"auto, (max-width: 706px) 89vw, (max-width: 767px) 82vw, 740px\" \/><\/a><figcaption class=\"blocks-gallery-item__caption\">Fj\u00e4llbacka Sk\u00e6rg\u00e5rden<\/figcaption><\/figure><\/li><li class=\"blocks-gallery-item\"><figure><a href=\"https:\/\/havkajaknatur.dk\/wp-content\/uploads\/2018\/10\/E8080324e.jpg\"><img loading=\"lazy\" decoding=\"async\" width=\"4608\" height=\"2592\" src=\"https:\/\/havkajaknatur.dk\/wp-content\/uploads\/2018\/10\/E8080324e.jpg\" alt=\"\" data-id=\"662\" data-link=\"https:\/\/havkajaknatur.dk\/?attachment_id=662\" class=\"wp-image-662\" srcset=\"https:\/\/havkajaknatur.dk\/wp-content\/uploads\/2018\/10\/E8080324e.jpg 4608w, https:\/\/havkajaknatur.dk\/wp-content\/uploads\/2018\/10\/E8080324e-300x169.jpg 300w, https:\/\/havkajaknatur.dk\/wp-content\/uploads\/2018\/10\/E8080324e-768x432.jpg 768w, https:\/\/havkajaknatur.dk\/wp-content\/uploads\/2018\/10\/E8080324e-1024x576.jpg 1024w\" sizes=\"auto, (max-width: 706px) 89vw, (max-width: 767px) 82vw, 740px\" \/><\/a><\/figure><\/li><li class=\"blocks-gallery-item\"><figure><a href=\"https:\/\/havkajaknatur.dk\/wp-content\/uploads\/2018\/10\/11Kajak157.jpg\"><img loading=\"lazy\" decoding=\"async\" width=\"3135\" height=\"1763\" src=\"https:\/\/havkajaknatur.dk\/wp-content\/uploads\/2018\/10\/11Kajak157.jpg\" alt=\"\" data-id=\"658\" data-link=\"https:\/\/havkajaknatur.dk\/?attachment_id=658\" class=\"wp-image-658\" srcset=\"https:\/\/havkajaknatur.dk\/wp-content\/uploads\/2018\/10\/11Kajak157.jpg 3135w, https:\/\/havkajaknatur.dk\/wp-content\/uploads\/2018\/10\/11Kajak157-300x169.jpg 300w, https:\/\/havkajaknatur.dk\/wp-content\/uploads\/2018\/10\/11Kajak157-768x432.jpg 768w, https:\/\/havkajaknatur.dk\/wp-content\/uploads\/2018\/10\/11Kajak157-1024x576.jpg 1024w\" sizes=\"auto, (max-width: 706px) 89vw, (max-width: 767px) 82vw, 740px\" \/><\/a><figcaption class=\"blocks-gallery-item__caption\">Helgelands Kysten<\/figcaption><\/figure><\/li><\/ul><\/figure>\n","protected":false},"excerpt":{"rendered":"<p>Finland, Turku og \u00c5rhus, Mols Linien N\u00e5r du er alene af sted p\u00e5 tur, kan det v\u00e6re sv\u00e6rt at f\u00e5 den fuldt lastede kajak p\u00e5 land og i vandet. En rundstok p\u00e5 ca. 50 mm i diameter er en god ting til dette. Det er ikke altid den ruller, men bare kajakken glider p\u00e5 rundstokken, &hellip; <\/p>\n<p class=\"link-more\"><a href=\"https:\/\/havkajaknatur.dk\/?page_id=1973\" class=\"more-link\">L\u00e6s videre<span class=\"screen-reader-text\"> &#8220;Flytning af lastet kajak&#8221;<\/span><\/a><\/p>\n","protected":false},"author":1,"featured_media":4235,"parent":0,"menu_order":0,"comment_status":"closed","ping_status":"closed","template":"","meta":{"footnotes":""},"class_list":["post-1973","page","type-page","status-publish","has-post-thumbnail","hentry"],"_links":{"self":[{"href":"https:\/\/havkajaknatur.dk\/index.php?rest_route=\/wp\/v2\/pages\/1973","targetHints":{"allow":["GET"]}}],"collection":[{"href":"https:\/\/havkajaknatur.dk\/index.php?rest_route=\/wp\/v2\/pages"}],"about":[{"href":"https:\/\/havkajaknatur.dk\/index.php?rest_route=\/wp\/v2\/types\/page"}],"author":[{"embeddable":true,"href":"https:\/\/havkajaknatur.dk\/index.php?rest_route=\/wp\/v2\/users\/1"}],"replies":[{"embeddable":true,"href":"https:\/\/havkajaknatur.dk\/index.php?rest_route=%2Fwp%2Fv2%2Fcomments&post=1973"}],"version-history":[{"count":9,"href":"https:\/\/havkajaknatur.dk\/index.php?rest_route=\/wp\/v2\/pages\/1973\/revisions"}],"predecessor-version":[{"id":4483,"href":"https:\/\/havkajaknatur.dk\/index.php?rest_route=\/wp\/v2\/pages\/1973\/revisions\/4483"}],"wp:featuredmedia":[{"embeddable":true,"href":"https:\/\/havkajaknatur.dk\/index.php?rest_route=\/wp\/v2\/media\/4235"}],"wp:attachment":[{"href":"https:\/\/havkajaknatur.dk\/index.php?rest_route=%2Fwp%2Fv2%2Fmedia&parent=1973"}],"curies":[{"name":"wp","href":"https:\/\/api.w.org\/{rel}","templated":true}]}}