{"id":1956,"date":"2019-01-14T12:35:11","date_gmt":"2019-01-14T12:35:11","guid":{"rendered":"http:\/\/havkajaknatur.dk\/?page_id=1956"},"modified":"2022-07-10T19:21:45","modified_gmt":"2022-07-10T19:21:45","slug":"telt-til-kajakbrug","status":"publish","type":"page","link":"https:\/\/havkajaknatur.dk\/?page_id=1956","title":{"rendered":"Telt til kajakbrug"},"content":{"rendered":"\n<p class=\"has-text-align-right has-small-font-size\">\u00c5lands\u00f8erne, Russ\u00f4 \u00f4n<\/p>\n\n\n\n<p>Hvis man tager til vores nabolande Sverige og Norge er et&nbsp;<strong>fritst\u00e5ende telt&nbsp;<\/strong>(kuppeltelt) det eneste rigtige. Du er fri for pl\u00f8kker til at holde teltet opretst\u00e5ende, det st\u00e5r frit p\u00e5 klippe, eller hvor der ikke er meget jord oven p\u00e5 klippen. Dog hvis det bl\u00e6ser meget, skal teltet selvf\u00f8lgelig t\u00f8jres, som det ses p\u00e5 billederne, et Hilleberg Soulo som er et solo telt. Jeg har ogs\u00e5 et Allak 2 Hilleberg med lidt mere plads et 2 personers telt.<\/p>\n\n\n\n<figure class=\"wp-block-gallery has-nested-images columns-1 is-cropped wp-block-gallery-1 is-layout-flex wp-block-gallery-is-layout-flex\">\n<figure class=\"wp-block-image size-large is-style-default\"><a href=\"https:\/\/havkajaknatur.dk\/wp-content\/uploads\/2018\/10\/13Kajak114.jpg\"><img loading=\"lazy\" decoding=\"async\" width=\"3623\" height=\"2703\" data-id=\"606\" src=\"https:\/\/havkajaknatur.dk\/wp-content\/uploads\/2018\/10\/13Kajak114.jpg\" alt=\"\" class=\"wp-image-606\" srcset=\"https:\/\/havkajaknatur.dk\/wp-content\/uploads\/2018\/10\/13Kajak114.jpg 3623w, https:\/\/havkajaknatur.dk\/wp-content\/uploads\/2018\/10\/13Kajak114-300x224.jpg 300w, https:\/\/havkajaknatur.dk\/wp-content\/uploads\/2018\/10\/13Kajak114-768x573.jpg 768w, https:\/\/havkajaknatur.dk\/wp-content\/uploads\/2018\/10\/13Kajak114-1024x764.jpg 1024w\" sizes=\"auto, (max-width: 706px) 89vw, (max-width: 767px) 82vw, 740px\" \/><\/a><figcaption>\u00c5land\u00f8erne, \u00c4ngesk\u00e4r<\/figcaption><\/figure>\n\n\n\n<figure class=\"wp-block-image size-large is-style-default\"><a href=\"https:\/\/havkajaknatur.dk\/wp-content\/uploads\/2019\/02\/12Kajak497-1.jpg\"><img loading=\"lazy\" decoding=\"async\" width=\"1024\" height=\"768\" data-id=\"3046\" src=\"https:\/\/havkajaknatur.dk\/wp-content\/uploads\/2019\/02\/12Kajak497-1-1024x768.jpg\" alt=\"\" class=\"wp-image-3046\" srcset=\"https:\/\/havkajaknatur.dk\/wp-content\/uploads\/2019\/02\/12Kajak497-1-1024x768.jpg 1024w, https:\/\/havkajaknatur.dk\/wp-content\/uploads\/2019\/02\/12Kajak497-1-300x225.jpg 300w, https:\/\/havkajaknatur.dk\/wp-content\/uploads\/2019\/02\/12Kajak497-1-768x576.jpg 768w\" sizes=\"auto, (max-width: 706px) 89vw, (max-width: 767px) 82vw, 740px\" \/><\/a><figcaption>Bohuslan, h\u00e5rd vind til kuling<\/figcaption><\/figure>\n<\/figure>\n\n\n\n<figure class=\"wp-block-gallery has-nested-images columns-default is-cropped wp-block-gallery-2 is-layout-flex wp-block-gallery-is-layout-flex\">\n<figure class=\"wp-block-image size-large is-style-default\"><a href=\"https:\/\/havkajaknatur.dk\/wp-content\/uploads\/2022\/07\/AllakGrn.jpeg\"><img loading=\"lazy\" decoding=\"async\" width=\"700\" height=\"350\" data-id=\"4645\" src=\"https:\/\/havkajaknatur.dk\/wp-content\/uploads\/2022\/07\/AllakGrn.jpeg\" alt=\"\" class=\"wp-image-4645\" srcset=\"https:\/\/havkajaknatur.dk\/wp-content\/uploads\/2022\/07\/AllakGrn.jpeg 700w, https:\/\/havkajaknatur.dk\/wp-content\/uploads\/2022\/07\/AllakGrn-300x150.jpeg 300w\" sizes=\"auto, (max-width: 700px) 100vw, 700px\" \/><\/a><figcaption>Allak 2<\/figcaption><\/figure>\n\n\n\n<figure class=\"wp-block-image size-large is-style-default\"><a href=\"https:\/\/havkajaknatur.dk\/wp-content\/uploads\/2022\/07\/SouloGrn.jpeg\"><img loading=\"lazy\" decoding=\"async\" width=\"700\" height=\"350\" data-id=\"4646\" src=\"https:\/\/havkajaknatur.dk\/wp-content\/uploads\/2022\/07\/SouloGrn.jpeg\" alt=\"\" class=\"wp-image-4646\" srcset=\"https:\/\/havkajaknatur.dk\/wp-content\/uploads\/2022\/07\/SouloGrn.jpeg 700w, https:\/\/havkajaknatur.dk\/wp-content\/uploads\/2022\/07\/SouloGrn-300x150.jpeg 300w\" sizes=\"auto, (max-width: 700px) 100vw, 700px\" \/><\/a><figcaption>Soulo<\/figcaption><\/figure>\n<\/figure>\n","protected":false},"excerpt":{"rendered":"<p>\u00c5lands\u00f8erne, Russ\u00f4 \u00f4n Hvis man tager til vores nabolande Sverige og Norge er et&nbsp;fritst\u00e5ende telt&nbsp;(kuppeltelt) det eneste rigtige. Du er fri for pl\u00f8kker til at holde teltet opretst\u00e5ende, det st\u00e5r frit p\u00e5 klippe, eller hvor der ikke er meget jord oven p\u00e5 klippen. Dog hvis det bl\u00e6ser meget, skal teltet selvf\u00f8lgelig t\u00f8jres, som det ses &hellip; <\/p>\n<p class=\"link-more\"><a href=\"https:\/\/havkajaknatur.dk\/?page_id=1956\" class=\"more-link\">L\u00e6s videre<span class=\"screen-reader-text\"> &#8220;Telt til kajakbrug&#8221;<\/span><\/a><\/p>\n","protected":false},"author":1,"featured_media":2723,"parent":0,"menu_order":0,"comment_status":"closed","ping_status":"closed","template":"","meta":{"footnotes":""},"class_list":["post-1956","page","type-page","status-publish","has-post-thumbnail","hentry"],"_links":{"self":[{"href":"https:\/\/havkajaknatur.dk\/index.php?rest_route=\/wp\/v2\/pages\/1956","targetHints":{"allow":["GET"]}}],"collection":[{"href":"https:\/\/havkajaknatur.dk\/index.php?rest_route=\/wp\/v2\/pages"}],"about":[{"href":"https:\/\/havkajaknatur.dk\/index.php?rest_route=\/wp\/v2\/types\/page"}],"author":[{"embeddable":true,"href":"https:\/\/havkajaknatur.dk\/index.php?rest_route=\/wp\/v2\/users\/1"}],"replies":[{"embeddable":true,"href":"https:\/\/havkajaknatur.dk\/index.php?rest_route=%2Fwp%2Fv2%2Fcomments&post=1956"}],"version-history":[{"count":13,"href":"https:\/\/havkajaknatur.dk\/index.php?rest_route=\/wp\/v2\/pages\/1956\/revisions"}],"predecessor-version":[{"id":4648,"href":"https:\/\/havkajaknatur.dk\/index.php?rest_route=\/wp\/v2\/pages\/1956\/revisions\/4648"}],"wp:featuredmedia":[{"embeddable":true,"href":"https:\/\/havkajaknatur.dk\/index.php?rest_route=\/wp\/v2\/media\/2723"}],"wp:attachment":[{"href":"https:\/\/havkajaknatur.dk\/index.php?rest_route=%2Fwp%2Fv2%2Fmedia&parent=1956"}],"curies":[{"name":"wp","href":"https:\/\/api.w.org\/{rel}","templated":true}]}}