{"id":1953,"date":"2019-01-14T12:35:11","date_gmt":"2019-01-14T12:35:11","guid":{"rendered":"http:\/\/havkajaknatur.dk\/?page_id=1953"},"modified":"2022-07-10T18:59:44","modified_gmt":"2022-07-10T18:59:44","slug":"mit-fotoudstyr-til-kajakturer","status":"publish","type":"page","link":"https:\/\/havkajaknatur.dk\/?page_id=1953","title":{"rendered":"Mit fotoudstyr til kajakturer"},"content":{"rendered":"\n<p class=\"has-text-align-right has-small-font-size\">Sverige, Misterhult, Langsk\u00e4r<\/p>\n\n\n\n<p>Jeg bruger Olympus OM Systemkamera p\u00e5 grund af st\u00f8rrelsen, det giver meget mere mobilitet. N\u00e5r jeg er p\u00e5 kajaktur og har mad, telt, sovepose, t\u00f8j, og meget mere til en uge, er der ikke meget plads og rutte med i kajakken. Men alligevel f\u00e5r jeg plads til et E-Ml Mark ll eller et OM-1 kamerahus, 2 objektiver ud af f\u00f8lgende 4 objektiver: standard zoom 12-40mm f 2,8, vidvinkel zoom 7-14 mm f 2,8, zoom 12-100mm f4 og en 300mm f 4. Jeg har ogs\u00e5 altid et vandt\u00e6t kompakt kamera med, et Olympus Stylus TG-6. Som jeg har fremme n\u00e5r jeg ror. Der bliver ogs\u00e5 nogle gange plads til en drone DJI Mavic Air, men s\u00e5 er der ogs\u00e5 fuldt op. <\/p>\n\n\n\n<figure class=\"wp-block-gallery has-nested-images columns-1 is-cropped wp-block-gallery-1 is-layout-flex wp-block-gallery-is-layout-flex\">\n<figure class=\"wp-block-image size-large is-style-default\"><a href=\"https:\/\/havkajaknatur.dk\/wp-content\/uploads\/2019\/01\/IMG_1468.jpg\"><img loading=\"lazy\" decoding=\"async\" width=\"1024\" height=\"768\" data-id=\"1817\" src=\"https:\/\/havkajaknatur.dk\/wp-content\/uploads\/2019\/01\/IMG_1468-1024x768.jpg\" alt=\"\" class=\"wp-image-1817\" srcset=\"https:\/\/havkajaknatur.dk\/wp-content\/uploads\/2019\/01\/IMG_1468-1024x768.jpg 1024w, https:\/\/havkajaknatur.dk\/wp-content\/uploads\/2019\/01\/IMG_1468-300x225.jpg 300w, https:\/\/havkajaknatur.dk\/wp-content\/uploads\/2019\/01\/IMG_1468-768x576.jpg 768w\" sizes=\"auto, (max-width: 706px) 89vw, (max-width: 767px) 82vw, 740px\" \/><\/a><figcaption>Olympus kamera og objektiver<\/figcaption><\/figure>\n\n\n\n<figure class=\"wp-block-image size-large is-style-default\"><a href=\"https:\/\/havkajaknatur.dk\/wp-content\/uploads\/2019\/01\/IMG_1469.jpg\"><img loading=\"lazy\" decoding=\"async\" width=\"1024\" height=\"768\" data-id=\"1818\" src=\"https:\/\/havkajaknatur.dk\/wp-content\/uploads\/2019\/01\/IMG_1469-1024x768.jpg\" alt=\"\" class=\"wp-image-1818\" srcset=\"https:\/\/havkajaknatur.dk\/wp-content\/uploads\/2019\/01\/IMG_1469-1024x768.jpg 1024w, https:\/\/havkajaknatur.dk\/wp-content\/uploads\/2019\/01\/IMG_1469-300x225.jpg 300w, https:\/\/havkajaknatur.dk\/wp-content\/uploads\/2019\/01\/IMG_1469-768x576.jpg 768w\" sizes=\"auto, (max-width: 706px) 89vw, (max-width: 767px) 82vw, 740px\" \/><\/a><figcaption>DJI Mavic Air, batterier og fjernbetjener<\/figcaption><\/figure>\n\n\n\n<figure class=\"wp-block-image size-large is-style-default\"><a href=\"https:\/\/havkajaknatur.dk\/wp-content\/uploads\/2019\/01\/IMG_1470.jpg\"><img loading=\"lazy\" decoding=\"async\" width=\"1024\" height=\"768\" data-id=\"1819\" src=\"https:\/\/havkajaknatur.dk\/wp-content\/uploads\/2019\/01\/IMG_1470-1024x768.jpg\" alt=\"\" class=\"wp-image-1819\" srcset=\"https:\/\/havkajaknatur.dk\/wp-content\/uploads\/2019\/01\/IMG_1470-1024x768.jpg 1024w, https:\/\/havkajaknatur.dk\/wp-content\/uploads\/2019\/01\/IMG_1470-300x225.jpg 300w, https:\/\/havkajaknatur.dk\/wp-content\/uploads\/2019\/01\/IMG_1470-768x576.jpg 768w\" sizes=\"auto, (max-width: 706px) 89vw, (max-width: 767px) 82vw, 740px\" \/><\/a><figcaption>Udsl\u00e5et Drone<\/figcaption><\/figure>\n\n\n\n<figure class=\"wp-block-image size-large is-style-default\"><a href=\"https:\/\/havkajaknatur.dk\/wp-content\/uploads\/2019\/01\/IMG_1471.jpg\"><img loading=\"lazy\" decoding=\"async\" width=\"1024\" height=\"768\" data-id=\"1820\" src=\"https:\/\/havkajaknatur.dk\/wp-content\/uploads\/2019\/01\/IMG_1471-1024x768.jpg\" alt=\"\" class=\"wp-image-1820\" srcset=\"https:\/\/havkajaknatur.dk\/wp-content\/uploads\/2019\/01\/IMG_1471-1024x768.jpg 1024w, https:\/\/havkajaknatur.dk\/wp-content\/uploads\/2019\/01\/IMG_1471-300x225.jpg 300w, https:\/\/havkajaknatur.dk\/wp-content\/uploads\/2019\/01\/IMG_1471-768x576.jpg 768w\" sizes=\"auto, (max-width: 706px) 89vw, (max-width: 767px) 82vw, 740px\" \/><\/a><figcaption>Sammenfoldet drone<\/figcaption><\/figure>\n<\/figure>\n\n\n\n<p>Fotografering fra kajak i b\u00f8lger er sv\u00e6rt. Du er n\u00f8d til at slibe pagajen, og s\u00e5 er du lost, hvis du f\u00e5r brug for et st\u00f8ttetag, og det har man jo altid brug for i b\u00f8lger. S\u00e5 det er en chance man tager for at f\u00e5 billedet i kassen. Jeg har endnu ikke fundet en m\u00e5de hvor jeg kan have kameraet fastsp\u00e6ndt, og aktivere det p\u00e5 en ordentlig m\u00e5de, og f\u00e5 de billeder man gerne vil have.<\/p>\n\n\n\n<p>Drone fotografering er nyt for mig. Jeg kan faktisk ikke lig oplevelsen af en drone, s\u00e5 jeg bruger den kun n\u00e5r der ikke er fremmede mennesker i n\u00e6rheden. Man skal have et dronetegn eller et dronebevis afh\u00e6ngig af st\u00f8rrelse p\u00e5 din drone. Dronetegn kr\u00e6ver en mindre pr\u00f8ve, og en lidt st\u00f8rre for dronebevis. Du skal ogs\u00e5 f\u00f8lge en del regler, blandt andet holde diverse lovpligtige afstande til huse, veje, mennesker, lufthavne m.m. Men du f\u00e5r et helt andet perspektiv, ser tingene p\u00e5 en ny m\u00e5de. Det kr\u00e6ver en del \u00f8velse, og jeg er langt fra, der hvor jeg gerne vil v\u00e6re. <\/p>\n\n\n\n<div class=\"wp-block-image\"><figure class=\"aligncenter\"><a href=\"https:\/\/havkajaknatur.dk\/wp-content\/uploads\/2019\/03\/Olympus01.jpg\"><img loading=\"lazy\" decoding=\"async\" width=\"494\" height=\"369\" src=\"https:\/\/havkajaknatur.dk\/wp-content\/uploads\/2019\/03\/Olympus01.jpg\" alt=\"\" class=\"wp-image-3110\" srcset=\"https:\/\/havkajaknatur.dk\/wp-content\/uploads\/2019\/03\/Olympus01.jpg 494w, https:\/\/havkajaknatur.dk\/wp-content\/uploads\/2019\/03\/Olympus01-300x224.jpg 300w\" sizes=\"auto, (max-width: 494px) 100vw, 494px\" \/><\/a><figcaption><strong>Mit fotoudstyr sidst i 70erne, Olympus OM systen, hvor jeg ikke roede kajak (-:<\/strong><\/figcaption><\/figure><\/div>\n","protected":false},"excerpt":{"rendered":"<p>Sverige, Misterhult, Langsk\u00e4r Jeg bruger Olympus OM Systemkamera p\u00e5 grund af st\u00f8rrelsen, det giver meget mere mobilitet. N\u00e5r jeg er p\u00e5 kajaktur og har mad, telt, sovepose, t\u00f8j, og meget mere til en uge, er der ikke meget plads og rutte med i kajakken. Men alligevel f\u00e5r jeg plads til et E-Ml Mark ll eller &hellip; <\/p>\n<p class=\"link-more\"><a href=\"https:\/\/havkajaknatur.dk\/?page_id=1953\" class=\"more-link\">L\u00e6s videre<span class=\"screen-reader-text\"> &#8220;Mit fotoudstyr til kajakturer&#8221;<\/span><\/a><\/p>\n","protected":false},"author":1,"featured_media":3121,"parent":0,"menu_order":0,"comment_status":"closed","ping_status":"closed","template":"","meta":{"footnotes":""},"class_list":["post-1953","page","type-page","status-publish","has-post-thumbnail","hentry"],"_links":{"self":[{"href":"https:\/\/havkajaknatur.dk\/index.php?rest_route=\/wp\/v2\/pages\/1953","targetHints":{"allow":["GET"]}}],"collection":[{"href":"https:\/\/havkajaknatur.dk\/index.php?rest_route=\/wp\/v2\/pages"}],"about":[{"href":"https:\/\/havkajaknatur.dk\/index.php?rest_route=\/wp\/v2\/types\/page"}],"author":[{"embeddable":true,"href":"https:\/\/havkajaknatur.dk\/index.php?rest_route=\/wp\/v2\/users\/1"}],"replies":[{"embeddable":true,"href":"https:\/\/havkajaknatur.dk\/index.php?rest_route=%2Fwp%2Fv2%2Fcomments&post=1953"}],"version-history":[{"count":12,"href":"https:\/\/havkajaknatur.dk\/index.php?rest_route=\/wp\/v2\/pages\/1953\/revisions"}],"predecessor-version":[{"id":4643,"href":"https:\/\/havkajaknatur.dk\/index.php?rest_route=\/wp\/v2\/pages\/1953\/revisions\/4643"}],"wp:featuredmedia":[{"embeddable":true,"href":"https:\/\/havkajaknatur.dk\/index.php?rest_route=\/wp\/v2\/media\/3121"}],"wp:attachment":[{"href":"https:\/\/havkajaknatur.dk\/index.php?rest_route=%2Fwp%2Fv2%2Fmedia&parent=1953"}],"curies":[{"name":"wp","href":"https:\/\/api.w.org\/{rel}","templated":true}]}}