{"id":1952,"date":"2019-01-14T12:35:11","date_gmt":"2019-01-14T12:35:11","guid":{"rendered":"http:\/\/havkajaknatur.dk\/?page_id=1952"},"modified":"2025-03-04T14:09:20","modified_gmt":"2025-03-04T14:09:20","slug":"mit-gps-udstyr-til-kajakbrug","status":"publish","type":"page","link":"https:\/\/havkajaknatur.dk\/?page_id=1952","title":{"rendered":"Mit GPS udstyr til kajakbrug"},"content":{"rendered":"\n<p class=\"has-text-align-right has-small-font-size\">Ud for Langeland<\/p>\n\n\n\n<p>Jeg har en Garmin Montana 600. Den har en p\u00e6n stor sk\u00e6rm, der skifter mellem vandret og lodret sk\u00e6rm, ligesom en mobiltelefon. Det er meget anvendelig, da man udnytter sk\u00e6rmen meget mere. N\u00e5r man ror vest-\u00f8st eller omvendt, har man GPS&#8217;en vandret. N\u00e5r man ror nord-syd eller omvendt, har man GPS&#8217;en lodret. Jeg har et s\u00f8kort over hele Skandinavien liggende p\u00e5 et hukommelseskort. Der er ogs\u00e5 indbygget hukommelse p\u00e5 GPS&#8217;en, her har jeg geografiske kort liggende, som fort\u00e6ller mere om hvad der er inde p\u00e5 land.<\/p>\n\n\n\n<p>Hjemme har jeg \u201dGarmin Basecamp\u201d installeret p\u00e5 min Mac. S\u00e5 jeg kan se Gps&#8217;en p\u00e5 stor sk\u00e6rm, planl\u00e6gge ture og taste oplysninger ind, og gemme b\u00e5de p\u00e5 Mac og GPS. Desv\u00e6rre supporter Garmin ikke mere  <meta charset=\"utf-8\">\u201dGarmin HomePort\u201d hvor man ogs\u00e5 kunne se sine installerede s\u00f8kort p\u00e5 GPS&#8217;en p\u00e5 Mac&#8217;en \ud83d\ude41<\/p>\n","protected":false},"excerpt":{"rendered":"<p>Ud for Langeland Jeg har en Garmin Montana 600. Den har en p\u00e6n stor sk\u00e6rm, der skifter mellem vandret og lodret sk\u00e6rm, ligesom en mobiltelefon. Det er meget anvendelig, da man udnytter sk\u00e6rmen meget mere. N\u00e5r man ror vest-\u00f8st eller omvendt, har man GPS&#8217;en vandret. N\u00e5r man ror nord-syd eller omvendt, har man GPS&#8217;en lodret. &hellip; <\/p>\n<p class=\"link-more\"><a href=\"https:\/\/havkajaknatur.dk\/?page_id=1952\" class=\"more-link\">L\u00e6s videre<span class=\"screen-reader-text\"> &#8220;Mit GPS udstyr til kajakbrug&#8221;<\/span><\/a><\/p>\n","protected":false},"author":1,"featured_media":3126,"parent":0,"menu_order":0,"comment_status":"closed","ping_status":"closed","template":"","meta":{"footnotes":""},"class_list":["post-1952","page","type-page","status-publish","has-post-thumbnail","hentry"],"_links":{"self":[{"href":"https:\/\/havkajaknatur.dk\/index.php?rest_route=\/wp\/v2\/pages\/1952","targetHints":{"allow":["GET"]}}],"collection":[{"href":"https:\/\/havkajaknatur.dk\/index.php?rest_route=\/wp\/v2\/pages"}],"about":[{"href":"https:\/\/havkajaknatur.dk\/index.php?rest_route=\/wp\/v2\/types\/page"}],"author":[{"embeddable":true,"href":"https:\/\/havkajaknatur.dk\/index.php?rest_route=\/wp\/v2\/users\/1"}],"replies":[{"embeddable":true,"href":"https:\/\/havkajaknatur.dk\/index.php?rest_route=%2Fwp%2Fv2%2Fcomments&post=1952"}],"version-history":[{"count":13,"href":"https:\/\/havkajaknatur.dk\/index.php?rest_route=\/wp\/v2\/pages\/1952\/revisions"}],"predecessor-version":[{"id":5016,"href":"https:\/\/havkajaknatur.dk\/index.php?rest_route=\/wp\/v2\/pages\/1952\/revisions\/5016"}],"wp:featuredmedia":[{"embeddable":true,"href":"https:\/\/havkajaknatur.dk\/index.php?rest_route=\/wp\/v2\/media\/3126"}],"wp:attachment":[{"href":"https:\/\/havkajaknatur.dk\/index.php?rest_route=%2Fwp%2Fv2%2Fmedia&parent=1952"}],"curies":[{"name":"wp","href":"https:\/\/api.w.org\/{rel}","templated":true}]}}