{"id":1947,"date":"2019-01-12T19:57:00","date_gmt":"2019-01-12T19:57:00","guid":{"rendered":"http:\/\/havkajaknatur.dk\/?page_id=1947"},"modified":"2024-05-11T19:46:53","modified_gmt":"2024-05-11T19:46:53","slug":"2006-laesoe-rundt","status":"publish","type":"page","link":"https:\/\/havkajaknatur.dk\/?page_id=1947","title":{"rendered":"2006 L\u00e6s\u00f8 Rundt"},"content":{"rendered":"\n<p class=\"has-text-align-right has-small-font-size\">Stokken syd vest fra L\u00e6s\u00f8, 1. overnatning<\/p>\n\n\n\n<p>Sidst p\u00e5 sommeren ror jeg L\u00e6s\u00f8 rundt alene. Jeg k\u00f8rer til Frederikshavn, s\u00e6tter hjul p\u00e5 kajakken og pakker den. Triller ombord p\u00e5 L\u00e6s\u00f8 f\u00e6rgen og ankommer til Vester\u00f8 havn kl. 19:00. Herfra ror jeg ned til sydspidsen af Stokken, som er en lang sand\u00f8 p\u00e5 sydvestsiden af L\u00e6s\u00f8, og overnatter. Tidlig n\u00e6ste morgen ror jeg 7 km ud til S\u00f8ndre R\u00f8nner, hvor der altid er mange s\u00e6ler. Der er b\u00e5de sp\u00e6ttet s\u00e6l og  gr\u00e5s\u00e6ler, blandt andet en stor han, som kan veje op til 300 kg og blive 2,3 m lang. Turen g\u00e5r videre mod \u00f8st p\u00e5 meget lavt vand, ca. 5 km syd for L\u00e6s\u00f8. Inden jeg g\u00e5r nordover, ser jeg endnu en stor flok s\u00e6ler ligge p\u00e5 det lave vand. Jeg n\u00e5r op til Bl\u00f8den Hale, L\u00e6s\u00f8s \u00f8st spids, hvor jeg igen overnatter p\u00e5 en sandbanke med meget lidt vegetation. N\u00e6ste morgen videre rundt, nu p\u00e5 nordsiden af \u00f8en. Det er planen, at jeg skal overnatte p\u00e5 Nordre R\u00f8nner, nogle sm\u00e5 holme 7 km nord for L\u00e6s\u00f8. Jeg har v\u00e6ret der flere gange, f\u00f8rste gang i 1978 sammen med Ulla i b\u00e5den &#8220;Tejsten&#8221;. Dengang ynglede der rider p\u00e5 taget af det lille rednings hus, senere flyttede de til Bulbjerg. Det har altid v\u00e6ret en dr\u00f8m for mig at sove derude. Men m\u00e6rkeligt nok, denne gang er jeg klar over, at det skal jeg ikke. Det er h\u00f8jsommer, og s\u00e5 bruger fuglene hele d\u00f8gnet, og det kan h\u00f8res. Det gjorde de jo ogs\u00e5 de andre gange, jeg bes\u00f8gte stedet, jeg har bare ikke forholdt mig til det, da jeg jo ikke skulle overnatte. N\u00e5h, jeg bliver selvf\u00f8lgelig og spiser aftensmad, inden jeg ror ind langs revet i noget mere vind, men mod l\u00e6 kyst. N\u00e6ste dag har jeg et kort stykke hen til Vester\u00f8 havn. En rigtig god tur, heldig med vejret, men jeg havde nu ogs\u00e5 ventet p\u00e5 en god vejrudsigt l\u00e6nge.<\/p>\n\n\n\n<p class=\"has-text-align-center\">Se ogs\u00e5: <a href=\"https:\/\/havkajaknatur.dk\/?page_id=613\" data-type=\"page\" data-id=\"613\">S\u00e6ler p\u00e5 L\u00e6s\u00f8<\/a>  &#8211;  <a href=\"https:\/\/havkajaknatur.dk\/?page_id=4738\" data-type=\"page\" data-id=\"4738\">2023 S\u00e6ler omkring L\u00e6s\u00f8<\/a><\/p>\n\n\n\n<figure class=\"wp-block-embed is-type-video is-provider-youtube wp-block-embed-youtube wp-embed-aspect-16-9 wp-has-aspect-ratio\"><div class=\"wp-block-embed__wrapper\">\n<iframe loading=\"lazy\" title=\"Kayak, L\u00e6s\u00f8 Rundt\" width=\"525\" height=\"295\" src=\"https:\/\/www.youtube.com\/embed\/bnN0y-Shdg8?start=3&#038;feature=oembed\" frameborder=\"0\" allow=\"accelerometer; autoplay; clipboard-write; encrypted-media; gyroscope; picture-in-picture; web-share\" referrerpolicy=\"strict-origin-when-cross-origin\" allowfullscreen><\/iframe>\n<\/div><\/figure>\n\n\n<div class=\"wp-block-image is-resized is-style-default\">\n<figure class=\"aligncenter size-full\"><a href=\"https:\/\/havkajaknatur.dk\/wp-content\/uploads\/2018\/10\/2006-kajak-L\u00e6s\u00f8-kort_edited-2.jpg\"><img loading=\"lazy\" decoding=\"async\" width=\"1615\" height=\"1524\" src=\"https:\/\/havkajaknatur.dk\/wp-content\/uploads\/2018\/10\/2006-kajak-L\u00e6s\u00f8-kort_edited-2.jpg\" alt=\"\" class=\"wp-image-1134\" srcset=\"https:\/\/havkajaknatur.dk\/wp-content\/uploads\/2018\/10\/2006-kajak-L\u00e6s\u00f8-kort_edited-2.jpg 1615w, https:\/\/havkajaknatur.dk\/wp-content\/uploads\/2018\/10\/2006-kajak-L\u00e6s\u00f8-kort_edited-2-300x283.jpg 300w, https:\/\/havkajaknatur.dk\/wp-content\/uploads\/2018\/10\/2006-kajak-L\u00e6s\u00f8-kort_edited-2-768x725.jpg 768w, https:\/\/havkajaknatur.dk\/wp-content\/uploads\/2018\/10\/2006-kajak-L\u00e6s\u00f8-kort_edited-2-1024x966.jpg 1024w\" sizes=\"auto, (max-width: 706px) 89vw, (max-width: 767px) 82vw, 740px\" \/><\/a><figcaption class=\"wp-element-caption\">L\u00e6s\u00f8 Rundt<\/figcaption><\/figure><\/div>\n\n\n<p class=\"has-text-align-center\"><strong>Riderne p\u00e5 Nordre R\u00f8nner 1981<\/strong><\/p>\n\n\n\n<figure class=\"wp-block-gallery has-nested-images columns-1 is-cropped wp-block-gallery-1 is-layout-flex wp-block-gallery-is-layout-flex\">\n<figure class=\"wp-block-image size-large is-style-default\"><a href=\"https:\/\/havkajaknatur.dk\/wp-content\/uploads\/2018\/10\/Tejsten522.jpg\"><img loading=\"lazy\" decoding=\"async\" width=\"4407\" height=\"2956\" data-id=\"1165\" src=\"https:\/\/havkajaknatur.dk\/wp-content\/uploads\/2018\/10\/Tejsten522.jpg\" alt=\"\" class=\"wp-image-1165\" srcset=\"https:\/\/havkajaknatur.dk\/wp-content\/uploads\/2018\/10\/Tejsten522.jpg 4407w, https:\/\/havkajaknatur.dk\/wp-content\/uploads\/2018\/10\/Tejsten522-300x201.jpg 300w, https:\/\/havkajaknatur.dk\/wp-content\/uploads\/2018\/10\/Tejsten522-768x515.jpg 768w, https:\/\/havkajaknatur.dk\/wp-content\/uploads\/2018\/10\/Tejsten522-1024x687.jpg 1024w\" sizes=\"auto, (max-width: 706px) 89vw, (max-width: 767px) 82vw, 740px\" \/><\/a><\/figure>\n\n\n\n<figure class=\"wp-block-image size-large is-style-default\"><a href=\"https:\/\/havkajaknatur.dk\/wp-content\/uploads\/2018\/10\/Tejsten523.jpg\"><img loading=\"lazy\" decoding=\"async\" width=\"4504\" height=\"2995\" data-id=\"1166\" src=\"https:\/\/havkajaknatur.dk\/wp-content\/uploads\/2018\/10\/Tejsten523.jpg\" alt=\"\" class=\"wp-image-1166\" srcset=\"https:\/\/havkajaknatur.dk\/wp-content\/uploads\/2018\/10\/Tejsten523.jpg 4504w, https:\/\/havkajaknatur.dk\/wp-content\/uploads\/2018\/10\/Tejsten523-300x199.jpg 300w, https:\/\/havkajaknatur.dk\/wp-content\/uploads\/2018\/10\/Tejsten523-768x511.jpg 768w, https:\/\/havkajaknatur.dk\/wp-content\/uploads\/2018\/10\/Tejsten523-1024x681.jpg 1024w\" sizes=\"auto, (max-width: 706px) 89vw, (max-width: 767px) 82vw, 740px\" \/><\/a><\/figure>\n\n\n\n<figure class=\"wp-block-image size-large is-style-default\"><a href=\"https:\/\/havkajaknatur.dk\/wp-content\/uploads\/2018\/10\/Tejsten512.jpg\"><img loading=\"lazy\" decoding=\"async\" width=\"4530\" height=\"3015\" data-id=\"1164\" src=\"https:\/\/havkajaknatur.dk\/wp-content\/uploads\/2018\/10\/Tejsten512.jpg\" alt=\"\" class=\"wp-image-1164\" srcset=\"https:\/\/havkajaknatur.dk\/wp-content\/uploads\/2018\/10\/Tejsten512.jpg 4530w, https:\/\/havkajaknatur.dk\/wp-content\/uploads\/2018\/10\/Tejsten512-300x200.jpg 300w, https:\/\/havkajaknatur.dk\/wp-content\/uploads\/2018\/10\/Tejsten512-768x511.jpg 768w, https:\/\/havkajaknatur.dk\/wp-content\/uploads\/2018\/10\/Tejsten512-1024x682.jpg 1024w\" sizes=\"auto, (max-width: 706px) 89vw, (max-width: 767px) 82vw, 740px\" \/><\/a><figcaption class=\"wp-element-caption\">Riderne<\/figcaption><\/figure>\n<\/figure>\n\n\n\n<p class=\"has-text-align-center\">Se ogs\u00e5: <a href=\"https:\/\/havkajaknatur.dk\/?page_id=613\" data-type=\"page\" data-id=\"613\">S\u00e6ler p\u00e5 L\u00e6s\u00f8<\/a> &#8211;  <a href=\"https:\/\/havkajaknatur.dk\/?page_id=4738\" data-type=\"page\" data-id=\"4738\">2023 S\u00e6ler omkring L\u00e6s\u00f8<\/a><\/p>\n","protected":false},"excerpt":{"rendered":"<p>Stokken syd vest fra L\u00e6s\u00f8, 1. overnatning Sidst p\u00e5 sommeren ror jeg L\u00e6s\u00f8 rundt alene. Jeg k\u00f8rer til Frederikshavn, s\u00e6tter hjul p\u00e5 kajakken og pakker den. Triller ombord p\u00e5 L\u00e6s\u00f8 f\u00e6rgen og ankommer til Vester\u00f8 havn kl. 19:00. Herfra ror jeg ned til sydspidsen af Stokken, som er en lang sand\u00f8 p\u00e5 sydvestsiden af L\u00e6s\u00f8, &hellip; <\/p>\n<p class=\"link-more\"><a href=\"https:\/\/havkajaknatur.dk\/?page_id=1947\" class=\"more-link\">L\u00e6s videre<span class=\"screen-reader-text\"> &#8220;2006 L\u00e6s\u00f8 Rundt&#8221;<\/span><\/a><\/p>\n","protected":false},"author":1,"featured_media":4439,"parent":0,"menu_order":0,"comment_status":"closed","ping_status":"closed","template":"","meta":{"footnotes":""},"class_list":["post-1947","page","type-page","status-publish","has-post-thumbnail","hentry"],"_links":{"self":[{"href":"https:\/\/havkajaknatur.dk\/index.php?rest_route=\/wp\/v2\/pages\/1947","targetHints":{"allow":["GET"]}}],"collection":[{"href":"https:\/\/havkajaknatur.dk\/index.php?rest_route=\/wp\/v2\/pages"}],"about":[{"href":"https:\/\/havkajaknatur.dk\/index.php?rest_route=\/wp\/v2\/types\/page"}],"author":[{"embeddable":true,"href":"https:\/\/havkajaknatur.dk\/index.php?rest_route=\/wp\/v2\/users\/1"}],"replies":[{"embeddable":true,"href":"https:\/\/havkajaknatur.dk\/index.php?rest_route=%2Fwp%2Fv2%2Fcomments&post=1947"}],"version-history":[{"count":54,"href":"https:\/\/havkajaknatur.dk\/index.php?rest_route=\/wp\/v2\/pages\/1947\/revisions"}],"predecessor-version":[{"id":4819,"href":"https:\/\/havkajaknatur.dk\/index.php?rest_route=\/wp\/v2\/pages\/1947\/revisions\/4819"}],"wp:featuredmedia":[{"embeddable":true,"href":"https:\/\/havkajaknatur.dk\/index.php?rest_route=\/wp\/v2\/media\/4439"}],"wp:attachment":[{"href":"https:\/\/havkajaknatur.dk\/index.php?rest_route=%2Fwp%2Fv2%2Fmedia&parent=1947"}],"curies":[{"name":"wp","href":"https:\/\/api.w.org\/{rel}","templated":true}]}}