{"id":1781,"date":"2019-01-10T07:49:27","date_gmt":"2019-01-10T07:49:27","guid":{"rendered":"http:\/\/havkajaknatur.dk\/?page_id=1781"},"modified":"2021-12-10T09:58:41","modified_gmt":"2021-12-10T09:58:41","slug":"2007-naturoplevelse","status":"publish","type":"page","link":"https:\/\/havkajaknatur.dk\/?page_id=1781","title":{"rendered":"Ederfugle g\u00e5r til ro"},"content":{"rendered":"\n<p class=\"has-text-align-right has-small-font-size\">Ederfugle med \u00e6llinger<\/p>\n\n\n\n<p>I sommeren 2007 var jeg p\u00e5 Gotland sammen med Ulla. P\u00e5 et tidspunkt l\u00e5 vi i telt ude ved stranden p\u00e5 Grogarnshuvud p\u00e5 \u00f8stkysten. Om aftenen f\u00f8r sengetid kom en \u201db\u00f8rnehave\u201d best\u00e5ende af 3 voksne Ederfugle og en masse \u00e6llinger sv\u00f8mmende hen til en stor sten lige ud for os. Alle kravlede op p\u00e5 stenen, og begyndte at putte sig i en stor klump. De s\u00e5 ret m\u00e5lbevidste ud i alt hvad de foretog sig, s\u00e5 det var helt sikker noget de havde gjorde f\u00f8r p\u00e5 stenen.<\/p>\n\n\n\n<figure class=\"wp-block-gallery columns-1 is-cropped wp-block-gallery-1 is-layout-flex wp-block-gallery-is-layout-flex\"><ul class=\"blocks-gallery-grid\"><li class=\"blocks-gallery-item\"><figure><a href=\"https:\/\/havkajaknatur.dk\/wp-content\/uploads\/2019\/01\/07Gotland112-1024x768.jpg\"><img loading=\"lazy\" decoding=\"async\" width=\"1024\" height=\"768\" src=\"https:\/\/havkajaknatur.dk\/wp-content\/uploads\/2019\/01\/07Gotland112-1024x768.jpg\" alt=\"\" data-id=\"1786\" data-link=\"https:\/\/havkajaknatur.dk\/?attachment_id=1786\" class=\"wp-image-1786\" srcset=\"https:\/\/havkajaknatur.dk\/wp-content\/uploads\/2019\/01\/07Gotland112-1024x768.jpg 1024w, https:\/\/havkajaknatur.dk\/wp-content\/uploads\/2019\/01\/07Gotland112-300x225.jpg 300w, https:\/\/havkajaknatur.dk\/wp-content\/uploads\/2019\/01\/07Gotland112-768x576.jpg 768w\" sizes=\"auto, (max-width: 706px) 89vw, (max-width: 767px) 82vw, 740px\" \/><\/a><figcaption class=\"blocks-gallery-item__caption\">\u00d6stergarnsholm<\/figcaption><\/figure><\/li><li class=\"blocks-gallery-item\"><figure><a href=\"https:\/\/havkajaknatur.dk\/wp-content\/uploads\/2019\/01\/07Gotland113-1024x768.jpg\"><img loading=\"lazy\" decoding=\"async\" width=\"1024\" height=\"768\" src=\"https:\/\/havkajaknatur.dk\/wp-content\/uploads\/2019\/01\/07Gotland113-1024x768.jpg\" alt=\"\" data-id=\"1787\" data-link=\"https:\/\/havkajaknatur.dk\/?attachment_id=1787\" class=\"wp-image-1787\" srcset=\"https:\/\/havkajaknatur.dk\/wp-content\/uploads\/2019\/01\/07Gotland113-1024x768.jpg 1024w, https:\/\/havkajaknatur.dk\/wp-content\/uploads\/2019\/01\/07Gotland113-300x225.jpg 300w, https:\/\/havkajaknatur.dk\/wp-content\/uploads\/2019\/01\/07Gotland113-768x576.jpg 768w\" sizes=\"auto, (max-width: 706px) 89vw, (max-width: 767px) 82vw, 740px\" \/><\/a><figcaption class=\"blocks-gallery-item__caption\">Grogarnshuvud<\/figcaption><\/figure><\/li><li class=\"blocks-gallery-item\"><figure><a href=\"https:\/\/havkajaknatur.dk\/wp-content\/uploads\/2019\/01\/07Gotland115-1024x768.jpg\"><img loading=\"lazy\" decoding=\"async\" width=\"1024\" height=\"768\" src=\"https:\/\/havkajaknatur.dk\/wp-content\/uploads\/2019\/01\/07Gotland115-1024x768.jpg\" alt=\"\" data-id=\"1788\" data-link=\"https:\/\/havkajaknatur.dk\/?attachment_id=1788\" class=\"wp-image-1788\" srcset=\"https:\/\/havkajaknatur.dk\/wp-content\/uploads\/2019\/01\/07Gotland115-1024x768.jpg 1024w, https:\/\/havkajaknatur.dk\/wp-content\/uploads\/2019\/01\/07Gotland115-300x225.jpg 300w, https:\/\/havkajaknatur.dk\/wp-content\/uploads\/2019\/01\/07Gotland115-768x576.jpg 768w\" sizes=\"auto, (max-width: 706px) 89vw, (max-width: 767px) 82vw, 740px\" \/><\/a><\/figure><\/li><\/ul><\/figure>\n","protected":false},"excerpt":{"rendered":"<p>Ederfugle med \u00e6llinger I sommeren 2007 var jeg p\u00e5 Gotland sammen med Ulla. P\u00e5 et tidspunkt l\u00e5 vi i telt ude ved stranden p\u00e5 Grogarnshuvud p\u00e5 \u00f8stkysten. Om aftenen f\u00f8r sengetid kom en \u201db\u00f8rnehave\u201d best\u00e5ende af 3 voksne Ederfugle og en masse \u00e6llinger sv\u00f8mmende hen til en stor sten lige ud for os. Alle kravlede &hellip; <\/p>\n<p class=\"link-more\"><a href=\"https:\/\/havkajaknatur.dk\/?page_id=1781\" class=\"more-link\">L\u00e6s videre<span class=\"screen-reader-text\"> &#8220;Ederfugle g\u00e5r til ro&#8221;<\/span><\/a><\/p>\n","protected":false},"author":1,"featured_media":2782,"parent":0,"menu_order":0,"comment_status":"closed","ping_status":"closed","template":"","meta":{"footnotes":""},"class_list":["post-1781","page","type-page","status-publish","has-post-thumbnail","hentry"],"_links":{"self":[{"href":"https:\/\/havkajaknatur.dk\/index.php?rest_route=\/wp\/v2\/pages\/1781","targetHints":{"allow":["GET"]}}],"collection":[{"href":"https:\/\/havkajaknatur.dk\/index.php?rest_route=\/wp\/v2\/pages"}],"about":[{"href":"https:\/\/havkajaknatur.dk\/index.php?rest_route=\/wp\/v2\/types\/page"}],"author":[{"embeddable":true,"href":"https:\/\/havkajaknatur.dk\/index.php?rest_route=\/wp\/v2\/users\/1"}],"replies":[{"embeddable":true,"href":"https:\/\/havkajaknatur.dk\/index.php?rest_route=%2Fwp%2Fv2%2Fcomments&post=1781"}],"version-history":[{"count":12,"href":"https:\/\/havkajaknatur.dk\/index.php?rest_route=\/wp\/v2\/pages\/1781\/revisions"}],"predecessor-version":[{"id":4325,"href":"https:\/\/havkajaknatur.dk\/index.php?rest_route=\/wp\/v2\/pages\/1781\/revisions\/4325"}],"wp:featuredmedia":[{"embeddable":true,"href":"https:\/\/havkajaknatur.dk\/index.php?rest_route=\/wp\/v2\/media\/2782"}],"wp:attachment":[{"href":"https:\/\/havkajaknatur.dk\/index.php?rest_route=%2Fwp%2Fv2%2Fmedia&parent=1781"}],"curies":[{"name":"wp","href":"https:\/\/api.w.org\/{rel}","templated":true}]}}