{"id":1745,"date":"2019-01-08T14:31:42","date_gmt":"2019-01-08T14:31:42","guid":{"rendered":"http:\/\/havkajaknatur.dk\/?page_id=1745"},"modified":"2025-05-09T06:54:06","modified_gmt":"2025-05-09T06:54:06","slug":"nekseloe","status":"publish","type":"page","link":"https:\/\/havkajaknatur.dk\/?page_id=1745","title":{"rendered":"Neksel\u00f8"},"content":{"rendered":"\n<p class=\"has-text-align-right has-small-font-size\">Neksel\u00f8s vestkyst<\/p>\n\n\n\n<p>Neksel\u00f8 er en lille perle. G\u00e5 og ro \u00f8en rundt p\u00e5 en dag. Man m\u00e5 ikke g\u00e5 p\u00e5 stranden fra 1. april til 15. juli, p\u00e5 grund af fuglenes yngletid. Men s\u00e5 kan man fint benytte stier og veje p\u00e5 \u00f8en. I kajakken kan man g\u00e5 ind ved havnen. Udgangspunktet er Havns\u00f8 hvor der g\u00e5r\u00a0 f\u00e6rgen til \u00f8en, eller man kan is\u00e6tning kajakken her. Ulla og jeg var f\u00f8rste gang p\u00e5 \u00f8en i 1972. I 1975 l\u00e5 vi i telt p\u00e5 sydspidsen, med tilladelse af bonden. Noget man ikke f\u00e5r lov til i dag da hele \u00f8en blev fredet i 1985. P\u00e5 nordspidsen er der en stor h\u00e6ttem\u00e5gekoloni, og der er mange forskellige fugle om for\u00e5ret p\u00e5 sydspidsen.<\/p>\n\n\n\n<p class=\"has-text-align-center has-medium-font-size\"><strong>1972 &#8211; 2013<\/strong><\/p>\n\n\n\n<figure class=\"wp-block-image size-large is-style-default\"><a href=\"https:\/\/havkajaknatur.dk\/wp-content\/uploads\/2018\/11\/72Vejr\u00f84.jpg\"><img loading=\"lazy\" decoding=\"async\" width=\"1024\" height=\"918\" src=\"https:\/\/havkajaknatur.dk\/wp-content\/uploads\/2018\/11\/72Vejr\u00f84-1024x918.jpg\" alt=\"\" class=\"wp-image-1628\" srcset=\"https:\/\/havkajaknatur.dk\/wp-content\/uploads\/2018\/11\/72Vejr\u00f84-1024x918.jpg 1024w, https:\/\/havkajaknatur.dk\/wp-content\/uploads\/2018\/11\/72Vejr\u00f84-300x269.jpg 300w, https:\/\/havkajaknatur.dk\/wp-content\/uploads\/2018\/11\/72Vejr\u00f84-768x688.jpg 768w\" sizes=\"auto, (max-width: 706px) 89vw, (max-width: 767px) 82vw, 740px\" \/><\/a><figcaption class=\"wp-element-caption\">1972<\/figcaption><\/figure>\n\n\n\n<figure class=\"wp-block-image size-large is-style-default\"><a href=\"https:\/\/havkajaknatur.dk\/wp-content\/uploads\/2018\/11\/72Vejr\u00f81.jpg\"><img loading=\"lazy\" decoding=\"async\" width=\"1024\" height=\"655\" src=\"https:\/\/havkajaknatur.dk\/wp-content\/uploads\/2018\/11\/72Vejr\u00f81-1024x655.jpg\" alt=\"\" class=\"wp-image-1627\" srcset=\"https:\/\/havkajaknatur.dk\/wp-content\/uploads\/2018\/11\/72Vejr\u00f81-1024x655.jpg 1024w, https:\/\/havkajaknatur.dk\/wp-content\/uploads\/2018\/11\/72Vejr\u00f81-300x192.jpg 300w, https:\/\/havkajaknatur.dk\/wp-content\/uploads\/2018\/11\/72Vejr\u00f81-768x491.jpg 768w\" sizes=\"auto, (max-width: 706px) 89vw, (max-width: 767px) 82vw, 740px\" \/><\/a><figcaption class=\"wp-element-caption\">1972<\/figcaption><\/figure>\n\n\n\n<figure class=\"wp-block-image size-large is-style-default\"><a href=\"https:\/\/havkajaknatur.dk\/wp-content\/uploads\/2018\/11\/Neksel\u00f809.jpg\"><img loading=\"lazy\" decoding=\"async\" width=\"1024\" height=\"682\" src=\"https:\/\/havkajaknatur.dk\/wp-content\/uploads\/2018\/11\/Neksel\u00f809-1024x682.jpg\" alt=\"\" class=\"wp-image-1630\" srcset=\"https:\/\/havkajaknatur.dk\/wp-content\/uploads\/2018\/11\/Neksel\u00f809-1024x682.jpg 1024w, https:\/\/havkajaknatur.dk\/wp-content\/uploads\/2018\/11\/Neksel\u00f809-300x200.jpg 300w, https:\/\/havkajaknatur.dk\/wp-content\/uploads\/2018\/11\/Neksel\u00f809-768x511.jpg 768w\" sizes=\"auto, (max-width: 706px) 89vw, (max-width: 767px) 82vw, 740px\" \/><\/a><figcaption class=\"wp-element-caption\">1975 Syd spidsen<\/figcaption><\/figure>\n\n\n\n<figure class=\"wp-block-image size-large is-style-default\"><a href=\"https:\/\/havkajaknatur.dk\/wp-content\/uploads\/2018\/11\/Neksel\u00f806.jpg\"><img loading=\"lazy\" decoding=\"async\" width=\"1024\" height=\"672\" src=\"https:\/\/havkajaknatur.dk\/wp-content\/uploads\/2018\/11\/Neksel\u00f806-1024x672.jpg\" alt=\"\" class=\"wp-image-1629\" srcset=\"https:\/\/havkajaknatur.dk\/wp-content\/uploads\/2018\/11\/Neksel\u00f806-1024x672.jpg 1024w, https:\/\/havkajaknatur.dk\/wp-content\/uploads\/2018\/11\/Neksel\u00f806-300x197.jpg 300w, https:\/\/havkajaknatur.dk\/wp-content\/uploads\/2018\/11\/Neksel\u00f806-768x504.jpg 768w\" sizes=\"auto, (max-width: 706px) 89vw, (max-width: 767px) 82vw, 740px\" \/><\/a><figcaption class=\"wp-element-caption\">1975 Syd spidsen<\/figcaption><\/figure>\n\n\n\n<figure class=\"wp-block-image size-large is-style-default\"><a href=\"https:\/\/havkajaknatur.dk\/wp-content\/uploads\/2018\/11\/Tejsten733_edited-1.jpg\"><img loading=\"lazy\" decoding=\"async\" width=\"1024\" height=\"662\" src=\"https:\/\/havkajaknatur.dk\/wp-content\/uploads\/2018\/11\/Tejsten733_edited-1-1024x662.jpg\" alt=\"\" class=\"wp-image-1632\" srcset=\"https:\/\/havkajaknatur.dk\/wp-content\/uploads\/2018\/11\/Tejsten733_edited-1-1024x662.jpg 1024w, https:\/\/havkajaknatur.dk\/wp-content\/uploads\/2018\/11\/Tejsten733_edited-1-300x194.jpg 300w, https:\/\/havkajaknatur.dk\/wp-content\/uploads\/2018\/11\/Tejsten733_edited-1-768x496.jpg 768w\" sizes=\"auto, (max-width: 706px) 89vw, (max-width: 767px) 82vw, 740px\" \/><\/a><figcaption class=\"wp-element-caption\">Neksel\u00f8 f\u00e6rgen anno 1986<\/figcaption><\/figure>\n\n\n\n<figure class=\"wp-block-image size-large is-style-default\"><a href=\"https:\/\/havkajaknatur.dk\/wp-content\/uploads\/2018\/11\/Tejsten732.jpg\"><img loading=\"lazy\" decoding=\"async\" width=\"1024\" height=\"678\" src=\"https:\/\/havkajaknatur.dk\/wp-content\/uploads\/2018\/11\/Tejsten732-1024x678.jpg\" alt=\"\" class=\"wp-image-1631\" srcset=\"https:\/\/havkajaknatur.dk\/wp-content\/uploads\/2018\/11\/Tejsten732-1024x678.jpg 1024w, https:\/\/havkajaknatur.dk\/wp-content\/uploads\/2018\/11\/Tejsten732-300x199.jpg 300w, https:\/\/havkajaknatur.dk\/wp-content\/uploads\/2018\/11\/Tejsten732-768x509.jpg 768w\" sizes=\"auto, (max-width: 706px) 89vw, (max-width: 767px) 82vw, 740px\" \/><\/a><figcaption class=\"wp-element-caption\">1986<\/figcaption><\/figure>\n\n\n\n<figure class=\"wp-block-image size-large is-style-default\"><a href=\"https:\/\/havkajaknatur.dk\/wp-content\/uploads\/2018\/11\/13-60a\u030arR\u00f8sn\u00e6s27.jpg\"><img loading=\"lazy\" decoding=\"async\" width=\"1024\" height=\"649\" src=\"https:\/\/havkajaknatur.dk\/wp-content\/uploads\/2018\/11\/13-60a\u030arR\u00f8sn\u00e6s27-1024x649.jpg\" alt=\"\" class=\"wp-image-1639\" srcset=\"https:\/\/havkajaknatur.dk\/wp-content\/uploads\/2018\/11\/13-60a\u030arR\u00f8sn\u00e6s27-1024x649.jpg 1024w, https:\/\/havkajaknatur.dk\/wp-content\/uploads\/2018\/11\/13-60a\u030arR\u00f8sn\u00e6s27-300x190.jpg 300w, https:\/\/havkajaknatur.dk\/wp-content\/uploads\/2018\/11\/13-60a\u030arR\u00f8sn\u00e6s27-768x487.jpg 768w\" sizes=\"auto, (max-width: 706px) 89vw, (max-width: 767px) 82vw, 740px\" \/><\/a><figcaption class=\"wp-element-caption\">2013<\/figcaption><\/figure>\n","protected":false},"excerpt":{"rendered":"<p>Neksel\u00f8s vestkyst Neksel\u00f8 er en lille perle. G\u00e5 og ro \u00f8en rundt p\u00e5 en dag. Man m\u00e5 ikke g\u00e5 p\u00e5 stranden fra 1. april til 15. juli, p\u00e5 grund af fuglenes yngletid. Men s\u00e5 kan man fint benytte stier og veje p\u00e5 \u00f8en. I kajakken kan man g\u00e5 ind ved havnen. Udgangspunktet er Havns\u00f8 hvor &hellip; <\/p>\n<p class=\"link-more\"><a href=\"https:\/\/havkajaknatur.dk\/?page_id=1745\" class=\"more-link\">L\u00e6s videre<span class=\"screen-reader-text\"> &#8220;Neksel\u00f8&#8221;<\/span><\/a><\/p>\n","protected":false},"author":1,"featured_media":2714,"parent":0,"menu_order":0,"comment_status":"closed","ping_status":"closed","template":"","meta":{"footnotes":""},"class_list":["post-1745","page","type-page","status-publish","has-post-thumbnail","hentry"],"_links":{"self":[{"href":"https:\/\/havkajaknatur.dk\/index.php?rest_route=\/wp\/v2\/pages\/1745","targetHints":{"allow":["GET"]}}],"collection":[{"href":"https:\/\/havkajaknatur.dk\/index.php?rest_route=\/wp\/v2\/pages"}],"about":[{"href":"https:\/\/havkajaknatur.dk\/index.php?rest_route=\/wp\/v2\/types\/page"}],"author":[{"embeddable":true,"href":"https:\/\/havkajaknatur.dk\/index.php?rest_route=\/wp\/v2\/users\/1"}],"replies":[{"embeddable":true,"href":"https:\/\/havkajaknatur.dk\/index.php?rest_route=%2Fwp%2Fv2%2Fcomments&post=1745"}],"version-history":[{"count":19,"href":"https:\/\/havkajaknatur.dk\/index.php?rest_route=\/wp\/v2\/pages\/1745\/revisions"}],"predecessor-version":[{"id":5041,"href":"https:\/\/havkajaknatur.dk\/index.php?rest_route=\/wp\/v2\/pages\/1745\/revisions\/5041"}],"wp:featuredmedia":[{"embeddable":true,"href":"https:\/\/havkajaknatur.dk\/index.php?rest_route=\/wp\/v2\/media\/2714"}],"wp:attachment":[{"href":"https:\/\/havkajaknatur.dk\/index.php?rest_route=%2Fwp%2Fv2%2Fmedia&parent=1745"}],"curies":[{"name":"wp","href":"https:\/\/api.w.org\/{rel}","templated":true}]}}