{"id":1286,"date":"2018-10-27T18:46:18","date_gmt":"2018-10-27T18:46:18","guid":{"rendered":"http:\/\/havkajaknatur.dk\/?page_id=1286"},"modified":"2021-12-10T15:37:02","modified_gmt":"2021-12-10T15:37:02","slug":"2012-kajaktur-oplevelser","status":"publish","type":"page","link":"https:\/\/havkajaknatur.dk\/?page_id=1286","title":{"rendered":"2012 V\u00e4der\u00f6arna"},"content":{"rendered":"\n<p class=\"has-text-align-right has-small-font-size\">Ankomst kl 23 til fiskerhytterne p\u00e5 Hamner\u00f6 <\/p>\n\n\n\n<p>I forbindelse med en sommertur i Bohusl\u00e4n sk\u00e6rg\u00e5rden bes\u00f8gte vi V\u00e4der\u00f6arne. Vi kom oppe fra Havstenssund og ror ned til\u00a0Langsk\u00e4r i Ydre Fj\u00e4llbacka sk\u00e6rg\u00e5rd. Her vil vi hvile os lidt og spise aftensmad, inden vi\u00a0 senere om aftenen vil ro ud til de inderste af de sydlige V\u00e4der\u00f6arna. N\u00e6rmere bestemt \u00f8en Hamner\u00f6.<\/p>\n\n\n\n<figure class=\"wp-block-gallery columns-1 is-cropped wp-block-gallery-1 is-layout-flex wp-block-gallery-is-layout-flex\"><ul class=\"blocks-gallery-grid\"><li class=\"blocks-gallery-item\"><figure><a href=\"https:\/\/havkajaknatur.dk\/wp-content\/uploads\/2018\/10\/12Kajak426-1024x560.jpg\"><img loading=\"lazy\" decoding=\"async\" width=\"1024\" height=\"560\" src=\"https:\/\/havkajaknatur.dk\/wp-content\/uploads\/2018\/10\/12Kajak426-1024x560.jpg\" alt=\"\" data-id=\"1293\" data-link=\"https:\/\/havkajaknatur.dk\/?attachment_id=1293\" class=\"wp-image-1293\" srcset=\"https:\/\/havkajaknatur.dk\/wp-content\/uploads\/2018\/10\/12Kajak426-1024x560.jpg 1024w, https:\/\/havkajaknatur.dk\/wp-content\/uploads\/2018\/10\/12Kajak426-300x164.jpg 300w, https:\/\/havkajaknatur.dk\/wp-content\/uploads\/2018\/10\/12Kajak426-768x420.jpg 768w\" sizes=\"auto, (max-width: 706px) 89vw, (max-width: 767px) 82vw, 740px\" \/><\/a><figcaption class=\"blocks-gallery-item__caption\"><em>Langsk\u00e4r,&nbsp;Fj\u00e4llbacka sk\u00e6rg\u00e5rd<\/em>en<\/figcaption><\/figure><\/li><li class=\"blocks-gallery-item\"><figure><a href=\"https:\/\/havkajaknatur.dk\/wp-content\/uploads\/2018\/10\/12Kajak315-1024x378.jpg\"><img loading=\"lazy\" decoding=\"async\" width=\"1024\" height=\"378\" src=\"https:\/\/havkajaknatur.dk\/wp-content\/uploads\/2018\/10\/12Kajak315-1024x378.jpg\" alt=\"\" data-id=\"1292\" data-link=\"https:\/\/havkajaknatur.dk\/?attachment_id=1292\" class=\"wp-image-1292\" srcset=\"https:\/\/havkajaknatur.dk\/wp-content\/uploads\/2018\/10\/12Kajak315-1024x378.jpg 1024w, https:\/\/havkajaknatur.dk\/wp-content\/uploads\/2018\/10\/12Kajak315-300x111.jpg 300w, https:\/\/havkajaknatur.dk\/wp-content\/uploads\/2018\/10\/12Kajak315-768x284.jpg 768w\" sizes=\"auto, (max-width: 706px) 89vw, (max-width: 767px) 82vw, 740px\" \/><\/a><\/figure><\/li><\/ul><\/figure>\n\n\n\n<p class=\"has-text-align-center has-medium-font-size\">V\u00e4der\u00f6arna<\/p>\n\n\n\n<p>Her ligger 2 originale fiskerhytter fra 1800 tallet, som fiskerne brugte for ikke at skulle tage frem og tilbage fra V\u00e4der\u00f6arna. Nu ejes de af en forening, og m\u00e5 bruges frit. Men man opfordres til at st\u00f8tte foreningen ved at indbetale et bel\u00f8b p\u00e5 deres girokonto. Vi tager af sted ca. kl. 21:00, vinden er faldende. Vi har en svag men ikke regelm\u00e6ssig d\u00f8nning. N\u00e6rmere noget fra forskellige retninger p\u00e5 trods af at vi er ude i \u00e5bent vand. Hvad \u00e5rsagen er, finder vi ikke ud af. Vi har ca. 8 km derud, og er der omkring kl. 22:00. Der er kun 3 \u00f8er p\u00e5 de sydlige V\u00e4der\u00f6arna, hvor man m\u00e5 g\u00e5 i land p\u00e5 det tidspunkt af \u00e5ret, men det er reelt kun p\u00e5 den ene, man har mulighed for det, ved fiskerhytterne. De er godt gemt inde bag en klippe n\u00e6sten parallelt med kysten, s\u00e5 man ror op i en lang kanal, og for enden af den skr\u00e5ner kysten op, og der er lige plads til 2 sm\u00e5 hytter. Et meget fascinerende sted. N\u00e5r man s\u00e5 kommer ind i hytterne bliver det helt historisk. Der er skrevet p\u00e5 v\u00e6gge og loft over det hele, helt tilbage til 1800 tallet. Vi havde ikke drukket r\u00f8dvin til aftensmaden, da vi skulle ud at ro efterf\u00f8lgende, s\u00e5 vi har aftalt at vente, til vi kom ud til hytterne. Efter vi har etableret os, ender vi oppe p\u00e5 toppen af en klippe med udsigt hele vejen rundt. Her blev vi til et godt stykke over midnat, og n\u00e5r et stykke ind i n\u00e6ste dags r\u00f8dvins ration. 2 sov i den ene hytte, 1 sov i telt og en under \u00e5ben himmel.<\/p>\n\n\n\n<figure class=\"wp-block-gallery columns-1 is-cropped wp-block-gallery-2 is-layout-flex wp-block-gallery-is-layout-flex\"><ul class=\"blocks-gallery-grid\"><li class=\"blocks-gallery-item\"><figure><a href=\"https:\/\/havkajaknatur.dk\/wp-content\/uploads\/2018\/10\/12Kajak400.jpg\"><img loading=\"lazy\" decoding=\"async\" width=\"3777\" height=\"2125\" src=\"https:\/\/havkajaknatur.dk\/wp-content\/uploads\/2018\/10\/12Kajak400.jpg\" alt=\"\" data-id=\"1297\" data-link=\"https:\/\/havkajaknatur.dk\/?attachment_id=1297\" class=\"wp-image-1297\" srcset=\"https:\/\/havkajaknatur.dk\/wp-content\/uploads\/2018\/10\/12Kajak400.jpg 3777w, https:\/\/havkajaknatur.dk\/wp-content\/uploads\/2018\/10\/12Kajak400-300x169.jpg 300w, https:\/\/havkajaknatur.dk\/wp-content\/uploads\/2018\/10\/12Kajak400-768x432.jpg 768w, https:\/\/havkajaknatur.dk\/wp-content\/uploads\/2018\/10\/12Kajak400-1024x576.jpg 1024w\" sizes=\"auto, (max-width: 706px) 89vw, (max-width: 767px) 82vw, 740px\" \/><\/a><figcaption class=\"blocks-gallery-item__caption\">P\u00e5 vej ud til V\u00e4der\u00f6arna<\/figcaption><\/figure><\/li><li class=\"blocks-gallery-item\"><figure><a href=\"https:\/\/havkajaknatur.dk\/wp-content\/uploads\/2018\/10\/12Kajak402.jpg\"><img loading=\"lazy\" decoding=\"async\" width=\"3836\" height=\"2158\" src=\"https:\/\/havkajaknatur.dk\/wp-content\/uploads\/2018\/10\/12Kajak402.jpg\" alt=\"\" data-id=\"1298\" data-link=\"https:\/\/havkajaknatur.dk\/?attachment_id=1298\" class=\"wp-image-1298\" srcset=\"https:\/\/havkajaknatur.dk\/wp-content\/uploads\/2018\/10\/12Kajak402.jpg 3836w, https:\/\/havkajaknatur.dk\/wp-content\/uploads\/2018\/10\/12Kajak402-300x169.jpg 300w, https:\/\/havkajaknatur.dk\/wp-content\/uploads\/2018\/10\/12Kajak402-768x432.jpg 768w, https:\/\/havkajaknatur.dk\/wp-content\/uploads\/2018\/10\/12Kajak402-1024x576.jpg 1024w\" sizes=\"auto, (max-width: 706px) 89vw, (max-width: 767px) 82vw, 740px\" \/><\/a><\/figure><\/li><li class=\"blocks-gallery-item\"><figure><a href=\"https:\/\/havkajaknatur.dk\/wp-content\/uploads\/2018\/10\/12Kajak446.jpg\"><img loading=\"lazy\" decoding=\"async\" width=\"3648\" height=\"2736\" src=\"https:\/\/havkajaknatur.dk\/wp-content\/uploads\/2018\/10\/12Kajak446.jpg\" alt=\"\" data-id=\"1301\" data-link=\"https:\/\/havkajaknatur.dk\/?attachment_id=1301\" class=\"wp-image-1301\" srcset=\"https:\/\/havkajaknatur.dk\/wp-content\/uploads\/2018\/10\/12Kajak446.jpg 3648w, https:\/\/havkajaknatur.dk\/wp-content\/uploads\/2018\/10\/12Kajak446-300x225.jpg 300w, https:\/\/havkajaknatur.dk\/wp-content\/uploads\/2018\/10\/12Kajak446-768x576.jpg 768w, https:\/\/havkajaknatur.dk\/wp-content\/uploads\/2018\/10\/12Kajak446-1024x768.jpg 1024w\" sizes=\"auto, (max-width: 706px) 89vw, (max-width: 767px) 82vw, 740px\" \/><\/a><\/figure><\/li><li class=\"blocks-gallery-item\"><figure><a href=\"https:\/\/havkajaknatur.dk\/wp-content\/uploads\/2018\/10\/12Kajak447.jpg\"><img loading=\"lazy\" decoding=\"async\" width=\"3648\" height=\"2736\" src=\"https:\/\/havkajaknatur.dk\/wp-content\/uploads\/2018\/10\/12Kajak447.jpg\" alt=\"\" data-id=\"1302\" data-link=\"https:\/\/havkajaknatur.dk\/?attachment_id=1302\" class=\"wp-image-1302\" srcset=\"https:\/\/havkajaknatur.dk\/wp-content\/uploads\/2018\/10\/12Kajak447.jpg 3648w, https:\/\/havkajaknatur.dk\/wp-content\/uploads\/2018\/10\/12Kajak447-300x225.jpg 300w, https:\/\/havkajaknatur.dk\/wp-content\/uploads\/2018\/10\/12Kajak447-768x576.jpg 768w, https:\/\/havkajaknatur.dk\/wp-content\/uploads\/2018\/10\/12Kajak447-1024x768.jpg 1024w\" sizes=\"auto, (max-width: 706px) 89vw, (max-width: 767px) 82vw, 740px\" \/><\/a><\/figure><\/li><li class=\"blocks-gallery-item\"><figure><a href=\"https:\/\/havkajaknatur.dk\/wp-content\/uploads\/2018\/10\/12Kajak449.jpg\"><img loading=\"lazy\" decoding=\"async\" width=\"3648\" height=\"2052\" src=\"https:\/\/havkajaknatur.dk\/wp-content\/uploads\/2018\/10\/12Kajak449.jpg\" alt=\"\" data-id=\"1303\" data-link=\"https:\/\/havkajaknatur.dk\/?attachment_id=1303\" class=\"wp-image-1303\" srcset=\"https:\/\/havkajaknatur.dk\/wp-content\/uploads\/2018\/10\/12Kajak449.jpg 3648w, https:\/\/havkajaknatur.dk\/wp-content\/uploads\/2018\/10\/12Kajak449-300x169.jpg 300w, https:\/\/havkajaknatur.dk\/wp-content\/uploads\/2018\/10\/12Kajak449-768x432.jpg 768w, https:\/\/havkajaknatur.dk\/wp-content\/uploads\/2018\/10\/12Kajak449-1024x576.jpg 1024w\" sizes=\"auto, (max-width: 706px) 89vw, (max-width: 767px) 82vw, 740px\" \/><\/a><\/figure><\/li><li class=\"blocks-gallery-item\"><figure><a href=\"https:\/\/havkajaknatur.dk\/wp-content\/uploads\/2018\/10\/12Kajak444.jpg\"><img loading=\"lazy\" decoding=\"async\" width=\"3648\" height=\"2736\" src=\"https:\/\/havkajaknatur.dk\/wp-content\/uploads\/2018\/10\/12Kajak444.jpg\" alt=\"\" data-id=\"1300\" data-link=\"https:\/\/havkajaknatur.dk\/?attachment_id=1300\" class=\"wp-image-1300\" srcset=\"https:\/\/havkajaknatur.dk\/wp-content\/uploads\/2018\/10\/12Kajak444.jpg 3648w, https:\/\/havkajaknatur.dk\/wp-content\/uploads\/2018\/10\/12Kajak444-300x225.jpg 300w, https:\/\/havkajaknatur.dk\/wp-content\/uploads\/2018\/10\/12Kajak444-768x576.jpg 768w, https:\/\/havkajaknatur.dk\/wp-content\/uploads\/2018\/10\/12Kajak444-1024x768.jpg 1024w\" sizes=\"auto, (max-width: 706px) 89vw, (max-width: 767px) 82vw, 740px\" \/><\/a><figcaption class=\"blocks-gallery-item__caption\">Hamner\u00f6, fiskerhytterne<\/figcaption><\/figure><\/li><\/ul><\/figure>\n\n\n\n<p>N\u00e6ste dag ror vi ud mellem \u00f8erne. F\u00f8rst ud til den yderste sydvestlige \u00f8 V\u00e4der\u00f6bod med fyr. Herfra op til Stor\u00f6 som er den eneste, der er beboet. P\u00e5 \u00f8en er en havn, en gammel lodsstation, og et vandrehjem med spidsested. Her overnatter vi ogs\u00e5, men det var sv\u00e6rt at finde et sted til teltene, og ikke s\u00e5 eksotisk som aftenen f\u00f8r p\u00e5 Hamner\u00f6. Dagen efter ror vi ind til fastlandet igen og forts\u00e6tter turen ned forbi Sm\u00f6gen f\u00f8r det g\u00e5 nord over igen.<\/p>\n\n\n\n<figure class=\"wp-block-gallery columns-1 is-cropped wp-block-gallery-3 is-layout-flex wp-block-gallery-is-layout-flex\"><ul class=\"blocks-gallery-grid\"><li class=\"blocks-gallery-item\"><figure><a href=\"https:\/\/havkajaknatur.dk\/wp-content\/uploads\/2018\/10\/12Kajak435.jpg\"><img loading=\"lazy\" decoding=\"async\" width=\"3859\" height=\"2171\" src=\"https:\/\/havkajaknatur.dk\/wp-content\/uploads\/2018\/10\/12Kajak435.jpg\" alt=\"\" data-id=\"1310\" data-link=\"https:\/\/havkajaknatur.dk\/?attachment_id=1310\" class=\"wp-image-1310\" srcset=\"https:\/\/havkajaknatur.dk\/wp-content\/uploads\/2018\/10\/12Kajak435.jpg 3859w, https:\/\/havkajaknatur.dk\/wp-content\/uploads\/2018\/10\/12Kajak435-300x169.jpg 300w, https:\/\/havkajaknatur.dk\/wp-content\/uploads\/2018\/10\/12Kajak435-768x432.jpg 768w, https:\/\/havkajaknatur.dk\/wp-content\/uploads\/2018\/10\/12Kajak435-1024x576.jpg 1024w\" sizes=\"auto, (max-width: 706px) 89vw, (max-width: 767px) 82vw, 740px\" \/><\/a><figcaption class=\"blocks-gallery-item__caption\">V\u00e4der\u00f6bod<\/figcaption><\/figure><\/li><li class=\"blocks-gallery-item\"><figure><a href=\"https:\/\/havkajaknatur.dk\/wp-content\/uploads\/2018\/10\/12Kajak436.jpg\"><img loading=\"lazy\" decoding=\"async\" width=\"3968\" height=\"2232\" src=\"https:\/\/havkajaknatur.dk\/wp-content\/uploads\/2018\/10\/12Kajak436.jpg\" alt=\"\" data-id=\"1311\" data-link=\"https:\/\/havkajaknatur.dk\/?attachment_id=1311\" class=\"wp-image-1311\" srcset=\"https:\/\/havkajaknatur.dk\/wp-content\/uploads\/2018\/10\/12Kajak436.jpg 3968w, https:\/\/havkajaknatur.dk\/wp-content\/uploads\/2018\/10\/12Kajak436-300x169.jpg 300w, https:\/\/havkajaknatur.dk\/wp-content\/uploads\/2018\/10\/12Kajak436-768x432.jpg 768w, https:\/\/havkajaknatur.dk\/wp-content\/uploads\/2018\/10\/12Kajak436-1024x576.jpg 1024w\" sizes=\"auto, (max-width: 706px) 89vw, (max-width: 767px) 82vw, 740px\" \/><\/a><figcaption class=\"blocks-gallery-item__caption\">V\u00e4der\u00f6bod<\/figcaption><\/figure><\/li><li class=\"blocks-gallery-item\"><figure><a href=\"https:\/\/havkajaknatur.dk\/wp-content\/uploads\/2018\/10\/12Kajak432.jpg\"><img loading=\"lazy\" decoding=\"async\" width=\"3465\" height=\"1949\" src=\"https:\/\/havkajaknatur.dk\/wp-content\/uploads\/2018\/10\/12Kajak432.jpg\" alt=\"\" data-id=\"1309\" data-link=\"https:\/\/havkajaknatur.dk\/?attachment_id=1309\" class=\"wp-image-1309\" srcset=\"https:\/\/havkajaknatur.dk\/wp-content\/uploads\/2018\/10\/12Kajak432.jpg 3465w, https:\/\/havkajaknatur.dk\/wp-content\/uploads\/2018\/10\/12Kajak432-300x169.jpg 300w, https:\/\/havkajaknatur.dk\/wp-content\/uploads\/2018\/10\/12Kajak432-768x432.jpg 768w, https:\/\/havkajaknatur.dk\/wp-content\/uploads\/2018\/10\/12Kajak432-1024x576.jpg 1024w\" sizes=\"auto, (max-width: 706px) 89vw, (max-width: 767px) 82vw, 740px\" \/><\/a><\/figure><\/li><li class=\"blocks-gallery-item\"><figure><a href=\"https:\/\/havkajaknatur.dk\/wp-content\/uploads\/2018\/10\/12Kajak457.jpg\"><img loading=\"lazy\" decoding=\"async\" width=\"4924\" height=\"2441\" src=\"https:\/\/havkajaknatur.dk\/wp-content\/uploads\/2018\/10\/12Kajak457.jpg\" alt=\"\" data-id=\"1312\" data-link=\"https:\/\/havkajaknatur.dk\/?attachment_id=1312\" class=\"wp-image-1312\" srcset=\"https:\/\/havkajaknatur.dk\/wp-content\/uploads\/2018\/10\/12Kajak457.jpg 4924w, https:\/\/havkajaknatur.dk\/wp-content\/uploads\/2018\/10\/12Kajak457-300x149.jpg 300w, https:\/\/havkajaknatur.dk\/wp-content\/uploads\/2018\/10\/12Kajak457-768x381.jpg 768w, https:\/\/havkajaknatur.dk\/wp-content\/uploads\/2018\/10\/12Kajak457-1024x508.jpg 1024w\" sizes=\"auto, (max-width: 706px) 89vw, (max-width: 767px) 82vw, 740px\" \/><\/a><\/figure><\/li><li class=\"blocks-gallery-item\"><figure><a href=\"https:\/\/havkajaknatur.dk\/wp-content\/uploads\/2018\/10\/12Kajak459.jpg\"><img loading=\"lazy\" decoding=\"async\" width=\"3519\" height=\"1979\" src=\"https:\/\/havkajaknatur.dk\/wp-content\/uploads\/2018\/10\/12Kajak459.jpg\" alt=\"\" data-id=\"1313\" data-link=\"https:\/\/havkajaknatur.dk\/?attachment_id=1313\" class=\"wp-image-1313\" srcset=\"https:\/\/havkajaknatur.dk\/wp-content\/uploads\/2018\/10\/12Kajak459.jpg 3519w, https:\/\/havkajaknatur.dk\/wp-content\/uploads\/2018\/10\/12Kajak459-300x169.jpg 300w, https:\/\/havkajaknatur.dk\/wp-content\/uploads\/2018\/10\/12Kajak459-768x432.jpg 768w, https:\/\/havkajaknatur.dk\/wp-content\/uploads\/2018\/10\/12Kajak459-1024x576.jpg 1024w\" sizes=\"auto, (max-width: 706px) 89vw, (max-width: 767px) 82vw, 740px\" \/><\/a><\/figure><\/li><li class=\"blocks-gallery-item\"><figure><a href=\"https:\/\/havkajaknatur.dk\/wp-content\/uploads\/2018\/10\/12Kajak521.jpg\"><img loading=\"lazy\" decoding=\"async\" width=\"7099\" height=\"2592\" src=\"https:\/\/havkajaknatur.dk\/wp-content\/uploads\/2018\/10\/12Kajak521.jpg\" alt=\"\" data-id=\"1315\" data-link=\"https:\/\/havkajaknatur.dk\/?attachment_id=1315\" class=\"wp-image-1315\" srcset=\"https:\/\/havkajaknatur.dk\/wp-content\/uploads\/2018\/10\/12Kajak521.jpg 7099w, https:\/\/havkajaknatur.dk\/wp-content\/uploads\/2018\/10\/12Kajak521-300x110.jpg 300w, https:\/\/havkajaknatur.dk\/wp-content\/uploads\/2018\/10\/12Kajak521-768x280.jpg 768w, https:\/\/havkajaknatur.dk\/wp-content\/uploads\/2018\/10\/12Kajak521-1024x374.jpg 1024w\" sizes=\"auto, (max-width: 706px) 89vw, (max-width: 767px) 82vw, 740px\" \/><\/a><figcaption class=\"blocks-gallery-item__caption\">Stor\u00f6<\/figcaption><\/figure><\/li><li class=\"blocks-gallery-item\"><figure><a href=\"https:\/\/havkajaknatur.dk\/wp-content\/uploads\/2018\/10\/12Kajak519.jpg\"><img loading=\"lazy\" decoding=\"async\" width=\"6168\" height=\"2535\" src=\"https:\/\/havkajaknatur.dk\/wp-content\/uploads\/2018\/10\/12Kajak519.jpg\" alt=\"\" data-id=\"1314\" data-link=\"https:\/\/havkajaknatur.dk\/?attachment_id=1314\" class=\"wp-image-1314\" srcset=\"https:\/\/havkajaknatur.dk\/wp-content\/uploads\/2018\/10\/12Kajak519.jpg 6168w, https:\/\/havkajaknatur.dk\/wp-content\/uploads\/2018\/10\/12Kajak519-300x123.jpg 300w, https:\/\/havkajaknatur.dk\/wp-content\/uploads\/2018\/10\/12Kajak519-768x316.jpg 768w, https:\/\/havkajaknatur.dk\/wp-content\/uploads\/2018\/10\/12Kajak519-1024x421.jpg 1024w\" sizes=\"auto, (max-width: 706px) 89vw, (max-width: 767px) 82vw, 740px\" \/><\/a><figcaption class=\"blocks-gallery-item__caption\">Stor\u00f6 med fastlandet i horisonten<\/figcaption><\/figure><\/li><\/ul><\/figure>\n\n\n\n<p class=\"has-text-align-center\"><strong>Kort med Original GPS spor<\/strong><\/p>\n\n\n\n<figure class=\"wp-block-image size-full is-resized\"><a href=\"https:\/\/havkajaknatur.dk\/wp-content\/uploads\/2018\/10\/Va\u0308dero\u0308arna-GPS.jpg\"><img loading=\"lazy\" decoding=\"async\" src=\"https:\/\/havkajaknatur.dk\/wp-content\/uploads\/2018\/10\/Va\u0308dero\u0308arna-GPS.jpg\" alt=\"\" class=\"wp-image-1414\" width=\"1462\" height=\"1543\" srcset=\"https:\/\/havkajaknatur.dk\/wp-content\/uploads\/2018\/10\/Va\u0308dero\u0308arna-GPS.jpg 1462w, https:\/\/havkajaknatur.dk\/wp-content\/uploads\/2018\/10\/Va\u0308dero\u0308arna-GPS-284x300.jpg 284w, https:\/\/havkajaknatur.dk\/wp-content\/uploads\/2018\/10\/Va\u0308dero\u0308arna-GPS-768x811.jpg 768w, https:\/\/havkajaknatur.dk\/wp-content\/uploads\/2018\/10\/Va\u0308dero\u0308arna-GPS-970x1024.jpg 970w\" sizes=\"auto, (max-width: 706px) 89vw, (max-width: 767px) 82vw, 740px\" \/><\/a><\/figure>\n\n\n\n<p class=\"has-text-align-center\"><strong>PapirKort fra turen med planlagt rute<\/strong><\/p>\n\n\n\n<div class=\"wp-block-image\"><figure class=\"aligncenter size-full is-resized\"><a href=\"https:\/\/havkajaknatur.dk\/wp-content\/uploads\/2018\/10\/Bohusland-kort-1.jpg\"><img loading=\"lazy\" decoding=\"async\" src=\"https:\/\/havkajaknatur.dk\/wp-content\/uploads\/2018\/10\/Bohusland-kort-1.jpg\" alt=\"\" class=\"wp-image-1323\" width=\"1229\" height=\"1436\" srcset=\"https:\/\/havkajaknatur.dk\/wp-content\/uploads\/2018\/10\/Bohusland-kort-1.jpg 1229w, https:\/\/havkajaknatur.dk\/wp-content\/uploads\/2018\/10\/Bohusland-kort-1-257x300.jpg 257w, https:\/\/havkajaknatur.dk\/wp-content\/uploads\/2018\/10\/Bohusland-kort-1-768x897.jpg 768w, https:\/\/havkajaknatur.dk\/wp-content\/uploads\/2018\/10\/Bohusland-kort-1-876x1024.jpg 876w\" sizes=\"auto, (max-width: 706px) 89vw, (max-width: 767px) 82vw, 740px\" \/><\/a><\/figure><\/div>\n","protected":false},"excerpt":{"rendered":"<p>Ankomst kl 23 til fiskerhytterne p\u00e5 Hamner\u00f6 I forbindelse med en sommertur i Bohusl\u00e4n sk\u00e6rg\u00e5rden bes\u00f8gte vi V\u00e4der\u00f6arne. Vi kom oppe fra Havstenssund og ror ned til\u00a0Langsk\u00e4r i Ydre Fj\u00e4llbacka sk\u00e6rg\u00e5rd. Her vil vi hvile os lidt og spise aftensmad, inden vi\u00a0 senere om aftenen vil ro ud til de inderste af de sydlige V\u00e4der\u00f6arna. &hellip; <\/p>\n<p class=\"link-more\"><a href=\"https:\/\/havkajaknatur.dk\/?page_id=1286\" class=\"more-link\">L\u00e6s videre<span class=\"screen-reader-text\"> &#8220;2012 V\u00e4der\u00f6arna&#8221;<\/span><\/a><\/p>\n","protected":false},"author":1,"featured_media":4271,"parent":0,"menu_order":0,"comment_status":"closed","ping_status":"closed","template":"","meta":{"footnotes":""},"class_list":["post-1286","page","type-page","status-publish","has-post-thumbnail","hentry"],"_links":{"self":[{"href":"https:\/\/havkajaknatur.dk\/index.php?rest_route=\/wp\/v2\/pages\/1286","targetHints":{"allow":["GET"]}}],"collection":[{"href":"https:\/\/havkajaknatur.dk\/index.php?rest_route=\/wp\/v2\/pages"}],"about":[{"href":"https:\/\/havkajaknatur.dk\/index.php?rest_route=\/wp\/v2\/types\/page"}],"author":[{"embeddable":true,"href":"https:\/\/havkajaknatur.dk\/index.php?rest_route=\/wp\/v2\/users\/1"}],"replies":[{"embeddable":true,"href":"https:\/\/havkajaknatur.dk\/index.php?rest_route=%2Fwp%2Fv2%2Fcomments&post=1286"}],"version-history":[{"count":39,"href":"https:\/\/havkajaknatur.dk\/index.php?rest_route=\/wp\/v2\/pages\/1286\/revisions"}],"predecessor-version":[{"id":4377,"href":"https:\/\/havkajaknatur.dk\/index.php?rest_route=\/wp\/v2\/pages\/1286\/revisions\/4377"}],"wp:featuredmedia":[{"embeddable":true,"href":"https:\/\/havkajaknatur.dk\/index.php?rest_route=\/wp\/v2\/media\/4271"}],"wp:attachment":[{"href":"https:\/\/havkajaknatur.dk\/index.php?rest_route=%2Fwp%2Fv2%2Fmedia&parent=1286"}],"curies":[{"name":"wp","href":"https:\/\/api.w.org\/{rel}","templated":true}]}}